{"id":3663,"date":"2026-01-13T14:22:00","date_gmt":"2026-01-13T13:22:00","guid":{"rendered":"https:\/\/eveha-international.com\/?page_id=3663"},"modified":"2026-01-13T14:52:20","modified_gmt":"2026-01-13T13:52:20","slug":"toumba-serron","status":"publish","type":"page","link":"https:\/\/eveha-international.com\/?page_id=3663","title":{"rendered":"Toumba Serron"},"content":{"rendered":"\n<p class=\"has-text-align-left has-small-font-size\">\u00c9veha International est associ\u00e9 au projet Toumba Serron (Toumba Serron Research Project), un site pr\u00e9historique dont la fouille est dirig\u00e9e par Dimitra Malamidou (\u00c9phorie des Antiquit\u00e9s de Serr\u00e8s, Gr\u00e8ce), Nicolas Zorzin (National Cheng Kung University, Ta\u00efwan) et James Taylor (University of York, Royaume-Uni).<\/p>\n\n\n\n<div class=\"wp-block-separator has-alpha-channel-opacity is-style-wide\" style=\"margin-top:var(--wp--preset--spacing--40);margin-bottom:var(--wp--preset--spacing--40)\"><\/div>\n\n\n\n<div class=\"wp-block-columns is-layout-flex wp-container-core-columns-is-layout-9d6595d7 wp-block-columns-is-layout-flex\">\n<div class=\"wp-block-column is-layout-flow wp-block-column-is-layout-flow\">\n<h6 class=\"wp-block-heading has-theme-palette-12-color has-text-color has-link-color has-small-font-size wp-elements-67431efff8b0b6d525f42a9ff8dfe6a0\">Direction<br><strong>Dimitra Malamidou&nbsp;<\/strong>(directrice de l\u2019\u00e9phorie des Antiquit\u00e9s <br>de Serr\u00e8s, Minist\u00e8re de la culture de la Gr\u00e8ce)<br><strong>Nicolas Zorzin<\/strong>&nbsp;(National Cheng Kung University, Ta\u00efwan)<br><strong>James Taylor&nbsp;<\/strong>(University of York, Royaume-Uni)<\/h6>\n<\/div>\n\n\n\n<div class=\"wp-block-column is-layout-flow wp-block-column-is-layout-flow\">\n<p class=\"has-small-font-size\"><strong>Participation d&rsquo;\u00c9veha<br><\/strong>Responsabilit\u00e9 de secteur <br>Fouilles arch\u00e9ologiques<\/p>\n<\/div>\n\n\n\n<div class=\"wp-block-column is-layout-flow wp-block-column-is-layout-flow\">\n<p class=\"has-small-font-size\"><strong>Localisation<\/strong> <br>Gr\u00e8ce<\/p>\n<\/div>\n<\/div>\n\n\n\n<div class=\"wp-block-separator has-text-color has-theme-palette-12-color has-alpha-channel-opacity has-theme-palette-12-background-color has-background is-style-wide\" style=\"margin-top:var(--wp--preset--spacing--60);margin-bottom:var(--wp--preset--spacing--60)\"><\/div>\n\n\n\n<p class=\"has-small-font-size\"><strong>Localisation et r\u00e9sum\u00e9 historique<\/strong><br>C\u2019est au c\u0153ur de la vall\u00e9e du Strymon qui relie la mer \u00c9g\u00e9e \u00e0 l\u2019arri\u00e8re-pays montagneux balkanique, que se trouve le site pr\u00e9historique de Toumba (\u03a4\u03bf\u03cd\u03bc\u03c0\u03b1) Serron. Nomm\u00e9 d\u2019apr\u00e8s le village actuel auquel il est rattach\u00e9, \u00e0 20 km au sud-est de Serr\u00e8s, dans le bassin int\u00e9rieur de la Mac\u00e9doine Centrale, le site occupe une vaste colline qui domine d\u2019une trentaine de m\u00e8tres une partie d\u2019une des plaines les plus importantes de Gr\u00e8ce du Nord. La taille estim\u00e9e du site (env. 10-12 ha) ainsi que sa position g\u00e9ographique centrale sugg\u00e8rent un r\u00f4le majeur pour cet \u00e9tablissement au sein de l\u2019\u00c9g\u00e9e septentrionale pendant le N\u00e9olithique R\u00e9cent (5300-4500\/4200 av. n.\u00e8.).<br>L\u2019int\u00e9r\u00eat pour les p\u00e9riodes pr\u00e9- et protohistoriques en Gr\u00e8ce du Nord et dans le sud des Balkans s\u2019est consid\u00e9rablement accru ces trois derni\u00e8res d\u00e9cennies. D\u2019un point de vue arch\u00e9ologique, le site, d\u00e9couvert et inclus dans la liste des sites et monuments arch\u00e9ologiques de Gr\u00e8ce par l\u2019\u00c9tat grec en 1980, n\u2019\u00e9tait connu jusqu\u2019\u00e0 aujourd\u2019hui que par l\u2019\u00e9tude du mat\u00e9riel de surface couvrant la majeure partie du N\u00e9olithique, et plus sporadiquement l\u2019\u00e2ge du Bronze Ancien et certaines p\u00e9riodes historiques (travaux de M. Fotiadis et D. Grammenos).<\/p>\n\n\n\n<p class=\"has-small-font-size\"><strong>Historique des recherches<\/strong><br>C\u2019est en 2021, que le projet de recherche Toumba Serron (Toumba Serron Research Project) a d\u00e9marr\u00e9, dans le cadre d\u2019une collaboration entre l\u2019\u00e9phorie des Antiquit\u00e9s de Serr\u00e8s (Minist\u00e8re de la culture de Gr\u00e8ce) et l\u2019\u00e9cole Britannique d\u2019Ath\u00e8nes, et sous la direction de Dimitra Malamidou (directrice des Antiquit\u00e9s de Serres, Minist\u00e8re de la culture, Gr\u00e8ce), Nicolas Zorzin (National Cheng Kung University, Ta\u00efwan) et James Taylor (University of York, Royaume-Uni). Au vu des r\u00e9sultats des prospections g\u00e9ophysiques des premi\u00e8res ann\u00e9es, du mat\u00e9riel collect\u00e9 jusqu\u2019\u00e0 pr\u00e9sent, et de la conservation des structures mises au jour lors des campagnes de fouilles, Toumba Serron peut se hisser au rang de site n\u00e9olithique majeur de Gr\u00e8ce du Nord, aux c\u00f4t\u00e9s des autres sites bien connus dans la r\u00e9gion tels que Sitagroi, Promachon-Topolnica, ou bien s\u00fbr, Dikili Tash, fournissant ainsi de nouvelles donn\u00e9es sur la forme des habitats et la structuration des soci\u00e9t\u00e9s n\u00e9olithiques et des territoires au 5e mill\u00e9naire avant notre \u00e8re. Le programme de recherche Toumba Serron comprend trois volets qui en font un projet tout \u00e0 fait original&nbsp;: un volet arch\u00e9ologique, un volet portant sur les dynamiques paysag\u00e8res et un volet ethnographique et socio-culturel avec les habitants du village actuel \u2013 en 2023 par exemple, la restitution des d\u00e9couvertes en fin de campagne a \u00e9t\u00e9 accompagn\u00e9e d\u2019une performance artistique et th\u00e9\u00e2trale inspir\u00e9e des vestiges et de la fouille. C\u2019est dans le cadre du volet arch\u00e9ologique que \u00c9veha International a contribu\u00e9 en 2023 par le biais de l\u2019intervention d\u2019une de leur membre, collaboratrice scientifique et responsable de secteur.<br>Au vu des premi\u00e8res prospections, mettant en \u00e9vidence un certain nombre d\u2019indices sugg\u00e9rant l\u2019existence d\u2019une occupation structur\u00e9e du N\u00e9olithique R\u00e9cent \u00e0 l\u2019int\u00e9rieur d\u2019une palissade, le projet scientifique s\u2019est articul\u00e9 autour de trois grands axes de r\u00e9flexion. Le premier concerne les am\u00e9nagements communautaires du site (zones de stockage, zones de productions, et enclos palissad\u00e9), l\u2019organisation des habitations et la structuration sociale de cette communaut\u00e9 agraire. Le deuxi\u00e8me aborde la connectivit\u00e9 du site \u00e0 son arri\u00e8re-pays. Enfin, le troisi\u00e8me interroge le site comme lieu central ou nodal, par rapport aux autres sites voisins. Si l\u2019enregistrement des donn\u00e9es de terrain est crucial pour toute op\u00e9ration arch\u00e9ologique, il prend un dimension innovante dans le cadre du projet Toumba, avec l\u2019\u00e9laboration d\u2019un SIG 3D au fur et \u00e0 mesure des campagnes, gr\u00e2ce \u00e0 l\u2019utilisation du syst\u00e8me d\u2019enregistrement AIR (Archaeological Interactive Report), une plateforme web associant donn\u00e9es arch\u00e9ologiques et visualisation 3D, en cours de d\u00e9veloppement par les chercheurs du Laboratoriet f\u00f6r Digital Arkeologi (DARK) Lab de l\u2019Universit\u00e9 de Lund en Su\u00e8de.<\/p>\n\n\n\n<div class=\"wp-block-separator has-alpha-channel-opacity is-style-wide\" style=\"margin-top:var(--wp--preset--spacing--60);margin-bottom:var(--wp--preset--spacing--60)\"><\/div>\n\n\n\n<div class=\"wp-block-columns is-layout-flex wp-container-core-columns-is-layout-9d6595d7 wp-block-columns-is-layout-flex\">\n<div class=\"wp-block-column is-layout-flow wp-block-column-is-layout-flow\">\n<p class=\"has-small-font-size\"><br><\/p>\n<\/div>\n\n\n\n<div class=\"wp-block-column is-layout-flow wp-block-column-is-layout-flow\"><\/div>\n\n\n\n<div class=\"wp-block-column is-layout-flow wp-block-column-is-layout-flow\">\n<p class=\"has-theme-palette-11-color has-text-color has-link-color has-small-font-size wp-elements-a9d6a3301a9636495dc397707f77ea39\"><strong>Liens<\/strong> :<br><a href=\"https:\/\/chronique.efa.gr\/?kroute=report&amp;id=17011\" target=\"_blank\" rel=\"noreferrer noopener\">Toumba Serron &#8211; 2021, Chronique des fouilles en ligne, n. 17011, mise en ligne le 23 d\u00e9cembre 2021<\/a><\/p>\n\n\n\n<p class=\"has-theme-palette-11-color has-text-color has-link-color has-small-font-size wp-elements-be25387244b37636706405dca39f9b32\"><a href=\"https:\/\/www.bsa.ac.uk\/wp-content\/uploads\/2022\/01\/BSA_newsletter_December_2021_WEB.pdf\" target=\"_blank\" rel=\"noreferrer noopener\">Toumba Serron 2021, in British School at Athens Newsletter, December 2021, p. 5-6<\/a><\/p>\n\n\n\n<p class=\"has-theme-palette-11-color has-text-color has-link-color has-small-font-size wp-elements-3cbb2f59291a6f02f7cffefe500d9519\"><a href=\"https:\/\/www.bsa.ac.uk\/wp-content\/uploads\/2023\/02\/newsletter_December_2022_WEB_final_revised.pdf\" target=\"_blank\" rel=\"noreferrer noopener\">Toumba Serron 2022, in&nbsp;: British School at Athens Newsletter, December 2022, p. 3-4<\/a><\/p>\n<\/div>\n<\/div>\n\n\n\n<div class=\"wp-block-separator has-alpha-channel-opacity is-style-wide\" style=\"margin-top:var(--wp--preset--spacing--60);margin-bottom:var(--wp--preset--spacing--60)\"><\/div>\n\n\n\n<h2 class=\"wp-block-heading\">Campagnes <\/h2>\n\n\n<ul style=\"padding-top:0;padding-bottom:0;padding-left:0;padding-right:0;\" class=\"wp-block-latest-posts__list is-grid columns-4 has-link-color wp-elements-d9cc835ac77219fb4a846dc7a6709910 wp-block-latest-posts has-text-color has-theme-palette-12-color has-small-font-size\"><li><div class=\"wp-block-latest-posts__featured-image\"><a href=\"https:\/\/eveha-international.com\/?p=2787\" aria-label=\"Toumba Serron &#8211; 2023\"><img loading=\"lazy\" decoding=\"async\" width=\"770\" height=\"485\" src=\"https:\/\/eveha-international.com\/wp-content\/uploads\/2024\/05\/toumba_2023_small.jpg\" class=\"attachment-large size-large wp-post-image\" alt=\"\" style=\"\" srcset=\"https:\/\/eveha-international.com\/wp-content\/uploads\/2024\/05\/toumba_2023_small.jpg 770w, https:\/\/eveha-international.com\/wp-content\/uploads\/2024\/05\/toumba_2023_small-300x189.jpg 300w, https:\/\/eveha-international.com\/wp-content\/uploads\/2024\/05\/toumba_2023_small-768x484.jpg 768w\" sizes=\"auto, (max-width: 770px) 100vw, 770px\" \/><\/a><\/div><a class=\"wp-block-latest-posts__post-title\" href=\"https:\/\/eveha-international.com\/?p=2787\">Toumba Serron &#8211; 2023<\/a><\/li>\n<\/ul>","protected":false},"excerpt":{"rendered":"<p>\u00c9veha International est associ\u00e9 au projet Toumba Serron (Toumba Serron Research Project), un site pr\u00e9historique dont la fouille est dirig\u00e9e par Dimitra Malamidou (\u00c9phorie des Antiquit\u00e9s de Serr\u00e8s, Gr\u00e8ce), Nicolas Zorzin (National Cheng Kung University, Ta\u00efwan) et James Taylor (University of York, Royaume-Uni). DirectionDimitra Malamidou&nbsp;(directrice de l\u2019\u00e9phorie des Antiquit\u00e9s de Serr\u00e8s, Minist\u00e8re de la culture&#8230;<\/p>\n","protected":false},"author":4,"featured_media":3664,"parent":7,"menu_order":0,"comment_status":"closed","ping_status":"closed","template":"","meta":{"inline_featured_image":false,"_kad_post_transparent":"","_kad_post_title":"","_kad_post_layout":"","_kad_post_sidebar_id":"","_kad_post_content_style":"","_kad_post_vertical_padding":"","_kad_post_feature":"","_kad_post_feature_position":"","_kad_post_header":false,"_kad_post_footer":false,"_kad_post_classname":"","footnotes":""},"class_list":["post-3663","page","type-page","status-publish","has-post-thumbnail","hentry"],"_links":{"self":[{"href":"https:\/\/eveha-international.com\/index.php?rest_route=\/wp\/v2\/pages\/3663","targetHints":{"allow":["GET"]}}],"collection":[{"href":"https:\/\/eveha-international.com\/index.php?rest_route=\/wp\/v2\/pages"}],"about":[{"href":"https:\/\/eveha-international.com\/index.php?rest_route=\/wp\/v2\/types\/page"}],"author":[{"embeddable":true,"href":"https:\/\/eveha-international.com\/index.php?rest_route=\/wp\/v2\/users\/4"}],"replies":[{"embeddable":true,"href":"https:\/\/eveha-international.com\/index.php?rest_route=%2Fwp%2Fv2%2Fcomments&post=3663"}],"version-history":[{"count":3,"href":"https:\/\/eveha-international.com\/index.php?rest_route=\/wp\/v2\/pages\/3663\/revisions"}],"predecessor-version":[{"id":3683,"href":"https:\/\/eveha-international.com\/index.php?rest_route=\/wp\/v2\/pages\/3663\/revisions\/3683"}],"up":[{"embeddable":true,"href":"https:\/\/eveha-international.com\/index.php?rest_route=\/wp\/v2\/pages\/7"}],"wp:featuredmedia":[{"embeddable":true,"href":"https:\/\/eveha-international.com\/index.php?rest_route=\/wp\/v2\/media\/3664"}],"wp:attachment":[{"href":"https:\/\/eveha-international.com\/index.php?rest_route=%2Fwp%2Fv2%2Fmedia&parent=3663"}],"curies":[{"name":"wp","href":"https:\/\/api.w.org\/{rel}","templated":true}]}}