{"id":3668,"date":"2026-01-13T14:35:29","date_gmt":"2026-01-13T13:35:29","guid":{"rendered":"https:\/\/eveha-international.com\/?page_id=3668"},"modified":"2026-01-13T14:40:28","modified_gmt":"2026-01-13T13:40:28","slug":"al-sharqiya","status":"publish","type":"page","link":"https:\/\/eveha-international.com\/?page_id=3668","title":{"rendered":"Al Sharqiya"},"content":{"rendered":"\n<p class=\"has-text-align-left has-small-font-size\">Dans le cadre du projet autour des tombes de la n\u00e9cropole de Jarama, une prospection p\u00e9destre est conduite par Eveha International \u00e0 l\u2019\u00e9chelle de la r\u00e9gion d\u2019Al Sharqiya.<\/p>\n\n\n\n<div class=\"wp-block-separator has-alpha-channel-opacity is-style-wide\" style=\"margin-top:var(--wp--preset--spacing--40);margin-bottom:var(--wp--preset--spacing--40)\"><\/div>\n\n\n\n<div class=\"wp-block-columns is-layout-flex wp-container-core-columns-is-layout-9d6595d7 wp-block-columns-is-layout-flex\">\n<div class=\"wp-block-column is-layout-flow wp-block-column-is-layout-flow\">\n<h6 class=\"wp-block-heading has-theme-palette-12-color has-text-color has-link-color has-small-font-size wp-elements-8d35ad8961a489a16dd1716bb149765a\">Direction<br><strong>Christophe S\u00e9vin-Allouet<\/strong>\u00a0(\u00c9veha International)<\/h6>\n<\/div>\n\n\n\n<div class=\"wp-block-column is-layout-flow wp-block-column-is-layout-flow\">\n<p class=\"has-small-font-size\"><strong>Participation d&rsquo;\u00c9veha<br><\/strong>Direction de projet et support mat\u00e9riel<\/p>\n<\/div>\n\n\n\n<div class=\"wp-block-column is-layout-flow wp-block-column-is-layout-flow\">\n<p class=\"has-small-font-size\"><strong>Localisation<\/strong> <br>Oman<\/p>\n<\/div>\n<\/div>\n\n\n\n<div class=\"wp-block-separator has-text-color has-theme-palette-12-color has-alpha-channel-opacity has-theme-palette-12-background-color has-background is-style-wide\" style=\"margin-top:var(--wp--preset--spacing--60);margin-bottom:var(--wp--preset--spacing--60)\"><\/div>\n\n\n\n<p class=\"has-small-font-size\">Les campagnes arch\u00e9ologiques men\u00e9es ces quatre derni\u00e8res ann\u00e9es sur la n\u00e9cropole de Khor Jarama 1, situ\u00e9e dans la r\u00e9gion de Ja\u2019alan, ont mis en \u00e9vidence ce qui est probablement une nouvelle culture pr\u00e9historique encore inconnue \u00e0 Oman.<br>En effet, la fouille de sept tombes situ\u00e9es non loin de la lagune de Jarama a permis de d\u00e9couvrir les premiers monuments fun\u00e9raires connus \u00e0 ce jour \u00e0 Oman. Ces derniers ont \u00e9t\u00e9 dat\u00e9s du milieu du 4e mill\u00e9naire avant J.-C. pour les plus anciens, soit plusieurs si\u00e8cles avant les tombes monumentales de la p\u00e9riode Hafit. Ces tombes, certainement construites pour des chefs et\/ou des membres tr\u00e8s importants de la communaut\u00e9, se caract\u00e9risent par de nouvelles architectures ainsi que par de nouvelles pratiques fun\u00e9raires observ\u00e9es \u00e0 Oman.<br>L\u2019objectif de cette prospection \u00e9tait de v\u00e9rifier si d\u2019autres n\u00e9cropoles pr\u00e9sentant les m\u00eames caract\u00e9ristiques sont pr\u00e9sentes \u00e0 l\u2019\u00e9chelle de la r\u00e9gion de Ja\u2019alan (Al Sharqiya) afin d\u2019entreprendre un nouveau, \u00e0 plus large \u00e9chelle, projet visant \u00e0 mieux comprendre ces tombes et leurs communaut\u00e9s de b\u00e2tisseurs.<\/p>\n\n\n\n<div class=\"wp-block-separator has-alpha-channel-opacity is-style-wide\" style=\"margin-top:var(--wp--preset--spacing--60);margin-bottom:var(--wp--preset--spacing--60)\"><\/div>\n\n\n\n<div class=\"wp-block-columns is-layout-flex wp-container-core-columns-is-layout-9d6595d7 wp-block-columns-is-layout-flex\">\n<div class=\"wp-block-column is-layout-flow wp-block-column-is-layout-flow\">\n<p class=\"has-small-font-size\"><strong>Partenaires<\/strong> <br>Ministry of Heritage and Tourism of Oman<br>Institut des D\u00e9serts et des Steppes<br>Mus\u00e9um National d\u2019Histoire Naturelle<br>Ambassade de France en Oman<\/p>\n<\/div>\n\n\n\n<div class=\"wp-block-column is-layout-flow wp-block-column-is-layout-flow\"><\/div>\n\n\n\n<div class=\"wp-block-column is-layout-flow wp-block-column-is-layout-flow\">\n<p class=\"has-theme-palette-11-color has-text-color has-link-color has-small-font-size wp-elements-09d968e96a592ebca8af6978b8082c8c\"><\/p>\n<\/div>\n<\/div>\n\n\n\n<div class=\"wp-block-separator has-alpha-channel-opacity is-style-wide\" style=\"margin-top:var(--wp--preset--spacing--60);margin-bottom:var(--wp--preset--spacing--60)\"><\/div>\n\n\n\n<h2 class=\"wp-block-heading\">Campagnes <\/h2>\n\n\n<ul style=\"padding-top:0;padding-bottom:0;padding-left:0;padding-right:0;\" class=\"wp-block-latest-posts__list is-grid columns-4 has-link-color wp-elements-b2e027b855d07f49be2dcfcf201dce01 wp-block-latest-posts has-text-color has-theme-palette-12-color has-small-font-size\"><li><div class=\"wp-block-latest-posts__featured-image\"><a href=\"https:\/\/eveha-international.com\/?p=2747\" aria-label=\"Al Sharqiya &#8211; 2022\"><img loading=\"lazy\" decoding=\"async\" width=\"770\" height=\"485\" src=\"https:\/\/eveha-international.com\/wp-content\/uploads\/2023\/12\/sharqiya_header_2022_small.jpg\" class=\"attachment-large size-large wp-post-image\" alt=\"\" style=\"\" srcset=\"https:\/\/eveha-international.com\/wp-content\/uploads\/2023\/12\/sharqiya_header_2022_small.jpg 770w, https:\/\/eveha-international.com\/wp-content\/uploads\/2023\/12\/sharqiya_header_2022_small-300x189.jpg 300w, https:\/\/eveha-international.com\/wp-content\/uploads\/2023\/12\/sharqiya_header_2022_small-768x484.jpg 768w\" sizes=\"auto, (max-width: 770px) 100vw, 770px\" \/><\/a><\/div><a class=\"wp-block-latest-posts__post-title\" href=\"https:\/\/eveha-international.com\/?p=2747\">Al Sharqiya &#8211; 2022<\/a><\/li>\n<\/ul>","protected":false},"excerpt":{"rendered":"<p>Dans le cadre du projet autour des tombes de la n\u00e9cropole de Jarama, une prospection p\u00e9destre est conduite par Eveha International \u00e0 l\u2019\u00e9chelle de la r\u00e9gion d\u2019Al Sharqiya. DirectionChristophe S\u00e9vin-Allouet\u00a0(\u00c9veha International) Participation d&rsquo;\u00c9vehaDirection de projet et support mat\u00e9riel Localisation Oman Les campagnes arch\u00e9ologiques men\u00e9es ces quatre derni\u00e8res ann\u00e9es sur la n\u00e9cropole de Khor Jarama 1,&#8230;<\/p>\n","protected":false},"author":4,"featured_media":3669,"parent":7,"menu_order":0,"comment_status":"closed","ping_status":"closed","template":"","meta":{"inline_featured_image":false,"_kad_post_transparent":"","_kad_post_title":"","_kad_post_layout":"","_kad_post_sidebar_id":"","_kad_post_content_style":"","_kad_post_vertical_padding":"","_kad_post_feature":"","_kad_post_feature_position":"","_kad_post_header":false,"_kad_post_footer":false,"_kad_post_classname":"","footnotes":""},"class_list":["post-3668","page","type-page","status-publish","has-post-thumbnail","hentry"],"_links":{"self":[{"href":"https:\/\/eveha-international.com\/index.php?rest_route=\/wp\/v2\/pages\/3668","targetHints":{"allow":["GET"]}}],"collection":[{"href":"https:\/\/eveha-international.com\/index.php?rest_route=\/wp\/v2\/pages"}],"about":[{"href":"https:\/\/eveha-international.com\/index.php?rest_route=\/wp\/v2\/types\/page"}],"author":[{"embeddable":true,"href":"https:\/\/eveha-international.com\/index.php?rest_route=\/wp\/v2\/users\/4"}],"replies":[{"embeddable":true,"href":"https:\/\/eveha-international.com\/index.php?rest_route=%2Fwp%2Fv2%2Fcomments&post=3668"}],"version-history":[{"count":2,"href":"https:\/\/eveha-international.com\/index.php?rest_route=\/wp\/v2\/pages\/3668\/revisions"}],"predecessor-version":[{"id":3672,"href":"https:\/\/eveha-international.com\/index.php?rest_route=\/wp\/v2\/pages\/3668\/revisions\/3672"}],"up":[{"embeddable":true,"href":"https:\/\/eveha-international.com\/index.php?rest_route=\/wp\/v2\/pages\/7"}],"wp:featuredmedia":[{"embeddable":true,"href":"https:\/\/eveha-international.com\/index.php?rest_route=\/wp\/v2\/media\/3669"}],"wp:attachment":[{"href":"https:\/\/eveha-international.com\/index.php?rest_route=%2Fwp%2Fv2%2Fmedia&parent=3668"}],"curies":[{"name":"wp","href":"https:\/\/api.w.org\/{rel}","templated":true}]}}