{"id":3673,"date":"2026-01-13T14:42:27","date_gmt":"2026-01-13T13:42:27","guid":{"rendered":"https:\/\/eveha-international.com\/?page_id=3673"},"modified":"2026-01-13T14:47:43","modified_gmt":"2026-01-13T13:47:43","slug":"mustang","status":"publish","type":"page","link":"https:\/\/eveha-international.com\/?page_id=3673","title":{"rendered":"Mustang"},"content":{"rendered":"\n<p class=\"has-text-align-left has-small-font-size\">La Mission Arch\u00e9ologique Franco-N\u00e9palaise au Mustang (MAFNAM) a \u00e9t\u00e9 cr\u00e9\u00e9e en 2023 par le Minist\u00e8re de l&rsquo;Europe et des Affaires \u00c9trang\u00e8res (MEAE) en collaboration avec le Department of Archaeology of Nepal et l\u2019University of California. <br>Elle explore la r\u00e9gion himalayenne de haute altitude du Mustang, \u00e0 l&rsquo;ouest du N\u00e9pal afin d\u2019\u00e9tudier les dynamiques de peuplement de la r\u00e9gion au cours du temps.<\/p>\n\n\n\n<div class=\"wp-block-separator has-alpha-channel-opacity is-style-wide\" style=\"margin-top:var(--wp--preset--spacing--40);margin-bottom:var(--wp--preset--spacing--40)\"><\/div>\n\n\n\n<div class=\"wp-block-columns is-layout-flex wp-container-core-columns-is-layout-9d6595d7 wp-block-columns-is-layout-flex\">\n<div class=\"wp-block-column is-layout-flow wp-block-column-is-layout-flow\">\n<h6 class=\"wp-block-heading has-theme-palette-12-color has-text-color has-link-color has-small-font-size wp-elements-6387f7a18e1aa433ae335f995f446782\">Direction<br><strong>Samara Broglia de Moura\u00a0<\/strong>(Eveha International\/<br>ArScAn UMR 7041 \u2013 \u00e9quipe Asie centrale)<br><strong>Marion Poux<\/strong>\u00a0(ArScAn UMR 7041 \u2013 \u00e9quipe Asie centrale)<br><strong>Department of Archaeology of Nepal<\/strong><\/h6>\n<\/div>\n\n\n\n<div class=\"wp-block-column is-layout-flow wp-block-column-is-layout-flow\">\n<p class=\"has-small-font-size\"><strong>Participation d&rsquo;\u00c9veha<br><\/strong>Prospection arch\u00e9ologiques<br>\u00c9tudes c\u00e9ramiques <br>Topographie et SIG<\/p>\n<\/div>\n\n\n\n<div class=\"wp-block-column is-layout-flow wp-block-column-is-layout-flow\">\n<p class=\"has-small-font-size\"><strong>Localisation<\/strong> <br>N\u00e9pal<\/p>\n<\/div>\n<\/div>\n\n\n\n<div class=\"wp-block-separator has-text-color has-theme-palette-12-color has-alpha-channel-opacity has-theme-palette-12-background-color has-background is-style-wide\" style=\"margin-top:var(--wp--preset--spacing--60);margin-bottom:var(--wp--preset--spacing--60)\"><\/div>\n\n\n\n<p class=\"has-small-font-size\"><strong>Localisation et historique des recherches \u00a0<\/strong><br>Encadr\u00e9 par les cha\u00eenes de l\u2019Annapurna (8091 m) et du Dhaulagiri (8167 m), le district du Mustang, dans l\u2019ouest du N\u00e9pal, se distingue par son couloir nord-sud irrigu\u00e9 par la Kali Gandaki, assurant ainsi une connexion directe entre le plateau tib\u00e9tain et les plaines gang\u00e9tiques de l\u2019Inde. Malgr\u00e9 l\u2019importance de cette r\u00e9gion himalayenne, autrefois h\u00e9bergeant les principales routes commerciales notamment pour le commerce du sel, les interventions arch\u00e9ologiques sont relativement peu nombreuses et, dans une certaine mesure, anciennes. <br>La plupart des fouilles men\u00e9es ont \u00e9t\u00e9 concentr\u00e9es dans la r\u00e9gion du Bas Mustang et ont d\u00e9but\u00e9 juste apr\u00e8s l\u2019ouverture de la r\u00e9gion aux \u00e9trangers en 1992. \u00c0 cette p\u00e9riode, le projet n\u00e9palo-allemand (Nepal German Project on High Mountain Archaeology) documente des grottes s\u00e9pulcrales et leurs vestiges d\u2019habitat en plein air associ\u00e9s, notamment celui de Chokhopani et Mebrak. Les fouilles de ces deux sites ont permis d\u2019\u00e9tablir des occupations allant de la fin du IIe mill\u00e9naire avant notre \u00e8re jusqu\u2019au Ier si\u00e8cle de notre \u00e8re. S\u2019en suit, \u00e0 la m\u00eame p\u00e9riode, des fouilles arch\u00e9ologiques sur le village fortifi\u00e9 de Khyinga Mound et les grottes de Phudzeling dans la vall\u00e9e de Muktinath ainsi que le fort de Garab Dzong pr\u00e8s de Jomsom. Khyinga est le seul site du Mustang o\u00f9 sa stratigraphie bien fournie, s\u2019\u00e9talant du 1er au 16e si\u00e8cle, a permis de constituer trois phases principales d\u2019occupation permettant de combler une importante partie de l\u2019histoire mat\u00e9rielle de la r\u00e9gion au Ier et IIe mill\u00e9naire de notre \u00e8re. Dans le Haut Mustang, les recherches arch\u00e9ologiques sont moins nombreuses mais plus r\u00e9centes. Mark Aldenderfer (University of California-Merced) s\u2019interroge sur les pratiques fun\u00e9raires et la pal\u00e9og\u00e9n\u00e9tique afin de comprendre les processus d\u2019implantation humaine dans les hautes altitudes. Ces recherches sont actuellement compl\u00e9ment\u00e9es par des prospections syst\u00e9matiques du Haut Mustang men\u00e9es dans le cadre de la th\u00e8se de doctorat de Marion Poux.<br>Malgr\u00e9 les fouilles men\u00e9es dans les ann\u00e9es 1990 dans le Bas Mustang, la plupart d\u2019entre elles n\u2019ont fait l\u2019objet que de publications partielles\u00a0; une seule monographie a \u00e9t\u00e9 consacr\u00e9e au site de Mebrak et une seule th\u00e8se de doctorat est disponible pour le site de Khynga. Ces fouilles sont par ailleurs concentr\u00e9es dans des endroits sp\u00e9cifiques du Bas Mustang et ainsi une grande partie de la r\u00e9gion reste \u00e0 explorer et \u00e0 documenter afin de mieux appr\u00e9hender leurs dynamiques de peuplement de cette derni\u00e8re.<\/p>\n\n\n\n<p class=\"has-small-font-size\"><strong>Objectifs de la MAFNAM<\/strong><br>La MAFNAM a pour objectif de comprendre les dynamiques diachroniques de peuplement inh\u00e9rentes \u00e0 un contexte de haute altitude ainsi que les interactions ayant lieur entre le Mustang et ses voisins de l\u2019Inde, du Tibet et de l\u2019Asie centrale dans diff\u00e9rents cadres chronologiques. Les m\u00e9thodes mises en place pour y parvenir reposent sur des prospections syst\u00e9matiques des vall\u00e9es, des \u00e9tudes de c\u00e9ramiques et du b\u00e2ti, et des pr\u00e9l\u00e8vements pour des datations absolues. D\u2019une part, l\u2019objectif est d\u2019\u00e9tablir une chronologie fiable pour le Mustang, qui est encore tr\u00e8s fragmentaire. Dans ce cadre, des \u00e9tudes sont men\u00e9es sur la transformation des techniques de construction locales et l\u2019\u00e9tablissement d\u2019une typo-chronologie pour les productions c\u00e9ramiques. D\u2019autre part, il s\u2019agit de d\u00e9velopper une \u00e9tude des diff\u00e9rents mod\u00e8les d\u2019interaction culturelle et mat\u00e9rielle macro-r\u00e9gionale au fil du temps, en se basant sur la cat\u00e9gorisation et la cartographie des diff\u00e9rentes voies de communication qui traversent la r\u00e9gion et sur des \u00e9tudes comparatives.<\/p>\n\n\n\n<div class=\"wp-block-separator has-alpha-channel-opacity is-style-wide\" style=\"margin-top:var(--wp--preset--spacing--60);margin-bottom:var(--wp--preset--spacing--60)\"><\/div>\n\n\n\n<div class=\"wp-block-columns is-layout-flex wp-container-core-columns-is-layout-9d6595d7 wp-block-columns-is-layout-flex\">\n<div class=\"wp-block-column is-layout-flow wp-block-column-is-layout-flow\">\n<p class=\"has-small-font-size\"><\/p>\n<\/div>\n\n\n\n<div class=\"wp-block-column is-layout-flow wp-block-column-is-layout-flow\"><\/div>\n\n\n\n<div class=\"wp-block-column is-layout-flow wp-block-column-is-layout-flow\">\n<p class=\"has-theme-palette-11-color has-text-color has-link-color has-small-font-size wp-elements-dc9c0268cfe0439e473520773229de7e\"><strong>Liens<\/strong> :<br><a href=\"https:\/\/archeologie.culture.gouv.fr\/fr\/mustang\" target=\"_blank\" rel=\"noreferrer noopener\">Pr\u00e9sentation officielle du projet Mustang<\/a><\/p>\n<\/div>\n<\/div>\n\n\n\n<div class=\"wp-block-separator has-alpha-channel-opacity is-style-wide\" style=\"margin-top:var(--wp--preset--spacing--60);margin-bottom:var(--wp--preset--spacing--60)\"><\/div>\n\n\n\n<h2 class=\"wp-block-heading\">Campagnes <\/h2>\n\n\n<ul style=\"padding-top:0;padding-bottom:0;padding-left:0;padding-right:0;\" class=\"wp-block-latest-posts__list is-grid columns-4 has-link-color wp-elements-b034e1af848718349a36582203bd7762 wp-block-latest-posts has-text-color has-theme-palette-12-color has-small-font-size\"><li><div class=\"wp-block-latest-posts__featured-image\"><a href=\"https:\/\/eveha-international.com\/?p=2731\" aria-label=\"Mustang &#8211; 2023\"><img loading=\"lazy\" decoding=\"async\" width=\"770\" height=\"485\" src=\"https:\/\/eveha-international.com\/wp-content\/uploads\/2023\/12\/mustang_2023_small.jpg\" class=\"attachment-large size-large wp-post-image\" alt=\"\" style=\"\" srcset=\"https:\/\/eveha-international.com\/wp-content\/uploads\/2023\/12\/mustang_2023_small.jpg 770w, https:\/\/eveha-international.com\/wp-content\/uploads\/2023\/12\/mustang_2023_small-300x189.jpg 300w, https:\/\/eveha-international.com\/wp-content\/uploads\/2023\/12\/mustang_2023_small-768x484.jpg 768w\" sizes=\"auto, (max-width: 770px) 100vw, 770px\" \/><\/a><\/div><a class=\"wp-block-latest-posts__post-title\" href=\"https:\/\/eveha-international.com\/?p=2731\">Mustang &#8211; 2023<\/a><\/li>\n<\/ul>","protected":false},"excerpt":{"rendered":"<p>La Mission Arch\u00e9ologique Franco-N\u00e9palaise au Mustang (MAFNAM) a \u00e9t\u00e9 cr\u00e9\u00e9e en 2023 par le Minist\u00e8re de l&rsquo;Europe et des Affaires \u00c9trang\u00e8res (MEAE) en collaboration avec le Department of Archaeology of Nepal et l\u2019University of California. Elle explore la r\u00e9gion himalayenne de haute altitude du Mustang, \u00e0 l&rsquo;ouest du N\u00e9pal afin d\u2019\u00e9tudier les dynamiques de peuplement&#8230;<\/p>\n","protected":false},"author":4,"featured_media":3674,"parent":7,"menu_order":0,"comment_status":"closed","ping_status":"closed","template":"","meta":{"inline_featured_image":false,"_kad_post_transparent":"","_kad_post_title":"","_kad_post_layout":"","_kad_post_sidebar_id":"","_kad_post_content_style":"","_kad_post_vertical_padding":"","_kad_post_feature":"","_kad_post_feature_position":"","_kad_post_header":false,"_kad_post_footer":false,"_kad_post_classname":"","footnotes":""},"class_list":["post-3673","page","type-page","status-publish","has-post-thumbnail","hentry"],"_links":{"self":[{"href":"https:\/\/eveha-international.com\/index.php?rest_route=\/wp\/v2\/pages\/3673","targetHints":{"allow":["GET"]}}],"collection":[{"href":"https:\/\/eveha-international.com\/index.php?rest_route=\/wp\/v2\/pages"}],"about":[{"href":"https:\/\/eveha-international.com\/index.php?rest_route=\/wp\/v2\/types\/page"}],"author":[{"embeddable":true,"href":"https:\/\/eveha-international.com\/index.php?rest_route=\/wp\/v2\/users\/4"}],"replies":[{"embeddable":true,"href":"https:\/\/eveha-international.com\/index.php?rest_route=%2Fwp%2Fv2%2Fcomments&post=3673"}],"version-history":[{"count":2,"href":"https:\/\/eveha-international.com\/index.php?rest_route=\/wp\/v2\/pages\/3673\/revisions"}],"predecessor-version":[{"id":3677,"href":"https:\/\/eveha-international.com\/index.php?rest_route=\/wp\/v2\/pages\/3673\/revisions\/3677"}],"up":[{"embeddable":true,"href":"https:\/\/eveha-international.com\/index.php?rest_route=\/wp\/v2\/pages\/7"}],"wp:featuredmedia":[{"embeddable":true,"href":"https:\/\/eveha-international.com\/index.php?rest_route=\/wp\/v2\/media\/3674"}],"wp:attachment":[{"href":"https:\/\/eveha-international.com\/index.php?rest_route=%2Fwp%2Fv2%2Fmedia&parent=3673"}],"curies":[{"name":"wp","href":"https:\/\/api.w.org\/{rel}","templated":true}]}}