{"id":3680,"date":"2026-01-13T14:51:28","date_gmt":"2026-01-13T13:51:28","guid":{"rendered":"https:\/\/eveha-international.com\/?page_id=3680"},"modified":"2026-01-13T14:52:11","modified_gmt":"2026-01-13T13:52:11","slug":"kayrit","status":"publish","type":"page","link":"https:\/\/eveha-international.com\/?page_id=3680","title":{"rendered":"Kayrit"},"content":{"rendered":"\n<p class=\"has-text-align-left has-small-font-size\">Depuis 2017, la Mission Arch\u00e9ologique Franco-Ouzb\u00e8ke en Bactriane Protohistorique (MAFBAP), dirig\u00e9e par Johanna Lhuillier (CNRS\/Arch\u00e9orient) et Shapulat Shaydullaev (Univ. d\u2019Etat de Termez), explore l&rsquo;Oasis de Kayrit situ\u00e9e sur les pi\u00e9monts des Kugitang Tau dans l&rsquo;ancienne Bactriane (Ouzb\u00e9kistan).<\/p>\n\n\n\n<div class=\"wp-block-separator has-alpha-channel-opacity is-style-wide\" style=\"margin-top:var(--wp--preset--spacing--40);margin-bottom:var(--wp--preset--spacing--40)\"><\/div>\n\n\n\n<div class=\"wp-block-columns is-layout-flex wp-container-core-columns-is-layout-9d6595d7 wp-block-columns-is-layout-flex\">\n<div class=\"wp-block-column is-layout-flow wp-block-column-is-layout-flow\">\n<h6 class=\"wp-block-heading has-theme-palette-12-color has-text-color has-link-color has-small-font-size wp-elements-a9f8e7d3ccb94350d19fe10e22b1c7e0\">Direction<br><strong>Johanna Lhuillier<\/strong>\u00a0(CNRS, UMR 5133 Arch\u00e9orient)<br><strong>Shapulat Shaydullaev<\/strong>\u00a0(Universit\u00e9 d\u2019Etat de Termez, Ouzb\u00e9kistan)<\/h6>\n<\/div>\n\n\n\n<div class=\"wp-block-column is-layout-flow wp-block-column-is-layout-flow\">\n<p class=\"has-small-font-size\"><strong>Participation d&rsquo;\u00c9veha<br><\/strong>Fouilles arch\u00e9ologiques <br>\u00c9tudes de post-fouille<\/p>\n<\/div>\n\n\n\n<div class=\"wp-block-column is-layout-flow wp-block-column-is-layout-flow\">\n<p class=\"has-small-font-size\"><strong>Localisation<\/strong> <br>Ouzb\u00e9kistan<\/p>\n<\/div>\n<\/div>\n\n\n\n<div class=\"wp-block-separator has-text-color has-theme-palette-12-color has-alpha-channel-opacity has-theme-palette-12-background-color has-background is-style-wide\" style=\"margin-top:var(--wp--preset--spacing--60);margin-bottom:var(--wp--preset--spacing--60)\"><\/div>\n\n\n\n<p class=\"has-small-font-size\"><strong>Localisation et historique des recherches\u00a0<\/strong><br>L\u2019Oasis de Kayrit se situe dans le district de Sherabad dans la province du Surkhan-Darya non loin de la fronti\u00e8re ouzb\u00e9ko-turkm\u00e8ne. Cette fronti\u00e8re est d\u00e9marqu\u00e9e par les monts Kugitang Tau, culminant \u00e0 3\u202f139\u00a0m, d\u00e9bouchant sur un paysage de moyenne montagne dans la r\u00e9gion de Pashkurt o\u00f9 se trouve l\u2019Oasis de Kayrit. Les premi\u00e8res prospections dans l\u2019Oasis de Kayrit ont \u00e9t\u00e9 r\u00e9alis\u00e9es par l\u2019\u00e9quipe tch\u00e9co\u2013ouzb\u00e8ke de l\u2019Universit\u00e9 Charles, sous la direction de Ladislav Stan\u010do et Shapulat Shaydullaev. D\u00e8s 2014, elle a identifi\u00e9 de nombreux sites allant de l\u2019\u00e2ge du Bronze \u00e0 la p\u00e9riode m\u00e9di\u00e9vale : tertres de pierres \u00e9voquant des kourganes, p\u00e9troglyphes associ\u00e9s aux cultures steppiques Andronovo, villages de l\u2019\u00e2ge du Fer ancien, amas de c\u00e9ramique etc. Entre 2015 et 2017, cette \u00e9quipe a entrepris des fouilles sur les sites de Burgut Kurgan et Kayrit Tepa, caract\u00e9ris\u00e9s par des installations agropastorales fortifi\u00e9es.<br>En 2018, la MAFBAP a repris les fouilles sur le site de Burgut Kurgan afin de mieux cerner son architecture et sa culture mat\u00e9rielle. Le plan g\u00e9n\u00e9ral est ovale, avec des pi\u00e8ces contigu\u00ebs plac\u00e9es contre le mur d\u2019enceinte. Ce dernier est construit avec des fondations en pierre et une \u00e9l\u00e9vation en brique crue. Les vestiges t\u00e9moignent d\u2019au moins trois phases successives d\u2019occupation et d\u2019utilisation du mur ext\u00e9rieur, ce qui indique que le site a \u00e9t\u00e9 habit\u00e9 sur une p\u00e9riode assez longue. En 2018 et 2022, la MAFBAP a poursuivi les fouilles sur le site de Kayrit Tepa et ouvert plusieurs sondages du le site de Gaza Kutan, mettant en \u00e9vidence sur ces deux sites la pr\u00e9sence d\u2019un mur d\u2019enceinte en pierre et de quartiers d\u2019habitat situ\u00e9s le long de ce mur. Ces fouilles ont \u00e9t\u00e9 coupl\u00e9es \u00e0 des prospections magn\u00e9tiques et des sondages cibl\u00e9s sur d\u2019autres sites, notamment celui de Boyqushtepa, ainsi que sur des prospections de la r\u00e9gion, l\u2019\u00e9tude extensive des r\u00e9seaux d\u2019irrigation, des analyses arch\u00e9o-botaniques et de la production mat\u00e9rielle (c\u00e9ramique, outillage lithique) et un programme de datation, afin de mieux caract\u00e9riser de nouveaux sites d\u2019habitat de l\u2019\u00e2ge du Fer ancien.<\/p>\n\n\n\n<p class=\"has-small-font-size\"><strong>Probl\u00e9matiques de recherche<\/strong><br>La particularit\u00e9 de cette oasis est qu\u2019elle abrite les seuls sites actuellement connus en Asie centrale \u00e0 se trouver dans un contexte montagneux pour l\u2019\u00e2ge du Fer ancien ; les 300 autres sites sont exclusivement situ\u00e9s dans des plaines et des basses vall\u00e9es. En plus d\u2019\u00eatre situ\u00e9s dans un contexte topographique et environnemental particulier, les sites de cette r\u00e9gion ne semblent pas avoir \u00e9t\u00e9 occup\u00e9s \u00e0 d\u2019autres p\u00e9riodes, l\u00e0 aussi \u00e0 la diff\u00e9rence des sites contemporains. Cela permet de mettre au jour une stratigraphie claire et en cons\u00e9quence de documenter exhaustivement cette p\u00e9riode par le biais de diverses approches : l\u2019\u00e9tude des \u00e9tablissements et des habitats de l\u2019\u00e2ge du fer, l\u2019\u00e9tude de l\u2019\u00e9conomie de subsistance et la caract\u00e9risation de la culture mat\u00e9rielle.<\/p>\n\n\n\n<div class=\"wp-block-separator has-alpha-channel-opacity is-style-wide\" style=\"margin-top:var(--wp--preset--spacing--60);margin-bottom:var(--wp--preset--spacing--60)\"><\/div>\n\n\n\n<div class=\"wp-block-columns is-layout-flex wp-container-core-columns-is-layout-9d6595d7 wp-block-columns-is-layout-flex\">\n<div class=\"wp-block-column is-layout-flow wp-block-column-is-layout-flow\">\n<p class=\"has-small-font-size\"><\/p>\n<\/div>\n\n\n\n<div class=\"wp-block-column is-layout-flow wp-block-column-is-layout-flow\"><\/div>\n\n\n\n<div class=\"wp-block-column is-layout-flow wp-block-column-is-layout-flow\">\n<p class=\"has-theme-palette-11-color has-text-color has-link-color has-small-font-size wp-elements-d90b2335646e4f61e4561248ecd79221\"><strong>Liens<\/strong> :<br><a href=\"https:\/\/mafbap.hypotheses.org\/\" target=\"_blank\" rel=\"noreferrer noopener\">Site officiel de la mission<\/a><\/p>\n<\/div>\n<\/div>\n\n\n\n<div class=\"wp-block-separator has-alpha-channel-opacity is-style-wide\" style=\"margin-top:var(--wp--preset--spacing--60);margin-bottom:var(--wp--preset--spacing--60)\"><\/div>\n\n\n\n<h2 class=\"wp-block-heading\">Campagnes <\/h2>\n\n\n<ul style=\"padding-top:0;padding-bottom:0;padding-left:0;padding-right:0;\" class=\"wp-block-latest-posts__list is-grid columns-4 has-link-color wp-elements-44cae65cf2d858fed57bc59f1e9da600 wp-block-latest-posts has-text-color has-theme-palette-12-color has-small-font-size\"><li><div class=\"wp-block-latest-posts__featured-image\"><a href=\"https:\/\/eveha-international.com\/?p=2705\" aria-label=\"Kayrit &#8211; 2023\"><img loading=\"lazy\" decoding=\"async\" width=\"770\" height=\"485\" src=\"https:\/\/eveha-international.com\/wp-content\/uploads\/2023\/07\/kayrit_2023_small.jpg\" class=\"attachment-large size-large wp-post-image\" alt=\"\" style=\"\" srcset=\"https:\/\/eveha-international.com\/wp-content\/uploads\/2023\/07\/kayrit_2023_small.jpg 770w, https:\/\/eveha-international.com\/wp-content\/uploads\/2023\/07\/kayrit_2023_small-300x189.jpg 300w, https:\/\/eveha-international.com\/wp-content\/uploads\/2023\/07\/kayrit_2023_small-768x484.jpg 768w\" sizes=\"auto, (max-width: 770px) 100vw, 770px\" \/><\/a><\/div><a class=\"wp-block-latest-posts__post-title\" href=\"https:\/\/eveha-international.com\/?p=2705\">Kayrit &#8211; 2023<\/a><\/li>\n<\/ul>","protected":false},"excerpt":{"rendered":"<p>Depuis 2017, la Mission Arch\u00e9ologique Franco-Ouzb\u00e8ke en Bactriane Protohistorique (MAFBAP), dirig\u00e9e par Johanna Lhuillier (CNRS\/Arch\u00e9orient) et Shapulat Shaydullaev (Univ. d\u2019Etat de Termez), explore l&rsquo;Oasis de Kayrit situ\u00e9e sur les pi\u00e9monts des Kugitang Tau dans l&rsquo;ancienne Bactriane (Ouzb\u00e9kistan). DirectionJohanna Lhuillier\u00a0(CNRS, UMR 5133 Arch\u00e9orient)Shapulat Shaydullaev\u00a0(Universit\u00e9 d\u2019Etat de Termez, Ouzb\u00e9kistan) Participation d&rsquo;\u00c9vehaFouilles arch\u00e9ologiques \u00c9tudes de post-fouille Localisation Ouzb\u00e9kistan&#8230;<\/p>\n","protected":false},"author":4,"featured_media":3681,"parent":7,"menu_order":0,"comment_status":"closed","ping_status":"closed","template":"","meta":{"inline_featured_image":false,"_kad_post_transparent":"","_kad_post_title":"","_kad_post_layout":"","_kad_post_sidebar_id":"","_kad_post_content_style":"","_kad_post_vertical_padding":"","_kad_post_feature":"","_kad_post_feature_position":"","_kad_post_header":false,"_kad_post_footer":false,"_kad_post_classname":"","footnotes":""},"class_list":["post-3680","page","type-page","status-publish","has-post-thumbnail","hentry"],"_links":{"self":[{"href":"https:\/\/eveha-international.com\/index.php?rest_route=\/wp\/v2\/pages\/3680","targetHints":{"allow":["GET"]}}],"collection":[{"href":"https:\/\/eveha-international.com\/index.php?rest_route=\/wp\/v2\/pages"}],"about":[{"href":"https:\/\/eveha-international.com\/index.php?rest_route=\/wp\/v2\/types\/page"}],"author":[{"embeddable":true,"href":"https:\/\/eveha-international.com\/index.php?rest_route=\/wp\/v2\/users\/4"}],"replies":[{"embeddable":true,"href":"https:\/\/eveha-international.com\/index.php?rest_route=%2Fwp%2Fv2%2Fcomments&post=3680"}],"version-history":[{"count":1,"href":"https:\/\/eveha-international.com\/index.php?rest_route=\/wp\/v2\/pages\/3680\/revisions"}],"predecessor-version":[{"id":3682,"href":"https:\/\/eveha-international.com\/index.php?rest_route=\/wp\/v2\/pages\/3680\/revisions\/3682"}],"up":[{"embeddable":true,"href":"https:\/\/eveha-international.com\/index.php?rest_route=\/wp\/v2\/pages\/7"}],"wp:featuredmedia":[{"embeddable":true,"href":"https:\/\/eveha-international.com\/index.php?rest_route=\/wp\/v2\/media\/3681"}],"wp:attachment":[{"href":"https:\/\/eveha-international.com\/index.php?rest_route=%2Fwp%2Fv2%2Fmedia&parent=3680"}],"curies":[{"name":"wp","href":"https:\/\/api.w.org\/{rel}","templated":true}]}}