{"id":3691,"date":"2026-01-13T15:20:50","date_gmt":"2026-01-13T14:20:50","guid":{"rendered":"https:\/\/eveha-international.com\/?page_id=3691"},"modified":"2026-01-13T15:29:22","modified_gmt":"2026-01-13T14:29:22","slug":"farasan","status":"publish","type":"page","link":"https:\/\/eveha-international.com\/?page_id=3691","title":{"rendered":"Farasan"},"content":{"rendered":"\n<p class=\"has-text-align-left has-small-font-size\">\u00c9veha International participe \u00e0 la mission arch\u00e9ologique des \u00eeles Faras\u00e2n (MIFA), un projet franco-saoudien visant \u00e0 \u00e9tudier le patrimoine arch\u00e9ologique de cet archipel situ\u00e9 dans le sud-est de la mer rouge en Arabie Saoudite au large de la ville de Jiz\u0101n. <br>Le projet est dirig\u00e9 par Sol\u00e8ne Marion de Proc\u00e9 (Universit\u00e9 Paris 1 \/ AnHiMA \/ LabEx Dynamite) et Mu\u1e25ammad al-Malki (Heritage Commission).<\/p>\n\n\n\n<div class=\"wp-block-separator has-alpha-channel-opacity is-style-wide\" style=\"margin-top:var(--wp--preset--spacing--40);margin-bottom:var(--wp--preset--spacing--40)\"><\/div>\n\n\n\n<div class=\"wp-block-columns is-layout-flex wp-container-core-columns-is-layout-9d6595d7 wp-block-columns-is-layout-flex\">\n<div class=\"wp-block-column is-layout-flow wp-block-column-is-layout-flow\">\n<h6 class=\"wp-block-heading has-theme-palette-12-color has-text-color has-link-color has-small-font-size wp-elements-249f094bff401ea99dc64e7085c969f0\">Direction<br><strong>Sol\u00e8ne Marion de Proc\u00e9\u00a0<\/strong>(Universit\u00e9 Paris 1 \/ <br>AnHiMA UMR 8210 \/ LabEx Dynamite)<br><strong>Mu\u1e25ammad al-Malki<\/strong>\u00a0(Heritage Commission, <br>Minist\u00e8re saoudien de la culture)<\/h6>\n<\/div>\n\n\n\n<div class=\"wp-block-column is-layout-flow wp-block-column-is-layout-flow\">\n<p class=\"has-small-font-size\"><strong>Participation d&rsquo;\u00c9veha<br><\/strong>Participation aux fouilles arch\u00e9ologiques<\/p>\n<\/div>\n\n\n\n<div class=\"wp-block-column is-layout-flow wp-block-column-is-layout-flow\">\n<p class=\"has-small-font-size\"><strong>Localisation<\/strong> <br>Arabie Saoudite<\/p>\n<\/div>\n<\/div>\n\n\n\n<div class=\"wp-block-separator has-text-color has-theme-palette-12-color has-alpha-channel-opacity has-theme-palette-12-background-color has-background is-style-wide\" style=\"margin-top:var(--wp--preset--spacing--60);margin-bottom:var(--wp--preset--spacing--60)\"><\/div>\n\n\n\n<p class=\"has-small-font-size\"><strong>Localisation et r\u00e9sum\u00e9 historique<\/strong><br>L\u2019archipel des Farasan se trouve dans le sud-est de la mer Rouge, \u00e0 40 km de la ville saoudienne de Jiz\u00e2n. Situ\u00e9es en un lieu strat\u00e9gique, ces \u00eeles comportent de nombreuses ressources (eau douce souterraine, terres arables, faune terrestre et marine abondante) qui en ont fait une \u00e9tape sur les voies maritimes.<br>\u00c0 l\u2019\u00e2ge du Bronze r\u00e9cent, un important r\u00e9seau de sites affili\u00e9s \u00e0 la culture littorale de \u1e62abr (au nord d\u2019Aden) s\u2019est d\u00e9velopp\u00e9 sur l\u2019archipel.<br>Au d\u00e9but du 1er mill. av. n.\u00e8. (900 \u2013 600 av. n.\u00e8.), le royaume sudarabique de Saba\u02be entreprend de grandes campagnes d\u2019expansion jusqu\u2019aux hauts-plateaux de la Corne de l\u2019Afrique et en Somalie orientale. Les sites faras\u0101nis attribuables \u00e0 cette p\u00e9riode t\u00e9moignent d\u2019une influence sab\u00e9enne (c\u00e9ramique, inscriptions, objets de culte) indiquant que l\u2019archipel se trouvaient sur les itin\u00e9raires reliant alors l\u2019Arabie \u00e0 l\u2019Afrique.<br>Le 1er s. de notre \u00e8re est marqu\u00e9 par un d\u00e9veloppement exceptionnel du commerce maritime en mer Rouge et par une hausse de la piraterie entreprise par des populations littorales de la p\u00e9ninsule Arabique. Pour contrer cette menace, l\u2019empire Romain envoie un contingent militaire au 2\u00e8me s. sur l\u2019archipel des Farasan afin de s\u00e9curiser le commerce dans cette partie de la mer Rouge. Cette pr\u00e9sence, relativement courte, ne s\u2019\u00e9tend probablement pas au-del\u00e0 de quelques d\u00e9cennies.<br>D\u00e8s 200, les Abyssins venus de la Corne de l\u2019Afrique occupent la Tih\u0101ma (plaine littorale du sud-ouest de la p\u00e9ninsule Arabique). Des vestiges t\u00e9moignent de cette occupation sur les \u00eeles Faras\u0101n, vraisemblablement ralli\u00e9es aux Abyssins contre les souverains sab\u00e9ens.<br>Au 4e s. apr\u00e8s la conversion au juda\u00efsme du royaume de \u1e24imyar (sud-ouest de la p\u00e9ninsule Arabique) et l\u2019adoption du christianisme dans le royaume d\u2019Aksum (nord de la Corne de l\u2019Afrique), des conflits font rage entre les deux puissances. Les \u00eeles Faras\u00e2n christianis\u00e9es apportent leur soutien logistique \u00e0 Aksum vers 525 lors d\u2019une campagne de repr\u00e9sailles suite au massacre de populations chr\u00e9tiennes au sein du royaume de \u1e24imyar.<\/p>\n\n\n\n<p class=\"has-small-font-size\"><strong>Historique des recherches<\/strong><br>Un premier inventaire du patrimoine arch\u00e9ologique de l\u2019archipel comprenant des sites dat\u00e9s de l\u2019\u00e2ge du Bronze \u00e0 la p\u00e9riode ottomane a \u00e9t\u00e9 r\u00e9alis\u00e9 dans les ann\u00e9es 1980 lors de grandes campagnes de prospections internationales men\u00e9es dans tout le royaume.<br>Au d\u00e9but des ann\u00e9es 2000, deux textes latins d\u00e9couverts sur l\u2019archipel ont r\u00e9v\u00e9l\u00e9 l\u2019\u00e9tablissement d\u2019un contingent militaire romain au 2\u00e8me s., auparavant totalement ignor\u00e9. \u00c0 la suite de ces publications, de courtes missions pr\u00e9liminaires ont \u00e9t\u00e9 men\u00e9es \u00e0 l\u2019initiative de Fran\u00e7ois Villeneuve (Universit\u00e9 Paris 1 \u2013 Panth\u00e9on Sorbonne, ArScAn UMR7041). \u00c0 partir de 2013, des missions de prospections et de relev\u00e9s ont permis d\u2019enregistrer de nombreux sites dans les zones appel\u00e9es W\u0101d\u012b Ma\u1e6dar (sud-est de l\u2019\u00eele principale) et W\u0101d\u012b Sh\u0101mi (nord-est de l\u2019\u00eele principale). Dans la zone du W\u0101d\u012b Ma\u1e6dar, l\u2019\u00e9quipe a entrepris l\u2019\u00e9tude du site WM2 comprenant une zone d\u2019habitat, une zone cultuelle et une zone de production. Les vestiges r\u00e9v\u00e8lent une longue occupation du site (fin de l\u2019\u00e2ge du Bronze \u2013 Antiquit\u00e9 Tardive) avec deux phases principales : \u00e0 la p\u00e9riode sudarabique et au 2\u00e8me s.<br>Le W\u0101d\u012b Sh\u0101mi est la r\u00e9gion nord-est de l\u2019\u00eele principale. Dans cette zone inhabit\u00e9e et difficile d\u2019acc\u00e8s, aucun inventaire arch\u00e9ologique n\u2019avait \u00e9t\u00e9 r\u00e9alis\u00e9. Les premi\u00e8res visites de cette r\u00e9gion ont r\u00e9v\u00e9l\u00e9 une grande densit\u00e9 de sites, dat\u00e9s de la Pr\u00e9histoire r\u00e9cente \u00e0 la p\u00e9riode islamique. Le W\u0101d\u012b Sh\u0101mi a notamment livr\u00e9 une n\u00e9cropole comprenant des tombes chr\u00e9tiennes jouxtant une n\u00e9cropole musulmane associ\u00e9 \u00e0 un site d\u2019habitat (8-11e s.).<br>En 2018, la MIFA, soutenue par la Commission consultative pour les recherches arch\u00e9ologiques \u00e0 l\u2019\u00e9tranger du minist\u00e8re de l\u2019Europe et des Affaires \u00c9trang\u00e8res, est cr\u00e9\u00e9e. Depuis, la mission poursuit son programme d\u2019inventaire des sites de l\u2019archipel et l\u2019\u00e9tude du site WM2. En 2021, l\u2019\u00e9quipe a entam\u00e9 l\u2019\u00e9tude du site romain d\u2019al-Qu\u1e63\u0101r, situ\u00e9 au sud-est de la ville moderne de Faras\u0101n et lieu de d\u00e9couverte de l\u2019une des deux inscriptions latines.<\/p>\n\n\n\n<div class=\"wp-block-separator has-alpha-channel-opacity is-style-wide\" style=\"margin-top:var(--wp--preset--spacing--60);margin-bottom:var(--wp--preset--spacing--60)\"><\/div>\n\n\n\n<div class=\"wp-block-columns is-layout-flex wp-container-core-columns-is-layout-9d6595d7 wp-block-columns-is-layout-flex\">\n<div class=\"wp-block-column is-layout-flow wp-block-column-is-layout-flow\">\n<p class=\"has-small-font-size\"><strong>Partenaires<\/strong> <br>Minist\u00e8re de l\u2019Europe et des Affaires \u00e9trang\u00e8res<br>Consulat G\u00e9n\u00e9ral de France \u00e0 Djeddah<br>Ambassade de France \u00e0 Riyadh<br>Heritage Commission, Minist\u00e8re saoudien de la Culture<br>CNRS, UMR 7041, UMR 7264<br>CEFREPA \u2013 Koweit<br>Universit\u00e9 Paris 1 Panth\u00e9on Sorbonne<br>LabEx Dynamite<br>Universit\u00e9 Sorbonne Lettres \/ projet MEDEE<br>\u00c9veha International<br>m\u00e9c\u00e8ne priv\u00e9 saoudien<br>Minist\u00e8re de l\u2019\u00e9ducation<br>Municipalit\u00e9 de Faras\u0101n<\/p>\n<\/div>\n\n\n\n<div class=\"wp-block-column is-layout-flow wp-block-column-is-layout-flow\"><\/div>\n\n\n\n<div class=\"wp-block-column is-layout-flow wp-block-column-is-layout-flow\">\n<p class=\"has-theme-palette-11-color has-text-color has-link-color has-small-font-size wp-elements-10b6066d266b993c4b6f8f5b8360ec8f\"><strong>Liens<\/strong> :<br><a href=\"http:\/\/www.arscan.fr\/apohr\/etudes-sites-programmes-regionaux\/arabie-saoudite\/iles-farasan-et-la-mer-rouge\/\" target=\"_blank\" rel=\"noreferrer noopener\">Page du projet sur le site ArScAn<\/a><br><a href=\"https:\/\/www.clio.fr\/securefilesystem\/5%20MariondeProce.pdf\" target=\"_blank\" rel=\"noreferrer noopener\">Dossier Prix Clio 2021<\/a><\/p>\n<\/div>\n<\/div>\n\n\n\n<div class=\"wp-block-separator has-alpha-channel-opacity is-style-wide\" style=\"margin-top:var(--wp--preset--spacing--60);margin-bottom:var(--wp--preset--spacing--60)\"><\/div>\n\n\n\n<h2 class=\"wp-block-heading\">Campagnes <\/h2>\n\n\n<ul style=\"padding-top:0;padding-bottom:0;padding-left:0;padding-right:0;\" class=\"wp-block-latest-posts__list is-grid columns-4 has-link-color wp-elements-c64b991d9ddf238d0f1ed31f7589b604 wp-block-latest-posts has-text-color has-theme-palette-12-color has-small-font-size\"><li><div class=\"wp-block-latest-posts__featured-image\"><a href=\"https:\/\/eveha-international.com\/?p=2544\" aria-label=\"Farasan &#8211; 2022\"><img loading=\"lazy\" decoding=\"async\" width=\"770\" height=\"485\" src=\"https:\/\/eveha-international.com\/wp-content\/uploads\/2022\/06\/farasan_2022_small.jpg\" class=\"attachment-large size-large wp-post-image\" alt=\"\" style=\"\" srcset=\"https:\/\/eveha-international.com\/wp-content\/uploads\/2022\/06\/farasan_2022_small.jpg 770w, https:\/\/eveha-international.com\/wp-content\/uploads\/2022\/06\/farasan_2022_small-300x189.jpg 300w, https:\/\/eveha-international.com\/wp-content\/uploads\/2022\/06\/farasan_2022_small-768x484.jpg 768w\" sizes=\"auto, (max-width: 770px) 100vw, 770px\" \/><\/a><\/div><a class=\"wp-block-latest-posts__post-title\" href=\"https:\/\/eveha-international.com\/?p=2544\">Farasan &#8211; 2022<\/a><\/li>\n<li><div class=\"wp-block-latest-posts__featured-image\"><a href=\"https:\/\/eveha-international.com\/?p=2677\" aria-label=\"Farasan &#8211; 2023\"><img loading=\"lazy\" decoding=\"async\" width=\"770\" height=\"485\" src=\"https:\/\/eveha-international.com\/wp-content\/uploads\/2023\/05\/farasan_2023_small.jpg\" class=\"attachment-large size-large wp-post-image\" alt=\"\" style=\"\" srcset=\"https:\/\/eveha-international.com\/wp-content\/uploads\/2023\/05\/farasan_2023_small.jpg 770w, https:\/\/eveha-international.com\/wp-content\/uploads\/2023\/05\/farasan_2023_small-300x189.jpg 300w, https:\/\/eveha-international.com\/wp-content\/uploads\/2023\/05\/farasan_2023_small-768x484.jpg 768w\" sizes=\"auto, (max-width: 770px) 100vw, 770px\" \/><\/a><\/div><a class=\"wp-block-latest-posts__post-title\" href=\"https:\/\/eveha-international.com\/?p=2677\">Farasan &#8211; 2023<\/a><\/li>\n<\/ul>","protected":false},"excerpt":{"rendered":"<p>\u00c9veha International participe \u00e0 la mission arch\u00e9ologique des \u00eeles Faras\u00e2n (MIFA), un projet franco-saoudien visant \u00e0 \u00e9tudier le patrimoine arch\u00e9ologique de cet archipel situ\u00e9 dans le sud-est de la mer rouge en Arabie Saoudite au large de la ville de Jiz\u0101n. Le projet est dirig\u00e9 par Sol\u00e8ne Marion de Proc\u00e9 (Universit\u00e9 Paris 1 \/ AnHiMA&#8230;<\/p>\n","protected":false},"author":4,"featured_media":3693,"parent":7,"menu_order":0,"comment_status":"closed","ping_status":"closed","template":"","meta":{"inline_featured_image":false,"_kad_post_transparent":"","_kad_post_title":"","_kad_post_layout":"","_kad_post_sidebar_id":"","_kad_post_content_style":"","_kad_post_vertical_padding":"","_kad_post_feature":"","_kad_post_feature_position":"","_kad_post_header":false,"_kad_post_footer":false,"_kad_post_classname":"","footnotes":""},"class_list":["post-3691","page","type-page","status-publish","has-post-thumbnail","hentry"],"_links":{"self":[{"href":"https:\/\/eveha-international.com\/index.php?rest_route=\/wp\/v2\/pages\/3691","targetHints":{"allow":["GET"]}}],"collection":[{"href":"https:\/\/eveha-international.com\/index.php?rest_route=\/wp\/v2\/pages"}],"about":[{"href":"https:\/\/eveha-international.com\/index.php?rest_route=\/wp\/v2\/types\/page"}],"author":[{"embeddable":true,"href":"https:\/\/eveha-international.com\/index.php?rest_route=\/wp\/v2\/users\/4"}],"replies":[{"embeddable":true,"href":"https:\/\/eveha-international.com\/index.php?rest_route=%2Fwp%2Fv2%2Fcomments&post=3691"}],"version-history":[{"count":2,"href":"https:\/\/eveha-international.com\/index.php?rest_route=\/wp\/v2\/pages\/3691\/revisions"}],"predecessor-version":[{"id":3695,"href":"https:\/\/eveha-international.com\/index.php?rest_route=\/wp\/v2\/pages\/3691\/revisions\/3695"}],"up":[{"embeddable":true,"href":"https:\/\/eveha-international.com\/index.php?rest_route=\/wp\/v2\/pages\/7"}],"wp:featuredmedia":[{"embeddable":true,"href":"https:\/\/eveha-international.com\/index.php?rest_route=\/wp\/v2\/media\/3693"}],"wp:attachment":[{"href":"https:\/\/eveha-international.com\/index.php?rest_route=%2Fwp%2Fv2%2Fmedia&parent=3691"}],"curies":[{"name":"wp","href":"https:\/\/api.w.org\/{rel}","templated":true}]}}