{"id":3708,"date":"2026-01-13T15:54:51","date_gmt":"2026-01-13T14:54:51","guid":{"rendered":"https:\/\/eveha-international.com\/?page_id=3708"},"modified":"2026-01-14T14:05:38","modified_gmt":"2026-01-14T13:05:38","slug":"al-ula","status":"publish","type":"page","link":"https:\/\/eveha-international.com\/?page_id=3708","title":{"rendered":"Al Ula"},"content":{"rendered":"\n<p class=\"has-text-align-left has-small-font-size\">La vieille ville d\u2019al\u2019Ul\u00e2 est localis\u00e9e dans le nord de l\u2019Arabie Saoudite. Elle est au coeur d\u2019un ambitieux programme de r\u00e9habilitation et de recherche. <br>Dans ce cadre, une \u00e9quipe d\u2019\u00c9veha International dirig\u00e9e par Laurent Fiocchi a effectu\u00e9 une \u00e9tude pr\u00e9liminaire du b\u00e2ti et quelques sondages afin d\u2019en savoir plus sur ses origines et son histoire. <br>Ce projet est financ\u00e9 par l\u2019Agence Fran\u00e7aise pour al Ula (AFALULA) et la Royal Commission for al Ula (RCU).<\/p>\n\n\n\n<div class=\"wp-block-separator has-alpha-channel-opacity is-style-wide\" style=\"margin-top:var(--wp--preset--spacing--40);margin-bottom:var(--wp--preset--spacing--40)\"><\/div>\n\n\n\n<div class=\"wp-block-columns is-layout-flex wp-container-core-columns-is-layout-9d6595d7 wp-block-columns-is-layout-flex\">\n<div class=\"wp-block-column is-layout-flow wp-block-column-is-layout-flow\">\n<h6 class=\"wp-block-heading has-theme-palette-12-color has-text-color has-link-color has-small-font-size wp-elements-2ec29b4433fa63e99126b0a55c14b648\">Direction<br><\/h6>\n<\/div>\n\n\n\n<div class=\"wp-block-column is-layout-flow wp-block-column-is-layout-flow\">\n<p class=\"has-small-font-size\"><strong>Participation d&rsquo;\u00c9veha<br><\/strong>arch\u00e9ologie du b\u00e2ti<\/p>\n<\/div>\n\n\n\n<div class=\"wp-block-column is-layout-flow wp-block-column-is-layout-flow\">\n<p class=\"has-small-font-size\"><strong>Localisation<\/strong> <br>Arabie saoudite<\/p>\n<\/div>\n<\/div>\n\n\n\n<div class=\"wp-block-separator has-text-color has-theme-palette-12-color has-alpha-channel-opacity has-theme-palette-12-background-color has-background is-style-wide\" style=\"margin-top:var(--wp--preset--spacing--60);margin-bottom:var(--wp--preset--spacing--60)\"><\/div>\n\n\n\n<p class=\"has-small-font-size\">Les r\u00e9sultats de ce programme seront pr\u00e9sent\u00e9s ult\u00e9rieurement. \u00c0 bient\u00f4t !<\/p>\n\n\n\n<div class=\"wp-block-separator has-alpha-channel-opacity is-style-wide\" style=\"margin-top:var(--wp--preset--spacing--60);margin-bottom:var(--wp--preset--spacing--60)\"><\/div>\n\n\n\n<div class=\"wp-block-columns is-layout-flex wp-container-core-columns-is-layout-9d6595d7 wp-block-columns-is-layout-flex\">\n<div class=\"wp-block-column is-layout-flow wp-block-column-is-layout-flow\">\n<p class=\"has-small-font-size\"><strong>Partenaires<\/strong> <br>Agence Fran\u00e7aise pour al Ula (AFALULA)<br>Royal Commission for al Ula (RCU)<\/p>\n<\/div>\n\n\n\n<div class=\"wp-block-column is-layout-flow wp-block-column-is-layout-flow\"><\/div>\n\n\n\n<div class=\"wp-block-column is-layout-flow wp-block-column-is-layout-flow\">\n<p class=\"has-theme-palette-11-color has-text-color has-link-color has-small-font-size wp-elements-09d968e96a592ebca8af6978b8082c8c\"><\/p>\n<\/div>\n<\/div>\n\n\n\n<div class=\"wp-block-separator has-alpha-channel-opacity is-style-wide\" style=\"margin-top:var(--wp--preset--spacing--60);margin-bottom:var(--wp--preset--spacing--60)\"><\/div>\n\n\n\n<h2 class=\"wp-block-heading\">Campagnes <\/h2>\n\n\n<ul style=\"padding-top:0;padding-bottom:0;padding-left:0;padding-right:0;\" class=\"wp-block-latest-posts__list is-grid columns-4 has-link-color wp-elements-b9de9bcf53e6c18ed145743dfa5bec22 wp-block-latest-posts has-text-color has-theme-palette-12-color has-small-font-size\"><\/ul>","protected":false},"excerpt":{"rendered":"<p>La vieille ville d\u2019al\u2019Ul\u00e2 est localis\u00e9e dans le nord de l\u2019Arabie Saoudite. Elle est au coeur d\u2019un ambitieux programme de r\u00e9habilitation et de recherche. Dans ce cadre, une \u00e9quipe d\u2019\u00c9veha International dirig\u00e9e par Laurent Fiocchi a effectu\u00e9 une \u00e9tude pr\u00e9liminaire du b\u00e2ti et quelques sondages afin d\u2019en savoir plus sur ses origines et son histoire&#8230;.<\/p>\n","protected":false},"author":4,"featured_media":3709,"parent":7,"menu_order":0,"comment_status":"closed","ping_status":"closed","template":"","meta":{"inline_featured_image":false,"_kad_post_transparent":"","_kad_post_title":"","_kad_post_layout":"","_kad_post_sidebar_id":"","_kad_post_content_style":"","_kad_post_vertical_padding":"","_kad_post_feature":"","_kad_post_feature_position":"","_kad_post_header":false,"_kad_post_footer":false,"_kad_post_classname":"","footnotes":""},"class_list":["post-3708","page","type-page","status-publish","has-post-thumbnail","hentry"],"_links":{"self":[{"href":"https:\/\/eveha-international.com\/index.php?rest_route=\/wp\/v2\/pages\/3708","targetHints":{"allow":["GET"]}}],"collection":[{"href":"https:\/\/eveha-international.com\/index.php?rest_route=\/wp\/v2\/pages"}],"about":[{"href":"https:\/\/eveha-international.com\/index.php?rest_route=\/wp\/v2\/types\/page"}],"author":[{"embeddable":true,"href":"https:\/\/eveha-international.com\/index.php?rest_route=\/wp\/v2\/users\/4"}],"replies":[{"embeddable":true,"href":"https:\/\/eveha-international.com\/index.php?rest_route=%2Fwp%2Fv2%2Fcomments&post=3708"}],"version-history":[{"count":3,"href":"https:\/\/eveha-international.com\/index.php?rest_route=\/wp\/v2\/pages\/3708\/revisions"}],"predecessor-version":[{"id":3713,"href":"https:\/\/eveha-international.com\/index.php?rest_route=\/wp\/v2\/pages\/3708\/revisions\/3713"}],"up":[{"embeddable":true,"href":"https:\/\/eveha-international.com\/index.php?rest_route=\/wp\/v2\/pages\/7"}],"wp:featuredmedia":[{"embeddable":true,"href":"https:\/\/eveha-international.com\/index.php?rest_route=\/wp\/v2\/media\/3709"}],"wp:attachment":[{"href":"https:\/\/eveha-international.com\/index.php?rest_route=%2Fwp%2Fv2%2Fmedia&parent=3708"}],"curies":[{"name":"wp","href":"https:\/\/api.w.org\/{rel}","templated":true}]}}