{"id":3746,"date":"2026-01-14T12:48:51","date_gmt":"2026-01-14T11:48:51","guid":{"rendered":"https:\/\/eveha-international.com\/?page_id=3746"},"modified":"2026-01-14T14:05:56","modified_gmt":"2026-01-14T13:05:56","slug":"jazirat-al-hamra","status":"publish","type":"page","link":"https:\/\/eveha-international.com\/?page_id=3746","title":{"rendered":"Jazirat Al Hamra"},"content":{"rendered":"\n<div class=\"wp-block-columns is-layout-flex wp-container-core-columns-is-layout-9d6595d7 wp-block-columns-is-layout-flex\">\n<div class=\"wp-block-column is-layout-flow wp-block-column-is-layout-flow\">\n<h6 class=\"wp-block-heading has-theme-palette-12-color has-text-color has-link-color has-small-font-size wp-elements-5e359225bcfbcec9648c1e4132071f71\">Direction<br><strong>Daniel \u00c9tienne\u00a0<\/strong>(\u00c9veha International)<\/h6>\n<\/div>\n\n\n\n<div class=\"wp-block-column is-layout-flow wp-block-column-is-layout-flow\">\n<p class=\"has-small-font-size\"><strong>Participation d&rsquo;\u00c9veha<br><\/strong>Direction scientifique <br>Fouilles arch\u00e9ologiques<\/p>\n<\/div>\n\n\n\n<div class=\"wp-block-column is-layout-flow wp-block-column-is-layout-flow\">\n<p class=\"has-small-font-size\"><strong>Localisation<\/strong> <br>\u00c9mirats Arabes Unis<\/p>\n<\/div>\n<\/div>\n\n\n\n<div class=\"wp-block-separator has-text-color has-theme-palette-12-color has-alpha-channel-opacity has-theme-palette-12-background-color has-background is-style-wide\" style=\"margin-top:var(--wp--preset--spacing--60);margin-bottom:var(--wp--preset--spacing--60)\"><\/div>\n\n\n\n<p class=\"has-small-font-size\"><strong>Localisation et objectifs de la mission<\/strong><br>Le village abandonn\u00e9 de Jazirat Al Hamra est situ\u00e9 \u00e0 une vingtaine de kilom\u00e8tres au sud-ouest du centre historique de Ras Al Khaimah, le plus septentrional des \u00c9mirats Arabes Unis. Autrefois implant\u00e9 sur une \u00eele dans une lagune aujourd\u2019hui combl\u00e9e, ce village de p\u00eacheurs, dont l\u2019occupation est d\u2019abord saisonni\u00e8re, est fond\u00e9 dans le courant du 16e si\u00e8cle avant d\u2019\u00eatre progressivement abandonn\u00e9 dans les ann\u00e9es 1960.<br>Il pourrait avoir succ\u00e9d\u00e9 au grand site de Julfar, implant\u00e9 plus au nord, dont la date d\u2019abandon co\u00efncide plus ou moins avec la fondation de Jazirat al Hamrah.<br>Il se compose de plusieurs dizaines de maison, de mosqu\u00e9es et d\u2019un fort qui \u00e9tait \u00e0 l\u2019origine compl\u00e9t\u00e9 par plusieurs structures d\u00e9fensives connues par des plans anciens.<\/p>\n\n\n\n<p class=\"has-small-font-size\"><strong>Historique des recherches<\/strong><br>Depuis plusieurs ann\u00e9es, le site est au c\u0153ur d\u2019un ambitieux programme de r\u00e9habilitation et de restauration permettant d\u2019assurer sa valorisation. Ce programme s\u2019accompagne d\u2019\u00e9tudes arch\u00e9ologiques destin\u00e9es \u00e0 mieux saisir sa date de fondation, ses \u00e9volutions urbaines et les modes de vies de ses habitants. Plusieurs sondages avaient d\u00e9j\u00e0 \u00e9t\u00e9 r\u00e9alis\u00e9s en plusieurs secteurs de la ville avant l\u2019intervention d\u2019Eveha International.<\/p>\n\n\n\n<div class=\"wp-block-separator has-alpha-channel-opacity is-style-wide\" style=\"margin-top:var(--wp--preset--spacing--60);margin-bottom:var(--wp--preset--spacing--60)\"><\/div>\n\n\n\n<div class=\"wp-block-columns is-layout-flex wp-container-core-columns-is-layout-9d6595d7 wp-block-columns-is-layout-flex\">\n<div class=\"wp-block-column is-layout-flow wp-block-column-is-layout-flow\">\n<p class=\"has-small-font-size\"><strong>Partenaires<\/strong> <br>D\u00e9partement des Antiquit\u00e9s et des Mus\u00e9es <br>de Ras-Al-Khaimah<br>\u00c9mirat d\u2019Abu Dhabi<\/p>\n<\/div>\n\n\n\n<div class=\"wp-block-column is-layout-flow wp-block-column-is-layout-flow\"><\/div>\n\n\n\n<div class=\"wp-block-column is-layout-flow wp-block-column-is-layout-flow\">\n<p class=\"has-theme-palette-11-color has-text-color has-link-color has-small-font-size wp-elements-0bfddfd5e8bd9c809d96f5d0a42d67be\"><strong>Liens<\/strong> :<br><a href=\"https:\/\/gulfnews.com\/entertainment\/arts-culture\/centuries-old-souq-to-be-restored-in-rak-1.2017457\" target=\"_blank\" rel=\"noreferrer noopener\">Article sur Gulfnews<\/a><br><a href=\"https:\/\/wow-rak.com\/al-jazirah-al-hamra-an-illustrious-past-that-tells-the-story-of-the-gulfs-pearl-diving-and-seafaring-ancestors\/\" target=\"_blank\" rel=\"noreferrer noopener\">Site officiel de pr\u00e9sentation de Ras-Al-Khaimah<\/a><\/p>\n<\/div>\n<\/div>\n\n\n\n<div class=\"wp-block-separator has-alpha-channel-opacity is-style-wide\" style=\"margin-top:var(--wp--preset--spacing--60);margin-bottom:var(--wp--preset--spacing--60)\"><\/div>\n\n\n\n<h2 class=\"wp-block-heading\">Campagnes <\/h2>\n\n\n<ul style=\"padding-top:0;padding-bottom:0;padding-left:0;padding-right:0;\" class=\"wp-block-latest-posts__list is-grid columns-4 has-link-color wp-elements-95c1d45627d610721843eb131457d846 wp-block-latest-posts has-text-color has-theme-palette-12-color has-small-font-size\"><li><div class=\"wp-block-latest-posts__featured-image\"><a href=\"https:\/\/eveha-international.com\/?p=2267\" aria-label=\"Jazirat Al Hamra &#8211; 2020\"><img loading=\"lazy\" decoding=\"async\" width=\"770\" height=\"485\" src=\"https:\/\/eveha-international.com\/wp-content\/uploads\/2020\/10\/jazirat_2020_small.jpg\" class=\"attachment-large size-large wp-post-image\" alt=\"\" style=\"\" srcset=\"https:\/\/eveha-international.com\/wp-content\/uploads\/2020\/10\/jazirat_2020_small.jpg 770w, https:\/\/eveha-international.com\/wp-content\/uploads\/2020\/10\/jazirat_2020_small-300x189.jpg 300w, https:\/\/eveha-international.com\/wp-content\/uploads\/2020\/10\/jazirat_2020_small-768x484.jpg 768w\" sizes=\"auto, (max-width: 770px) 100vw, 770px\" \/><\/a><\/div><a class=\"wp-block-latest-posts__post-title\" href=\"https:\/\/eveha-international.com\/?p=2267\">Jazirat Al Hamra &#8211; 2020<\/a><\/li>\n<\/ul>","protected":false},"excerpt":{"rendered":"<p>DirectionDaniel \u00c9tienne\u00a0(\u00c9veha International) Participation d&rsquo;\u00c9vehaDirection scientifique Fouilles arch\u00e9ologiques Localisation \u00c9mirats Arabes Unis Localisation et objectifs de la missionLe village abandonn\u00e9 de Jazirat Al Hamra est situ\u00e9 \u00e0 une vingtaine de kilom\u00e8tres au sud-ouest du centre historique de Ras Al Khaimah, le plus septentrional des \u00c9mirats Arabes Unis. Autrefois implant\u00e9 sur une \u00eele dans une lagune&#8230;<\/p>\n","protected":false},"author":4,"featured_media":3755,"parent":7,"menu_order":0,"comment_status":"closed","ping_status":"closed","template":"","meta":{"inline_featured_image":false,"_kad_post_transparent":"","_kad_post_title":"","_kad_post_layout":"","_kad_post_sidebar_id":"","_kad_post_content_style":"","_kad_post_vertical_padding":"","_kad_post_feature":"","_kad_post_feature_position":"","_kad_post_header":false,"_kad_post_footer":false,"_kad_post_classname":"","footnotes":""},"class_list":["post-3746","page","type-page","status-publish","has-post-thumbnail","hentry"],"_links":{"self":[{"href":"https:\/\/eveha-international.com\/index.php?rest_route=\/wp\/v2\/pages\/3746","targetHints":{"allow":["GET"]}}],"collection":[{"href":"https:\/\/eveha-international.com\/index.php?rest_route=\/wp\/v2\/pages"}],"about":[{"href":"https:\/\/eveha-international.com\/index.php?rest_route=\/wp\/v2\/types\/page"}],"author":[{"embeddable":true,"href":"https:\/\/eveha-international.com\/index.php?rest_route=\/wp\/v2\/users\/4"}],"replies":[{"embeddable":true,"href":"https:\/\/eveha-international.com\/index.php?rest_route=%2Fwp%2Fv2%2Fcomments&post=3746"}],"version-history":[{"count":1,"href":"https:\/\/eveha-international.com\/index.php?rest_route=\/wp\/v2\/pages\/3746\/revisions"}],"predecessor-version":[{"id":3756,"href":"https:\/\/eveha-international.com\/index.php?rest_route=\/wp\/v2\/pages\/3746\/revisions\/3756"}],"up":[{"embeddable":true,"href":"https:\/\/eveha-international.com\/index.php?rest_route=\/wp\/v2\/pages\/7"}],"wp:featuredmedia":[{"embeddable":true,"href":"https:\/\/eveha-international.com\/index.php?rest_route=\/wp\/v2\/media\/3755"}],"wp:attachment":[{"href":"https:\/\/eveha-international.com\/index.php?rest_route=%2Fwp%2Fv2%2Fmedia&parent=3746"}],"curies":[{"name":"wp","href":"https:\/\/api.w.org\/{rel}","templated":true}]}}