{"id":3769,"date":"2026-01-14T14:31:40","date_gmt":"2026-01-14T13:31:40","guid":{"rendered":"https:\/\/eveha-international.com\/?page_id=3769"},"modified":"2026-01-14T14:33:44","modified_gmt":"2026-01-14T13:33:44","slug":"shemri","status":"publish","type":"page","link":"https:\/\/eveha-international.com\/?page_id=3769","title":{"rendered":"Sh\u00ebmri"},"content":{"rendered":"\n<p class=\"has-text-align-left has-small-font-size\">Depuis 2016, Brunilda Bregu (Universit\u00e9 de Bourgogne-Franche-Comt\u00e9\/Institut d\u2019Arch\u00e9ologie de Tirana \/Eveha) m\u00e8ne un projet de recherche consacr\u00e9e \u00e0 l\u2019\u00e9glise de Sh\u00ebmri, <br>situ\u00e9e dans le nord de l\u2019Albanie.<\/p>\n\n\n\n<div class=\"wp-block-separator has-alpha-channel-opacity is-style-wide\" style=\"margin-top:var(--wp--preset--spacing--40);margin-bottom:var(--wp--preset--spacing--40)\"><\/div>\n\n\n\n<div class=\"wp-block-columns is-layout-flex wp-container-core-columns-is-layout-9d6595d7 wp-block-columns-is-layout-flex\">\n<div class=\"wp-block-column is-layout-flow wp-block-column-is-layout-flow\">\n<h6 class=\"wp-block-heading has-theme-palette-12-color has-text-color has-link-color has-small-font-size wp-elements-73fa078ace132f508d9bf131f1601806\">Direction<br><strong>Brunilda Bregu\u00a0<\/strong>(Universit\u00e9 de Bourgogne-Franche-Comt\u00e9 (UBFC)\/Institut d\u2019Arch\u00e9ologie de Tirana (IAT)\/\u00c9veha)<\/h6>\n<\/div>\n\n\n\n<div class=\"wp-block-column is-layout-flow wp-block-column-is-layout-flow\">\n<p class=\"has-small-font-size\"><strong>Participation d&rsquo;\u00c9veha<br><\/strong>Arch\u00e9ologie du b\u00e2ti <br>Topographie<\/p>\n<\/div>\n\n\n\n<div class=\"wp-block-column is-layout-flow wp-block-column-is-layout-flow\">\n<p class=\"has-small-font-size\"><strong>Localisation<\/strong> <br>Albanie<\/p>\n<\/div>\n<\/div>\n\n\n\n<div class=\"wp-block-separator has-text-color has-theme-palette-12-color has-alpha-channel-opacity has-theme-palette-12-background-color has-background is-style-wide\" style=\"margin-top:var(--wp--preset--spacing--60);margin-bottom:var(--wp--preset--spacing--60)\"><\/div>\n\n\n\n<p class=\"has-small-font-size\"><strong>Localisation et r\u00e9sum\u00e9 historique<\/strong><br>Le village de Sh\u00ebmri se situe \u00e0 6,3 kilom\u00e8tres \u00e0 l\u2019est de la ville de Mamurras, \u00e0 34 kilom\u00e8tres au nord de la ville de Lezha et \u00e0 9 km de la ville de Kruja. Cette derni\u00e8re est le si\u00e8ge du dioc\u00e8se du m\u00eame nom dans lequel prend place l\u2019\u00e9glise Sainte-Marie. Elle s\u2019\u00e9l\u00e8ve sur un des flancs ouest de la montagne au sud de Sh\u00ebmri, \u00e0 320 m\u00e8tres au-dessus du niveau de la mer. Des cypr\u00e8s couvrent actuellement l\u2019espace autour de l\u2019\u00e9glise qui est abandonn\u00e9e et en partie d\u00e9truite. Ses murs sont pr\u00e9serv\u00e9s sur une hauteur de un m\u00e8tre dans la partie occidentale et jusqu\u2019au niveau de l\u2019ancienne toiture dans la partie orientale.<br><br><strong>Historique des recherches<\/strong><br>Une premi\u00e8re \u00e9tude de l\u2019\u00e9glise est publi\u00e9e par Th. Ippen en 1907 avant d\u2019\u00eatre reprise par le chercheur A. Meksi dans les ann\u00e9es 1960. En Albanie, les \u00e9tudes arch\u00e9ologiques des monuments religieux ont surtout consist\u00e9 en une s\u00e9rie d\u2019observations pr\u00e9alables au travail de restauration. L\u2019\u00e9glise Sainte-Marie a \u00e9t\u00e9 restaur\u00e9e en 2002 par l\u2019Institut des Monuments de Tirana. Lors de ces travaux, un grand nettoyage ainsi que des sondages ont \u00e9t\u00e9 r\u00e9alis\u00e9s.<br>L\u2019\u00e9glise actuelle pr\u00e9sente un plan \u00e0 trois nefs et trois absides. Elle se d\u00e9veloppe sur une longueur de 23 m pour une largeur de 14,40 m. En 2016, une campagne de relev\u00e9s photogramm\u00e9triques et d\u2019observation du b\u00e2ti a \u00e9t\u00e9 men\u00e9e. Cette approche a servi de support \u00e0 une premi\u00e8re r\u00e9flexion sur l\u2019\u00e9volution d\u2019\u00e9glise. \u00c0 la suite, trois campagnes de fouille ont \u00e9t\u00e9 entreprises entre 2017 et 2019.<\/p>\n\n\n\n<div class=\"wp-block-separator has-alpha-channel-opacity is-style-wide\" style=\"margin-top:var(--wp--preset--spacing--60);margin-bottom:var(--wp--preset--spacing--60)\"><\/div>\n\n\n\n<h2 class=\"wp-block-heading\">Campagnes <\/h2>\n\n\n<ul style=\"padding-top:0;padding-bottom:0;padding-left:0;padding-right:0;\" class=\"wp-block-latest-posts__list is-grid columns-4 has-link-color wp-elements-ceca2fe70d94dfb3160b7cfc11e77b1c wp-block-latest-posts has-text-color has-theme-palette-12-color has-small-font-size\"><li><div class=\"wp-block-latest-posts__featured-image\"><a href=\"https:\/\/eveha-international.com\/?p=1999\" aria-label=\"Sh\u00ebmri &#8211; 2019\"><img loading=\"lazy\" decoding=\"async\" width=\"770\" height=\"485\" src=\"https:\/\/eveha-international.com\/wp-content\/uploads\/2019\/11\/shemri_2019_small.jpg\" class=\"attachment-large size-large wp-post-image\" alt=\"\" style=\"\" srcset=\"https:\/\/eveha-international.com\/wp-content\/uploads\/2019\/11\/shemri_2019_small.jpg 770w, https:\/\/eveha-international.com\/wp-content\/uploads\/2019\/11\/shemri_2019_small-300x189.jpg 300w, https:\/\/eveha-international.com\/wp-content\/uploads\/2019\/11\/shemri_2019_small-768x484.jpg 768w\" sizes=\"auto, (max-width: 770px) 100vw, 770px\" \/><\/a><\/div><a class=\"wp-block-latest-posts__post-title\" href=\"https:\/\/eveha-international.com\/?p=1999\">Sh\u00ebmri &#8211; 2019<\/a><\/li>\n<\/ul>","protected":false},"excerpt":{"rendered":"<p>Depuis 2016, Brunilda Bregu (Universit\u00e9 de Bourgogne-Franche-Comt\u00e9\/Institut d\u2019Arch\u00e9ologie de Tirana \/Eveha) m\u00e8ne un projet de recherche consacr\u00e9e \u00e0 l\u2019\u00e9glise de Sh\u00ebmri, situ\u00e9e dans le nord de l\u2019Albanie. DirectionBrunilda Bregu\u00a0(Universit\u00e9 de Bourgogne-Franche-Comt\u00e9 (UBFC)\/Institut d\u2019Arch\u00e9ologie de Tirana (IAT)\/\u00c9veha) Participation d&rsquo;\u00c9vehaArch\u00e9ologie du b\u00e2ti Topographie Localisation Albanie Localisation et r\u00e9sum\u00e9 historiqueLe village de Sh\u00ebmri se situe \u00e0 6,3 kilom\u00e8tres&#8230;<\/p>\n","protected":false},"author":4,"featured_media":3770,"parent":7,"menu_order":0,"comment_status":"closed","ping_status":"closed","template":"","meta":{"inline_featured_image":false,"_kad_post_transparent":"","_kad_post_title":"","_kad_post_layout":"","_kad_post_sidebar_id":"","_kad_post_content_style":"","_kad_post_vertical_padding":"","_kad_post_feature":"","_kad_post_feature_position":"","_kad_post_header":false,"_kad_post_footer":false,"_kad_post_classname":"","footnotes":""},"class_list":["post-3769","page","type-page","status-publish","has-post-thumbnail","hentry"],"_links":{"self":[{"href":"https:\/\/eveha-international.com\/index.php?rest_route=\/wp\/v2\/pages\/3769","targetHints":{"allow":["GET"]}}],"collection":[{"href":"https:\/\/eveha-international.com\/index.php?rest_route=\/wp\/v2\/pages"}],"about":[{"href":"https:\/\/eveha-international.com\/index.php?rest_route=\/wp\/v2\/types\/page"}],"author":[{"embeddable":true,"href":"https:\/\/eveha-international.com\/index.php?rest_route=\/wp\/v2\/users\/4"}],"replies":[{"embeddable":true,"href":"https:\/\/eveha-international.com\/index.php?rest_route=%2Fwp%2Fv2%2Fcomments&post=3769"}],"version-history":[{"count":1,"href":"https:\/\/eveha-international.com\/index.php?rest_route=\/wp\/v2\/pages\/3769\/revisions"}],"predecessor-version":[{"id":3775,"href":"https:\/\/eveha-international.com\/index.php?rest_route=\/wp\/v2\/pages\/3769\/revisions\/3775"}],"up":[{"embeddable":true,"href":"https:\/\/eveha-international.com\/index.php?rest_route=\/wp\/v2\/pages\/7"}],"wp:featuredmedia":[{"embeddable":true,"href":"https:\/\/eveha-international.com\/index.php?rest_route=\/wp\/v2\/media\/3770"}],"wp:attachment":[{"href":"https:\/\/eveha-international.com\/index.php?rest_route=%2Fwp%2Fv2%2Fmedia&parent=3769"}],"curies":[{"name":"wp","href":"https:\/\/api.w.org\/{rel}","templated":true}]}}