{"id":3784,"date":"2026-01-14T15:03:55","date_gmt":"2026-01-14T14:03:55","guid":{"rendered":"https:\/\/eveha-international.com\/?page_id=3784"},"modified":"2026-01-14T15:05:36","modified_gmt":"2026-01-14T14:05:36","slug":"sangiran","status":"publish","type":"page","link":"https:\/\/eveha-international.com\/?page_id=3784","title":{"rendered":"Sangiran"},"content":{"rendered":"\n<p class=\"has-text-align-left has-small-font-size\">Au cours du mois de mai 2019, Eveha International a \u00e9t\u00e9 associ\u00e9 \u00e0 l\u2019\u00e9cole internationale participative \u201cHuman Origins Heritage\u201d. <br>Ce programme de formation et de recherche est organis\u00e9 conjointement par l\u2019Universitas Kristen Satya Wacana de Salatiga (UKSW) et le Mus\u00e9um National d\u2019Histoire Naturelle (MNHN), en collaboration avec le Centre national de la Recherche Arch\u00e9ologique d\u2019Indon\u00e9sie (Puslit Arkenas), le Mus\u00e9e de Sangiran (BPSMPS), ainsi que le Centre National de la Recherche Scientifique (CNRS) et l\u2019Institut pour la Recherche et pour le D\u00e9veloppement (IRD).<\/p>\n\n\n\n<div class=\"wp-block-separator has-alpha-channel-opacity is-style-wide\" style=\"margin-top:var(--wp--preset--spacing--40);margin-bottom:var(--wp--preset--spacing--40)\"><\/div>\n\n\n\n<div class=\"wp-block-columns is-layout-flex wp-container-core-columns-is-layout-9d6595d7 wp-block-columns-is-layout-flex\">\n<div class=\"wp-block-column is-layout-flow wp-block-column-is-layout-flow\">\n<h6 class=\"wp-block-heading has-theme-palette-12-color has-text-color has-link-color has-small-font-size wp-elements-35e2968de64b3afcfa94db526ea1c1aa\">Direction<br><strong>Fran\u00e7ois S\u00e9mah\u00a0<\/strong><br>(Mus\u00e9um National d\u2019Histoire Naturelle)<\/h6>\n<\/div>\n\n\n\n<div class=\"wp-block-column is-layout-flow wp-block-column-is-layout-flow\">\n<p class=\"has-small-font-size\"><strong>Participation d&rsquo;\u00c9veha<br><\/strong>D\u00e9tachement d\u2019un chercheur<br>Encadrement du projet<\/p>\n<\/div>\n\n\n\n<div class=\"wp-block-column is-layout-flow wp-block-column-is-layout-flow\">\n<p class=\"has-small-font-size\"><strong>Localisation<\/strong> <br>Indon\u00e9sie<\/p>\n<\/div>\n<\/div>\n\n\n\n<div class=\"wp-block-separator has-text-color has-theme-palette-12-color has-alpha-channel-opacity has-theme-palette-12-background-color has-background is-style-wide\" style=\"margin-top:var(--wp--preset--spacing--60);margin-bottom:var(--wp--preset--spacing--60)\"><\/div>\n\n\n\n<p class=\"has-small-font-size\"><strong>Localisation et r\u00e9sum\u00e9 historique<\/strong><br>Le dome de Sangiran est implant\u00e9 au centre de l\u2019\u00eele de Java (Indon\u00e9sie). Les fouilles arch\u00e9ologiques ont permis d\u2019y retrouver de nombreux fossiles d\u2019<em>homo erectus<\/em>, ce qui fait de Sangiran un site majeur pour la connaissance de la Pr\u00e9histoire.<br><br><strong>Historique des recherches<\/strong><br>Les premi\u00e8res fouilles arch\u00e9ologiques y ont \u00e9t\u00e9 r\u00e9alis\u00e9es d\u00e8s les ann\u00e9es 1930 et se sont poursuivies jusqu\u2019au milieu des ann\u00e9es 1940. De nouvelles campagnes de fouilles y ont \u00e9t\u00e9 organis\u00e9es par les autorit\u00e9s indon\u00e9siennes \u00e0 partir des ann\u00e9es 1960. L\u2019importance du site lui a valu son classement sur la liste du patrimoine mondial de l\u2019Unesco en 1996.<br>A c\u00f4t\u00e9 du travail de terrain, les projets de recherche mettent \u00e9galement l\u2019accent sur la formation. C\u2019est dans ce cadre que l\u2019\u00e9cole internationale participative \u201cHuman Origins Heritage\u201d est organis\u00e9e au centre de l\u2019\u00eele de Java depuis 2017 \u00e0 l\u2019initiative conjointe de l\u2019Universitas Kristen Satya Wacana de Salatiga (UKSW) et du Mus\u00e9um National d\u2019Histoire Naturelle (MNHN) de Paris.<br>Les dix jours du programme se d\u00e9roulent sur l\u2019\u00eele de Java, entre l\u2019Universit\u00e9 Kristen Satya Wacana \u00e0 Salatiga pour la partie th\u00e9orique et le site pr\u00e9historique class\u00e9 au patrimoine mondial de l\u2019humanit\u00e9 de Sangiran pour l\u2019approche de terrain.<br>L\u2019ambition acad\u00e9mique est de permettre \u00e0 des \u00e9tudiants de diverses nationalit\u00e9s et formations acad\u00e9miques (pr\u00e9histoire, tourisme, sociologie, d\u00e9veloppement durable, biologie et mus\u00e9ographie) de d\u00e9velopper durant cette session un court projet aux probl\u00e9matiques interdisciplinaires au contact des communaut\u00e9s locales du d\u00f4me de Sangiran\u00a0(habitants, guides, \u00e9l\u00e8ves ou encore repr\u00e9sentants des autorit\u00e9s locales).<br>A la crois\u00e9e des enjeux scientifiques, patrimoniaux et touristiques, l\u2019int\u00e9r\u00eat est ici pour les \u00e9tudiants de d\u00e9velopper d\u00e8s le Master, \u00e0 travers une approche participative englobant tous les acteurs locaux, les outils permettant de concilier sur un site majeur tel que Sangiran la recherche scientifique avec le d\u00e9veloppement culturel, touristique et \u00e9conomique, tout en pr\u00e9servant la vie des communaut\u00e9s locales.<\/p>\n\n\n\n<div class=\"wp-block-separator has-alpha-channel-opacity is-style-wide\" style=\"margin-top:var(--wp--preset--spacing--60);margin-bottom:var(--wp--preset--spacing--60)\"><\/div>\n\n\n\n<div class=\"wp-block-columns is-layout-flex wp-container-core-columns-is-layout-9d6595d7 wp-block-columns-is-layout-flex\">\n<div class=\"wp-block-column is-layout-flow wp-block-column-is-layout-flow\">\n<p class=\"has-small-font-size\"><strong>Partenaires<\/strong> <br>Universit\u00e9 Kristen Satya Wacana de Salatiga (UKSW)<br>Mus\u00e9um National d\u2019Histoire Naturelle (MNHN)<br>Centre national de la Recherche Arch\u00e9ologique d\u2019Indon\u00e9sie (Puslit Arkenas)<br>Mus\u00e9e de Sangiran (BPSMPS)<br>Centre National de la Recherche Scientifique (CNRS)<br>Institut pour la Recherche et pour le D\u00e9veloppement (IRD).<\/p>\n<\/div>\n\n\n\n<div class=\"wp-block-column is-layout-flow wp-block-column-is-layout-flow\"><\/div>\n\n\n\n<div class=\"wp-block-column is-layout-flow wp-block-column-is-layout-flow\">\n<p class=\"has-theme-palette-11-color has-text-color has-link-color has-small-font-size wp-elements-ef373bbfb8177193c53421e51ec728f3\"><strong>Liens<\/strong> :<br><a href=\"https:\/\/whc.unesco.org\/en\/list\/593\/\" target=\"_blank\" rel=\"noreferrer noopener\">Pr\u00e9sentation sur le site de l&rsquo;Unesco<\/a><br><a href=\"http:\/\/indonesie.ird.fr\/toute-l-actualite\/actualites\/ecole-internationale-participative-human-origins-heritage-salatiga-et-sangiran-du-10-au-25-mai-2019\" target=\"_blank\" rel=\"noreferrer noopener\">Article sur le site de l&rsquo;IRD<\/a><br><a href=\"https:\/\/salatiga.go.id\/walikota-terima-kunjungan-mahasiswa-perancis\/\" target=\"_blank\" rel=\"noreferrer noopener\">Article sur le site de Salatiga<\/a><br><a href=\"https:\/\/jateng.tribunnews.com\/2019\/05\/15\/selama-dua-pekan-mahasiswa-lintas-negara-teliti-warisan-sejarah-manusia-di-sangiran-sragen\" target=\"_blank\" rel=\"noreferrer noopener\">Article du Jateng Tribune news<\/a><\/p>\n<\/div>\n<\/div>\n\n\n\n<div class=\"wp-block-separator has-alpha-channel-opacity is-style-wide\" style=\"margin-top:var(--wp--preset--spacing--60);margin-bottom:var(--wp--preset--spacing--60)\"><\/div>\n\n\n\n<h2 class=\"wp-block-heading\">Campagnes <\/h2>\n\n\n<ul style=\"padding-top:0;padding-bottom:0;padding-left:0;padding-right:0;\" class=\"wp-block-latest-posts__list is-grid columns-4 has-link-color wp-elements-dbb6da7d0594f3c3094eb284d48cd3d7 wp-block-latest-posts has-text-color has-theme-palette-12-color has-small-font-size\"><li><div class=\"wp-block-latest-posts__featured-image\"><a href=\"https:\/\/eveha-international.com\/?p=1966\" aria-label=\"Sangiran &#8211; 2019\"><img loading=\"lazy\" decoding=\"async\" width=\"770\" height=\"485\" src=\"https:\/\/eveha-international.com\/wp-content\/uploads\/2019\/11\/sangiran_2019_small.jpg\" class=\"attachment-large size-large wp-post-image\" alt=\"\" style=\"\" srcset=\"https:\/\/eveha-international.com\/wp-content\/uploads\/2019\/11\/sangiran_2019_small.jpg 770w, https:\/\/eveha-international.com\/wp-content\/uploads\/2019\/11\/sangiran_2019_small-300x189.jpg 300w, https:\/\/eveha-international.com\/wp-content\/uploads\/2019\/11\/sangiran_2019_small-768x484.jpg 768w\" sizes=\"auto, (max-width: 770px) 100vw, 770px\" \/><\/a><\/div><a class=\"wp-block-latest-posts__post-title\" href=\"https:\/\/eveha-international.com\/?p=1966\">Sangiran &#8211; 2019<\/a><\/li>\n<\/ul>","protected":false},"excerpt":{"rendered":"<p>Au cours du mois de mai 2019, Eveha International a \u00e9t\u00e9 associ\u00e9 \u00e0 l\u2019\u00e9cole internationale participative \u201cHuman Origins Heritage\u201d. Ce programme de formation et de recherche est organis\u00e9 conjointement par l\u2019Universitas Kristen Satya Wacana de Salatiga (UKSW) et le Mus\u00e9um National d\u2019Histoire Naturelle (MNHN), en collaboration avec le Centre national de la Recherche Arch\u00e9ologique d\u2019Indon\u00e9sie&#8230;<\/p>\n","protected":false},"author":4,"featured_media":3787,"parent":7,"menu_order":0,"comment_status":"closed","ping_status":"closed","template":"","meta":{"inline_featured_image":false,"_kad_post_transparent":"","_kad_post_title":"","_kad_post_layout":"","_kad_post_sidebar_id":"","_kad_post_content_style":"","_kad_post_vertical_padding":"","_kad_post_feature":"","_kad_post_feature_position":"","_kad_post_header":false,"_kad_post_footer":false,"_kad_post_classname":"","footnotes":""},"class_list":["post-3784","page","type-page","status-publish","has-post-thumbnail","hentry"],"_links":{"self":[{"href":"https:\/\/eveha-international.com\/index.php?rest_route=\/wp\/v2\/pages\/3784","targetHints":{"allow":["GET"]}}],"collection":[{"href":"https:\/\/eveha-international.com\/index.php?rest_route=\/wp\/v2\/pages"}],"about":[{"href":"https:\/\/eveha-international.com\/index.php?rest_route=\/wp\/v2\/types\/page"}],"author":[{"embeddable":true,"href":"https:\/\/eveha-international.com\/index.php?rest_route=\/wp\/v2\/users\/4"}],"replies":[{"embeddable":true,"href":"https:\/\/eveha-international.com\/index.php?rest_route=%2Fwp%2Fv2%2Fcomments&post=3784"}],"version-history":[{"count":1,"href":"https:\/\/eveha-international.com\/index.php?rest_route=\/wp\/v2\/pages\/3784\/revisions"}],"predecessor-version":[{"id":3788,"href":"https:\/\/eveha-international.com\/index.php?rest_route=\/wp\/v2\/pages\/3784\/revisions\/3788"}],"up":[{"embeddable":true,"href":"https:\/\/eveha-international.com\/index.php?rest_route=\/wp\/v2\/pages\/7"}],"wp:featuredmedia":[{"embeddable":true,"href":"https:\/\/eveha-international.com\/index.php?rest_route=\/wp\/v2\/media\/3787"}],"wp:attachment":[{"href":"https:\/\/eveha-international.com\/index.php?rest_route=%2Fwp%2Fv2%2Fmedia&parent=3784"}],"curies":[{"name":"wp","href":"https:\/\/api.w.org\/{rel}","templated":true}]}}