{"id":3803,"date":"2026-01-14T15:54:54","date_gmt":"2026-01-14T14:54:54","guid":{"rendered":"https:\/\/eveha-international.com\/?page_id=3803"},"modified":"2026-01-14T15:57:38","modified_gmt":"2026-01-14T14:57:38","slug":"hebron","status":"publish","type":"page","link":"https:\/\/eveha-international.com\/?page_id=3803","title":{"rendered":"Hebron"},"content":{"rendered":"\n<p class=\"has-text-align-left has-small-font-size\">Eveha International a r\u00e9alis\u00e9 une \u00e9tude pr\u00e9liminaire du mobilier en verre trouv\u00e9 sur le site du Ch\u00eane de Mambr\u00e9 \u00e0 H\u00e9bron (Cisjordanie). <br>Ce projet est dirig\u00e9 par Jehad Yasin (D\u00e9partement des Antiquit\u00e9s de Cisjordanie) et Vincent Michel (Universit\u00e9 de Poitiers, HeRMA).<\/p>\n\n\n\n<div class=\"wp-block-separator has-alpha-channel-opacity is-style-wide\" style=\"margin-top:var(--wp--preset--spacing--40);margin-bottom:var(--wp--preset--spacing--40)\"><\/div>\n\n\n\n<div class=\"wp-block-columns is-layout-flex wp-container-core-columns-is-layout-9d6595d7 wp-block-columns-is-layout-flex\">\n<div class=\"wp-block-column is-layout-flow wp-block-column-is-layout-flow\">\n<h6 class=\"wp-block-heading has-theme-palette-12-color has-text-color has-link-color has-small-font-size wp-elements-21e7814c063222a070fe733d88f74756\">Direction<br><strong>Jehad Yasin<\/strong>&nbsp;(D\u00e9partement des Antiquit\u00e9s de Cisjordanie)<br><strong>Vincent Michel<\/strong>&nbsp;(Universit\u00e9 de Poitiers, HerMA)<\/h6>\n<\/div>\n\n\n\n<div class=\"wp-block-column is-layout-flow wp-block-column-is-layout-flow\">\n<p class=\"has-small-font-size\"><strong>Participation d&rsquo;\u00c9veha<br><\/strong>Etude du mobilier en verre<\/p>\n<\/div>\n\n\n\n<div class=\"wp-block-column is-layout-flow wp-block-column-is-layout-flow\">\n<p class=\"has-small-font-size\"><strong>Localisation<\/strong> <br>Palestine<\/p>\n<\/div>\n<\/div>\n\n\n\n<div class=\"wp-block-separator has-text-color has-theme-palette-12-color has-alpha-channel-opacity has-theme-palette-12-background-color has-background is-style-wide\" style=\"margin-top:var(--wp--preset--spacing--60);margin-bottom:var(--wp--preset--spacing--60)\"><\/div>\n\n\n\n<p class=\"has-small-font-size\"><strong>Localisation et r\u00e9sum\u00e9 historique<\/strong><br>Le site se trouve au nord d\u2019H\u00e9bron, \u00e0 3 km du centre de la ville. Il est localis\u00e9 sur l\u2019ancienne route reliant les axes principaux H\u00e9bron-J\u00e9rusalem et Bethl\u00e9em-Zif.<br>Selon la tradition, cette colline correspondrait au lieu o\u00f9 Abraham vint installer son campement apr\u00e8s que Dieu lui ait promis une vaste terre et une nombreuse descendance <br>(Gen\u00e8se, 13 : 14-18). Initialement associ\u00e9 \u00e0 la m\u00e9moire juive, cet endroit a \u00e9galement jouit d\u2019une importante renomm\u00e9e avec l\u2019av\u00e8nement des temps chr\u00e9tiens. Des p\u00e8lerinages y \u00e9taient organis\u00e9s d\u00e8s l\u2019Antiquit\u00e9 tardive et au 6e s. une \u00e9glise associ\u00e9e au site d\u2019H\u00e9bron figure sur la mosa\u00efque de Madaba (Jordanie). Elle occuperait l\u2019emplacement concern\u00e9 par le projet de recherche actuel.<br><br><strong>Historique des recherches&nbsp;<\/strong><br>Au 20e s., plusieurs campagnes de fouille ont eu lieu. L\u2019arch\u00e9ologue allemand E. Mader a effectu\u00e9 des fouilles en 1928 puis Y. Magen, d\u2019origine israelienne, r\u00e9alisa des sondages en 1984 et 1986. Ces premi\u00e8res observations ont permis d\u2019apercevoir cinq phases d\u2019occupation allant de l\u2019\u00e2ge du Fer jusqu\u2019aux Mamelouks. Trois grandes p\u00e9riodes sont bien attest\u00e9es : \u00e9poque romaine, byzantine et m\u00e9di\u00e9vale.<br>En premier lieu, on identifie une impressionnante enceinte sacr\u00e9e dite \u201cherodienne\u201d enserrant un espace de plus de 3000 m\u00b2. Les murs sont mont\u00e9s en grand appareil et un puits occupe l\u2019angle sud-ouest du complexe.<br>Vers 130 de n.\u00e8, au temps de la domination romaine, une partie des blocs fut remploy\u00e9e pour l\u2019\u00e9dification d\u2019un temple pa\u00efen. Au 4e s. apr. J.-C., une basilique \u00e0 trois nefs aurait \u00e9t\u00e9 \u00e9rig\u00e9e dans la zone est de l\u2019enceinte. Pr\u00e9c\u00e9d\u00e9e d\u2019un narthex, elle \u00e9tait coiff\u00e9e par une abside flanqu\u00e9e de deux sacristies. Cette premi\u00e8re \u00e9glise aurait \u00e9t\u00e9 d\u00e9truite lors de l\u2019invasion perse en 614 puis restaur\u00e9e au 7e s. Encore fr\u00e9quent\u00e9e aux temps des croisades, elle par la suite progressivement d\u00e9laiss\u00e9e et le site est abandonn\u00e9.<br>V. Michel, professeur \u00e0 l\u2019universit\u00e9 de Poitiers, a repris les op\u00e9rations en 2016 apr\u00e8s un hiatus de pr\u00e8s de 30 ans. Les objectifs \u00e9taient de r\u00e9aliser un relev\u00e9 ar\u00e9om\u00e9trique de l\u2019ensemble du site, de conduire une \u00e9tude du b\u00e2ti ainsi que de faire des sondages afin de pr\u00e9ciser la chronologie des occupations.<br>Les deux premi\u00e8res points ont \u00e9t\u00e9 r\u00e9alis\u00e9s et de nombreux sondages ont \u00e9t\u00e9 men\u00e9s a l\u2019int\u00e9rieur comme \u00e0 l\u2019ext\u00e9rieur de l\u2019enceinte.<br>Les premiers r\u00e9sultats viennent quelque peu contredire les conclusions des pr\u00e9c\u00e9dentes \u00e9quipes.<br>A l\u2019int\u00e9rieur de l\u2019enceinte, une premi\u00e8re occupation a \u00e9t\u00e9 appr\u00e9hend\u00e9esous du dallage d\u00e9j\u00e0 attest\u00e9. Par ailleurs, le mobilier ainsi que des datations C14 viennent contredire la datation de l\u2019enceinte, dont la construction serait situ\u00e9e lors de l\u2019Antiquit\u00e9 tardive et non au cours de la p\u00e9riode imp\u00e9riale. Un autre point sensible concerne le lien stratigraphique entre la construction de l\u2019enceinte et le dallage rep\u00e9r\u00e9 sur l\u2019ensemble de la parcelle. Certains chercheurs supposaient la contemporan\u00e9it\u00e9 des deux constructions alors que d\u2019autres pensaient que le mur d\u2019enceinte serait venu recouper un dallage ant\u00e9rieur, ceci expliquant plusieurs irr\u00e9gularit\u00e9s de constructions.<br>Or, plusieurs sondages ont permis de mettre en \u00e9vidence l\u2019existence d\u2019un important remblai, tr\u00e8s riche en mat\u00e9riel, entre la terrasse rocheuse et le dallage. Et il se trouve que le mobilier r\u00e9colt\u00e9 fournit des datations tr\u00e8s vari\u00e9es, entre la fin du Haut-Empire et la premi\u00e8re moiti\u00e9 du VIIIe s.<br>A l\u2019\u00e9tat d\u2019\u00e9tude pr\u00e9liminaire, l\u2019ensemble des artefacts devra \u00eatre \u00e9tudi\u00e9 dans son ensemble afin de pr\u00e9ciser les datations et le phasage du site.<br><br>Il s\u2019agit d\u2019un projet financ\u00e9 par la commission des fouilles du Minist\u00e8re de l\u2019Europe et des Affaires \u00c9trang\u00e8res et de l\u2019association Terres d\u2019Orient, avec le soutien du Consulat G\u00e9n\u00e9ral de France \u00e0 J\u00e9rusalem et le label \u201cArch\u00e9ologie\u201d de l\u2019Acad\u00e9mie des Inscriptions et Belles-Lettres.<\/p>\n\n\n\n<div class=\"wp-block-separator has-alpha-channel-opacity is-style-wide\" style=\"margin-top:var(--wp--preset--spacing--60);margin-bottom:var(--wp--preset--spacing--60)\"><\/div>\n\n\n\n<div class=\"wp-block-columns is-layout-flex wp-container-core-columns-is-layout-9d6595d7 wp-block-columns-is-layout-flex\">\n<div class=\"wp-block-column is-layout-flow wp-block-column-is-layout-flow\">\n<p class=\"has-small-font-size\"><strong>Partenaires<\/strong> <br>Minist\u00e8re du Tourisme et des Antiquit\u00e9s de Palestine<br>Commission des Fouilles, Minist\u00e8re des Affaires \u00e9trang\u00e8res et du d\u00e9veloppement international<br>Laboratoire HeRMA \u2013 Universit\u00e9 de Poitiers<br>Consulat G\u00e9n\u00e9ral de France \u00e0 J\u00e9rusalem<br>Labex RESMED Paris-Sorbonne<br>Acad\u00e9mie des Inscriptions et Belles-Lettres<br>Association Terres d\u2019Orient<\/p>\n<\/div>\n\n\n\n<div class=\"wp-block-column is-layout-flow wp-block-column-is-layout-flow\"><\/div>\n\n\n\n<div class=\"wp-block-column is-layout-flow wp-block-column-is-layout-flow\">\n<p class=\"has-theme-palette-11-color has-text-color has-link-color has-small-font-size wp-elements-9a05b2c0bfa43926804ef9bc09ce436b\"><strong>Liens<\/strong> :<br><a href=\"http:\/\/www.labex-resmed.fr\/chene-de-mambre-hebron-cisjordanie\" target=\"_blank\" rel=\"noreferrer noopener\">Labex-Resmed<\/a><\/p>\n<\/div>\n<\/div>\n\n\n\n<div class=\"wp-block-separator has-alpha-channel-opacity is-style-wide\" style=\"margin-top:var(--wp--preset--spacing--60);margin-bottom:var(--wp--preset--spacing--60)\"><\/div>\n\n\n\n<h2 class=\"wp-block-heading\">Campagnes <\/h2>\n\n\n<ul style=\"padding-top:0;padding-bottom:0;padding-left:0;padding-right:0;\" class=\"wp-block-latest-posts__list is-grid columns-4 has-link-color wp-elements-2547f00393bcf159d8f5522ccfb696d9 wp-block-latest-posts has-text-color has-theme-palette-12-color has-small-font-size\"><li><div class=\"wp-block-latest-posts__featured-image\"><a href=\"https:\/\/eveha-international.com\/?p=1798\" aria-label=\"Hebron &#8211; 2019\"><img loading=\"lazy\" decoding=\"async\" width=\"770\" height=\"485\" src=\"https:\/\/eveha-international.com\/wp-content\/uploads\/2019\/06\/hebron_2019_small.jpg\" class=\"attachment-large size-large wp-post-image\" alt=\"\" style=\"\" srcset=\"https:\/\/eveha-international.com\/wp-content\/uploads\/2019\/06\/hebron_2019_small.jpg 770w, https:\/\/eveha-international.com\/wp-content\/uploads\/2019\/06\/hebron_2019_small-300x189.jpg 300w, https:\/\/eveha-international.com\/wp-content\/uploads\/2019\/06\/hebron_2019_small-768x484.jpg 768w\" sizes=\"auto, (max-width: 770px) 100vw, 770px\" \/><\/a><\/div><a class=\"wp-block-latest-posts__post-title\" href=\"https:\/\/eveha-international.com\/?p=1798\">Hebron &#8211; 2019<\/a><\/li>\n<\/ul>\n\n\n<p><\/p>\n","protected":false},"excerpt":{"rendered":"<p>Eveha International a r\u00e9alis\u00e9 une \u00e9tude pr\u00e9liminaire du mobilier en verre trouv\u00e9 sur le site du Ch\u00eane de Mambr\u00e9 \u00e0 H\u00e9bron (Cisjordanie). Ce projet est dirig\u00e9 par Jehad Yasin (D\u00e9partement des Antiquit\u00e9s de Cisjordanie) et Vincent Michel (Universit\u00e9 de Poitiers, HeRMA). DirectionJehad Yasin&nbsp;(D\u00e9partement des Antiquit\u00e9s de Cisjordanie)Vincent Michel&nbsp;(Universit\u00e9 de Poitiers, HerMA) Participation d&rsquo;\u00c9vehaEtude du mobilier&#8230;<\/p>\n","protected":false},"author":4,"featured_media":3805,"parent":7,"menu_order":0,"comment_status":"closed","ping_status":"closed","template":"","meta":{"inline_featured_image":false,"_kad_post_transparent":"","_kad_post_title":"","_kad_post_layout":"","_kad_post_sidebar_id":"","_kad_post_content_style":"","_kad_post_vertical_padding":"","_kad_post_feature":"","_kad_post_feature_position":"","_kad_post_header":false,"_kad_post_footer":false,"_kad_post_classname":"","footnotes":""},"class_list":["post-3803","page","type-page","status-publish","has-post-thumbnail","hentry"],"_links":{"self":[{"href":"https:\/\/eveha-international.com\/index.php?rest_route=\/wp\/v2\/pages\/3803","targetHints":{"allow":["GET"]}}],"collection":[{"href":"https:\/\/eveha-international.com\/index.php?rest_route=\/wp\/v2\/pages"}],"about":[{"href":"https:\/\/eveha-international.com\/index.php?rest_route=\/wp\/v2\/types\/page"}],"author":[{"embeddable":true,"href":"https:\/\/eveha-international.com\/index.php?rest_route=\/wp\/v2\/users\/4"}],"replies":[{"embeddable":true,"href":"https:\/\/eveha-international.com\/index.php?rest_route=%2Fwp%2Fv2%2Fcomments&post=3803"}],"version-history":[{"count":3,"href":"https:\/\/eveha-international.com\/index.php?rest_route=\/wp\/v2\/pages\/3803\/revisions"}],"predecessor-version":[{"id":3810,"href":"https:\/\/eveha-international.com\/index.php?rest_route=\/wp\/v2\/pages\/3803\/revisions\/3810"}],"up":[{"embeddable":true,"href":"https:\/\/eveha-international.com\/index.php?rest_route=\/wp\/v2\/pages\/7"}],"wp:featuredmedia":[{"embeddable":true,"href":"https:\/\/eveha-international.com\/index.php?rest_route=\/wp\/v2\/media\/3805"}],"wp:attachment":[{"href":"https:\/\/eveha-international.com\/index.php?rest_route=%2Fwp%2Fv2%2Fmedia&parent=3803"}],"curies":[{"name":"wp","href":"https:\/\/api.w.org\/{rel}","templated":true}]}}