{"id":3819,"date":"2026-01-14T16:13:14","date_gmt":"2026-01-14T15:13:14","guid":{"rendered":"https:\/\/eveha-international.com\/?page_id=3819"},"modified":"2026-01-14T16:15:27","modified_gmt":"2026-01-14T15:15:27","slug":"la-tijereta","status":"publish","type":"page","link":"https:\/\/eveha-international.com\/?page_id=3819","title":{"rendered":"La Tijereta"},"content":{"rendered":"\n<p class=\"has-text-align-left has-small-font-size\">Le Dr Rigoberto Navarro-Genie, directeur scientifique d\u2019Eveha Nicaragua, a co-dirig\u00e9 une campagne d\u2019\u00e9tude et d\u2019enregistrement syst\u00e9matique des t\u00e9moignages rupestres du site de La Tijereta (El Guineo) sur l\u2019\u00eele d\u2019Ometepe (Nicaragua). \u00c0 ce projet est \u00e9galement associ\u00e9 Roberto Sirias, arch\u00e9ologue contractuel d\u2019Eveha Nicaragua.<\/p>\n\n\n\n<div class=\"wp-block-separator has-alpha-channel-opacity is-style-wide\" style=\"margin-top:var(--wp--preset--spacing--40);margin-bottom:var(--wp--preset--spacing--40)\"><\/div>\n\n\n\n<div class=\"wp-block-columns is-layout-flex wp-container-core-columns-is-layout-9d6595d7 wp-block-columns-is-layout-flex\">\n<div class=\"wp-block-column is-layout-flow wp-block-column-is-layout-flow\">\n<h6 class=\"wp-block-heading has-theme-palette-12-color has-text-color has-link-color has-small-font-size wp-elements-4bef9a8779868b960ced022a9414959d\">Direction<br><strong>Dr Rigoberto Navarro-Genie<\/strong>\u00a0<br>(Directeur scientifique, Eveha Nicaragua)<br><strong>Roberto Sirias<\/strong>\u00a0<br>(arch\u00e9ologue contractuel, Eveha Nicaragua)<\/h6>\n<\/div>\n\n\n\n<div class=\"wp-block-column is-layout-flow wp-block-column-is-layout-flow\">\n<p class=\"has-small-font-size\"><strong>Participation d&rsquo;\u00c9veha<br><\/strong>Direction Enregistrement<br>documentation photographique <br>et topographique <br>Mod\u00e9lisation 3D<\/p>\n<\/div>\n\n\n\n<div class=\"wp-block-column is-layout-flow wp-block-column-is-layout-flow\">\n<p class=\"has-small-font-size\"><strong>Localisation<\/strong> <br>Nicaragua<\/p>\n<\/div>\n<\/div>\n\n\n\n<div class=\"wp-block-separator has-text-color has-theme-palette-12-color has-alpha-channel-opacity has-theme-palette-12-background-color has-background is-style-wide\" style=\"margin-top:var(--wp--preset--spacing--60);margin-bottom:var(--wp--preset--spacing--60)\"><\/div>\n\n\n\n<p class=\"has-small-font-size\"><strong>Localisation et r\u00e9sum\u00e9 historique\u00a0<\/strong><br>Le nom du site \u2013 La Tijereta \u2013 d\u00e9rive de celui d\u2019une esp\u00e8ce d\u2019oiseaux qui niche \u00e0 proximit\u00e9. Il se trouve sur l\u2019\u00eele d\u2019Ometepe, \u00e0 proximit\u00e9 du village de San Ram\u00f3n, au nord-ouest du volcan Maderas. Il borde les rives du lac Cocibolca, s\u2019enfon\u00e7ant par endroit sous les eaux de ce dernier.<br>Il s\u2019agit pour l\u2019essentiel d\u2019un important regroupement de gravures rupestres dispers\u00e9es sur les diff\u00e9rents blocs monumentaux qui occupent la zone.<br>La Tirejeta est inventori\u00e9 par l\u2019Instituto Nicarag\u00fcense de Turismo (INTUR) sous la r\u00e9f\u00e9rence\u00a0: La Palma N\u00b0 3150 III de INETER.<br><br><strong>Historique des recherches\u00a0<\/strong><br>Les premiers chercheurs intervenus sur l\u2019\u00eele d\u2019Ometepe \u2013 Earl Flint (1878-1899) et John Bransford (1881) \u2013 sont pass\u00e9s \u00e0 c\u00f4t\u00e9 de ce site difficile d\u2019acc\u00e8s. Leur recherches s\u2019\u00e9taient concentr\u00e9es dans les abords imm\u00e9diats du volcan Concepci\u00f3n et sur l\u2019isthme qui relie les deux c\u00f4nes.<br>L\u2019arch\u00e9ologue allemand Wolfgang Haberland, directeur du mus\u00e9e de Hambourg, a visit\u00e9 les plages d\u2019Ometepe dans les ann\u00e9es 1960, prenant notamment plusieurs photos du site de la \u201cLa Tijereta\u201d. Impressionn\u00e9 par les motifs des roches d\u2019Ometepe, il \u00e9crivit\u00a0<em>En Ometepe est\u00e1n los petroglifos m\u00e1s bellos que el que suscribe ha visto jam\u00e1s en Centro Am\u00e9rica<\/em>\u00a0(<em>A Ometepe se trouvent les plus beaux p\u00e9troglyphes que le soussign\u00e9 ait jamais vu en Am\u00e9rique centrale<\/em>).<br>Apr\u00e8s avoir d\u00e9couvert le site \u00e0 travers les clich\u00e9s de W. Haberland, l\u2019espagnol Joaqu\u00edn Matill\u00f3 Vila, directeur du Mus\u00e9e national du Nicaragua entre 1974 et 1979, l\u2019a int\u00e9gr\u00e9 \u00e0 son ouvrage \u201cOmetepe, isla de C\u00edrculos y Espirales\u201d publi\u00e9 en 1973. Dans ce livre, trois ensembles rupestres sont d\u00e9crits. Soixante-deux roches grav\u00e9es sont \u00e9voqu\u00e9es. L\u2019ouvrage int\u00e8gre 16 photos correspondant \u00e0 24 gravures. J. Matill\u00f3 Vila pr\u00e9cise que certaines roches ne peuvent \u00eatre document\u00e9es car elles sont d\u00e9sormais immerg\u00e9es.<br>La datation de l\u2019ensemble restait tr\u00e8s incertaine.<br>Le 6 mai 2016, le journal La Prensa a publi\u00e9 plusieurs photos montrant des gravures auparavant immerg\u00e9es mais qui \u00e9taient apparues \u00e0 la suite de la s\u00e9cheresse des ann\u00e9es 2014 et 2015.<br>C\u2019est dans ce cadre que s\u2019est d\u00e9roul\u00e9 le dernier projet r\u00e9alis\u00e9 \u00e0 la fin de l\u2019ann\u00e9e 2016, c\u2019est-\u00e0-dire avant le remont\u00e9e hivernale des eaux.<\/p>\n\n\n\n<div class=\"wp-block-separator has-alpha-channel-opacity is-style-wide\" style=\"margin-top:var(--wp--preset--spacing--60);margin-bottom:var(--wp--preset--spacing--60)\"><\/div>\n\n\n\n<div class=\"wp-block-columns is-layout-flex wp-container-core-columns-is-layout-9d6595d7 wp-block-columns-is-layout-flex\">\n<div class=\"wp-block-column is-layout-flow wp-block-column-is-layout-flow\">\n<p class=\"has-small-font-size\"><strong>Partenaires<\/strong> <br>Acad\u00e9mie de G\u00e9ographie et histoire de Nicaragua (AGHN)<br>Groupe Pellas<br>H\u00f4tel Villa Paraiso<\/p>\n<\/div>\n\n\n\n<div class=\"wp-block-column is-layout-flow wp-block-column-is-layout-flow\"><\/div>\n\n\n\n<div class=\"wp-block-column is-layout-flow wp-block-column-is-layout-flow\">\n<p class=\"has-theme-palette-11-color has-text-color has-link-color has-small-font-size wp-elements-09d968e96a592ebca8af6978b8082c8c\"><\/p>\n<\/div>\n<\/div>\n\n\n\n<div class=\"wp-block-separator has-alpha-channel-opacity is-style-wide\" style=\"margin-top:var(--wp--preset--spacing--60);margin-bottom:var(--wp--preset--spacing--60)\"><\/div>\n\n\n\n<h2 class=\"wp-block-heading\">Campagnes <\/h2>\n\n\n<ul style=\"padding-top:0;padding-bottom:0;padding-left:0;padding-right:0;\" class=\"wp-block-latest-posts__list is-grid columns-4 has-link-color wp-elements-c3f3fdb42703f7b9875048e0c310d78f wp-block-latest-posts has-text-color has-theme-palette-12-color has-small-font-size\"><li><div class=\"wp-block-latest-posts__featured-image\"><a href=\"https:\/\/eveha-international.com\/?p=1506\" aria-label=\"La Tijereta &#8211; 2016\"><img loading=\"lazy\" decoding=\"async\" width=\"770\" height=\"485\" src=\"https:\/\/eveha-international.com\/wp-content\/uploads\/2018\/04\/la-tirejeta_2016_small.jpg\" class=\"attachment-large size-large wp-post-image\" alt=\"\" style=\"\" srcset=\"https:\/\/eveha-international.com\/wp-content\/uploads\/2018\/04\/la-tirejeta_2016_small.jpg 770w, https:\/\/eveha-international.com\/wp-content\/uploads\/2018\/04\/la-tirejeta_2016_small-300x189.jpg 300w\" sizes=\"auto, (max-width: 770px) 100vw, 770px\" \/><\/a><\/div><a class=\"wp-block-latest-posts__post-title\" href=\"https:\/\/eveha-international.com\/?p=1506\">La Tijereta &#8211; 2016<\/a><\/li>\n<\/ul>","protected":false},"excerpt":{"rendered":"<p>Le Dr Rigoberto Navarro-Genie, directeur scientifique d\u2019Eveha Nicaragua, a co-dirig\u00e9 une campagne d\u2019\u00e9tude et d\u2019enregistrement syst\u00e9matique des t\u00e9moignages rupestres du site de La Tijereta (El Guineo) sur l\u2019\u00eele d\u2019Ometepe (Nicaragua). \u00c0 ce projet est \u00e9galement associ\u00e9 Roberto Sirias, arch\u00e9ologue contractuel d\u2019Eveha Nicaragua. DirectionDr Rigoberto Navarro-Genie\u00a0(Directeur scientifique, Eveha Nicaragua)Roberto Sirias\u00a0(arch\u00e9ologue contractuel, Eveha Nicaragua) Participation d&rsquo;\u00c9vehaDirection Enregistrementdocumentation&#8230;<\/p>\n","protected":false},"author":4,"featured_media":3820,"parent":7,"menu_order":0,"comment_status":"closed","ping_status":"closed","template":"","meta":{"inline_featured_image":false,"_kad_post_transparent":"","_kad_post_title":"","_kad_post_layout":"","_kad_post_sidebar_id":"","_kad_post_content_style":"","_kad_post_vertical_padding":"","_kad_post_feature":"","_kad_post_feature_position":"","_kad_post_header":false,"_kad_post_footer":false,"_kad_post_classname":"","footnotes":""},"class_list":["post-3819","page","type-page","status-publish","has-post-thumbnail","hentry"],"_links":{"self":[{"href":"https:\/\/eveha-international.com\/index.php?rest_route=\/wp\/v2\/pages\/3819","targetHints":{"allow":["GET"]}}],"collection":[{"href":"https:\/\/eveha-international.com\/index.php?rest_route=\/wp\/v2\/pages"}],"about":[{"href":"https:\/\/eveha-international.com\/index.php?rest_route=\/wp\/v2\/types\/page"}],"author":[{"embeddable":true,"href":"https:\/\/eveha-international.com\/index.php?rest_route=\/wp\/v2\/users\/4"}],"replies":[{"embeddable":true,"href":"https:\/\/eveha-international.com\/index.php?rest_route=%2Fwp%2Fv2%2Fcomments&post=3819"}],"version-history":[{"count":1,"href":"https:\/\/eveha-international.com\/index.php?rest_route=\/wp\/v2\/pages\/3819\/revisions"}],"predecessor-version":[{"id":3821,"href":"https:\/\/eveha-international.com\/index.php?rest_route=\/wp\/v2\/pages\/3819\/revisions\/3821"}],"up":[{"embeddable":true,"href":"https:\/\/eveha-international.com\/index.php?rest_route=\/wp\/v2\/pages\/7"}],"wp:featuredmedia":[{"embeddable":true,"href":"https:\/\/eveha-international.com\/index.php?rest_route=\/wp\/v2\/media\/3820"}],"wp:attachment":[{"href":"https:\/\/eveha-international.com\/index.php?rest_route=%2Fwp%2Fv2%2Fmedia&parent=3819"}],"curies":[{"name":"wp","href":"https:\/\/api.w.org\/{rel}","templated":true}]}}