{"id":3824,"date":"2026-01-14T16:29:19","date_gmt":"2026-01-14T15:29:19","guid":{"rendered":"https:\/\/eveha-international.com\/?page_id=3824"},"modified":"2026-01-14T16:29:53","modified_gmt":"2026-01-14T15:29:53","slug":"khor-al-jarama","status":"publish","type":"page","link":"https:\/\/eveha-international.com\/?page_id=3824","title":{"rendered":"Khor al Jar\u0101ma"},"content":{"rendered":"\n<p class=\"has-text-align-left has-small-font-size\">La Mission Arch\u00e9ologique Fran\u00e7aise \u00e0 Khor Jarama est dirig\u00e9e par Christophe S\u00e9vin-Allouet (\u00c9veha International) au Sultanat d\u2019Oman. <br>Cette mission plac\u00e9e sous la tutelle du Ministry of Heritage and Culture of Oman, de l\u2019Institut des D\u00e9serts et des Steppes et d\u2019\u00c9veha International vise \u00e0 \u00e9tudier une n\u00e9cropole pr\u00e9historique localis\u00e9e non loin du village de Ras al-Hadd, dans la r\u00e9gion du Ja\u2019alan.<\/p>\n\n\n\n<div class=\"wp-block-separator has-alpha-channel-opacity is-style-wide\" style=\"margin-top:var(--wp--preset--spacing--40);margin-bottom:var(--wp--preset--spacing--40)\"><\/div>\n\n\n\n<div class=\"wp-block-columns is-layout-flex wp-container-core-columns-is-layout-9d6595d7 wp-block-columns-is-layout-flex\">\n<div class=\"wp-block-column is-layout-flow wp-block-column-is-layout-flow\">\n<h6 class=\"wp-block-heading has-theme-palette-12-color has-text-color has-link-color has-small-font-size wp-elements-e099ed841c8e6e4956161a7e95893909\">Direction<br><strong>Dr. Christophe S\u00e9vin-Allouet<\/strong>\u00a0(\u00c9veha International)<\/h6>\n<\/div>\n\n\n\n<div class=\"wp-block-column is-layout-flow wp-block-column-is-layout-flow\">\n<p class=\"has-small-font-size\"><strong>Participation d&rsquo;\u00c9veha<br><\/strong>Direction de projet et support mat\u00e9riel<\/p>\n<\/div>\n\n\n\n<div class=\"wp-block-column is-layout-flow wp-block-column-is-layout-flow\">\n<p class=\"has-small-font-size\"><strong>Localisation<\/strong> <br>Sultanat d&rsquo;Oman<\/p>\n<\/div>\n<\/div>\n\n\n\n<div class=\"wp-block-separator has-text-color has-theme-palette-12-color has-alpha-channel-opacity has-theme-palette-12-background-color has-background is-style-wide\" style=\"margin-top:var(--wp--preset--spacing--60);margin-bottom:var(--wp--preset--spacing--60)\"><\/div>\n\n\n\n<p class=\"has-small-font-size\"><strong>Localisation et historique du programme<\/strong><br>Le site de Khor al Jarama est situ\u00e9 \u00e0 environ 10 km au sud-ouest de la ville de Ras al-Hadd, dans la r\u00e9gion du Ja\u2019alan.<br>Sept tombes susceptibles d\u2019appartenir \u00e0 la culture Umm-an Nar (2600-1900 BC) y avaient \u00e9t\u00e9 localis\u00e9es d\u00e8s 2006 lors d\u2019une premi\u00e8re campagne de prospection. Ces derni\u00e8res sont diss\u00e9min\u00e9es de part et d\u2019autre d\u2019un promontoire rocheux au somment duquel treize tombes de la p\u00e9riode Hafit (3100-2600 BC) ont \u00e9t\u00e9 vues.<br>Ce projet concerne uniquement la fouille et l\u2019\u00e9tude de ces sept tombes.<br>La fouille de cette n\u00e9cropole, et l\u2019\u00e9tude du Khor en g\u00e9n\u00e9ral, prend place dans la continuit\u00e9 du \u00ab Join Hadd Project \u00bb initi\u00e9 d\u00e8s 1985 par Serge Cleuziou et Maurizio Tosi, et dont le but \u00e9tait de mieux comprendre l\u2019intense r\u00e9seau d\u2019\u00e9changes qui s\u2019\u00e9tait d\u00e9velopp\u00e9 entre le Sultanat d\u2019Oman et la Vall\u00e9e de l\u2019Indus durant le 3e mill\u00e9naire avant J.-C. Ainsi, ces nouvelles fouilles dans la r\u00e9gion du Ja\u2019alan contribueront dans un premier temps \u00e0 mieux comprendre le r\u00f4le qu\u2019a pu jouer le Sultanat d\u2019Oman dans le commerce international de cette \u00e9poque entre les deux grandes puissances de l\u2019\u00e9poque : l\u2019Indus d\u2019une part, et la M\u00e9sopotamie d\u2019autre part.<br>L\u2019int\u00e9r\u00eat du pr\u00e9sent programme rel\u00e8ve d\u2019autre part de sa localisation elle-m\u00eame. En effet, si la ligne de c\u00f4te a fait l\u2019objet de nombreuses investigations depuis les ann\u00e9es 1970\u2019 et est aujourd\u2019hui bien comprise, la lagune de Jarama est pour sa part rest\u00e9e en marge des programmes d\u2019\u00e9tudes. Elle reste ainsi aujourd\u2019hui faiblement document\u00e9e alors qu\u2019il est \u00e9vident, comme cela est le cas dans tous les contextes lacustres, que la pr\u00e9sence de ressources halieutiques en grande quantit\u00e9 et faciles d\u2019acc\u00e8s a d\u00fb conduire les populations a dens\u00e9ment occuper et exploiter ses environs.\u00a0<br><br><strong>Probl\u00e9matiques de recherches<\/strong><br>Les probl\u00e9matiques sont donc ici nombreuses.<br>A l\u2019\u00e9chelle de la n\u00e9cropole il convient de caract\u00e9riser la p\u00e9riode et la dur\u00e9e d\u2019utilisation de cette derni\u00e8re, mais \u00e9galement de conduire une \u00e9tude approfondie sur les modalit\u00e9s et la variabilit\u00e9 des pratiques fun\u00e9raires : aussi bien dans l\u2019architecture des tombes, que dans les modalit\u00e9s de d\u00e9p\u00f4ts et les traitements de morts. En d\u2019autres termes quand et comment cette n\u00e9cropole a-t-elle \u00e9t\u00e9 utilis\u00e9e ?<br>Plus largement, \u00e0 l\u2019\u00e9chelle de la lagune, il conviendra de trouver si possible les habitats associ\u00e9s \u00e0 ces tombes et de comprendre les modalit\u00e9s g\u00e9n\u00e9rales d\u2019occupation autour de cette derni\u00e8re. A la demande des autorit\u00e9s omanaises, une prospection sub-aquatique dans la lagune pourra \u00e9galement \u00eatre envisag\u00e9e afin de mettre \u00e9ventuellement en \u00e9vidence la pr\u00e9sence d\u2019un port de la p\u00e9riode Magan, et associ\u00e9 aux habitats de la m\u00eame p\u00e9riode mis au jour par les diff\u00e9rentes missions \u00e0 Ras al-Hadd et Ras al-Jinz.<br>Ce projet concerne donc une \u00e9tude g\u00e9n\u00e9rale des populations ayant v\u00e9cu autour du Khor Jarama durant la Pr\u00e9histoire : leurs modes de vie, entre acquisition des ressources terrestres et exploitation des ressources halieutiques, mais \u00e9galement leur organisation sociale et leurs pratiques fun\u00e9raires.<br>Si cette premi\u00e8re campagne de fouilles s\u2019attache \u00e0 l\u2019\u00e9tude de cette n\u00e9cropole, l\u2019objectif dans les ann\u00e9es \u00e0 venir est de poursuivre les recherches et les travaux de mani\u00e8re exhaustive tout autour de la lagune.<\/p>\n\n\n\n<div class=\"wp-block-separator has-alpha-channel-opacity is-style-wide\" style=\"margin-top:var(--wp--preset--spacing--60);margin-bottom:var(--wp--preset--spacing--60)\"><\/div>\n\n\n\n<div class=\"wp-block-columns is-layout-flex wp-container-core-columns-is-layout-9d6595d7 wp-block-columns-is-layout-flex\">\n<div class=\"wp-block-column is-layout-flow wp-block-column-is-layout-flow\">\n<p class=\"has-small-font-size\"><strong>Partenaires<\/strong> <br>Ministry of Heritage &amp; Culture of Oman<br>Institut des D\u00e9serts et des Steppes<br>\u00c9veha International<br>Mus\u00e9um National d\u2019Histoire Naturelle (Paris)<br>Ambassade de France \u00e0 Oman<br>Centre Fran\u00e7ais d\u2019Arch\u00e9ologie et de Sciences Sociales (CEFAS)<\/p>\n<\/div>\n\n\n\n<div class=\"wp-block-column is-layout-flow wp-block-column-is-layout-flow\"><\/div>\n\n\n\n<div class=\"wp-block-column is-layout-flow wp-block-column-is-layout-flow\">\n<p class=\"has-theme-palette-11-color has-text-color has-link-color has-small-font-size wp-elements-09d968e96a592ebca8af6978b8082c8c\"><\/p>\n<\/div>\n<\/div>\n\n\n\n<div class=\"wp-block-separator has-alpha-channel-opacity is-style-wide\" style=\"margin-top:var(--wp--preset--spacing--60);margin-bottom:var(--wp--preset--spacing--60)\"><\/div>\n\n\n\n<h2 class=\"wp-block-heading\">Campagnes <\/h2>\n\n\n<ul style=\"padding-top:0;padding-bottom:0;padding-left:0;padding-right:0;\" class=\"wp-block-latest-posts__list is-grid columns-4 has-link-color wp-elements-ad9e474eb67d7e2a19256e24a71590a8 wp-block-latest-posts has-text-color has-theme-palette-12-color has-small-font-size\"><li><div class=\"wp-block-latest-posts__featured-image\"><a href=\"https:\/\/eveha-international.com\/?p=1476\" aria-label=\"Khor al Jar\u0101ma &#8211; 2018\"><img loading=\"lazy\" decoding=\"async\" width=\"770\" height=\"485\" src=\"https:\/\/eveha-international.com\/wp-content\/uploads\/2018\/04\/jarama_2018_small.jpg\" class=\"attachment-large size-large wp-post-image\" alt=\"\" style=\"\" srcset=\"https:\/\/eveha-international.com\/wp-content\/uploads\/2018\/04\/jarama_2018_small.jpg 770w, https:\/\/eveha-international.com\/wp-content\/uploads\/2018\/04\/jarama_2018_small-300x189.jpg 300w\" sizes=\"auto, (max-width: 770px) 100vw, 770px\" \/><\/a><\/div><a class=\"wp-block-latest-posts__post-title\" href=\"https:\/\/eveha-international.com\/?p=1476\">Khor al Jar\u0101ma &#8211; 2018<\/a><\/li>\n<li><div class=\"wp-block-latest-posts__featured-image\"><a href=\"https:\/\/eveha-international.com\/?p=1837\" aria-label=\"Khor al Jar\u0101ma &#8211; 2019\"><img loading=\"lazy\" decoding=\"async\" width=\"770\" height=\"485\" src=\"https:\/\/eveha-international.com\/wp-content\/uploads\/2019\/08\/jarama_19_small.jpg\" class=\"attachment-large size-large wp-post-image\" alt=\"\" style=\"\" srcset=\"https:\/\/eveha-international.com\/wp-content\/uploads\/2019\/08\/jarama_19_small.jpg 770w, https:\/\/eveha-international.com\/wp-content\/uploads\/2019\/08\/jarama_19_small-300x189.jpg 300w, https:\/\/eveha-international.com\/wp-content\/uploads\/2019\/08\/jarama_19_small-768x484.jpg 768w\" sizes=\"auto, (max-width: 770px) 100vw, 770px\" \/><\/a><\/div><a class=\"wp-block-latest-posts__post-title\" href=\"https:\/\/eveha-international.com\/?p=1837\">Khor al Jar\u0101ma &#8211; 2019<\/a><\/li>\n<li><div class=\"wp-block-latest-posts__featured-image\"><a href=\"https:\/\/eveha-international.com\/?p=2097\" aria-label=\"Khor al Jar\u0101ma &#8211; 2020\"><img loading=\"lazy\" decoding=\"async\" width=\"770\" height=\"485\" src=\"https:\/\/eveha-international.com\/wp-content\/uploads\/2020\/06\/jarama_2020_small.jpg\" class=\"attachment-large size-large wp-post-image\" alt=\"\" style=\"\" srcset=\"https:\/\/eveha-international.com\/wp-content\/uploads\/2020\/06\/jarama_2020_small.jpg 770w, https:\/\/eveha-international.com\/wp-content\/uploads\/2020\/06\/jarama_2020_small-300x189.jpg 300w, https:\/\/eveha-international.com\/wp-content\/uploads\/2020\/06\/jarama_2020_small-768x484.jpg 768w\" sizes=\"auto, (max-width: 770px) 100vw, 770px\" \/><\/a><\/div><a class=\"wp-block-latest-posts__post-title\" href=\"https:\/\/eveha-international.com\/?p=2097\">Khor al Jar\u0101ma &#8211; 2020<\/a><\/li>\n<li><div class=\"wp-block-latest-posts__featured-image\"><a href=\"https:\/\/eveha-international.com\/?p=2418\" aria-label=\"Khor al Jar\u0101ma &#8211; 2021\"><img loading=\"lazy\" decoding=\"async\" width=\"770\" height=\"485\" src=\"https:\/\/eveha-international.com\/wp-content\/uploads\/2022\/01\/jarama_2021_esmall.jpg\" class=\"attachment-large size-large wp-post-image\" alt=\"\" style=\"\" srcset=\"https:\/\/eveha-international.com\/wp-content\/uploads\/2022\/01\/jarama_2021_esmall.jpg 770w, https:\/\/eveha-international.com\/wp-content\/uploads\/2022\/01\/jarama_2021_esmall-300x189.jpg 300w, https:\/\/eveha-international.com\/wp-content\/uploads\/2022\/01\/jarama_2021_esmall-768x484.jpg 768w\" sizes=\"auto, (max-width: 770px) 100vw, 770px\" \/><\/a><\/div><a class=\"wp-block-latest-posts__post-title\" href=\"https:\/\/eveha-international.com\/?p=2418\">Khor al Jar\u0101ma &#8211; 2021<\/a><\/li>\n<\/ul>","protected":false},"excerpt":{"rendered":"<p>La Mission Arch\u00e9ologique Fran\u00e7aise \u00e0 Khor Jarama est dirig\u00e9e par Christophe S\u00e9vin-Allouet (\u00c9veha International) au Sultanat d\u2019Oman. Cette mission plac\u00e9e sous la tutelle du Ministry of Heritage and Culture of Oman, de l\u2019Institut des D\u00e9serts et des Steppes et d\u2019\u00c9veha International vise \u00e0 \u00e9tudier une n\u00e9cropole pr\u00e9historique localis\u00e9e non loin du village de Ras al-Hadd,&#8230;<\/p>\n","protected":false},"author":4,"featured_media":3826,"parent":7,"menu_order":0,"comment_status":"closed","ping_status":"closed","template":"","meta":{"inline_featured_image":false,"_kad_post_transparent":"","_kad_post_title":"","_kad_post_layout":"","_kad_post_sidebar_id":"","_kad_post_content_style":"","_kad_post_vertical_padding":"","_kad_post_feature":"","_kad_post_feature_position":"","_kad_post_header":false,"_kad_post_footer":false,"_kad_post_classname":"","footnotes":""},"class_list":["post-3824","page","type-page","status-publish","has-post-thumbnail","hentry"],"_links":{"self":[{"href":"https:\/\/eveha-international.com\/index.php?rest_route=\/wp\/v2\/pages\/3824","targetHints":{"allow":["GET"]}}],"collection":[{"href":"https:\/\/eveha-international.com\/index.php?rest_route=\/wp\/v2\/pages"}],"about":[{"href":"https:\/\/eveha-international.com\/index.php?rest_route=\/wp\/v2\/types\/page"}],"author":[{"embeddable":true,"href":"https:\/\/eveha-international.com\/index.php?rest_route=\/wp\/v2\/users\/4"}],"replies":[{"embeddable":true,"href":"https:\/\/eveha-international.com\/index.php?rest_route=%2Fwp%2Fv2%2Fcomments&post=3824"}],"version-history":[{"count":1,"href":"https:\/\/eveha-international.com\/index.php?rest_route=\/wp\/v2\/pages\/3824\/revisions"}],"predecessor-version":[{"id":3829,"href":"https:\/\/eveha-international.com\/index.php?rest_route=\/wp\/v2\/pages\/3824\/revisions\/3829"}],"up":[{"embeddable":true,"href":"https:\/\/eveha-international.com\/index.php?rest_route=\/wp\/v2\/pages\/7"}],"wp:featuredmedia":[{"embeddable":true,"href":"https:\/\/eveha-international.com\/index.php?rest_route=\/wp\/v2\/media\/3826"}],"wp:attachment":[{"href":"https:\/\/eveha-international.com\/index.php?rest_route=%2Fwp%2Fv2%2Fmedia&parent=3824"}],"curies":[{"name":"wp","href":"https:\/\/api.w.org\/{rel}","templated":true}]}}