{"id":3839,"date":"2026-01-14T17:11:00","date_gmt":"2026-01-14T16:11:00","guid":{"rendered":"https:\/\/eveha-international.com\/?page_id=3839"},"modified":"2026-01-14T17:15:51","modified_gmt":"2026-01-14T16:15:51","slug":"tamir-ulaan-khoshuu","status":"publish","type":"page","link":"https:\/\/eveha-international.com\/?page_id=3839","title":{"rendered":"Tamir Ulaan Khoshuu"},"content":{"rendered":"\n<p class=\"has-text-align-left has-small-font-size\">La fouille du site de Tamir Ulaan Khoshuu est co-dirig\u00e9e par le Professeur Tsagaan Turbat (Institut d\u2019Histoire et d\u2019Arch\u00e9ologie de l\u2019Acad\u00e9mie des Sciences de Mongolie) et le Professeur Eric Crubezy (Universit\u00e9 Paul Sabatier Toulouse III). Il b\u00e9n\u00e9ficie de la participation et du soutien de l\u2019Institut des D\u00e9serts et des Steppes (dir. scientifique professeur Pierre-Henri Giscard).<\/p>\n\n\n\n<div class=\"wp-block-separator has-alpha-channel-opacity is-style-wide\" style=\"margin-top:var(--wp--preset--spacing--40);margin-bottom:var(--wp--preset--spacing--40)\"><\/div>\n\n\n\n<div class=\"wp-block-columns is-layout-flex wp-container-core-columns-is-layout-9d6595d7 wp-block-columns-is-layout-flex\">\n<div class=\"wp-block-column is-layout-flow wp-block-column-is-layout-flow\">\n<h6 class=\"wp-block-heading has-theme-palette-12-color has-text-color has-link-color has-small-font-size wp-elements-bf0f39f898c0c6018ead67d85d3709c6\">Direction<br><strong>Pr. Eric Crub\u00e9zy<\/strong>&nbsp;(Universit\u00e9 Toulouse III Paul Sabatier)<br><strong>Pr. Tsagaan Turbat<\/strong>&nbsp;(Institut d\u2019Histoire et d\u2019Arch\u00e9ologie de l\u2019Acad\u00e9mie des Sciences de Mongolie)<br><strong>Pr. Pierre-Henri Giscard<\/strong>&nbsp;(Institut des D\u00e9serts et des Steppes)<\/h6>\n<\/div>\n\n\n\n<div class=\"wp-block-column is-layout-flow wp-block-column-is-layout-flow\">\n<p class=\"has-small-font-size\"><strong>Participation d&rsquo;\u00c9veha<br><\/strong>Fouilles arch\u00e9ologiques<\/p>\n<\/div>\n\n\n\n<div class=\"wp-block-column is-layout-flow wp-block-column-is-layout-flow\">\n<p class=\"has-small-font-size\"><strong>Localisation<\/strong> <br>Mongolie<\/p>\n<\/div>\n<\/div>\n\n\n\n<div class=\"wp-block-separator has-text-color has-theme-palette-12-color has-alpha-channel-opacity has-theme-palette-12-background-color has-background is-style-wide\" style=\"margin-top:var(--wp--preset--spacing--60);margin-bottom:var(--wp--preset--spacing--60)\"><\/div>\n\n\n\n<p class=\"has-small-font-size\"><strong>Localisation et r\u00e9sum\u00e9 historique<\/strong><br>L\u2019objet de l\u2019\u00e9tude de cette n\u00e9cropole de la p\u00e9riode Xiongnu (3\u00e8me si\u00e8cle BC-2\u00e8me si\u00e8cle AD), dont il s\u2019agissait ici de la quatri\u00e8me campagne de fouille, est de mieux comprendre les pratiques fun\u00e9raires, et plus g\u00e9n\u00e9ralement la culture de cette population qui entretenait d\u2019\u00e9troites relations avec les Han de Chine.<br>Cette n\u00e9cropole est situ\u00e9e dans la r\u00e9gion de l\u2019Arkhanga\u00ef, en plein centre de la Mongolie. Implant\u00e9e sur une surface d\u2019environ 22 hectares, elle est situ\u00e9e \u00e0 flanc de colline et surplombe la plaine inondable de la rivi\u00e8re Tamir.<br>En parall\u00e8le de cette fouille, une \u00e9tude pal\u00e9og\u00e9n\u00e9tique sur les restes osseux issus des tombes est conduite. Elle a pour objectif une meilleure compr\u00e9hension des modalit\u00e9s de peuplement des steppes de Mongolie et de Sib\u00e9rie.<br><br><strong>Historique et probl\u00e9matique des recherches<\/strong><br>Les questions pos\u00e9es par la fouille de cette n\u00e9cropole sont nombreuses.<br>Elles concernent avant tout bien s\u00fbr la population inhum\u00e9e ici et ayant nomadis\u00e9 dans les steppes alentours : qui \u00e9tait-elle ? quelles relations entretenait-elle avec les autres populations des steppes ? Quel \u00e9tait son degr\u00e9 d\u2019\u00e9changes et d\u2019interactions avec son puissant voisin de Chine, les Hans ?<br>Elles concernent \u00e9galement le mode de fonctionnement de la n\u00e9cropole dans le temps et dans l\u2019espace. Des datations absolues devront donc bien s\u00fbr \u00eatre r\u00e9alis\u00e9es afin de comprendre l\u2019\u00e9volution chronologique de cette derni\u00e8re. Ces donn\u00e9es chronologiques associ\u00e9es aux \u00e9tudes anthropologiques devraient permettre de mieux comprendre le recrutement au sein de cette n\u00e9cropole : \u00e9tait-elle destin\u00e9e \u00e0 accueillir l\u2019ensemble de la population ? Ou au contraire y-a-t-il eu un recrutement sp\u00e9cifique en fonction de crit\u00e8re socio-culturels pr\u00e9d\u00e9finis ?<br>Enfin en dernier lieu, les \u00e9tudes pal\u00e9og\u00e9n\u00e9tiques permettront d\u2019\u00e9clairer d\u2019une lumi\u00e8re nouvelle l\u2019importance et le r\u00f4le des relations familiales au sein de ces populations nomades.<\/p>\n\n\n\n<div class=\"wp-block-separator has-alpha-channel-opacity is-style-wide\" style=\"margin-top:var(--wp--preset--spacing--60);margin-bottom:var(--wp--preset--spacing--60)\"><\/div>\n\n\n\n<div class=\"wp-block-columns is-layout-flex wp-container-core-columns-is-layout-9d6595d7 wp-block-columns-is-layout-flex\">\n<div class=\"wp-block-column is-layout-flow wp-block-column-is-layout-flow\">\n<p class=\"has-small-font-size\"><strong>Partenaires<\/strong> <br>Universti\u00e9 Toulouse III Paul Sabatier<br>Institut d\u2019Histoire et d\u2019Arch\u00e9ologie de l\u2019Acad\u00e9mie des Sciences de Mongolie<br>Institut des D\u00e9serts et des Steppes<br>Minist\u00e8re de l\u2019Europe et des Affaires \u00e9trang\u00e8res<br>Laboratoire AMIS \u2013 UMR 5288 du CNRS<\/p>\n<\/div>\n\n\n\n<div class=\"wp-block-column is-layout-flow wp-block-column-is-layout-flow\"><\/div>\n\n\n\n<div class=\"wp-block-column is-layout-flow wp-block-column-is-layout-flow\">\n<p class=\"has-theme-palette-11-color has-text-color has-link-color has-small-font-size wp-elements-c0bb38c1d6376033aff1ab444526e2b5\"><strong>Liens<\/strong> :<br><a href=\"https:\/\/fr-fr.facebook.com\/Hurasie-2017-324253551345596\/\" target=\"_blank\" rel=\"noreferrer noopener\">Notice facebook<\/a><\/p>\n<\/div>\n<\/div>\n\n\n\n<div class=\"wp-block-separator has-alpha-channel-opacity is-style-wide\" style=\"margin-top:var(--wp--preset--spacing--60);margin-bottom:var(--wp--preset--spacing--60)\"><\/div>\n\n\n\n<h2 class=\"wp-block-heading\">Campagnes <\/h2>\n\n\n<ul style=\"padding-top:0;padding-bottom:0;padding-left:0;padding-right:0;\" class=\"wp-block-latest-posts__list is-grid columns-4 has-link-color wp-elements-3c07d2b5ae3d9bd06c853b0ee48730f1 wp-block-latest-posts has-text-color has-theme-palette-12-color has-small-font-size\"><\/ul>","protected":false},"excerpt":{"rendered":"<p>La fouille du site de Tamir Ulaan Khoshuu est co-dirig\u00e9e par le Professeur Tsagaan Turbat (Institut d\u2019Histoire et d\u2019Arch\u00e9ologie de l\u2019Acad\u00e9mie des Sciences de Mongolie) et le Professeur Eric Crubezy (Universit\u00e9 Paul Sabatier Toulouse III). Il b\u00e9n\u00e9ficie de la participation et du soutien de l\u2019Institut des D\u00e9serts et des Steppes (dir. scientifique professeur Pierre-Henri Giscard)&#8230;.<\/p>\n","protected":false},"author":4,"featured_media":3840,"parent":7,"menu_order":0,"comment_status":"closed","ping_status":"closed","template":"","meta":{"inline_featured_image":false,"_kad_post_transparent":"","_kad_post_title":"","_kad_post_layout":"","_kad_post_sidebar_id":"","_kad_post_content_style":"","_kad_post_vertical_padding":"","_kad_post_feature":"","_kad_post_feature_position":"","_kad_post_header":false,"_kad_post_footer":false,"_kad_post_classname":"","footnotes":""},"class_list":["post-3839","page","type-page","status-publish","has-post-thumbnail","hentry"],"_links":{"self":[{"href":"https:\/\/eveha-international.com\/index.php?rest_route=\/wp\/v2\/pages\/3839","targetHints":{"allow":["GET"]}}],"collection":[{"href":"https:\/\/eveha-international.com\/index.php?rest_route=\/wp\/v2\/pages"}],"about":[{"href":"https:\/\/eveha-international.com\/index.php?rest_route=\/wp\/v2\/types\/page"}],"author":[{"embeddable":true,"href":"https:\/\/eveha-international.com\/index.php?rest_route=\/wp\/v2\/users\/4"}],"replies":[{"embeddable":true,"href":"https:\/\/eveha-international.com\/index.php?rest_route=%2Fwp%2Fv2%2Fcomments&post=3839"}],"version-history":[{"count":4,"href":"https:\/\/eveha-international.com\/index.php?rest_route=\/wp\/v2\/pages\/3839\/revisions"}],"predecessor-version":[{"id":3846,"href":"https:\/\/eveha-international.com\/index.php?rest_route=\/wp\/v2\/pages\/3839\/revisions\/3846"}],"up":[{"embeddable":true,"href":"https:\/\/eveha-international.com\/index.php?rest_route=\/wp\/v2\/pages\/7"}],"wp:featuredmedia":[{"embeddable":true,"href":"https:\/\/eveha-international.com\/index.php?rest_route=\/wp\/v2\/media\/3840"}],"wp:attachment":[{"href":"https:\/\/eveha-international.com\/index.php?rest_route=%2Fwp%2Fv2%2Fmedia&parent=3839"}],"curies":[{"name":"wp","href":"https:\/\/api.w.org\/{rel}","templated":true}]}}