{"id":3848,"date":"2026-01-14T17:26:39","date_gmt":"2026-01-14T16:26:39","guid":{"rendered":"https:\/\/eveha-international.com\/?page_id=3848"},"modified":"2026-01-14T17:28:08","modified_gmt":"2026-01-14T16:28:08","slug":"sadie-cove","status":"publish","type":"page","link":"https:\/\/eveha-international.com\/?page_id=3848","title":{"rendered":"Sadie Cove"},"content":{"rendered":"\n<p class=\"has-text-align-left has-small-font-size\">L&rsquo;Op\u00e9ration Sadie Cove (Sadie Cove Project) est conduite par S\u00e9bastien Perrot-Minnot, arch\u00e9ologue d&rsquo;Eveha International, sous l&rsquo;autorit\u00e9 du Bureau de l&rsquo;Histoire et de l&rsquo;Arch\u00e9ologie de l\u2019\u00c9tat de l&rsquo;Alaska (Alaska Office of History and Archaeology). <br>Elle se rapporte au site d&rsquo;art rupestre de Sadie Cove, un abri rocheux de la c\u00f4te m\u00e9ridionale centrale de l&rsquo;Alaska (\u00c9tats-Unis) orn\u00e9 de peintures.<\/p>\n\n\n\n<div class=\"wp-block-separator has-alpha-channel-opacity is-style-wide\" style=\"margin-top:var(--wp--preset--spacing--40);margin-bottom:var(--wp--preset--spacing--40)\"><\/div>\n\n\n\n<div class=\"wp-block-columns is-layout-flex wp-container-core-columns-is-layout-9d6595d7 wp-block-columns-is-layout-flex\">\n<div class=\"wp-block-column is-layout-flow wp-block-column-is-layout-flow\">\n<h6 class=\"wp-block-heading has-theme-palette-12-color has-text-color has-link-color has-small-font-size wp-elements-92fd6b16a4d6c050d0475cec117b70a3\">Direction<br><strong>S\u00e9bastien Perrot-Minnot<\/strong>&nbsp;(\u00c9veha International)<\/h6>\n<\/div>\n\n\n\n<div class=\"wp-block-column is-layout-flow wp-block-column-is-layout-flow\">\n<p class=\"has-small-font-size\"><strong>Participation d&rsquo;\u00c9veha<br><\/strong>Direction de la mission<\/p>\n<\/div>\n\n\n\n<div class=\"wp-block-column is-layout-flow wp-block-column-is-layout-flow\">\n<p class=\"has-small-font-size\"><strong>Localisation<\/strong> <br>\u00c9tats-Unis d&rsquo;Am\u00e9rique<\/p>\n<\/div>\n<\/div>\n\n\n\n<div class=\"wp-block-separator has-text-color has-theme-palette-12-color has-alpha-channel-opacity has-theme-palette-12-background-color has-background is-style-wide\" style=\"margin-top:var(--wp--preset--spacing--60);margin-bottom:var(--wp--preset--spacing--60)\"><\/div>\n\n\n\n<p class=\"has-small-font-size\"><strong>Pr\u00e9sentation g\u00e9n\u00e9rale et r\u00e9sum\u00e9 historique<\/strong><br>L\u2019abri orn\u00e9 de Sadie Cove se trouve dans la partie m\u00e9ridionale centrale de l\u2019Alaska (\u00c9tats-Unis), dans la p\u00e9ninsule de Kenai, sur la rive d\u2019un fjord qui d\u00e9bouche sur la baie de Kachemak&nbsp;; celle-ci s\u2019ouvre sur le Golfe du Cook, qui fait lui-m\u00eame partie du Golfe de l\u2019Alaska (Pacifique Nord). Trois autres sites de peintures rupestres ont \u00e9t\u00e9 d\u00e9couverts sur la baie de Kachemak&nbsp;: Peterson Bay, Bear Island et Indian Island. D\u2019ailleurs, en Alaska, l\u2019art rupestre a \u00e9t\u00e9 principalement signal\u00e9 le long des c\u00f4tes du Golfe de l\u2019Alaska et de ses subdivisions. Notons que, de par sa localisation dans l\u2019estran, le site arch\u00e9ologique de Sadie Cove appartient \u00e0 l\u2019\u00c9tat de l\u2019Alaska.<br><br>Les peintures de Sadie Cove sont de couleur rouge, et repr\u00e9sentent, en particulier, des mammif\u00e8res terrestres et marins composant une sc\u00e8ne. Elles sont tr\u00e8s alt\u00e9r\u00e9es et n\u2019ont pas pu \u00eatre associ\u00e9es \u00e0 un contexte arch\u00e9ologique. Il faut dire qu\u2019il est difficile d\u2019envisager de fouiller l\u2019abri, dont le sol est balay\u00e9 par une forte mar\u00e9e. Ajoutons que le site d\u2019occupation pr\u00e9-europ\u00e9enne le plus proche connu est distant de quelque 4 km.<br><br><strong>Historique des recherches&nbsp;<\/strong><br>Les premi\u00e8res recherches sur le site ont \u00e9t\u00e9 r\u00e9alis\u00e9es au d\u00e9but des ann\u00e9es 1930, par Frederica de Laguna. Cette arch\u00e9ologue et anthropologue a effectu\u00e9 des relev\u00e9s et produit un dessin des peintures, qu\u2019elle a rapproch\u00e9es d\u2019autres manifestations rupestres de la r\u00e9gion du Golfe de Cook. D\u2019apr\u00e8s elle, les peintures de Sadie Cove \u00e9taient \u00ab&nbsp;les plus int\u00e9ressantes au point de vue artistique&nbsp;\u00bb. Elle les attribuait aux \u00ab&nbsp;Eskimo&nbsp;\u00bb, et estimait qu\u2019elles devaient remplir une fonction rituelle. Par la suite, le site a fait l\u2019objet de quelques recherches ponctuelles, donnant lieu \u00e0 de nouveaux relev\u00e9s. La documentation des vestiges a notamment \u00e9t\u00e9 enrichie par l\u2019arch\u00e9ologue et historienne Janet Klein, \u00e0 partir des ann\u00e9es 1990. Par ailleurs, dans les ann\u00e9es 2000, l\u2019anthropologue Melissa Baird a entrepris une \u00e9tude comparative des pictogrammes de la r\u00e9gion du Golfe de Cook (y compris ceux de Sadie Cove) et de la baie du Prince William, tout en menant une r\u00e9flexion sur les dynamiques culturelles et les pratiques rituelles que pourraient refl\u00e9ter les manifestations rupestres.<br><br>L\u2019Op\u00e9ration Sadie Cove (officiellement connue sous le nom de Sadie Cove Project) a \u00e9t\u00e9 con\u00e7ue pour rassembler des \u00e9l\u00e9ments et d\u00e9velopper des r\u00e9flexions sur l\u2019affiliation culturelle, la p\u00e9riode et la fonction des vestiges arch\u00e9ologiques concern\u00e9s, tout en b\u00e9n\u00e9ficiant \u00e0 l\u2019enregistrement, \u00e0 la pr\u00e9servation et \u00e0 la mise en valeur de ce patrimoine pr\u00e9cieux et tr\u00e8s vuln\u00e9rable. Le projet est dirig\u00e9 par S\u00e9bastien Perrot-Minnot, arch\u00e9ologue d\u2019Eveha International, sous l\u2019autorit\u00e9 du Bureau de l\u2019Histoire et de l\u2019Arch\u00e9ologie de l\u2019\u00c9tat de l\u2019Alaska (Alaska Office of History and Archaeology), et en relation avec le Mus\u00e9e Pratt de Homer.<\/p>\n\n\n\n<div class=\"wp-block-separator has-alpha-channel-opacity is-style-wide\" style=\"margin-top:var(--wp--preset--spacing--60);margin-bottom:var(--wp--preset--spacing--60)\"><\/div>\n\n\n\n<div class=\"wp-block-columns is-layout-flex wp-container-core-columns-is-layout-9d6595d7 wp-block-columns-is-layout-flex\">\n<div class=\"wp-block-column is-layout-flow wp-block-column-is-layout-flow\">\n<p class=\"has-small-font-size\"><strong>Partenaires<\/strong> <br>Alaska Office of History and Archaeology<\/p>\n<\/div>\n\n\n\n<div class=\"wp-block-column is-layout-flow wp-block-column-is-layout-flow\"><\/div>\n\n\n\n<div class=\"wp-block-column is-layout-flow wp-block-column-is-layout-flow\"><\/div>\n<\/div>\n\n\n\n<div class=\"wp-block-separator has-alpha-channel-opacity is-style-wide\" style=\"margin-top:var(--wp--preset--spacing--60);margin-bottom:var(--wp--preset--spacing--60)\"><\/div>\n\n\n\n<h2 class=\"wp-block-heading\">Campagnes <\/h2>\n\n\n<ul style=\"padding-top:0;padding-bottom:0;padding-left:0;padding-right:0;\" class=\"wp-block-latest-posts__list is-grid columns-4 has-link-color wp-elements-faace0fdd946e283abd64bcb7d175510 wp-block-latest-posts has-text-color has-theme-palette-12-color has-small-font-size\"><li><div class=\"wp-block-latest-posts__featured-image\"><a href=\"https:\/\/eveha-international.com\/?p=1250\" aria-label=\"Sadie Cove &#8211; 2017\"><img loading=\"lazy\" decoding=\"async\" width=\"770\" height=\"485\" src=\"https:\/\/eveha-international.com\/wp-content\/uploads\/2017\/10\/sadie-cove_2017_small.jpg\" class=\"attachment-large size-large wp-post-image\" alt=\"\" style=\"\" srcset=\"https:\/\/eveha-international.com\/wp-content\/uploads\/2017\/10\/sadie-cove_2017_small.jpg 770w, https:\/\/eveha-international.com\/wp-content\/uploads\/2017\/10\/sadie-cove_2017_small-300x189.jpg 300w\" sizes=\"auto, (max-width: 770px) 100vw, 770px\" \/><\/a><\/div><a class=\"wp-block-latest-posts__post-title\" href=\"https:\/\/eveha-international.com\/?p=1250\">Sadie Cove &#8211; 2017<\/a><\/li>\n<\/ul>","protected":false},"excerpt":{"rendered":"<p>L&rsquo;Op\u00e9ration Sadie Cove (Sadie Cove Project) est conduite par S\u00e9bastien Perrot-Minnot, arch\u00e9ologue d&rsquo;Eveha International, sous l&rsquo;autorit\u00e9 du Bureau de l&rsquo;Histoire et de l&rsquo;Arch\u00e9ologie de l\u2019\u00c9tat de l&rsquo;Alaska (Alaska Office of History and Archaeology). Elle se rapporte au site d&rsquo;art rupestre de Sadie Cove, un abri rocheux de la c\u00f4te m\u00e9ridionale centrale de l&rsquo;Alaska (\u00c9tats-Unis) orn\u00e9&#8230;<\/p>\n","protected":false},"author":4,"featured_media":3851,"parent":7,"menu_order":0,"comment_status":"closed","ping_status":"closed","template":"","meta":{"inline_featured_image":false,"_kad_post_transparent":"","_kad_post_title":"","_kad_post_layout":"","_kad_post_sidebar_id":"","_kad_post_content_style":"","_kad_post_vertical_padding":"","_kad_post_feature":"","_kad_post_feature_position":"","_kad_post_header":false,"_kad_post_footer":false,"_kad_post_classname":"","footnotes":""},"class_list":["post-3848","page","type-page","status-publish","has-post-thumbnail","hentry"],"_links":{"self":[{"href":"https:\/\/eveha-international.com\/index.php?rest_route=\/wp\/v2\/pages\/3848","targetHints":{"allow":["GET"]}}],"collection":[{"href":"https:\/\/eveha-international.com\/index.php?rest_route=\/wp\/v2\/pages"}],"about":[{"href":"https:\/\/eveha-international.com\/index.php?rest_route=\/wp\/v2\/types\/page"}],"author":[{"embeddable":true,"href":"https:\/\/eveha-international.com\/index.php?rest_route=\/wp\/v2\/users\/4"}],"replies":[{"embeddable":true,"href":"https:\/\/eveha-international.com\/index.php?rest_route=%2Fwp%2Fv2%2Fcomments&post=3848"}],"version-history":[{"count":1,"href":"https:\/\/eveha-international.com\/index.php?rest_route=\/wp\/v2\/pages\/3848\/revisions"}],"predecessor-version":[{"id":3850,"href":"https:\/\/eveha-international.com\/index.php?rest_route=\/wp\/v2\/pages\/3848\/revisions\/3850"}],"up":[{"embeddable":true,"href":"https:\/\/eveha-international.com\/index.php?rest_route=\/wp\/v2\/pages\/7"}],"wp:featuredmedia":[{"embeddable":true,"href":"https:\/\/eveha-international.com\/index.php?rest_route=\/wp\/v2\/media\/3851"}],"wp:attachment":[{"href":"https:\/\/eveha-international.com\/index.php?rest_route=%2Fwp%2Fv2%2Fmedia&parent=3848"}],"curies":[{"name":"wp","href":"https:\/\/api.w.org\/{rel}","templated":true}]}}