{"id":3853,"date":"2026-01-14T17:34:37","date_gmt":"2026-01-14T16:34:37","guid":{"rendered":"https:\/\/eveha-international.com\/?page_id=3853"},"modified":"2026-01-14T17:55:22","modified_gmt":"2026-01-14T16:55:22","slug":"thaj","status":"publish","type":"page","link":"https:\/\/eveha-international.com\/?page_id=3853","title":{"rendered":"Th\u00e2j"},"content":{"rendered":"\n<p class=\"has-text-align-left has-small-font-size\">\u00c9veha International est associ\u00e9 \u00e0 l&rsquo;\u00e9tude du site de Th\u00e2j, en Arabie Saoudite. <br>Ce projet est copilot\u00e9 par le CNRS (UMR 7041 ArScAn), l\u2019Universit\u00e9 de Leyde (Pays-Bas) et la Saudi Commission for Tourism and National Heritage, avec le soutien du Minist\u00e8re des Affaires \u00e9trang\u00e8res et du d\u00e9veloppement international. <br>Il est codirig\u00e9 par J. Rohmer (CNRS), A. al-Jallad (Leyde) et M. al-Hajiri (SCTH).<\/p>\n\n\n\n<div class=\"wp-block-separator has-alpha-channel-opacity is-style-wide\" style=\"margin-top:var(--wp--preset--spacing--40);margin-bottom:var(--wp--preset--spacing--40)\"><\/div>\n\n\n\n<div class=\"wp-block-columns is-layout-flex wp-container-core-columns-is-layout-9d6595d7 wp-block-columns-is-layout-flex\">\n<div class=\"wp-block-column is-layout-flow wp-block-column-is-layout-flow\">\n<h6 class=\"wp-block-heading has-theme-palette-12-color has-text-color has-link-color has-small-font-size wp-elements-6548f58f88935c005eac42e8e3f6dc0a\">Direction<br><strong>J\u00e9r\u00f4me Rohmer<\/strong>\u00a0(CNRS, UMR 8167 Orient &amp; M\u00e9diterran\u00e9e)<br><strong>Ahmad\u00a0al-Jallad<\/strong>\u00a0(Leiden University, Leiden Center for the Study of Ancient Arabia)<br><strong>Mahmood<\/strong>\u00a0<strong>al-Hajiri<\/strong>\u00a0(Saudi Commission for Tourism and National Heritage)<\/h6>\n<\/div>\n\n\n\n<div class=\"wp-block-column is-layout-flow wp-block-column-is-layout-flow\">\n<p class=\"has-small-font-size\"><strong>Participation d&rsquo;\u00c9veha<br><\/strong>Fouilles arch\u00e9ologiques<\/p>\n<\/div>\n\n\n\n<div class=\"wp-block-column is-layout-flow wp-block-column-is-layout-flow\">\n<p class=\"has-small-font-size\"><strong>Localisation<\/strong> <br>Arabie Saoudite<\/p>\n<\/div>\n<\/div>\n\n\n\n<div class=\"wp-block-separator has-text-color has-theme-palette-12-color has-alpha-channel-opacity has-theme-palette-12-background-color has-background is-style-wide\" style=\"margin-top:var(--wp--preset--spacing--60);margin-bottom:var(--wp--preset--spacing--60)\"><\/div>\n\n\n\n<p class=\"has-small-font-size\"><strong>Localisation et r\u00e9sum\u00e9 historique<\/strong><br>Le site de Th\u00e2j se trouve dans l\u2019actuelle province orientale de l\u2019Arabie saoudite, \u00e0 90 km de la c\u00f4te du Golfe persique et du port d\u2019al-Jubayl. Son emplacement au croisement de deux grands itin\u00e9raires caravaniers en fait un relais commercial majeur entre l\u2019Arabie du Sud, la M\u00e9sopotamie et le Golfe. Dans l\u2019\u00e9tat actuel de nos connaissances, Thaj est de loin la plus grande agglom\u00e9ration et la seule v\u00e9ritable ville qui soit connue en Arabie orientale \u00e0 l\u2019\u00e9poque pr\u00e9islamique. Le site se compose de trois parties\u00a0: une vaste ville fortifi\u00e9e d\u2019environ 40 ha, entour\u00e9e d\u2019un impressionnant rempart \u00e0 tours d\u2019angles et bastions ; un vaste faubourg s\u2019\u00e9tendant au sud-est sur environ 20 ha\u00a0; une grande n\u00e9cropole d\u2019environ 500 tumuli, dont certains ont livr\u00e9 un mat\u00e9riel extr\u00eamement riche. Les fouilles men\u00e9es jusqu\u2019\u00e0 pr\u00e9sent sugg\u00e8rent une p\u00e9riode d\u2019occupation allant du iiie s. av. J.-C. au ive s. apr. J.-C. Eu \u00e9gard \u00e0 la chronologie et \u00e0 l\u2019importance du site, plusieurs savants ont propos\u00e9 de l\u2019identifier \u00e0 l\u2019antique Gerrha, mais il pourrait \u00e9galement s\u2019agir d\u2019une des autres puissances caravani\u00e8res de l\u2019Arabie orientale dont les sources grecques et arabiques \u2013 notamment les monnaies \u2013 gardent le souvenir. Il s\u2019agit donc d\u2019un site cl\u00e9 pour comprendre le peuplement, la culture, l\u2019\u00e9conomie et le paysage politique de l\u2019Arabie orientale \u2013 mais aussi, plus largement, l\u2019histoire du commerce \u00e0 longue distance dans l\u2019Orient antique.<br><br><strong>Historique des recherches<\/strong><br>L\u2019importance arch\u00e9ologique de Th\u00e2j a \u00e9t\u00e9 relev\u00e9e d\u00e8s le milieu du xixe s., mais le site n\u2019a fait l\u2019objet, jusqu\u2019\u00e0 r\u00e9cemment, que de fouilles tr\u00e8s limit\u00e9es. Apr\u00e8s les explorations pionni\u00e8res des Dickson (1942) et de Mandaville (1962\/1963), l\u2019exp\u00e9dition danoise de Bibby (1968) put fouiller deux tombes modestes et r\u00e9aliser un premier sondage stratigraphique de 2x2m le long du rempart, sugg\u00e9rant une datation \u00ab\u00a0hell\u00e9nistique\u00a0\u00bb du site. Quinze ans plus tard, en 1983, une campagne de fouille fut men\u00e9e par la mission germano-saoudienne de Gazdar, Livingstone et Potts, permettant notamment d\u2019affiner la chronologie du site (iiie s. av. \u2013 ier\/iie s. apr. J.-C.) et de ses fortifications (iiie\/iie s. av. J.-C.\u00a0?). Enfin, en 1998, une \u00e9quipe saoudienne du mus\u00e9e de Dammam entreprit une s\u00e9rie de fouille de plusieurs tombes au nord-est et au sud du site\u00a0: elle mit en particulier au jour, sous un tumulus de 40 m de diam\u00e8tre, la s\u00e9pulture aristocratique d\u2019une fillette, accompagn\u00e9e d\u2019un tr\u00e8s riche mobilier fun\u00e9raire en or et pierres pr\u00e9cieuses.<br><br>Afin de r\u00e9pondre aux multiples questions qui se posent encore sur ce site (urbanisme, culture mat\u00e9rielle, identit\u00e9 culturelle, histoire politique, r\u00f4le \u00e9conomique), un nouveau programme de fouille international \u00e0 horizon de cinq ans a \u00e9t\u00e9 lanc\u00e9 en 2016, sous le triple pilotage du CNRS, de l\u2019Universit\u00e9 de Leyde et de la Saudi Commission for Tourism and National Heritage et avec le soutien du Minist\u00e8re des affaires \u00e9trang\u00e8res fran\u00e7ais. La premi\u00e8re campagne de terrain s\u2019est d\u00e9roul\u00e9e du 25 octobre au 30 novembre 2016, et une seconde saison est pr\u00e9vue \u00e0 l\u2019automne 2017.<\/p>\n\n\n\n<div class=\"wp-block-separator has-alpha-channel-opacity is-style-wide\" style=\"margin-top:var(--wp--preset--spacing--60);margin-bottom:var(--wp--preset--spacing--60)\"><\/div>\n\n\n\n<div class=\"wp-block-columns is-layout-flex wp-container-core-columns-is-layout-9d6595d7 wp-block-columns-is-layout-flex\">\n<div class=\"wp-block-column is-layout-flow wp-block-column-is-layout-flow\">\n<p class=\"has-small-font-size\"><strong>Partenaires<\/strong> <br>Minist\u00e8re des Affaires \u00e9trang\u00e8res et du d\u00e9veloppement international<br>Saudi Commission for Tourism and National Heritage<br>CNRS, UMR 7041 ArScAn<br>Leiden University, Leiden Center for the Study of Ancient Arabia<br>Institut de Physique du Globe de Strasbourg<br>Project MEDEE (Mer, D\u00e9sert, Environnement)<br>Centre fran\u00e7ais d\u2019arch\u00e9ologie et de sciences sociales (CEFAS)<\/p>\n<\/div>\n\n\n\n<div class=\"wp-block-column is-layout-flow wp-block-column-is-layout-flow\"><\/div>\n\n\n\n<div class=\"wp-block-column is-layout-flow wp-block-column-is-layout-flow\">\n<p class=\"has-theme-palette-11-color has-text-color has-link-color has-small-font-size wp-elements-07d62623ba5ae2e1daafd5f75fceaa97\"><strong>Liens<\/strong> :<br><a href=\"http:\/\/www.arscan.fr\/apohr\/etudes-sites-programmes-regionaux\/arabie-saoudite\/la-ville-caravaniere-de-thaj\/\" target=\"_blank\" rel=\"noreferrer noopener\">ArScAn<\/a><br><a href=\"http:\/\/cefas.cnrs.fr\/spip.php?article500\" target=\"_blank\" rel=\"noreferrer noopener\">CEFAS<\/a><\/p>\n<\/div>\n<\/div>\n\n\n\n<div class=\"wp-block-separator has-alpha-channel-opacity is-style-wide\" style=\"margin-top:var(--wp--preset--spacing--60);margin-bottom:var(--wp--preset--spacing--60)\"><\/div>\n\n\n\n<h2 class=\"wp-block-heading\">Campagnes <\/h2>\n\n\n<ul style=\"padding-top:0;padding-bottom:0;padding-left:0;padding-right:0;\" class=\"wp-block-latest-posts__list is-grid columns-4 has-link-color wp-elements-68d5086fe5dfcff6b8dc62ce5817988b wp-block-latest-posts has-text-color has-theme-palette-12-color has-small-font-size\"><li><div class=\"wp-block-latest-posts__featured-image\"><a href=\"https:\/\/eveha-international.com\/?p=1235\" aria-label=\"Th\u00e2j &#8211; 2016\"><img loading=\"lazy\" decoding=\"async\" width=\"980\" height=\"267\" src=\"https:\/\/eveha-international.com\/wp-content\/uploads\/2017\/10\/thaj_2016_header-1024x279.jpg\" class=\"attachment-large size-large wp-post-image\" alt=\"\" style=\"\" srcset=\"https:\/\/eveha-international.com\/wp-content\/uploads\/2017\/10\/thaj_2016_header-1024x279.jpg 1024w, https:\/\/eveha-international.com\/wp-content\/uploads\/2017\/10\/thaj_2016_header-300x82.jpg 300w, https:\/\/eveha-international.com\/wp-content\/uploads\/2017\/10\/thaj_2016_header.jpg 1800w\" sizes=\"auto, (max-width: 980px) 100vw, 980px\" \/><\/a><\/div><a class=\"wp-block-latest-posts__post-title\" href=\"https:\/\/eveha-international.com\/?p=1235\">Th\u00e2j &#8211; 2016<\/a><\/li>\n<li><div class=\"wp-block-latest-posts__featured-image\"><a href=\"https:\/\/eveha-international.com\/?p=1410\" aria-label=\"Th\u00e2j &#8211; 2017\"><img loading=\"lazy\" decoding=\"async\" width=\"980\" height=\"268\" src=\"https:\/\/eveha-international.com\/wp-content\/uploads\/2018\/03\/thaj_2017_header-1024x280.jpg\" class=\"attachment-large size-large wp-post-image\" alt=\"\" style=\"\" srcset=\"https:\/\/eveha-international.com\/wp-content\/uploads\/2018\/03\/thaj_2017_header-1024x280.jpg 1024w, https:\/\/eveha-international.com\/wp-content\/uploads\/2018\/03\/thaj_2017_header-300x82.jpg 300w, https:\/\/eveha-international.com\/wp-content\/uploads\/2018\/03\/thaj_2017_header.jpg 2000w\" sizes=\"auto, (max-width: 980px) 100vw, 980px\" \/><\/a><\/div><a class=\"wp-block-latest-posts__post-title\" href=\"https:\/\/eveha-international.com\/?p=1410\">Th\u00e2j &#8211; 2017<\/a><\/li>\n<li><div class=\"wp-block-latest-posts__featured-image\"><a href=\"https:\/\/eveha-international.com\/?p=2457\" aria-label=\"Th\u00e2j &#8211; 2018\"><img loading=\"lazy\" decoding=\"async\" width=\"770\" height=\"485\" src=\"https:\/\/eveha-international.com\/wp-content\/uploads\/2022\/01\/thaj_2018_small.jpg\" class=\"attachment-large size-large wp-post-image\" alt=\"\" style=\"\" srcset=\"https:\/\/eveha-international.com\/wp-content\/uploads\/2022\/01\/thaj_2018_small.jpg 770w, https:\/\/eveha-international.com\/wp-content\/uploads\/2022\/01\/thaj_2018_small-300x189.jpg 300w, https:\/\/eveha-international.com\/wp-content\/uploads\/2022\/01\/thaj_2018_small-768x484.jpg 768w\" sizes=\"auto, (max-width: 770px) 100vw, 770px\" \/><\/a><\/div><a class=\"wp-block-latest-posts__post-title\" href=\"https:\/\/eveha-international.com\/?p=2457\">Th\u00e2j &#8211; 2018<\/a><\/li>\n<li><div class=\"wp-block-latest-posts__featured-image\"><a href=\"https:\/\/eveha-international.com\/?p=2469\" aria-label=\"Th\u00e2j &#8211; 2019\"><img loading=\"lazy\" decoding=\"async\" width=\"770\" height=\"485\" src=\"https:\/\/eveha-international.com\/wp-content\/uploads\/2022\/01\/thaj_2019_small.jpg\" class=\"attachment-large size-large wp-post-image\" alt=\"\" style=\"\" srcset=\"https:\/\/eveha-international.com\/wp-content\/uploads\/2022\/01\/thaj_2019_small.jpg 770w, https:\/\/eveha-international.com\/wp-content\/uploads\/2022\/01\/thaj_2019_small-300x189.jpg 300w, https:\/\/eveha-international.com\/wp-content\/uploads\/2022\/01\/thaj_2019_small-768x484.jpg 768w\" sizes=\"auto, (max-width: 770px) 100vw, 770px\" \/><\/a><\/div><a class=\"wp-block-latest-posts__post-title\" href=\"https:\/\/eveha-international.com\/?p=2469\">Th\u00e2j &#8211; 2019<\/a><\/li>\n<\/ul>","protected":false},"excerpt":{"rendered":"<p>\u00c9veha International est associ\u00e9 \u00e0 l&rsquo;\u00e9tude du site de Th\u00e2j, en Arabie Saoudite. Ce projet est copilot\u00e9 par le CNRS (UMR 7041 ArScAn), l\u2019Universit\u00e9 de Leyde (Pays-Bas) et la Saudi Commission for Tourism and National Heritage, avec le soutien du Minist\u00e8re des Affaires \u00e9trang\u00e8res et du d\u00e9veloppement international. Il est codirig\u00e9 par J. Rohmer (CNRS),&#8230;<\/p>\n","protected":false},"author":4,"featured_media":3854,"parent":7,"menu_order":0,"comment_status":"closed","ping_status":"closed","template":"","meta":{"inline_featured_image":false,"_kad_post_transparent":"","_kad_post_title":"","_kad_post_layout":"","_kad_post_sidebar_id":"","_kad_post_content_style":"","_kad_post_vertical_padding":"","_kad_post_feature":"","_kad_post_feature_position":"","_kad_post_header":false,"_kad_post_footer":false,"_kad_post_classname":"","footnotes":""},"class_list":["post-3853","page","type-page","status-publish","has-post-thumbnail","hentry"],"_links":{"self":[{"href":"https:\/\/eveha-international.com\/index.php?rest_route=\/wp\/v2\/pages\/3853","targetHints":{"allow":["GET"]}}],"collection":[{"href":"https:\/\/eveha-international.com\/index.php?rest_route=\/wp\/v2\/pages"}],"about":[{"href":"https:\/\/eveha-international.com\/index.php?rest_route=\/wp\/v2\/types\/page"}],"author":[{"embeddable":true,"href":"https:\/\/eveha-international.com\/index.php?rest_route=\/wp\/v2\/users\/4"}],"replies":[{"embeddable":true,"href":"https:\/\/eveha-international.com\/index.php?rest_route=%2Fwp%2Fv2%2Fcomments&post=3853"}],"version-history":[{"count":3,"href":"https:\/\/eveha-international.com\/index.php?rest_route=\/wp\/v2\/pages\/3853\/revisions"}],"predecessor-version":[{"id":3858,"href":"https:\/\/eveha-international.com\/index.php?rest_route=\/wp\/v2\/pages\/3853\/revisions\/3858"}],"up":[{"embeddable":true,"href":"https:\/\/eveha-international.com\/index.php?rest_route=\/wp\/v2\/pages\/7"}],"wp:featuredmedia":[{"embeddable":true,"href":"https:\/\/eveha-international.com\/index.php?rest_route=\/wp\/v2\/media\/3854"}],"wp:attachment":[{"href":"https:\/\/eveha-international.com\/index.php?rest_route=%2Fwp%2Fv2%2Fmedia&parent=3853"}],"curies":[{"name":"wp","href":"https:\/\/api.w.org\/{rel}","templated":true}]}}