{"id":3860,"date":"2026-01-14T17:56:59","date_gmt":"2026-01-14T16:56:59","guid":{"rendered":"https:\/\/eveha-international.com\/?page_id=3860"},"modified":"2026-01-14T18:02:12","modified_gmt":"2026-01-14T17:02:12","slug":"taposiris-magna","status":"publish","type":"page","link":"https:\/\/eveha-international.com\/?page_id=3860","title":{"rendered":"Taposiris Magna"},"content":{"rendered":"\n<p class=\"has-text-align-left has-small-font-size\">La ville de Taposiris Magna est une fondation hell\u00e9nistique, sur la c\u00f4te m\u00e9diterran\u00e9enne de l&rsquo;Egypte, \u00e0 environ 60 km \u00e0 l&rsquo;ouest d&rsquo;Alexandrie. <br>La mission fran\u00e7aise s&rsquo;attache \u00e0 \u00e9tudier l&rsquo;histoire de cette ville portuaire, ouverte sur l&rsquo;extr\u00e9mit\u00e9 ouest du lac Mariout et sur la M\u00e9diterran\u00e9e. <br>Elle est dirig\u00e9e par Marie-Fran\u00e7oise Boussac, Professeur d&rsquo;histoire grecque \u00e0 l&rsquo;universit\u00e9 Paris X \u2013 Nanterre.<\/p>\n\n\n\n<div class=\"wp-block-separator has-alpha-channel-opacity is-style-wide\" style=\"margin-top:var(--wp--preset--spacing--40);margin-bottom:var(--wp--preset--spacing--40)\"><\/div>\n\n\n\n<div class=\"wp-block-columns is-layout-flex wp-container-core-columns-is-layout-9d6595d7 wp-block-columns-is-layout-flex\">\n<div class=\"wp-block-column is-layout-flow wp-block-column-is-layout-flow\">\n<h6 class=\"wp-block-heading has-theme-palette-12-color has-text-color has-link-color has-small-font-size wp-elements-da5f1cd64cb5a43054c59cdbb9717dbe\">Direction<br><strong>Marie-Fran\u00e7oise Boussac&nbsp;<\/strong><br>(Universit\u00e9 de Paris X-Nanterre)<\/h6>\n<\/div>\n\n\n\n<div class=\"wp-block-column is-layout-flow wp-block-column-is-layout-flow\">\n<p class=\"has-small-font-size\"><strong>Participation d&rsquo;\u00c9veha<br><\/strong>Topographie<\/p>\n<\/div>\n\n\n\n<div class=\"wp-block-column is-layout-flow wp-block-column-is-layout-flow\">\n<p class=\"has-small-font-size\"><strong>Localisation<\/strong> <br>\u00c9gypte<\/p>\n<\/div>\n<\/div>\n\n\n\n<div class=\"wp-block-separator has-alpha-channel-opacity is-style-wide\" style=\"margin-top:var(--wp--preset--spacing--60);margin-bottom:var(--wp--preset--spacing--60)\"><\/div>\n\n\n\n<p class=\"has-small-font-size\"><strong>Localisation et r\u00e9sum\u00e9 historique<\/strong><br>Taposiris Magna est implant\u00e9e dans le nord de l\u2019Egypte, sur la c\u00f4t\u00e9 m\u00e9diterran\u00e9enne. Elle se situe \u00e0 une soixantaine de kilom\u00e8tres \u00e0 l\u2019ouest d\u2019Alexandrie.<br><br>La fondation de Taposiris Magna remonte \u00e0 l\u2019\u00e9poque ptol\u00e9ma\u00efque, au d\u00e9but du IIIe si\u00e8cle avant notre \u00e8re. Elle n\u2019est pas fond\u00e9e ex-nihilo, mais \u00e0 quelques kilom\u00e8tres d\u2019une autre ville, Plinthine, qui remonterait, en l\u2019\u00e9tat des connaissances, au VIe si\u00e8cle avant notre \u00e8re. Elle ne remplace pas cette ville, mais vient se juxtaposer \u00e0 elle. Taposiris Magna se d\u00e9veloppera jusqu\u2019\u00e0 l\u2019\u00e9poque romaine, puisque Claude la d\u00e9crit comme une des portes de l\u2019Egypte, tout comme Alexandrie ou P\u00e9luse.<br><br>Au d\u00e9but de l\u2019\u00e9poque musulmane, elle semble progressivement abandonn\u00e9e. Cette fondation n\u2019aura pas connu la prosp\u00e9rit\u00e9 de sa voisine Alexandrie.<br><br>Elle se d\u00e9veloppe principalement sur le flanc sud du cordon de gr\u00e8s dunaire s\u00e9parant la mer du lac, depuis Alexandrie \u00e0 l\u2019est. Au sommet, un temple d\u00e9di\u00e9 \u00e0 Osiris domine le site de toute sa masse. Dans les pentes, divers vestiges sont connus, en particulier des maisons plus ou moins luxueuses, mais aussi et surtout des bains souterrains. Dans la partie basse de la ville, nous trouvons un tissu urbain plus dense, ainsi que des quartiers artisanaux qui semblent se d\u00e9velopper au contact du lac. Le lac pr\u00e9sente divers am\u00e9nagements, tels un port, des viviers\u2026 Une galerie hydraulique est connue, traversant le site du sud au nord (nous ne connaissons pas exactement son sens d\u2019\u00e9coulement). De plus, de nombreuses citernes souterraines et des puits semblent parsemer la ville pour assurer l\u2019alimentation en eau de cette cit\u00e9 antique.<br><br><strong>Historique des recherches<\/strong><br>Le site a retenu l\u2019attention des arch\u00e9ologues d\u00e8s le tout d\u00e9but du XXe si\u00e8cle, lorsque l\u2019italien Evaristo Breccia a conduit les premi\u00e8res fouilles et les premiers r\u00e9lev\u00e9s. Il s\u2019attachera \u00e0 faire un \u00e9tat des lieux, mais d\u00e9couvrira en particulier les bains souterrains et la grande galerie souterraine. Par la suite, une \u00e9quipe am\u00e9ricaine interviendra dans la ville basse, pr\u00e8s du port, au cours des ann\u00e9es 70. Plus tard, dans les ann\u00e9es 80 et au d\u00e9but des ann\u00e9es 90, le hongrois V\u00f6r\u00f6s se concentrera sur le temple sommital. Enfin, en 1998, Marie-Fran\u00e7oise Boussac met en place le programme actuel d\u2019\u00e9tude de l\u2019ensemble de la ville.<\/p>\n\n\n\n<div class=\"wp-block-separator has-alpha-channel-opacity is-style-wide\" style=\"margin-top:var(--wp--preset--spacing--60);margin-bottom:var(--wp--preset--spacing--60)\"><\/div>\n\n\n\n<div class=\"wp-block-columns is-layout-flex wp-container-core-columns-is-layout-9d6595d7 wp-block-columns-is-layout-flex\">\n<div class=\"wp-block-column is-layout-flow wp-block-column-is-layout-flow\">\n<p class=\"has-small-font-size\"><strong>Partenaires<\/strong> <br>Minist\u00e8re des Affaires \u00e9trang\u00e8res et du d\u00e9veloppement international<br>Institut Fran\u00e7ais d\u2019Arch\u00e9ologie Orientale (IFAO)<br>ArScAn (Arch\u00e9ologie et Sciences de l\u2019Antiquit\u00e9, CNRS UMR 7041)<br>HiSoMa (Histoire et Sources des Mondes Antiques, CNRS, UMR 5189)<br>INRAP<\/p>\n<\/div>\n\n\n\n<div class=\"wp-block-column is-layout-flow wp-block-column-is-layout-flow\"><\/div>\n\n\n\n<div class=\"wp-block-column is-layout-flow wp-block-column-is-layout-flow\">\n<p class=\"has-theme-palette-11-color has-text-color has-link-color has-small-font-size wp-elements-3e6c31a4e3b7f56281763b2a9555536f\"><strong>Liens<\/strong> :<br><a href=\"http:\/\/www.hisoma.mom.fr\/recherche-et-activites\/activites-de-terrain\/mission-archeologique-fran%C3%A7aise-de-taposiris\" target=\"_blank\" rel=\"noreferrer noopener\">Laboratoire de recherche HiSoMA<\/a><br><a href=\"http:\/\/www.ifao.egnet.net\/archeologie\/taposiris-magna-plinthine\/\" target=\"_blank\" rel=\"noreferrer noopener\">Pr\u00e9sentation sur le site de l&rsquo;Ifao<\/a><\/p>\n<\/div>\n<\/div>\n\n\n\n<div class=\"wp-block-separator has-alpha-channel-opacity is-style-wide\" style=\"margin-top:var(--wp--preset--spacing--60);margin-bottom:var(--wp--preset--spacing--60)\"><\/div>\n\n\n\n<h2 class=\"wp-block-heading\">Campagnes <\/h2>\n\n\n<ul style=\"padding-top:0;padding-bottom:0;padding-left:0;padding-right:0;\" class=\"wp-block-latest-posts__list is-grid columns-4 has-link-color wp-elements-9129e605d3fd0d15c00c29ccdedb697f wp-block-latest-posts has-text-color has-theme-palette-12-color has-small-font-size\"><li><div class=\"wp-block-latest-posts__featured-image\"><a href=\"https:\/\/eveha-international.com\/?p=1225\" aria-label=\"Taposiris Magna &#8211; 2014\"><img loading=\"lazy\" decoding=\"async\" width=\"770\" height=\"485\" src=\"https:\/\/eveha-international.com\/wp-content\/uploads\/2017\/10\/taposiris_2014_small.jpg\" class=\"attachment-large size-large wp-post-image\" alt=\"\" style=\"\" srcset=\"https:\/\/eveha-international.com\/wp-content\/uploads\/2017\/10\/taposiris_2014_small.jpg 770w, https:\/\/eveha-international.com\/wp-content\/uploads\/2017\/10\/taposiris_2014_small-300x189.jpg 300w\" sizes=\"auto, (max-width: 770px) 100vw, 770px\" \/><\/a><\/div><a class=\"wp-block-latest-posts__post-title\" href=\"https:\/\/eveha-international.com\/?p=1225\">Taposiris Magna &#8211; 2014<\/a><\/li>\n<\/ul>\n\n\n<p><\/p>\n","protected":false},"excerpt":{"rendered":"<p>La ville de Taposiris Magna est une fondation hell\u00e9nistique, sur la c\u00f4te m\u00e9diterran\u00e9enne de l&rsquo;Egypte, \u00e0 environ 60 km \u00e0 l&rsquo;ouest d&rsquo;Alexandrie. La mission fran\u00e7aise s&rsquo;attache \u00e0 \u00e9tudier l&rsquo;histoire de cette ville portuaire, ouverte sur l&rsquo;extr\u00e9mit\u00e9 ouest du lac Mariout et sur la M\u00e9diterran\u00e9e. Elle est dirig\u00e9e par Marie-Fran\u00e7oise Boussac, Professeur d&rsquo;histoire grecque \u00e0 l&rsquo;universit\u00e9&#8230;<\/p>\n","protected":false},"author":4,"featured_media":3861,"parent":7,"menu_order":0,"comment_status":"closed","ping_status":"closed","template":"","meta":{"inline_featured_image":false,"_kad_post_transparent":"","_kad_post_title":"","_kad_post_layout":"","_kad_post_sidebar_id":"","_kad_post_content_style":"","_kad_post_vertical_padding":"","_kad_post_feature":"","_kad_post_feature_position":"","_kad_post_header":false,"_kad_post_footer":false,"_kad_post_classname":"","footnotes":""},"class_list":["post-3860","page","type-page","status-publish","has-post-thumbnail","hentry"],"_links":{"self":[{"href":"https:\/\/eveha-international.com\/index.php?rest_route=\/wp\/v2\/pages\/3860","targetHints":{"allow":["GET"]}}],"collection":[{"href":"https:\/\/eveha-international.com\/index.php?rest_route=\/wp\/v2\/pages"}],"about":[{"href":"https:\/\/eveha-international.com\/index.php?rest_route=\/wp\/v2\/types\/page"}],"author":[{"embeddable":true,"href":"https:\/\/eveha-international.com\/index.php?rest_route=\/wp\/v2\/users\/4"}],"replies":[{"embeddable":true,"href":"https:\/\/eveha-international.com\/index.php?rest_route=%2Fwp%2Fv2%2Fcomments&post=3860"}],"version-history":[{"count":3,"href":"https:\/\/eveha-international.com\/index.php?rest_route=\/wp\/v2\/pages\/3860\/revisions"}],"predecessor-version":[{"id":3865,"href":"https:\/\/eveha-international.com\/index.php?rest_route=\/wp\/v2\/pages\/3860\/revisions\/3865"}],"up":[{"embeddable":true,"href":"https:\/\/eveha-international.com\/index.php?rest_route=\/wp\/v2\/pages\/7"}],"wp:featuredmedia":[{"embeddable":true,"href":"https:\/\/eveha-international.com\/index.php?rest_route=\/wp\/v2\/media\/3861"}],"wp:attachment":[{"href":"https:\/\/eveha-international.com\/index.php?rest_route=%2Fwp%2Fv2%2Fmedia&parent=3860"}],"curies":[{"name":"wp","href":"https:\/\/api.w.org\/{rel}","templated":true}]}}