{"id":3868,"date":"2026-01-14T18:11:44","date_gmt":"2026-01-14T17:11:44","guid":{"rendered":"https:\/\/eveha-international.com\/?page_id=3868"},"modified":"2026-01-14T18:12:35","modified_gmt":"2026-01-14T17:12:35","slug":"adam","status":"publish","type":"page","link":"https:\/\/eveha-international.com\/?page_id=3868","title":{"rendered":"Adam"},"content":{"rendered":"<ul style=\"padding-top:0;padding-bottom:0;padding-left:0;padding-right:0;\" class=\"wp-block-latest-posts__list is-grid columns-4 has-link-color wp-elements-b9178b44644a702976c91de4f5de0d67 wp-block-latest-posts has-text-color has-theme-palette-12-color has-small-font-size\"><li><div class=\"wp-block-latest-posts__featured-image\"><a href=\"https:\/\/eveha-international.com\/?p=1169\" aria-label=\"Adam -2017\"><img loading=\"lazy\" decoding=\"async\" width=\"770\" height=\"485\" src=\"https:\/\/eveha-international.com\/wp-content\/uploads\/2017\/03\/adam_2017_small.jpg\" class=\"attachment-large size-large wp-post-image\" alt=\"\" style=\"\" srcset=\"https:\/\/eveha-international.com\/wp-content\/uploads\/2017\/03\/adam_2017_small.jpg 770w, https:\/\/eveha-international.com\/wp-content\/uploads\/2017\/03\/adam_2017_small-300x189.jpg 300w\" sizes=\"auto, (max-width: 770px) 100vw, 770px\" \/><\/a><\/div><a class=\"wp-block-latest-posts__post-title\" href=\"https:\/\/eveha-international.com\/?p=1169\">Adam -2017<\/a><\/li>\n<\/ul>\n\n\n<p class=\"has-text-align-left has-small-font-size\">Eveha International participe \u00e0 la Mission Arch\u00e9ologique Fran\u00e7aise d\u2019Oman Central (FAMCO), dirig\u00e9e par Guillaume Gernez (Universit\u00e9 Paris 1 Panth\u00e9on-Sorbonne). <br>Cette mission est plac\u00e9e sous l\u2019\u00e9gide de l\u2019Universit\u00e9 Paris 1 Panth\u00e9on-Sorbonne et du Ministry of Heritage and Culture Omanais.<\/p>\n\n\n\n<div class=\"wp-block-separator has-alpha-channel-opacity is-style-wide\" style=\"margin-top:var(--wp--preset--spacing--40);margin-bottom:var(--wp--preset--spacing--40)\"><\/div>\n\n\n\n<div class=\"wp-block-columns is-layout-flex wp-container-core-columns-is-layout-9d6595d7 wp-block-columns-is-layout-flex\">\n<div class=\"wp-block-column is-layout-flow wp-block-column-is-layout-flow\">\n<h6 class=\"wp-block-heading has-theme-palette-12-color has-text-color has-link-color has-small-font-size wp-elements-541934df73ccd19ce90c76a4ba0bfb61\">Direction<br><strong>Guillaume Gernez<\/strong>\u00a0<br>(Universit\u00e9 Paris 1 Panth\u00e9on-Sorbonne)<\/h6>\n<\/div>\n\n\n\n<div class=\"wp-block-column is-layout-flow wp-block-column-is-layout-flow\">\n<p class=\"has-small-font-size\"><strong>Participation d&rsquo;\u00c9veha<br><\/strong>Fouilles arch\u00e9ologiques<\/p>\n<\/div>\n\n\n\n<div class=\"wp-block-column is-layout-flow wp-block-column-is-layout-flow\">\n<p class=\"has-small-font-size\"><strong>Localisation<\/strong> <br>Sultanat d&rsquo;Oman<\/p>\n<\/div>\n<\/div>\n\n\n\n<div class=\"wp-block-separator has-text-color has-theme-palette-12-color has-alpha-channel-opacity has-theme-palette-12-background-color has-background is-style-wide\" style=\"margin-top:var(--wp--preset--spacing--60);margin-bottom:var(--wp--preset--spacing--60)\"><\/div>\n\n\n\n<p class=\"has-small-font-size\"><strong>Localisation et r\u00e9sum\u00e9 historique<\/strong><br>La r\u00e9gion d\u2019Adam se situe au nord du Sultanat d\u2019Oman, \u00e0 la fronti\u00e8re des oasis et des espaces d\u00e9sertiques d\u2019Oman. Quelques montagnes dominent les lieux (Jabal Salakh et le Jabal Mudhmar), mais le site lui-m\u00eame est implant\u00e9 dans une plaine.<br><br><strong>Historique des recherches<\/strong><br>Cette r\u00e9gion \u00e9tait totalement inexplor\u00e9e du point de vue arch\u00e9ologique avant que la mission arch\u00e9ologique fran\u00e7aise en Oman central (anciennement mission arch\u00e9ologique fran\u00e7aise d\u2019Adam), dirig\u00e9e depuis 2011 par Guillaume Gernez, n\u2019y effectue ses premi\u00e8res prospections en 2007. D\u00e9couvert en 2009, le site d\u00e9nomm\u00e9 Mudhmar Est, l\u2019objet de la pr\u00e9sente mission, est constitu\u00e9 de deux b\u00e2timents principaux et de quelques am\u00e9nagements annexes. Il est localis\u00e9 au pied du Jabal Mudhmar, \u00e0 proximit\u00e9 de l\u2019une des plus grandes vall\u00e9es omanaises et au carrefour strat\u00e9gique de plusieurs routes commerciales. En 2016, un ensemble exceptionnel d\u2019armes en bronze datant de l\u2019\u00e2ge du fer II (900-600 av. J.-C.) a \u00e9t\u00e9 mis au jour sur ce site. Ces vestiges, non fonctionnel, ont \u00e9t\u00e9 d\u00e9couverts \u00e9parpill\u00e9s sur le sol dans l\u2019un des b\u00e2timents a priori \u00e0 vocation cultuelle. Ils comprenaient en particulier deux carquois complets et des armes m\u00e9talliques parmi lesquelles cinq arcs. La pr\u00e9sence de ces armes et des b\u00e2timents sans \u00e9quivalent dans la r\u00e9gion suffit \u00e0 conf\u00e9rer \u00e0 ce site un caract\u00e8re exceptionnel et justifie la poursuite des fouilles et des investigations sur ce site.<\/p>\n\n\n\n<div class=\"wp-block-separator has-alpha-channel-opacity is-style-wide\" style=\"margin-top:var(--wp--preset--spacing--60);margin-bottom:var(--wp--preset--spacing--60)\"><\/div>\n\n\n\n<div class=\"wp-block-columns is-layout-flex wp-container-core-columns-is-layout-9d6595d7 wp-block-columns-is-layout-flex\">\n<div class=\"wp-block-column is-layout-flow wp-block-column-is-layout-flow\">\n<p class=\"has-small-font-size\"><strong>Partenaires<\/strong> <br>Universit\u00e9 Paris 1 Panth\u00e9on-Sorbonne<br>Ministry of Heritage and Culture of Oman<br>CNRS \u2013 UMR 7041 Equipe du \u00ab\u00a0Village \u00e0 l\u2019Etat au Proche et Moyen-Orient\u00a0\u00bb<br>Instituts des D\u00e9serts et des Steppes Minist\u00e8re des Affaires \u00e9trang\u00e8res et du d\u00e9veloppement international<br>DIAG<\/p>\n<\/div>\n\n\n\n<div class=\"wp-block-column is-layout-flow wp-block-column-is-layout-flow\"><\/div>\n\n\n\n<div class=\"wp-block-column is-layout-flow wp-block-column-is-layout-flow\">\n<p class=\"has-theme-palette-11-color has-text-color has-link-color has-small-font-size wp-elements-33e53c816a0b434d996e551faa4f9b73\"><strong>Liens<\/strong> :<br><a href=\"http:\/\/www2.cnrs.fr\/presse\/communique\/4455.htm\" target=\"_blank\" rel=\"noreferrer noopener\">CNRS<\/a><br><a href=\"https:\/\/www.facebook.com\/mafadam\/?ref=page_internal\" target=\"_blank\" rel=\"noreferrer noopener\">Facebook d&rsquo;Adam<\/a><br><a href=\"http:\/\/www.lemonde.fr\/arts\/article\/2016\/03\/22\/des-armes-antiques-en-bronze-decouvertes-a-oman_4888078_1655012.html\" target=\"_blank\" rel=\"noreferrer noopener\">Le Monde<\/a><br><a href=\"https:\/\/www.sciencesetavenir.fr\/archeo-paleo\/archeologie\/d-etonnantes-armes-ceremonielles-decouvertes-a-oman_104172\" target=\"_blank\" rel=\"noreferrer noopener\">Sciences et Avenir<\/a><br><a href=\"https:\/\/www.youtube.com\/watch?v=vYwpfiKn5C0&amp;feature=youtu.be\" target=\"_blank\" rel=\"noreferrer noopener\">You Tube<\/a><\/p>\n<\/div>\n<\/div>\n\n\n\n<div class=\"wp-block-separator has-alpha-channel-opacity is-style-wide\" style=\"margin-top:var(--wp--preset--spacing--60);margin-bottom:var(--wp--preset--spacing--60)\"><\/div>\n\n\n\n<h2 class=\"wp-block-heading\">Campagnes <\/h2>\n","protected":false},"excerpt":{"rendered":"<p>Eveha International participe \u00e0 la Mission Arch\u00e9ologique Fran\u00e7aise d\u2019Oman Central (FAMCO), dirig\u00e9e par Guillaume Gernez (Universit\u00e9 Paris 1 Panth\u00e9on-Sorbonne). Cette mission est plac\u00e9e sous l\u2019\u00e9gide de l\u2019Universit\u00e9 Paris 1 Panth\u00e9on-Sorbonne et du Ministry of Heritage and Culture Omanais. DirectionGuillaume Gernez\u00a0(Universit\u00e9 Paris 1 Panth\u00e9on-Sorbonne) Participation d&rsquo;\u00c9vehaFouilles arch\u00e9ologiques Localisation Sultanat d&rsquo;Oman Localisation et r\u00e9sum\u00e9 historiqueLa r\u00e9gion d\u2019Adam&#8230;<\/p>\n","protected":false},"author":4,"featured_media":3869,"parent":7,"menu_order":0,"comment_status":"closed","ping_status":"closed","template":"","meta":{"inline_featured_image":false,"_kad_post_transparent":"","_kad_post_title":"","_kad_post_layout":"","_kad_post_sidebar_id":"","_kad_post_content_style":"","_kad_post_vertical_padding":"","_kad_post_feature":"","_kad_post_feature_position":"","_kad_post_header":false,"_kad_post_footer":false,"_kad_post_classname":"","footnotes":""},"class_list":["post-3868","page","type-page","status-publish","has-post-thumbnail","hentry"],"_links":{"self":[{"href":"https:\/\/eveha-international.com\/index.php?rest_route=\/wp\/v2\/pages\/3868","targetHints":{"allow":["GET"]}}],"collection":[{"href":"https:\/\/eveha-international.com\/index.php?rest_route=\/wp\/v2\/pages"}],"about":[{"href":"https:\/\/eveha-international.com\/index.php?rest_route=\/wp\/v2\/types\/page"}],"author":[{"embeddable":true,"href":"https:\/\/eveha-international.com\/index.php?rest_route=\/wp\/v2\/users\/4"}],"replies":[{"embeddable":true,"href":"https:\/\/eveha-international.com\/index.php?rest_route=%2Fwp%2Fv2%2Fcomments&post=3868"}],"version-history":[{"count":2,"href":"https:\/\/eveha-international.com\/index.php?rest_route=\/wp\/v2\/pages\/3868\/revisions"}],"predecessor-version":[{"id":5090,"href":"https:\/\/eveha-international.com\/index.php?rest_route=\/wp\/v2\/pages\/3868\/revisions\/5090"}],"up":[{"embeddable":true,"href":"https:\/\/eveha-international.com\/index.php?rest_route=\/wp\/v2\/pages\/7"}],"wp:featuredmedia":[{"embeddable":true,"href":"https:\/\/eveha-international.com\/index.php?rest_route=\/wp\/v2\/media\/3869"}],"wp:attachment":[{"href":"https:\/\/eveha-international.com\/index.php?rest_route=%2Fwp%2Fv2%2Fmedia&parent=3868"}],"curies":[{"name":"wp","href":"https:\/\/api.w.org\/{rel}","templated":true}]}}