{"id":3902,"date":"2026-01-15T11:34:09","date_gmt":"2026-01-15T10:34:09","guid":{"rendered":"https:\/\/eveha-international.com\/?page_id=3902"},"modified":"2026-01-15T11:34:57","modified_gmt":"2026-01-15T10:34:57","slug":"angkor-mebon-occidental","status":"publish","type":"page","link":"https:\/\/eveha-international.com\/?page_id=3902","title":{"rendered":"Angkor \u2013 Mebon occidental"},"content":{"rendered":"\n<p class=\"has-text-align-left has-small-font-size\">En 2015, deux arch\u00e9ologues d&rsquo;\u00c9veha International ont \u00e9t\u00e9 associ\u00e9s \u00e0 une campagne de fouille r\u00e9alis\u00e9e dans le cadre du projet de restauration du temple du M\u00e9bon Occidental, au Cambodge. Ce projet est dirig\u00e9 par Marie-Catherine Beaufe\u00efst (Architecte du patrimoine &#8211; \u00c9cole Fran\u00e7aise d&rsquo;Extr\u00eame-Orient).<\/p>\n\n\n\n<div class=\"wp-block-separator has-alpha-channel-opacity is-style-wide\" style=\"margin-top:var(--wp--preset--spacing--40);margin-bottom:var(--wp--preset--spacing--40)\"><\/div>\n\n\n\n<div class=\"wp-block-columns is-layout-flex wp-container-core-columns-is-layout-9d6595d7 wp-block-columns-is-layout-flex\">\n<div class=\"wp-block-column is-layout-flow wp-block-column-is-layout-flow\">\n<h6 class=\"wp-block-heading has-theme-palette-12-color has-text-color has-link-color has-small-font-size wp-elements-888e61233983730decdf6c89a99e16b0\">Direction<br><strong>Marie-Catherine Beaufe\u00efst<\/strong>&nbsp;<br>(\u00c9cole Fran\u00e7aise d\u2019Extr\u00eame-Orient)<\/h6>\n<\/div>\n\n\n\n<div class=\"wp-block-column is-layout-flow wp-block-column-is-layout-flow\">\n<p class=\"has-small-font-size\"><strong>Participation d&rsquo;\u00c9veha<br><\/strong>Fouille arch\u00e9ologique<\/p>\n<\/div>\n\n\n\n<div class=\"wp-block-column is-layout-flow wp-block-column-is-layout-flow\">\n<p class=\"has-small-font-size\"><strong>Localisation<\/strong> <br>Cambodge<\/p>\n<\/div>\n<\/div>\n\n\n\n<div class=\"wp-block-separator has-text-color has-theme-palette-12-color has-alpha-channel-opacity has-theme-palette-12-background-color has-background is-style-wide\" style=\"margin-top:var(--wp--preset--spacing--60);margin-bottom:var(--wp--preset--spacing--60)\"><\/div>\n\n\n\n<p class=\"has-small-font-size\"><strong>Localisation et r\u00e9sum\u00e9 historique<\/strong><br>Le M\u00e9bon Occidental se situe \u00e0 l\u2019Ouest du Parc arch\u00e9ologique d\u2019Angkor, sur un \u00eelot artificiel \u00e9mergeant des eaux au centre du Baray Occidental (bassin-r\u00e9servoir d\u2019eau de 8 kilom\u00e8tres de long sur 2,1 kilom\u00e8tres de large). Dat\u00e9 du r\u00e8gne d\u2019Udayaditiavarman II (1050-1066), il pr\u00e9sente une composition architecturale originale doubl\u00e9e d\u2019une vocation cultuelle intrigante.<br>Une plate-forme quadrangulaire, orient\u00e9e Est-Ouest, est pourvue d\u2019un bassin carr\u00e9 (install\u00e9 sur la moiti\u00e9 Ouest de l\u2019emprise), dont les pourtours sont parement\u00e9s de gradins en gr\u00e8s r\u00e9guliers surmont\u00e9s d\u2019un mur d\u2019enceinte. Chaque fa\u00e7ade est dot\u00e9e de trois gopuras ou tours d\u2019entr\u00e9e. Le centre de ce bassin est occup\u00e9 par un \u00e9dicule \u00e9galement habill\u00e9 de gr\u00e8s et dot\u00e9 de deux puits juxtapos\u00e9s sur l\u2019axe Est\/Ouest. Le puits occidental, circulaire et parement\u00e9 de gr\u00e8s gris, a livr\u00e9 les restes d\u2019un Visnu couch\u00e9 en bronze (ou Vishnu se reposant sur l\u2019Oc\u00e9an cosmique), d\u00e9couvert par Maurice Glaize (\u00c9cole Fran\u00e7aise d\u2019Extr\u00eame-Orient) en 1936. Il est actuellement conserv\u00e9 au Mus\u00e9e National de Phnom Penh. Une chauss\u00e9e axiale relie l\u2019\u00e9dicule central \u00e0 la fa\u00e7ade Est sous la forme d\u2019une lev\u00e9e de terre, recouverte de petits blocs de lat\u00e9rite.<br>Tr\u00e8s largement ab\u00eem\u00e9 aux cours des si\u00e8cles (ensablement de la fa\u00e7ade Est, \u00be de la structure effondr\u00e9e), le M\u00e9bon Occidental a connu une phase de restauration de d\u00e9cembre 1942 \u00e0 d\u00e9cembre 1944 par Maurice Glaize. Elle concernait le d\u00e9gagement des gradins, le nettoyage du puits circulaire et l\u2019anastylose du mur d\u2019enceinte et des tours de la fa\u00e7ade Est. Il d\u00e9couvrit le second puits, de forme carr\u00e9e, parement\u00e9 et dall\u00e9 en gr\u00e8s, \u00e9quip\u00e9 d\u2019une margelle de 4 pierres dress\u00e9es&nbsp;?<\/p>\n\n\n\n<p class=\"has-small-font-size\"><strong>Historique des recherches<\/strong><br>Initi\u00e9 en 2012 par Pascal Roy\u00e8re et poursuivi par Marie-Catherine Beaufe\u00efst depuis 2014, un nouveau programme de restauration est entrepris dans le cadre d\u2019un Fonds de Solidarit\u00e9 Prioritaire conduit par les minist\u00e8res fran\u00e7ais des Affaires \u00e9trang\u00e8res et du d\u00e9veloppement international, de la Culture et de la communication et de l\u2019Enseignement sup\u00e9rieur et de la recherche. L\u2019EFEO est associ\u00e9e \u00e0 l\u2019autorit\u00e9 APSARA (Cambodge) pour diriger la restauration du temple tout en menant des fouilles arch\u00e9ologiques pour comprendre le fonctionnement de ce temple nilom\u00e8tre dans un contexte hydraulique particulier.<br>Sur le terrain, ce projet a d\u00e9but\u00e9 au printemps 2012, par la r\u00e9alisation d\u2019un diagnostic arch\u00e9ologique dans le Baray ass\u00e9ch\u00e9, travaux pr\u00e9alables aux op\u00e9rations d\u2019endiguement du temple. Des tranch\u00e9es m\u00e9caniques et des sondages manuels r\u00e9alis\u00e9s autour du temple ont \u00e9t\u00e9 r\u00e9alis\u00e9s en amont de la construction d\u2019une digue de protection, construite pour ass\u00e9cher une bande de terre large d\u2019une trentaine de m\u00e8tres afin de permettre la r\u00e9alisation des travaux de restauration (circulation, installation des engins, champ de d\u00e9pose des blocs, etc.).<br>Depuis l\u2019automne 2012, de nombreuses campagnes de fouilles arch\u00e9ologiques (sondages et tranch\u00e9es) ont \u00e9t\u00e9 r\u00e9alis\u00e9es en parall\u00e8le de l\u2019avanc\u00e9e du projet de restauration utilisant la m\u00e9thode de l\u2019anastylose. Ces fouilles compl\u00e8tent la documentation disponible sur ce temple partiellement connu, notamment en ce qui concerne ses fondations, son architecture, ses diff\u00e9rentes phases de construction et d\u2019occupation, etc. La documentation acquise ces derni\u00e8res ann\u00e9es a permis d\u2019\u00e9tablir que l\u2019histoire de ce temple est plus complexe que celle envisag\u00e9e auparavant.<\/p>\n\n\n\n<div class=\"wp-block-separator has-alpha-channel-opacity is-style-wide\" style=\"margin-top:var(--wp--preset--spacing--60);margin-bottom:var(--wp--preset--spacing--60)\"><\/div>\n\n\n\n<div class=\"wp-block-columns is-layout-flex wp-container-core-columns-is-layout-9d6595d7 wp-block-columns-is-layout-flex\">\n<div class=\"wp-block-column is-layout-flow wp-block-column-is-layout-flow\">\n<p class=\"has-small-font-size\"><strong>Partenaires<\/strong> <br>\u00c9cole Fran\u00e7aise d\u2019Extr\u00eame-Orient<br>Authority for the Protection and Management of Angkor and the Region of Siem Reap (Cambodge)<\/p>\n<\/div>\n\n\n\n<div class=\"wp-block-column is-layout-flow wp-block-column-is-layout-flow\"><\/div>\n\n\n\n<div class=\"wp-block-column is-layout-flow wp-block-column-is-layout-flow\">\n<p class=\"has-theme-palette-11-color has-text-color has-link-color has-small-font-size wp-elements-0c5c9b632d90704fec555d3de8ea4f64\"><strong>Liens<\/strong> :<br><a href=\"http:\/\/www.efeo.fr\/index.php?l=FR&amp;event=822\" target=\"_blank\" rel=\"noreferrer noopener\">Pr\u00e9sentation du projet<\/a><br><a href=\"http:\/\/apsaraauthority.gov.kh\/?page=front&amp;lg=en\" target=\"_blank\" rel=\"noreferrer noopener\">Autorit\u00e9 APSARA<\/a><\/p>\n<\/div>\n<\/div>\n\n\n\n<div class=\"wp-block-separator has-alpha-channel-opacity is-style-wide\" style=\"margin-top:var(--wp--preset--spacing--60);margin-bottom:var(--wp--preset--spacing--60)\"><\/div>\n\n\n\n<h2 class=\"wp-block-heading\">Campagnes <\/h2>\n\n\n<ul style=\"padding-top:0;padding-bottom:0;padding-left:0;padding-right:0;\" class=\"wp-block-latest-posts__list is-grid columns-4 has-link-color wp-elements-34802e977a1517b6584c0b13aad4edf7 wp-block-latest-posts has-text-color has-theme-palette-12-color has-small-font-size\"><\/ul>","protected":false},"excerpt":{"rendered":"<p>En 2015, deux arch\u00e9ologues d&rsquo;\u00c9veha International ont \u00e9t\u00e9 associ\u00e9s \u00e0 une campagne de fouille r\u00e9alis\u00e9e dans le cadre du projet de restauration du temple du M\u00e9bon Occidental, au Cambodge. Ce projet est dirig\u00e9 par Marie-Catherine Beaufe\u00efst (Architecte du patrimoine &#8211; \u00c9cole Fran\u00e7aise d&rsquo;Extr\u00eame-Orient). DirectionMarie-Catherine Beaufe\u00efst&nbsp;(\u00c9cole Fran\u00e7aise d\u2019Extr\u00eame-Orient) Participation d&rsquo;\u00c9vehaFouille arch\u00e9ologique Localisation Cambodge Localisation et r\u00e9sum\u00e9&#8230;<\/p>\n","protected":false},"author":4,"featured_media":3906,"parent":7,"menu_order":0,"comment_status":"closed","ping_status":"closed","template":"","meta":{"inline_featured_image":false,"_kad_post_transparent":"","_kad_post_title":"","_kad_post_layout":"","_kad_post_sidebar_id":"","_kad_post_content_style":"","_kad_post_vertical_padding":"","_kad_post_feature":"","_kad_post_feature_position":"","_kad_post_header":false,"_kad_post_footer":false,"_kad_post_classname":"","footnotes":""},"class_list":["post-3902","page","type-page","status-publish","has-post-thumbnail","hentry"],"_links":{"self":[{"href":"https:\/\/eveha-international.com\/index.php?rest_route=\/wp\/v2\/pages\/3902","targetHints":{"allow":["GET"]}}],"collection":[{"href":"https:\/\/eveha-international.com\/index.php?rest_route=\/wp\/v2\/pages"}],"about":[{"href":"https:\/\/eveha-international.com\/index.php?rest_route=\/wp\/v2\/types\/page"}],"author":[{"embeddable":true,"href":"https:\/\/eveha-international.com\/index.php?rest_route=\/wp\/v2\/users\/4"}],"replies":[{"embeddable":true,"href":"https:\/\/eveha-international.com\/index.php?rest_route=%2Fwp%2Fv2%2Fcomments&post=3902"}],"version-history":[{"count":1,"href":"https:\/\/eveha-international.com\/index.php?rest_route=\/wp\/v2\/pages\/3902\/revisions"}],"predecessor-version":[{"id":3905,"href":"https:\/\/eveha-international.com\/index.php?rest_route=\/wp\/v2\/pages\/3902\/revisions\/3905"}],"up":[{"embeddable":true,"href":"https:\/\/eveha-international.com\/index.php?rest_route=\/wp\/v2\/pages\/7"}],"wp:featuredmedia":[{"embeddable":true,"href":"https:\/\/eveha-international.com\/index.php?rest_route=\/wp\/v2\/media\/3906"}],"wp:attachment":[{"href":"https:\/\/eveha-international.com\/index.php?rest_route=%2Fwp%2Fv2%2Fmedia&parent=3902"}],"curies":[{"name":"wp","href":"https:\/\/api.w.org\/{rel}","templated":true}]}}