{"id":3913,"date":"2026-01-15T12:44:47","date_gmt":"2026-01-15T11:44:47","guid":{"rendered":"https:\/\/eveha-international.com\/?page_id=3913"},"modified":"2026-01-15T12:48:26","modified_gmt":"2026-01-15T11:48:26","slug":"pompei-porta-ercolano","status":"publish","type":"page","link":"https:\/\/eveha-international.com\/?page_id=3913","title":{"rendered":"Pompei \u2013 Porta Ercolano"},"content":{"rendered":"\n<p class=\"has-text-align-left has-small-font-size\">Un topographe d&rsquo;\u00c9veha International participe au projet d&rsquo;\u00e9tude de la Porte d&rsquo;Herculanum \u00e0 Pomp\u00e9i. <br>L&rsquo;\u00e9quipe est dirig\u00e9e par S. Zanella (Paris I\/Coll\u00e8ge de France, L. Cavasa (CNRS, Universit\u00e9 Aix-Marseille), N. Laubry (Universit\u00e9 de Cr\u00e9teil), N. Monteix (Universit\u00e9 de Rouen).<\/p>\n\n\n\n<div class=\"wp-block-separator has-alpha-channel-opacity is-style-wide\" style=\"margin-top:var(--wp--preset--spacing--40);margin-bottom:var(--wp--preset--spacing--40)\"><\/div>\n\n\n\n<div class=\"wp-block-columns is-layout-flex wp-container-core-columns-is-layout-9d6595d7 wp-block-columns-is-layout-flex\">\n<div class=\"wp-block-column is-layout-flow wp-block-column-is-layout-flow\">\n<h6 class=\"wp-block-heading has-theme-palette-12-color has-text-color has-link-color has-small-font-size wp-elements-c89a63692e78b997820364a78d2ad1e4\">Direction<br><strong>Sandra Zanella<\/strong>&nbsp;(Universit\u00e9 de Paris I \/ Coll\u00e8ge de France)<br><strong>La\u00ebtitia Cavassa<\/strong>&nbsp;(UMR 7299 Centre Camille Jullian, CNRS, Aix Marseille Universit\u00e9)<br><strong>Nicolas Laubry<\/strong>&nbsp;(Universit\u00e9 de Paris Est Cr\u00e9teil)<br><strong>Nicolas Monteix<\/strong>&nbsp;(Universit\u00e9 de Rouen)<\/h6>\n<\/div>\n\n\n\n<div class=\"wp-block-column is-layout-flow wp-block-column-is-layout-flow\">\n<p class=\"has-small-font-size\"><strong>Participation d&rsquo;\u00c9veha<br><\/strong>Topographie<\/p>\n<\/div>\n\n\n\n<div class=\"wp-block-column is-layout-flow wp-block-column-is-layout-flow\">\n<p class=\"has-small-font-size\"><strong>Localisation<\/strong> <br>Italie<\/p>\n<\/div>\n<\/div>\n\n\n\n<div class=\"wp-block-separator has-text-color has-theme-palette-12-color has-alpha-channel-opacity has-theme-palette-12-background-color has-background is-style-wide\" style=\"margin-top:var(--wp--preset--spacing--60);margin-bottom:var(--wp--preset--spacing--60)\"><\/div>\n\n\n\n<p class=\"has-small-font-size\"><strong>Localisation et r\u00e9sum\u00e9 historique<\/strong><br>La ville de Pomp\u00e9i est situ\u00e9e au sud de l\u2019Italie, dans la baie de Naples. Sa formation date du tournant des VIIe-VIe si\u00e8cle av. J.-C. Devenue une ville samnite \u00e0 la fin du Ve si\u00e8cle, elle se romanise progressivement \u00e0 partir de la conqu\u00eate de la Campanie par Rome, avant de devenir une colonie romaine en 80 av. J.-C. En 79 apr. J.-C., elle est largement ensevelie lors de l\u2019\u00e9ruption du V\u00e9suve.<\/p>\n\n\n\n<p class=\"has-small-font-size\">D\u00e8s l\u2019\u00e9poque samnite, plusieurs n\u00e9cropoles sont attest\u00e9es, dont l\u2019une a \u00e9t\u00e9 rep\u00e9r\u00e9e dans le secteur de la Porte d\u2019Herculanum. Cette partie de la ville a continu\u00e9 \u00e0 se voir doter d\u2019un usage fun\u00e9raire jusqu\u2019\u00e0 l\u2019ensevelissement de la ville. De tr\u00e8s nombreux tombeaux bordent encore la voie. La particularit\u00e9 r\u00e9side ici dans le fait que les morts cohabitent \u00e9troitement avec les vivants&nbsp;: plusieurs habitats sont connus, qu\u2019il s\u2019agisse de la Villa des colonnes \u00e0 mosa\u00efques, de la Villa de Cic\u00e9ron ou bien encore de la Villa de Diom\u00e8de. A ces unit\u00e9s d\u2019habitations sont en outre associ\u00e9s divers ateliers, lieux de production ou boutiques, dont certaines \u00e9taient encore en fonction au moment de l\u2019\u00e9ruption.<\/p>\n\n\n\n<p class=\"has-small-font-size\"><strong>Historique des recherches<\/strong><br>La n\u00e9cropole de la Porte d\u2019Herculanum a \u00e9t\u00e9 l\u2019un des premiers secteurs de Pomp\u00e9i \u00e0 \u00eatre d\u00e9gag\u00e9. Certaines villas sont mises au jour et publi\u00e9es d\u00e8s le XVIIIe si\u00e8cle. Les tombeaux sont \u00e9galement rapidement identifi\u00e9s et de publications plus ou moins r\u00e9centes leur ont \u00e9t\u00e9 consacr\u00e9es sous forme d\u2019articles ou de synth\u00e8ses. La pr\u00e9sence de tombes samnites est reconnue d\u00e8s la seconde moiti\u00e9 du XIXe si\u00e8cle, et d\u2019autres d\u00e9couvertes sont intervenues au cours du XXe si\u00e8cle.<\/p>\n\n\n\n<p class=\"has-small-font-size\">En d\u00e9finitive, il s\u2019agit d\u2019une zone assez bien document\u00e9e dont nous pouvons suivre l\u2019\u00e9volution dans les grandes lignes. Pour autant, une \u00e9tude de d\u00e9tail reste \u00e0 effectuer. Un nouveau projet a donc \u00e9t\u00e9 lanc\u00e9 en 2012. Il se focalise plus particuli\u00e8rement sur l\u2019articulation entre les zones \u00e0 vocations fun\u00e9raires et celles utilis\u00e9es \u00e0 des fins productives ou commerciales. Il permettra \u00e9galement de pr\u00e9ciser la fonction impartie \u00e0 chacun de ces espaces et, dans la mesure du possible, d\u2019en d\u00e9terminer le statut l\u00e9gal&nbsp;: la pr\u00e9sence de nombreuses inscriptions associ\u00e9es aux tombeaux permet en effet d\u2019obtenir de pr\u00e9cieuses informations sur l\u2019identit\u00e9 des propri\u00e9taires.<\/p>\n\n\n\n<div class=\"wp-block-separator has-alpha-channel-opacity is-style-wide\" style=\"margin-top:var(--wp--preset--spacing--60);margin-bottom:var(--wp--preset--spacing--60)\"><\/div>\n\n\n\n<div class=\"wp-block-columns is-layout-flex wp-container-core-columns-is-layout-9d6595d7 wp-block-columns-is-layout-flex\">\n<div class=\"wp-block-column is-layout-flow wp-block-column-is-layout-flow\">\n<p class=\"has-small-font-size\"><strong>Partenaires<\/strong> <br>\u00c9cole Fran\u00e7aise de Rome<br>Minist\u00e8re des Affaires \u00c9trang\u00e8res et du D\u00e9veloppement International<br>CNRS<br>Centre Camille Jullian<br>Centre Jean B\u00e9rard<br>Universit\u00e9 de Rouen<br>Universit\u00e9 de Paris-Est<br>Soci\u00e9t\u00e9s CmD2 et Artfusion<\/p>\n<\/div>\n\n\n\n<div class=\"wp-block-column is-layout-flow wp-block-column-is-layout-flow\"><\/div>\n\n\n\n<div class=\"wp-block-column is-layout-flow wp-block-column-is-layout-flow\">\n<p class=\"has-theme-palette-11-color has-text-color has-link-color has-small-font-size wp-elements-41df45dcf9aed40c140bfd5e9999d548\"><strong>Liens<\/strong> :<br><a href=\"https:\/\/cefr.revues.org\/1581\" target=\"_blank\" rel=\"noreferrer noopener\">\u00c9cole fran\u00e7aise de Rome<\/a><br><a href=\"http:\/\/www.efrome.it\/en\/research\/research-themes\/program-detail\/detail\/organisation-gestion-et-transformations-dune-zone-suburbaine-le-secteur-de-la-porte-dhercul.html\" target=\"_blank\" rel=\"noreferrer noopener\">Pr\u00e9sentation officielle<\/a><\/p>\n<\/div>\n<\/div>\n\n\n\n<div class=\"wp-block-separator has-alpha-channel-opacity is-style-wide\" style=\"margin-top:var(--wp--preset--spacing--60);margin-bottom:var(--wp--preset--spacing--60)\"><\/div>\n\n\n\n<h2 class=\"wp-block-heading\">Campagnes <\/h2>\n\n\n<ul style=\"padding-top:0;padding-bottom:0;padding-left:0;padding-right:0;\" class=\"wp-block-latest-posts__list is-grid columns-4 has-link-color wp-elements-27a0f2cdc921f7fbc2c16584c42bafb2 wp-block-latest-posts has-text-color has-theme-palette-12-color has-small-font-size\"><li><div class=\"wp-block-latest-posts__featured-image\"><a href=\"https:\/\/eveha-international.com\/?p=1113\" aria-label=\"Pompei &#8211; Porta Ercolano &#8211; 2015\"><img loading=\"lazy\" decoding=\"async\" width=\"770\" height=\"485\" src=\"https:\/\/eveha-international.com\/wp-content\/uploads\/2017\/02\/porta_ercolano_2015_small.jpg\" class=\"attachment-large size-large wp-post-image\" alt=\"\" style=\"\" srcset=\"https:\/\/eveha-international.com\/wp-content\/uploads\/2017\/02\/porta_ercolano_2015_small.jpg 770w, https:\/\/eveha-international.com\/wp-content\/uploads\/2017\/02\/porta_ercolano_2015_small-300x189.jpg 300w\" sizes=\"auto, (max-width: 770px) 100vw, 770px\" \/><\/a><\/div><a class=\"wp-block-latest-posts__post-title\" href=\"https:\/\/eveha-international.com\/?p=1113\">Pompei &#8211; Porta Ercolano &#8211; 2015<\/a><\/li>\n<li><div class=\"wp-block-latest-posts__featured-image\"><a href=\"https:\/\/eveha-international.com\/?p=1119\" aria-label=\"Pompei &#8211; Porta Ercolano &#8211; 2016\"><img loading=\"lazy\" decoding=\"async\" width=\"770\" height=\"485\" src=\"https:\/\/eveha-international.com\/wp-content\/uploads\/2017\/02\/porta_nocera_2016_small.jpg\" class=\"attachment-large size-large wp-post-image\" alt=\"\" style=\"\" srcset=\"https:\/\/eveha-international.com\/wp-content\/uploads\/2017\/02\/porta_nocera_2016_small.jpg 770w, https:\/\/eveha-international.com\/wp-content\/uploads\/2017\/02\/porta_nocera_2016_small-300x189.jpg 300w\" sizes=\"auto, (max-width: 770px) 100vw, 770px\" \/><\/a><\/div><a class=\"wp-block-latest-posts__post-title\" href=\"https:\/\/eveha-international.com\/?p=1119\">Pompei &#8211; Porta Ercolano &#8211; 2016<\/a><\/li>\n<\/ul>","protected":false},"excerpt":{"rendered":"<p>Un topographe d&rsquo;\u00c9veha International participe au projet d&rsquo;\u00e9tude de la Porte d&rsquo;Herculanum \u00e0 Pomp\u00e9i. L&rsquo;\u00e9quipe est dirig\u00e9e par S. Zanella (Paris I\/Coll\u00e8ge de France, L. Cavasa (CNRS, Universit\u00e9 Aix-Marseille), N. Laubry (Universit\u00e9 de Cr\u00e9teil), N. Monteix (Universit\u00e9 de Rouen). DirectionSandra Zanella&nbsp;(Universit\u00e9 de Paris I \/ Coll\u00e8ge de France)La\u00ebtitia Cavassa&nbsp;(UMR 7299 Centre Camille Jullian, CNRS, Aix&#8230;<\/p>\n","protected":false},"author":4,"featured_media":3914,"parent":7,"menu_order":0,"comment_status":"closed","ping_status":"closed","template":"","meta":{"inline_featured_image":false,"_kad_post_transparent":"","_kad_post_title":"","_kad_post_layout":"","_kad_post_sidebar_id":"","_kad_post_content_style":"","_kad_post_vertical_padding":"","_kad_post_feature":"","_kad_post_feature_position":"","_kad_post_header":false,"_kad_post_footer":false,"_kad_post_classname":"","footnotes":""},"class_list":["post-3913","page","type-page","status-publish","has-post-thumbnail","hentry"],"_links":{"self":[{"href":"https:\/\/eveha-international.com\/index.php?rest_route=\/wp\/v2\/pages\/3913","targetHints":{"allow":["GET"]}}],"collection":[{"href":"https:\/\/eveha-international.com\/index.php?rest_route=\/wp\/v2\/pages"}],"about":[{"href":"https:\/\/eveha-international.com\/index.php?rest_route=\/wp\/v2\/types\/page"}],"author":[{"embeddable":true,"href":"https:\/\/eveha-international.com\/index.php?rest_route=\/wp\/v2\/users\/4"}],"replies":[{"embeddable":true,"href":"https:\/\/eveha-international.com\/index.php?rest_route=%2Fwp%2Fv2%2Fcomments&post=3913"}],"version-history":[{"count":4,"href":"https:\/\/eveha-international.com\/index.php?rest_route=\/wp\/v2\/pages\/3913\/revisions"}],"predecessor-version":[{"id":3919,"href":"https:\/\/eveha-international.com\/index.php?rest_route=\/wp\/v2\/pages\/3913\/revisions\/3919"}],"up":[{"embeddable":true,"href":"https:\/\/eveha-international.com\/index.php?rest_route=\/wp\/v2\/pages\/7"}],"wp:featuredmedia":[{"embeddable":true,"href":"https:\/\/eveha-international.com\/index.php?rest_route=\/wp\/v2\/media\/3914"}],"wp:attachment":[{"href":"https:\/\/eveha-international.com\/index.php?rest_route=%2Fwp%2Fv2%2Fmedia&parent=3913"}],"curies":[{"name":"wp","href":"https:\/\/api.w.org\/{rel}","templated":true}]}}