{"id":3935,"date":"2026-01-15T14:40:53","date_gmt":"2026-01-15T13:40:53","guid":{"rendered":"https:\/\/eveha-international.com\/?page_id=3935"},"modified":"2026-01-15T14:50:41","modified_gmt":"2026-01-15T13:50:41","slug":"mission-archeologique-du-sud-est-jordanien-masej","status":"publish","type":"page","link":"https:\/\/eveha-international.com\/?page_id=3935","title":{"rendered":"Mission Arch\u00e9ologique du Sud-Est Jordanien (MASEJ)"},"content":{"rendered":"\n<p class=\"has-text-align-left has-small-font-size\">Eveha International participe \u00e0 la Mission Arch\u00e9ologique du Sud-Est Jordanien, dirig\u00e9e par Wael Abu-Azizeh (CNRS, Arch\u00e9orient \u2013 UMR 5133) et Mohammad Tarawneh (Al-Hussein Bin Talal University, P\u00e9tra\/Wadi Mussa). Cette mission est plac\u00e9e sous l\u2019\u00e9gide du Minist\u00e8re des Affaires \u00c9trang\u00e8res et du D\u00e9veloppement International.<\/p>\n\n\n\n<div class=\"wp-block-separator has-alpha-channel-opacity is-style-wide\" style=\"margin-top:var(--wp--preset--spacing--40);margin-bottom:var(--wp--preset--spacing--40)\"><\/div>\n\n\n\n<div class=\"wp-block-columns is-layout-flex wp-container-core-columns-is-layout-9d6595d7 wp-block-columns-is-layout-flex\">\n<div class=\"wp-block-column is-layout-flow wp-block-column-is-layout-flow\">\n<h6 class=\"wp-block-heading has-theme-palette-12-color has-text-color has-link-color has-small-font-size wp-elements-8d6c9b5e60b15c08b5fedf224cbce8f9\">Direction<br><strong>Wael Abu-Azizeh<\/strong>&nbsp;(CNRS, Arch\u00e9orient \u2013 UMR 5133)<br><strong>Mohammad Tarawneh<\/strong>&nbsp;(Al-Hussein Bin Talal University)<\/h6>\n<\/div>\n\n\n\n<div class=\"wp-block-column is-layout-flow wp-block-column-is-layout-flow\">\n<p class=\"has-small-font-size\"><strong>Participation d&rsquo;\u00c9veha<br><\/strong>Fouilles arch\u00e9ologiques<\/p>\n<\/div>\n\n\n\n<div class=\"wp-block-column is-layout-flow wp-block-column-is-layout-flow\">\n<p class=\"has-small-font-size\"><strong>Localisation<\/strong> <br>Jordanie<\/p>\n<\/div>\n<\/div>\n\n\n\n<div class=\"wp-block-separator has-text-color has-theme-palette-12-color has-alpha-channel-opacity has-theme-palette-12-background-color has-background is-style-wide\" style=\"margin-top:var(--wp--preset--spacing--60);margin-bottom:var(--wp--preset--spacing--60)\"><\/div>\n\n\n\n<p class=\"has-small-font-size\"><strong>Localisation et r\u00e9sum\u00e9 historique<\/strong><br>Le programme scientifique de la Mission Arch\u00e9ologique du Sud-Est Jordanien (MASEJ) porte sur l\u2019\u00e9tude du d\u00e9veloppement de l\u2019occupation humaine dans les marges d\u00e9sertiques du Proche-Orient, hors du \u00ab&nbsp;Croissant fertile&nbsp;\u00bb, au cours de la Pr\u00e9histoire r\u00e9cente (du N\u00e9olithique \u00e0 la fin de la p\u00e9riode du Bronze ancien). Bien que les r\u00e9gions de marges d\u00e9sertiques aient \u00e9t\u00e9 consid\u00e9r\u00e9es pendant longtemps comme totalement d\u00e9pourvues de restes arch\u00e9ologiques, les recherches pionni\u00e8res effectu\u00e9es dans le D\u00e9sert Noir de basalte du nord-est jordanien d\u2019une part, ainsi que celles dans le Sina\u00ef\/N\u00e9guev d\u2019autre part ont r\u00e9v\u00e9l\u00e9 une importante occupation humaine protohistorique. Ces travaux pr\u00e9curseurs ont abouti \u00e0 l\u2019\u00e9laboration de diff\u00e9rentes hypoth\u00e8ses et th\u00e9ories, parfois contradictoires, notamment sur la question des origines et du d\u00e9veloppement du pastoralisme nomade dans les marges d\u00e9sertiques. Ce mode de subsistance reste jusqu\u2019\u00e0 nos jours le mode principal d\u2019acquisition et de gestion des ressources animales dans ces r\u00e9gions. Alors que ces deux zones \u00e9taient consid\u00e9r\u00e9es comme des \u00ab&nbsp;enclaves&nbsp;\u00bb quasi ind\u00e9pendantes en marge du \u00ab&nbsp;Croissant fertile&nbsp;\u00bb, l\u2019abondance des traces arch\u00e9ologiques identifi\u00e9es lors des phases pr\u00e9liminaires de recherche dans le cadre de la MASEJ appelle \u00e0 une profonde remise en cause des mod\u00e8les interpr\u00e9tatifs propos\u00e9s jusqu\u2019ici.<br>Ce programme de terrain vise \u00e0 exploiter le potentiel consid\u00e9rable du sud-est jordanien, une zone actuellement hyper-aride et recul\u00e9e, pour une recherche globale sur le processus de N\u00e9olithisation dans les marges d\u00e9sertiques du Levant sud et sa diffusion dans la p\u00e9ninsule Arabique.<br>La MASEJ m\u00e8ne une recherche englobant les aspects socio-culturels, \u00e9conomiques, \u00e9cologiques et pal\u00e9oenvironnementaux qui ont pu interagir dans cette conqu\u00eate de nouveaux territoires au cours de la Pr\u00e9histoire r\u00e9cente.<\/p>\n\n\n\n<p class=\"has-small-font-size\"><strong>Historique des recherches<\/strong><br>La MASEJ a \u00e9t\u00e9 \u00e9tablie en 2012 dans le cadre d\u2019une coop\u00e9ration scientifique instaur\u00e9e pr\u00e9alablement avec l\u2019Institut Fran\u00e7ais du Proche-Orient (Ifpo-Amman) et la Facult\u00e9 d\u2019Arch\u00e9ologie de l\u2019Universit\u00e9 al-Hussein Bin Talal (AHU, Ma\u2019an \u2013 Jordanie). Elle fait suite \u00e0 l\u2019\u00e9tude pr\u00e9liminaire d\u2019une micro-r\u00e9gion, dans un secteur d\u00e9sertique totalement inexplor\u00e9 jusqu\u2019alors (campagnes de prospections et de sondages arch\u00e9ologiques dans le secteur de Al-Thulaythuwat, 2007 et 2008). En 2012, la coop\u00e9ration avec l\u2019AHU a pris une dimension scientifique plus large, donnant \u00e0 la MASEJ sa forme actuelle, en s\u2019attachant \u00e0 l\u2019\u00e9tude des deux r\u00e9gions \u00e9tendues que constituent la zone m\u00e9ridionale (Zone 1) et la zone orientale du bassin d\u2019al-Jafr (Zone 2). La MASEJ effectue des campagnes de terrain de prospections et de fouilles arch\u00e9ologiques dans les deux r\u00e9gions, dans une approche \u00e0 la fois compl\u00e9mentaire et comparative. Elle implique une participation de chercheurs locaux de l\u2019universit\u00e9 aux op\u00e9rations de terrain.<br>Financ\u00e9e depuis 2012 par des appels d\u2019offres successifs du CNRS ainsi que par l\u2019AHU, la mission a pris depuis 2016 une dimension enti\u00e8rement nouvelle, gr\u00e2ce au financement quadriennal obtenu du Minist\u00e8re des Affaires Etrang\u00e8res et du D\u00e9veloppement International (MAEDI). Elle pr\u00e9sente une dimension interdisciplinaire, gr\u00e2ce \u00e0 une s\u00e9rie de collaborations scientifiques internationales \u00e9tablies dans les domaines de la g\u00e9o-arch\u00e9ologie et de l\u2019\u00e9tude environnementale, de la g\u00e9ographie, de l\u2019arch\u00e9obotanique, de l\u2019arch\u00e9ozoologie, de l\u2019anthropologie fun\u00e9raire, ou encore de l\u2019\u00e9tude de la culture mat\u00e9rielle et du mobilier lithique. Dans sa nouvelle forme, qui permet de se projeter sur une p\u00e9riode de quatre ann\u00e9es de travail (2016-2019), la MASEJ et l\u2019\u00e9quipe interdisciplinaire qu\u2019elle f\u00e9d\u00e8re constituent une structure solide pour d\u00e9velopper une recherche sur les th\u00e9matiques d\u00e9finies pour ce programme scientifique.<br>La diversit\u00e9 des types de restes structurels identifi\u00e9s et \u00e9tudi\u00e9s par la MASEJ (traces d\u2019occupation en campements plus ou moins temporaires, restes d\u2019exploitation des ressources min\u00e9rales, cairns et construction fun\u00e9raires m\u00e9galithiques, structures de pi\u00e8ges pour la chasse d\u2019animaux sauvages, \u2026) permet l\u2019\u00e9tude d\u2019une multitude d\u2019aspects en lien avec cette conqu\u00eate des territoires hors du \u00ab&nbsp;Croissant fertile&nbsp;\u00bb. Si c\u2019est initialement sur les phases plus r\u00e9centes du Chalcolithique et du Bronze ancien que l\u2019accent \u00e9tait mis, avec la question de l\u2019essor du pastoralisme nomade comme fil conducteur, les r\u00e9sultats obtenus r\u00e9cemment dans le cadre de la MASEJ ont permis de r\u00e9v\u00e9ler l\u2019existence d\u2019une phase de d\u00e9veloppement local du N\u00e9olithique, qui faisait encore d\u00e9faut pour cette r\u00e9gion. Cette occupation, associ\u00e9e \u00e0 un mode de subsistance tr\u00e8s sp\u00e9cialis\u00e9 en lien avec l\u2019utilisation de mega-structures sophistiqu\u00e9es destin\u00e9es \u00e0 la chasse de masse (Desert Kites), met en lumi\u00e8re des trajectoires de d\u00e9veloppement jusqu\u2019ici insoup\u00e7onn\u00e9es dans le processus de n\u00e9olithisation de ces r\u00e9gions.<\/p>\n\n\n\n<div class=\"wp-block-separator has-alpha-channel-opacity is-style-wide\" style=\"margin-top:var(--wp--preset--spacing--60);margin-bottom:var(--wp--preset--spacing--60)\"><\/div>\n\n\n\n<div class=\"wp-block-columns is-layout-flex wp-container-core-columns-is-layout-9d6595d7 wp-block-columns-is-layout-flex\">\n<div class=\"wp-block-column is-layout-flow wp-block-column-is-layout-flow\">\n<p class=\"has-small-font-size\"><strong>Partenaires<\/strong> <br>Minist\u00e8re des Affaires Etrang\u00e8res et du D\u00e9veloppement International<br>D\u00e9partement des Antiquit\u00e9s de Jordanie<br>CNRS, Arch\u00e9orient \u2013 UMR 5133<br>Universit\u00e9 Lumi\u00e8re Lyon 2<br>Al-Hussein Bin Talal University <br>(P\u00e9tra\/ Wadi Mussa, Jordanie)<br>Institut Fran\u00e7ais du Proche-Orient<\/p>\n<\/div>\n\n\n\n<div class=\"wp-block-column is-layout-flow wp-block-column-is-layout-flow\"><\/div>\n\n\n\n<div class=\"wp-block-column is-layout-flow wp-block-column-is-layout-flow\">\n<p class=\"has-theme-palette-11-color has-text-color has-link-color has-small-font-size wp-elements-2ae06839ce4e2ae7350d1382d0c95942\"><strong>Liens<\/strong> :<br><a href=\"https:\/\/archeorient.hypotheses.org\/5761\" target=\"_blank\" rel=\"noreferrer noopener\">Pr\u00e9sentation Arch\u00e9orient<\/a><br><a href=\"https:\/\/sebapjordan.com\/\" target=\"_blank\" rel=\"noreferrer noopener\">Site weg officiel<\/a><\/p>\n<\/div>\n<\/div>\n\n\n\n<div class=\"wp-block-separator has-alpha-channel-opacity is-style-wide\" style=\"margin-top:var(--wp--preset--spacing--60);margin-bottom:var(--wp--preset--spacing--60)\"><\/div>\n\n\n\n<h2 class=\"wp-block-heading\">Campagnes <\/h2>\n\n\n<ul style=\"padding-top:0;padding-bottom:0;padding-left:0;padding-right:0;\" class=\"wp-block-latest-posts__list is-grid columns-4 has-link-color wp-elements-a75dfcea4984bbcc5a8130b1941ea05e wp-block-latest-posts has-text-color has-theme-palette-12-color has-small-font-size\"><li><div class=\"wp-block-latest-posts__featured-image\"><a href=\"https:\/\/eveha-international.com\/?p=1085\" aria-label=\"MASEJ &#8211; 2016\"><img loading=\"lazy\" decoding=\"async\" width=\"770\" height=\"485\" src=\"https:\/\/eveha-international.com\/wp-content\/uploads\/2017\/01\/masej_2016_small.jpg\" class=\"attachment-large size-large wp-post-image\" alt=\"\" style=\"\" srcset=\"https:\/\/eveha-international.com\/wp-content\/uploads\/2017\/01\/masej_2016_small.jpg 770w, https:\/\/eveha-international.com\/wp-content\/uploads\/2017\/01\/masej_2016_small-300x189.jpg 300w\" sizes=\"auto, (max-width: 770px) 100vw, 770px\" \/><\/a><\/div><a class=\"wp-block-latest-posts__post-title\" href=\"https:\/\/eveha-international.com\/?p=1085\">MASEJ &#8211; 2016<\/a><\/li>\n<\/ul>\n\n\n<p><\/p>\n","protected":false},"excerpt":{"rendered":"<p>Eveha International participe \u00e0 la Mission Arch\u00e9ologique du Sud-Est Jordanien, dirig\u00e9e par Wael Abu-Azizeh (CNRS, Arch\u00e9orient \u2013 UMR 5133) et Mohammad Tarawneh (Al-Hussein Bin Talal University, P\u00e9tra\/Wadi Mussa). Cette mission est plac\u00e9e sous l\u2019\u00e9gide du Minist\u00e8re des Affaires \u00c9trang\u00e8res et du D\u00e9veloppement International. DirectionWael Abu-Azizeh&nbsp;(CNRS, Arch\u00e9orient \u2013 UMR 5133)Mohammad Tarawneh&nbsp;(Al-Hussein Bin Talal University) Participation d&rsquo;\u00c9vehaFouilles&#8230;<\/p>\n","protected":false},"author":4,"featured_media":3937,"parent":7,"menu_order":0,"comment_status":"closed","ping_status":"closed","template":"","meta":{"inline_featured_image":false,"_kad_post_transparent":"","_kad_post_title":"","_kad_post_layout":"","_kad_post_sidebar_id":"","_kad_post_content_style":"","_kad_post_vertical_padding":"","_kad_post_feature":"","_kad_post_feature_position":"","_kad_post_header":false,"_kad_post_footer":false,"_kad_post_classname":"","footnotes":""},"class_list":["post-3935","page","type-page","status-publish","has-post-thumbnail","hentry"],"_links":{"self":[{"href":"https:\/\/eveha-international.com\/index.php?rest_route=\/wp\/v2\/pages\/3935","targetHints":{"allow":["GET"]}}],"collection":[{"href":"https:\/\/eveha-international.com\/index.php?rest_route=\/wp\/v2\/pages"}],"about":[{"href":"https:\/\/eveha-international.com\/index.php?rest_route=\/wp\/v2\/types\/page"}],"author":[{"embeddable":true,"href":"https:\/\/eveha-international.com\/index.php?rest_route=\/wp\/v2\/users\/4"}],"replies":[{"embeddable":true,"href":"https:\/\/eveha-international.com\/index.php?rest_route=%2Fwp%2Fv2%2Fcomments&post=3935"}],"version-history":[{"count":6,"href":"https:\/\/eveha-international.com\/index.php?rest_route=\/wp\/v2\/pages\/3935\/revisions"}],"predecessor-version":[{"id":5258,"href":"https:\/\/eveha-international.com\/index.php?rest_route=\/wp\/v2\/pages\/3935\/revisions\/5258"}],"up":[{"embeddable":true,"href":"https:\/\/eveha-international.com\/index.php?rest_route=\/wp\/v2\/pages\/7"}],"wp:featuredmedia":[{"embeddable":true,"href":"https:\/\/eveha-international.com\/index.php?rest_route=\/wp\/v2\/media\/3937"}],"wp:attachment":[{"href":"https:\/\/eveha-international.com\/index.php?rest_route=%2Fwp%2Fv2%2Fmedia&parent=3935"}],"curies":[{"name":"wp","href":"https:\/\/api.w.org\/{rel}","templated":true}]}}