{"id":3951,"date":"2026-01-15T14:51:46","date_gmt":"2026-01-15T13:51:46","guid":{"rendered":"https:\/\/eveha-international.com\/?page_id=3951"},"modified":"2026-01-15T14:56:24","modified_gmt":"2026-01-15T13:56:24","slug":"dendara","status":"publish","type":"page","link":"https:\/\/eveha-international.com\/?page_id=3951","title":{"rendered":"Dendara"},"content":{"rendered":"\n<div class=\"wp-block-columns is-layout-flex wp-container-core-columns-is-layout-9d6595d7 wp-block-columns-is-layout-flex\">\n<div class=\"wp-block-column is-layout-flow wp-block-column-is-layout-flow\">\n<h6 class=\"wp-block-heading has-theme-palette-12-color has-text-color has-link-color has-small-font-size wp-elements-49893cd9e5de3931ec5795f378e52f70\">Direction<br><strong>Yann Tristant<\/strong>\u00a0(Senior Lecturer, Macquarie University, Sydney, Australie)<\/h6>\n<\/div>\n\n\n\n<div class=\"wp-block-column is-layout-flow wp-block-column-is-layout-flow\">\n<p class=\"has-small-font-size\"><strong>Participation d&rsquo;\u00c9veha<br><\/strong>Arch\u00e9o-anthropologie<\/p>\n<\/div>\n\n\n\n<div class=\"wp-block-column is-layout-flow wp-block-column-is-layout-flow\">\n<p class=\"has-small-font-size\"><strong>Localisation<\/strong> <br>\u00c9gypte<\/p>\n<\/div>\n<\/div>\n\n\n\n<div class=\"wp-block-separator has-text-color has-theme-palette-12-color has-alpha-channel-opacity has-theme-palette-12-background-color has-background is-style-wide\" style=\"margin-top:var(--wp--preset--spacing--60);margin-bottom:var(--wp--preset--spacing--60)\"><\/div>\n\n\n\n<p class=\"has-small-font-size\"><strong>Localisation et r\u00e9sum\u00e9 historique<\/strong><br>Situ\u00e9e sur la rive ouest du Nil et en bordure du d\u00e9sert, Dendara est une petite ville qui se trouve \u00e0 environ 65 km au nord de Louxor. Cette ville autrefois connue sous le nom de Nikentori ou Tantere, fut la capitale du 6e nome de Haute-\u00c9gypte, le nome \u201cdu crocodile\u201d. Bien que la n\u00e9cropole de la cit\u00e9 et les textes antiques attestent une occupation continue d\u00e8s la p\u00e9riode protodynastique, le site est aujourd\u2019hui surtout connu pour son temple gr\u00e9co-romain d\u00e9di\u00e9 \u00e0 la d\u00e9esse Hathor et dont le plafond orn\u00e9 d\u2019un zodiaque est unique en \u00c9gypte. Il semble que P\u00e9pi Ier soit \u00e0 l\u2019origine de la construction de la partie la plus ancienne de ce complexe architectural qui fut par la suite reconstruit et restaur\u00e9 plusieurs fois jusqu\u2019aux derniers Ptol\u00e9m\u00e9es. C\u2019est aux empereurs romains qu\u2019on doit le temple actuel ainsi que le mammisi connu sous le nom de \u00ab\u00a0temple de la naissance d\u2019Isis\u00a0\u00bb, pr\u00e8s de la grande porte de l\u2019Est. Une \u00e9glise copte probablement construite au V\u00e8me si\u00e8cle se trouve dans le secteur du mammisi. La ville arabe moderne est construite sur l\u2019ancien site de Ta-ynt-netert, qui signifie \u00ab\u00a0Elle du Pilier Divin\u00a0\u00bb. Dendara correspond donc \u00e0 un vaste ensemble dont l\u2019enceinte renferme des monuments construits \u00e0 diff\u00e9rentes \u00e9poques. La n\u00e9cropole s\u2019\u00e9tend sur une vaste bande d\u00e9sertique au sud du temple d\u2019environ 2 km de long d\u2019est en ouest sur 500 \u00e0 700 m de large du nord au sud, soit plus d\u2019une centaine d\u2019hectares.<\/p>\n\n\n\n<p class=\"has-small-font-size\"><strong>Historique des recherches<\/strong><br>Depuis la red\u00e9couverte du site par l\u2019exp\u00e9dition de Bonaparte en 1798, la plupart des travaux de recherche se sont concentr\u00e9s sur le temple et son enceinte. Le grand cimeti\u00e8re a longtemps \u00e9t\u00e9 d\u00e9laiss\u00e9. Partiellement fouill\u00e9e par Flinders Petrie en 1898 pour le compte de l\u2019Egypt Exploration Fund (Petrie 1900), puis par Clarence Fisher de 1913 \u00e0 1917, pour le mus\u00e9e de l\u2019universit\u00e9 de Pennsylvanie (Fischer 1968\u00a0; Slater 1974), cette vaste zone s\u00e9pulcrale a ensuite \u00e9t\u00e9 \u00ab\u00a0oubli\u00e9e\u00a0\u00bb de la recherche arch\u00e9ologique pendant pr\u00e8s d\u2019un si\u00e8cle. Pourtant, il s\u2019agit d\u2019un ensemble impressionnant\u00a0: plus de 2000 tombes ont \u00e9t\u00e9 mises au jour \u00e0 Dendara, couvrant un spectre chronologique tr\u00e8s large. Les datations s\u2019\u00e9chelonnent entre la p\u00e9riode protodynastique (d\u00e9but du 3e mill\u00e9naire av. J.-C.) et la p\u00e9riode ptol\u00e9ma\u00efque (Ier si\u00e8cle ap. J.-C.). Toutefois, l\u2019ensemble demeure mal connu et les r\u00e9sultats obtenus par les arch\u00e9ologues pr\u00e9c\u00e9dents restent dans une large mesure in\u00e9dits, publi\u00e9 uniquement dans des rapports pr\u00e9liminaires. Ce secteur est d\u00e9sormais menac\u00e9 par l\u2019avanc\u00e9e des cultures et du tissu urbain moderne qui rongent certains secteurs du site encore intacts. Pour toutes ces raisons, la reprise des recherches semblait indispensable. Conjointement aux projets de P. Zignani (CNRS\/IFAO) sur l\u2019architecture cultuelle et de G. Marouard (The Oriental Institute, Chicago) sur le d\u00e9veloppement urbain, le nouveau programme de recherche sur la n\u00e9cropole, initi\u00e9 en 2014 par Y. Tristant (Macquarie University, Sydney) en partenariat avec l\u2019IFAO, a pour but de reprendre l\u2019ensemble de la documentation disponible, de nettoyer les secteurs cl\u00e9s afin de mieux cerner les structures et le mobilier fun\u00e9raire d\u00e9couverts lors des \u00e9tudes anciennes, mais aussi de fouiller les parties encore inexplor\u00e9es pour compl\u00e9ter nos connaissances (Tristant 2014-2015).<\/p>\n\n\n\n<p class=\"has-small-font-size\"><strong>Bibliographie<\/strong><br>Fischer H.G. 1968,\u00a0<em>Dendara in the Third Millenium B.C. down to the Theban Domination of Egypt<\/em>, Gl\u00fcckstadt.<br>Petrie F. 1900,\u00a0<em>Dendereh<\/em>, ExcMem 17, Londres.<br>Slater A. 1974,\u00a0<em>The Archaeology of Dendereh in the First Intermediate Period<\/em>, University of Pennsylvania, th\u00e8se de doctorat.<br>Tristant Y. 2014-2015, Recherches sur la n\u00e9cropole de Dendara, dans Zignani P., Dendara\u00a0: architecture de l\u2019espace sacr\u00e9 et environnement. Rapport d\u2019activit\u00e9 de l\u2019Ifao.\u00a0<em>BIFAO<\/em>\u00a0114, p. 120-133.<\/p>\n\n\n\n<div class=\"wp-block-separator has-alpha-channel-opacity is-style-wide\" style=\"margin-top:var(--wp--preset--spacing--60);margin-bottom:var(--wp--preset--spacing--60)\"><\/div>\n\n\n\n<div class=\"wp-block-columns is-layout-flex wp-container-core-columns-is-layout-9d6595d7 wp-block-columns-is-layout-flex\">\n<div class=\"wp-block-column is-layout-flow wp-block-column-is-layout-flow\">\n<p class=\"has-small-font-size\"><strong>Partenaires<\/strong> <br>Institut fran\u00e7ais d\u2019arch\u00e9ologie orientale (IFAO),Le Caire<br>Macquarie University, Sydney<\/p>\n<\/div>\n\n\n\n<div class=\"wp-block-column is-layout-flow wp-block-column-is-layout-flow\"><\/div>\n\n\n\n<div class=\"wp-block-column is-layout-flow wp-block-column-is-layout-flow\">\n<p class=\"has-theme-palette-11-color has-text-color has-link-color has-small-font-size wp-elements-cce34134c87730582fa1105b3682b8bd\"><strong>Liens<\/strong> :<br><a href=\"http:\/\/www.mq.edu.au\/about\/about-the-university\/faculties-and-departments\/faculty-of-arts\/departments-and-centres\/department-of-ancient-history\" target=\"_blank\" rel=\"noreferrer noopener\">Macquarie University, Department of Ancient History<\/a><br><a href=\"http:\/\/www.ifao.egnet.net\/archeologie\/dendara\/\" target=\"_blank\" rel=\"noreferrer noopener\">Pr\u00e9sentation du projet\u00a0<\/a><\/p>\n<\/div>\n<\/div>\n\n\n\n<div class=\"wp-block-separator has-alpha-channel-opacity is-style-wide\" style=\"margin-top:var(--wp--preset--spacing--60);margin-bottom:var(--wp--preset--spacing--60)\"><\/div>\n\n\n\n<h2 class=\"wp-block-heading\">Campagnes <\/h2>\n\n\n<ul style=\"padding-top:0;padding-bottom:0;padding-left:0;padding-right:0;\" class=\"wp-block-latest-posts__list is-grid columns-4 has-link-color wp-elements-feec80a7ca03ceae6949287fb4aec795 wp-block-latest-posts has-text-color has-theme-palette-12-color has-small-font-size\"><li><div class=\"wp-block-latest-posts__featured-image\"><a href=\"https:\/\/eveha-international.com\/?p=1004\" aria-label=\"Dendara &#8211; 2015\"><img loading=\"lazy\" decoding=\"async\" width=\"770\" height=\"485\" src=\"https:\/\/eveha-international.com\/wp-content\/uploads\/2016\/12\/dendara_2015_small.jpg\" class=\"attachment-large size-large wp-post-image\" alt=\"\" style=\"\" srcset=\"https:\/\/eveha-international.com\/wp-content\/uploads\/2016\/12\/dendara_2015_small.jpg 770w, https:\/\/eveha-international.com\/wp-content\/uploads\/2016\/12\/dendara_2015_small-300x189.jpg 300w\" sizes=\"auto, (max-width: 770px) 100vw, 770px\" \/><\/a><\/div><a class=\"wp-block-latest-posts__post-title\" href=\"https:\/\/eveha-international.com\/?p=1004\">Dendara &#8211; 2015<\/a><\/li>\n<li><div class=\"wp-block-latest-posts__featured-image\"><a href=\"https:\/\/eveha-international.com\/?p=1306\" aria-label=\"Dendara &#8211; 2016\"><img loading=\"lazy\" decoding=\"async\" width=\"770\" height=\"485\" src=\"https:\/\/eveha-international.com\/wp-content\/uploads\/2017\/10\/dendara_2016_small.jpg\" class=\"attachment-large size-large wp-post-image\" alt=\"\" style=\"\" srcset=\"https:\/\/eveha-international.com\/wp-content\/uploads\/2017\/10\/dendara_2016_small.jpg 770w, https:\/\/eveha-international.com\/wp-content\/uploads\/2017\/10\/dendara_2016_small-300x189.jpg 300w\" sizes=\"auto, (max-width: 770px) 100vw, 770px\" \/><\/a><\/div><a class=\"wp-block-latest-posts__post-title\" href=\"https:\/\/eveha-international.com\/?p=1306\">Dendara &#8211; 2016<\/a><\/li>\n<li><div class=\"wp-block-latest-posts__featured-image\"><a href=\"https:\/\/eveha-international.com\/?p=1604\" aria-label=\"Dendara &#8211; 2017\"><img loading=\"lazy\" decoding=\"async\" width=\"770\" height=\"485\" src=\"https:\/\/eveha-international.com\/wp-content\/uploads\/2018\/10\/tanis_small_2017.jpg\" class=\"attachment-large size-large wp-post-image\" alt=\"\" style=\"\" srcset=\"https:\/\/eveha-international.com\/wp-content\/uploads\/2018\/10\/tanis_small_2017.jpg 770w, https:\/\/eveha-international.com\/wp-content\/uploads\/2018\/10\/tanis_small_2017-300x189.jpg 300w\" sizes=\"auto, (max-width: 770px) 100vw, 770px\" \/><\/a><\/div><a class=\"wp-block-latest-posts__post-title\" href=\"https:\/\/eveha-international.com\/?p=1604\">Dendara &#8211; 2017<\/a><\/li>\n<li><div class=\"wp-block-latest-posts__featured-image\"><a href=\"https:\/\/eveha-international.com\/?p=1876\" aria-label=\"Dendara &#8211; 2018\"><img loading=\"lazy\" decoding=\"async\" width=\"770\" height=\"485\" src=\"https:\/\/eveha-international.com\/wp-content\/uploads\/2019\/10\/dendara_18_small.jpg\" class=\"attachment-large size-large wp-post-image\" alt=\"\" style=\"\" srcset=\"https:\/\/eveha-international.com\/wp-content\/uploads\/2019\/10\/dendara_18_small.jpg 770w, https:\/\/eveha-international.com\/wp-content\/uploads\/2019\/10\/dendara_18_small-300x189.jpg 300w, https:\/\/eveha-international.com\/wp-content\/uploads\/2019\/10\/dendara_18_small-768x484.jpg 768w\" sizes=\"auto, (max-width: 770px) 100vw, 770px\" \/><\/a><\/div><a class=\"wp-block-latest-posts__post-title\" href=\"https:\/\/eveha-international.com\/?p=1876\">Dendara &#8211; 2018<\/a><\/li>\n<\/ul>","protected":false},"excerpt":{"rendered":"<p>DirectionYann Tristant\u00a0(Senior Lecturer, Macquarie University, Sydney, Australie) Participation d&rsquo;\u00c9vehaArch\u00e9o-anthropologie Localisation \u00c9gypte Localisation et r\u00e9sum\u00e9 historiqueSitu\u00e9e sur la rive ouest du Nil et en bordure du d\u00e9sert, Dendara est une petite ville qui se trouve \u00e0 environ 65 km au nord de Louxor. Cette ville autrefois connue sous le nom de Nikentori ou Tantere, fut la&#8230;<\/p>\n","protected":false},"author":4,"featured_media":3952,"parent":7,"menu_order":0,"comment_status":"closed","ping_status":"closed","template":"","meta":{"inline_featured_image":false,"_kad_post_transparent":"","_kad_post_title":"","_kad_post_layout":"","_kad_post_sidebar_id":"","_kad_post_content_style":"","_kad_post_vertical_padding":"","_kad_post_feature":"","_kad_post_feature_position":"","_kad_post_header":false,"_kad_post_footer":false,"_kad_post_classname":"","footnotes":""},"class_list":["post-3951","page","type-page","status-publish","has-post-thumbnail","hentry"],"_links":{"self":[{"href":"https:\/\/eveha-international.com\/index.php?rest_route=\/wp\/v2\/pages\/3951","targetHints":{"allow":["GET"]}}],"collection":[{"href":"https:\/\/eveha-international.com\/index.php?rest_route=\/wp\/v2\/pages"}],"about":[{"href":"https:\/\/eveha-international.com\/index.php?rest_route=\/wp\/v2\/types\/page"}],"author":[{"embeddable":true,"href":"https:\/\/eveha-international.com\/index.php?rest_route=\/wp\/v2\/users\/4"}],"replies":[{"embeddable":true,"href":"https:\/\/eveha-international.com\/index.php?rest_route=%2Fwp%2Fv2%2Fcomments&post=3951"}],"version-history":[{"count":2,"href":"https:\/\/eveha-international.com\/index.php?rest_route=\/wp\/v2\/pages\/3951\/revisions"}],"predecessor-version":[{"id":3955,"href":"https:\/\/eveha-international.com\/index.php?rest_route=\/wp\/v2\/pages\/3951\/revisions\/3955"}],"up":[{"embeddable":true,"href":"https:\/\/eveha-international.com\/index.php?rest_route=\/wp\/v2\/pages\/7"}],"wp:featuredmedia":[{"embeddable":true,"href":"https:\/\/eveha-international.com\/index.php?rest_route=\/wp\/v2\/media\/3952"}],"wp:attachment":[{"href":"https:\/\/eveha-international.com\/index.php?rest_route=%2Fwp%2Fv2%2Fmedia&parent=3951"}],"curies":[{"name":"wp","href":"https:\/\/api.w.org\/{rel}","templated":true}]}}