{"id":3958,"date":"2026-01-15T14:58:42","date_gmt":"2026-01-15T13:58:42","guid":{"rendered":"https:\/\/eveha-international.com\/?page_id=3958"},"modified":"2026-01-15T16:00:39","modified_gmt":"2026-01-15T15:00:39","slug":"dikili-tash","status":"publish","type":"page","link":"https:\/\/eveha-international.com\/?page_id=3958","title":{"rendered":"Dikili Tash"},"content":{"rendered":"\n<p class=\"has-text-align-left has-small-font-size\">Eveha international est associ\u00e9 aux campagnes d&rsquo;\u00e9tude du site pr\u00e9historique de Dikili Tash. <br>Ce projet est dirig\u00e9 par Pascal Darcque, Zo\u00ef Tsirtsoni (CNRS UMR 7041), Ha\u00efdo Koukouli-Chryssanthaki (\u00c9phore \u00e9m\u00e9rite au Minist\u00e8re grec de la Culture) et Dimitra Malamidou (Minist\u00e8re grec de la Culture).<\/p>\n\n\n\n<div class=\"wp-block-separator has-alpha-channel-opacity is-style-wide\" style=\"margin-top:var(--wp--preset--spacing--40);margin-bottom:var(--wp--preset--spacing--40)\"><\/div>\n\n\n\n<div class=\"wp-block-columns is-layout-flex wp-container-core-columns-is-layout-9d6595d7 wp-block-columns-is-layout-flex\">\n<div class=\"wp-block-column is-layout-flow wp-block-column-is-layout-flow\">\n<h6 class=\"wp-block-heading has-theme-palette-12-color has-text-color has-link-color has-small-font-size wp-elements-89ae88d194a0151734efbaea816c326f\">Direction<br><strong>Pascal Darcque<\/strong>&nbsp;(CNRS, UMR 7041)<br><strong>H. Koukouli-Chryssanthaki<\/strong>&nbsp;(\u00c9phore \u00e9merite des Antiquit\u00e9s)<br><strong>D. Malamidou<\/strong>&nbsp;(minist\u00e8re grec de la Culture)<br><strong>Z. Tsirtsoni<\/strong>&nbsp;(CNRS, UMR 7041)<\/h6>\n<\/div>\n\n\n\n<div class=\"wp-block-column is-layout-flow wp-block-column-is-layout-flow\">\n<p class=\"has-small-font-size\"><strong>Participation d&rsquo;\u00c9veha<br><\/strong>\u00c9tude, conservation et restauration du mat\u00e9riel et des vestiges b\u00e2tis en terre crue<\/p>\n<\/div>\n\n\n\n<div class=\"wp-block-column is-layout-flow wp-block-column-is-layout-flow\">\n<p class=\"has-small-font-size\"><strong>Localisation<\/strong> <br>Gr\u00e8ce<\/p>\n<\/div>\n<\/div>\n\n\n\n<div class=\"wp-block-separator has-text-color has-theme-palette-12-color has-alpha-channel-opacity has-theme-palette-12-background-color has-background is-style-wide\" style=\"margin-top:var(--wp--preset--spacing--60);margin-bottom:var(--wp--preset--spacing--60)\"><\/div>\n\n\n\n<p class=\"has-small-font-size\"><strong>Localisation et r\u00e9sum\u00e9 historique<\/strong><br>Le site de Dikili Tash se trouve en Gr\u00e8ce du Nord, dans la r\u00e9gion de Mac\u00e9doine orientale, dans le sud-est de la plaine de Drama. Il est situ\u00e9 \u00e0 environ 2 km des ruines de la ville antique de Philippes, \u00e0 proximit\u00e9 de Kavala.<br>Le site de Dikili Tash se pr\u00e9sente sous la forme d\u2019une grande colline artificielle. Le tell est constitu\u00e9 d\u2019une superposition de couches d\u2019occupation humaine, nombre d\u2019entre elles d\u00e9truites par des incendies qui les ont comme fossilis\u00e9es. Ce tell est l\u2019un des plus grands des Balkans, avec une hauteur de 17 m et une superficie \u00e0 sa base de 4 hectares.<br>Dikili Tash pr\u00e9sente un int\u00e9r\u00eat exceptionnel par la long\u00e9vit\u00e9 de son occupation, du 7e \u00e0 la fin du 2e mill\u00e9naire avant J.-C. Il s\u2019agit ainsi d\u2019un t\u00e9moignage de premier ordre pour comprendre les \u00e9volutions qui sont intervenues au cours de cette p\u00e9riode.<\/p>\n\n\n\n<p class=\"has-small-font-size\"><strong>Historique des recherches<\/strong><br>Identifi\u00e9 au d\u00e9but du 20e si\u00e8cle, le site de Dikili Tash a fait l\u2019objet de trois programmes de fouilles syst\u00e9matiques depuis 1961 dans le cadre d\u2019une collaboration entre l\u2019\u00c9cole fran\u00e7aise d\u2019Ath\u00e8nes et la Soci\u00e9t\u00e9 arch\u00e9ologique d\u2019Ath\u00e8nes, appuy\u00e9s par le Minist\u00e8re fran\u00e7ais des Affaires \u00e9trang\u00e8res et du D\u00e9veloppement international. Le premier programme, dirig\u00e9 par les professeurs J.&nbsp;Deshayes et D. Th\u00e9ocharis, s\u2019est d\u00e9roul\u00e9 de 1961 \u00e0 1975, tandis que le second programme, plac\u00e9 sous la direction du professeur R. Treuil et de l\u2019\u00e9phore des antiquit\u00e9s H. Koukouli-Chryssanthaki, a \u00e9t\u00e9 men\u00e9 entre 1986 et 2000.<br>Le troisi\u00e8me programme s\u2019est d\u00e9roul\u00e9 de 2008 \u00e0 2016. Il \u00e9tait plac\u00e9&nbsp;sous la direction conjointe de P.&nbsp;Darcque (directeur de recherches au CNRS), Z. Tsirtsoni (charg\u00e9e de recherche au CNRS), H. Koukouli-Chryssanthaki (\u00e9phore \u00e9m\u00e9rite des Antiquit\u00e9s) et D. Malamidou (arch\u00e9ologue au Minist\u00e8re grec de la Culture). Quatre campagnes de fouilles d\u2019une dur\u00e9e de cinq \u00e0 six semaines chacune (en 2008, 2010, 2012, 2013) ont altern\u00e9 avec des campagnes d\u2019\u00e9tude les ann\u00e9es interm\u00e9diaires (2009, 2011, 2014, 2015 et 2016).<\/p>\n\n\n\n<div class=\"wp-block-separator has-alpha-channel-opacity is-style-wide\" style=\"margin-top:var(--wp--preset--spacing--60);margin-bottom:var(--wp--preset--spacing--60)\"><\/div>\n\n\n\n<div class=\"wp-block-columns is-layout-flex wp-container-core-columns-is-layout-9d6595d7 wp-block-columns-is-layout-flex\">\n<div class=\"wp-block-column is-layout-flow wp-block-column-is-layout-flow\">\n<p class=\"has-small-font-size\"><strong>Partenaires<\/strong> <br>Soci\u00e9t\u00e9 arch\u00e9ologique d\u2019Ath\u00e8nes<br>\u00c9cole fran\u00e7aise d\u2019Ath\u00e8nes<br>Minist\u00e8re des Affaires \u00e9trang\u00e8res et du D\u00e9veloppement durable<br>Institute for Aegean Prehistory<\/p>\n<\/div>\n\n\n\n<div class=\"wp-block-column is-layout-flow wp-block-column-is-layout-flow\"><\/div>\n\n\n\n<div class=\"wp-block-column is-layout-flow wp-block-column-is-layout-flow\">\n<p class=\"has-theme-palette-11-color has-text-color has-link-color has-small-font-size wp-elements-1ce5d416729efb855d9bb0f371882d61\"><strong>Liens<\/strong> :<br><a href=\"http:\/\/www.dikili-tash.fr\/\" target=\"_blank\" rel=\"noreferrer noopener\">Site de pr\u00e9sentation<\/a><br><a href=\"http:\/\/www.mae.u-paris10.fr\/arscan\/Dikili-Tash-village-prehistorique.html\" target=\"_blank\" rel=\"noreferrer noopener\">Pr\u00e9sentation de la Mae<\/a><\/p>\n<\/div>\n<\/div>\n\n\n\n<div class=\"wp-block-separator has-alpha-channel-opacity is-style-wide\" style=\"margin-top:var(--wp--preset--spacing--60);margin-bottom:var(--wp--preset--spacing--60)\"><\/div>\n\n\n\n<h2 class=\"wp-block-heading\">Campagnes <\/h2>\n\n\n<ul style=\"padding-top:0;padding-bottom:0;padding-left:0;padding-right:0;\" class=\"wp-block-latest-posts__list is-grid columns-4 has-link-color wp-elements-0a014e95614ae81392e583318a62a28d wp-block-latest-posts has-text-color has-theme-palette-12-color has-small-font-size\"><li><div class=\"wp-block-latest-posts__featured-image\"><a href=\"https:\/\/eveha-international.com\/?p=979\" aria-label=\"Dikili Tash &#8211; 2015\"><img loading=\"lazy\" decoding=\"async\" width=\"770\" height=\"485\" src=\"https:\/\/eveha-international.com\/wp-content\/uploads\/2016\/10\/dikili_tash_2015_small.jpg\" class=\"attachment-large size-large wp-post-image\" alt=\"\" style=\"\" srcset=\"https:\/\/eveha-international.com\/wp-content\/uploads\/2016\/10\/dikili_tash_2015_small.jpg 770w, https:\/\/eveha-international.com\/wp-content\/uploads\/2016\/10\/dikili_tash_2015_small-300x189.jpg 300w\" sizes=\"auto, (max-width: 770px) 100vw, 770px\" \/><\/a><\/div><a class=\"wp-block-latest-posts__post-title\" href=\"https:\/\/eveha-international.com\/?p=979\">Dikili Tash &#8211; 2015<\/a><\/li>\n<\/ul>","protected":false},"excerpt":{"rendered":"<p>Eveha international est associ\u00e9 aux campagnes d&rsquo;\u00e9tude du site pr\u00e9historique de Dikili Tash. Ce projet est dirig\u00e9 par Pascal Darcque, Zo\u00ef Tsirtsoni (CNRS UMR 7041), Ha\u00efdo Koukouli-Chryssanthaki (\u00c9phore \u00e9m\u00e9rite au Minist\u00e8re grec de la Culture) et Dimitra Malamidou (Minist\u00e8re grec de la Culture). DirectionPascal Darcque&nbsp;(CNRS, UMR 7041)H. Koukouli-Chryssanthaki&nbsp;(\u00c9phore \u00e9merite des Antiquit\u00e9s)D. Malamidou&nbsp;(minist\u00e8re grec de la&#8230;<\/p>\n","protected":false},"author":4,"featured_media":3959,"parent":7,"menu_order":0,"comment_status":"closed","ping_status":"closed","template":"","meta":{"inline_featured_image":false,"_kad_post_transparent":"","_kad_post_title":"","_kad_post_layout":"","_kad_post_sidebar_id":"","_kad_post_content_style":"","_kad_post_vertical_padding":"","_kad_post_feature":"","_kad_post_feature_position":"","_kad_post_header":false,"_kad_post_footer":false,"_kad_post_classname":"","footnotes":""},"class_list":["post-3958","page","type-page","status-publish","has-post-thumbnail","hentry"],"_links":{"self":[{"href":"https:\/\/eveha-international.com\/index.php?rest_route=\/wp\/v2\/pages\/3958","targetHints":{"allow":["GET"]}}],"collection":[{"href":"https:\/\/eveha-international.com\/index.php?rest_route=\/wp\/v2\/pages"}],"about":[{"href":"https:\/\/eveha-international.com\/index.php?rest_route=\/wp\/v2\/types\/page"}],"author":[{"embeddable":true,"href":"https:\/\/eveha-international.com\/index.php?rest_route=\/wp\/v2\/users\/4"}],"replies":[{"embeddable":true,"href":"https:\/\/eveha-international.com\/index.php?rest_route=%2Fwp%2Fv2%2Fcomments&post=3958"}],"version-history":[{"count":3,"href":"https:\/\/eveha-international.com\/index.php?rest_route=\/wp\/v2\/pages\/3958\/revisions"}],"predecessor-version":[{"id":3980,"href":"https:\/\/eveha-international.com\/index.php?rest_route=\/wp\/v2\/pages\/3958\/revisions\/3980"}],"up":[{"embeddable":true,"href":"https:\/\/eveha-international.com\/index.php?rest_route=\/wp\/v2\/pages\/7"}],"wp:featuredmedia":[{"embeddable":true,"href":"https:\/\/eveha-international.com\/index.php?rest_route=\/wp\/v2\/media\/3959"}],"wp:attachment":[{"href":"https:\/\/eveha-international.com\/index.php?rest_route=%2Fwp%2Fv2%2Fmedia&parent=3958"}],"curies":[{"name":"wp","href":"https:\/\/api.w.org\/{rel}","templated":true}]}}