{"id":3982,"date":"2026-01-15T16:02:39","date_gmt":"2026-01-15T15:02:39","guid":{"rendered":"https:\/\/eveha-international.com\/?page_id=3982"},"modified":"2026-01-15T16:08:04","modified_gmt":"2026-01-15T15:08:04","slug":"hegra","status":"publish","type":"page","link":"https:\/\/eveha-international.com\/?page_id=3982","title":{"rendered":"Hegra"},"content":{"rendered":"\n<p class=\"has-text-align-left has-small-font-size\">\u00c9veha International est associ\u00e9 \u00e0 l&rsquo;\u00e9tude du site de Mad\u00e2\u2019in Salih, en Arabie Saoudite. <br>Ce projet est dirig\u00e9 par L. Nehm\u00e9 (CNRS &#8211; UMR 8167 Orient &amp; M\u00e9diterran\u00e9e), D. Al-Tahli (Universit\u00e9 de H\u00e2\u2019il, Arabie Saoudite) et F. Villeneuve (Universit\u00e9 Paris 1-Panth\u00e9on-Sorbonne). <br>Il est plac\u00e9 sous l&rsquo;\u00e9gide du Minist\u00e8re des Affaires \u00e9trang\u00e8res et du d\u00e9veloppement international et de la Saudi Commission for Tourism and Heritage.<\/p>\n\n\n\n<div class=\"wp-block-separator has-alpha-channel-opacity is-style-wide\" style=\"margin-top:var(--wp--preset--spacing--40);margin-bottom:var(--wp--preset--spacing--40)\"><\/div>\n\n\n\n<div class=\"wp-block-columns is-layout-flex wp-container-core-columns-is-layout-9d6595d7 wp-block-columns-is-layout-flex\">\n<div class=\"wp-block-column is-layout-flow wp-block-column-is-layout-flow\">\n<h6 class=\"wp-block-heading has-theme-palette-12-color has-text-color has-link-color has-small-font-size wp-elements-c7614f4d18a95358c8a3494ec604e4e1\">Direction<br><strong>La\u00efla Nehm\u00e9<\/strong>\u00a0(CNRS \u2013 UMR 8167 Orient &amp; M\u00e9diterran\u00e9e)<br><strong>Daifallah Al-Tahli<\/strong>\u00a0(Universit\u00e9 de H\u00e2\u2019il, Arabie Saoudite)<br><strong>Fran\u00e7ois Villeneuve<\/strong>\u00a0(Universit\u00e9 Paris 1 Panth\u00e9on-Sorbonne- UMR 7041 ArScAn)<\/h6>\n<\/div>\n\n\n\n<div class=\"wp-block-column is-layout-flow wp-block-column-is-layout-flow\">\n<p class=\"has-small-font-size\"><strong>Participation d&rsquo;\u00c9veha<br><\/strong>Participation aux fouilles arch\u00e9ologiques<\/p>\n<\/div>\n\n\n\n<div class=\"wp-block-column is-layout-flow wp-block-column-is-layout-flow\">\n<p class=\"has-small-font-size\"><strong>Localisation<\/strong> <br>Arabie Saoudite<\/p>\n<\/div>\n<\/div>\n\n\n\n<div class=\"wp-block-separator has-text-color has-theme-palette-12-color has-alpha-channel-opacity has-theme-palette-12-background-color has-background is-style-wide\" style=\"margin-top:var(--wp--preset--spacing--60);margin-bottom:var(--wp--preset--spacing--60)\"><\/div>\n\n\n\n<p class=\"has-small-font-size\"><strong>Localisation et r\u00e9sum\u00e9 historique<\/strong><br>Le site arch\u00e9ologique de Mad\u00e2\u2019in S\u00e2lih, l\u2019ancienne H\u00e9gra, se trouve dans le nord-ouest de l\u2019Arabie Saoudite, dans une zone aride ponctu\u00e9e de plusieurs oasis. L\u2019occupation dans le secteur urbain du site commence d\u00e8s le Ve si\u00e8cle avant J.-C., \u00e0 une \u00e9poque o\u00f9 l\u2019oasis appartenait peut-\u00eatre au royaume de Lihy\u00e2n, dont la capitale \u00e9tait Dadan \u2013 actuelle al-\u2018Ul\u00e2 \u2013 situ\u00e9e \u00e0 une vingtaine de kilom\u00e8tres plus au sud. C\u2019est toutefois au cours de la p\u00e9riode nabat\u00e9enne que la ville conna\u00eet son apog\u00e9e. Avec P\u00e9tra, en Jordanie, elle est l\u2019une des plus importantes villes du royaume nabat\u00e9en, dont elle garde les marges m\u00e9ridionales. Les Nabat\u00e9ens comptent parmi eux de nombreux marchands qui se sont enrichis en tirant profit de leur r\u00f4le d\u2019interm\u00e9diaires entre le sud de la p\u00e9ninsule arabique et le monde m\u00e9diterran\u00e9en. Les impressionnants tombeaux rupestres, qui pr\u00e9sentent de nombreux points communs avec ceux de P\u00e9tra, sont de nos jours les t\u00e9moins les plus visibles de cette richesse. Ils ont \u00e9t\u00e9 taill\u00e9s dans le rocher au Ier si\u00e8cle apr\u00e8s J.-C.<br><br>En 106 ap. J.-C., la ville est int\u00e9gr\u00e9e \u00e0 la province romaine d\u2019Arabie, cr\u00e9\u00e9e par Trajan dans les fronti\u00e8res du royaume nabat\u00e9en. Ses remparts sont alors restaur\u00e9s mais l\u2019ocupation romaine ne semble pas se poursuivre au-del\u00e0 du IIIe si\u00e8cle et la ville est ensuite progressivement abandonn\u00e9e au cours d\u2019un long processus. Des inscriptions arabes des deux premiers si\u00e8cles de l\u2019H\u00e9gire t\u00e9moignent cependant d\u2019une pr\u00e9sence humaine au d\u00e9but de l\u2019\u00e9poque islamique.<br><br>Au cours du Moyen \u00c2ge, le site, vid\u00e9 de ses habitants, est avant tout une \u00e9tape routi\u00e8re peupl\u00e9e de ruines. Au XIVe si\u00e8cle, alors qu\u2019il chemine vers La Mecque, Ibn Batt\u00fbta \u00e9voque \u00ab\u00a0<em>\u2026 la demeure des Tham\u00fbd creus\u00e9e dans des montagnes de gr\u00e8s rouge avec des seuils sculpt\u00e9s et qu\u2019on croirait construits r\u00e9cemment. Les ossements cari\u00e9s sont \u00e0 l\u2019int\u00e9rieur des demeures\u00a0<\/em>\u00bb, citation dans laquelle d\u2019aucuns reconnaissent les tombeaux de Mad\u00e2\u2019in S\u00e2lih. Au milieu du XVIIIe si\u00e8cle, un petit fort ottoman destin\u00e9 \u00e0 prot\u00e9ger la route du Hajj y est construit.<\/p>\n\n\n\n<p class=\"has-small-font-size\"><strong>Historique des recherches<\/strong><br>Le site est visit\u00e9 par des voyageurs amateurs d\u2019Antiquit\u00e9 d\u00e8s la fin du XIXe si\u00e8cle et quelques missions \u00e9pigraphiques et arch\u00e9ologiques y sont r\u00e9alis\u00e9es au d\u00e9but du XXe si\u00e8cle, notamment celle \u2014 remarquable et consid\u00e9rable \u2014 des Dominicains de l\u2019Ecole Biblique de J\u00e9rusalem, Antonin Jaussen et Rapha\u00ebl Savignac. Seuls cependant les vestiges visibles sans fouille sont alors d\u00e9crits. Le site a \u00e9t\u00e9 class\u00e9 par les autorit\u00e9s saoudiennes dans les ann\u00e9es 1970 et d\u00e8s lors a \u00e9t\u00e9 prot\u00e9g\u00e9 par une cl\u00f4ture. En 2002, la Mission arch\u00e9ologique de Mad\u00e2\u2019in S\u00e2lih est cr\u00e9\u00e9e par le Minist\u00e8re des Affaires \u00e9trang\u00e8res en partenariat avec les autorit\u00e9s saoudiennes et en 2008, le site est inscrit sur la liste du Patrimoine mondial de l\u2019UNESCO. Deux programmes de recherche se sont succ\u00e9d\u00e9 de 2002 \u00e0 2006 et de 2008 \u00e0 2013. Un troisi\u00e8me est en cours depuis 2014. Ils ont port\u00e9 sur la prospection et la fouille de tous les vestiges, tant arch\u00e9ologiques qu\u2019\u00e9pigraphiques, avec une attention particuli\u00e8re pour les tombeaux, les sanctuaires, le rempart, l\u2019habitat, etc.<\/p>\n\n\n\n<div class=\"wp-block-separator has-alpha-channel-opacity is-style-wide\" style=\"margin-top:var(--wp--preset--spacing--60);margin-bottom:var(--wp--preset--spacing--60)\"><\/div>\n\n\n\n<div class=\"wp-block-columns is-layout-flex wp-container-core-columns-is-layout-9d6595d7 wp-block-columns-is-layout-flex\">\n<div class=\"wp-block-column is-layout-flow wp-block-column-is-layout-flow\">\n<p class=\"has-small-font-size\"><strong>Partenaires<\/strong> <br>Minist\u00e8re des Affaires \u00e9trang\u00e8res et <br>du d\u00e9veloppement international<br>Commission saoudienne pour le Tourisme <br>et le Patrimoine (SCTH)<br>CNRS, UMR 8167 et UMR 7041<br>Universit\u00e9 Panth\u00e9on Sorbonne \u2013 Paris 1<br>LabEx<br>RESMED<br>Institut Fran\u00e7ais du Proche-Orient<\/p>\n<\/div>\n\n\n\n<div class=\"wp-block-column is-layout-flow wp-block-column-is-layout-flow\">\n<p class=\"has-theme-palette-11-color has-text-color has-link-color has-small-font-size wp-elements-f9d0d9cbc58610312384a7199c875682\"><strong>Publications<\/strong> :<br>\u2022 Rapport de la mission 2015<br><a href=\"https:\/\/halshs.archives-ouvertes.fr\/halshs-01311865\">https:\/\/halshs.archives-ouvertes.fr\/halshs-01311865<\/a><br><br>\u2022 Rapport de la mission 2014<br><a href=\"https:\/\/halshs.archives-ouvertes.fr\/halshs-01122002\">https:\/\/halshs.archives-ouvertes.fr\/halshs-01122002<\/a><\/p>\n<\/div>\n\n\n\n<div class=\"wp-block-column is-layout-flow wp-block-column-is-layout-flow\">\n<p class=\"has-theme-palette-11-color has-text-color has-link-color has-small-font-size wp-elements-8a7da15fc706ab094b64aab8aef559c8\"><strong>Liens<\/strong> :<br><a href=\"http:\/\/www.orient-mediterranee.com\/spip.php?article1090\" target=\"_blank\" rel=\"noreferrer noopener\">Pr\u00e9sentation Orient &amp; M\u00e9diterran\u00e9e<\/a><br><a href=\"https:\/\/lejournal.cnrs.fr\/articles\/le-royaume-oublie-des-nabateens\" target=\"_blank\" rel=\"noreferrer noopener\">CNRS<\/a><br><a href=\"http:\/\/www.lemonde.fr\/sciences\/article\/2013\/03\/14\/la-resurrection-des-nabateens_1848641_1650684.html\" target=\"_blank\" rel=\"noreferrer noopener\">Journal le Monde<\/a><br><a href=\"https:\/\/www.u-paris10.fr\/unites-de-recherche\/umr-7041-archeologies-et-sciences-de-l-antiquite-arscan--221810.kjsp\" target=\"_blank\" rel=\"noreferrer noopener\">Pr\u00e9sentation ArScAn<\/a><\/p>\n<\/div>\n<\/div>\n\n\n\n<div class=\"wp-block-separator has-alpha-channel-opacity is-style-wide\" style=\"margin-top:var(--wp--preset--spacing--60);margin-bottom:var(--wp--preset--spacing--60)\"><\/div>\n\n\n\n<h2 class=\"wp-block-heading\">Campagnes <\/h2>\n\n\n<ul style=\"padding-top:0;padding-bottom:0;padding-left:0;padding-right:0;\" class=\"wp-block-latest-posts__list is-grid columns-4 has-link-color wp-elements-c0567f47f39c6b0f0ec092bb749f603e wp-block-latest-posts has-text-color has-theme-palette-12-color has-small-font-size\"><li><div class=\"wp-block-latest-posts__featured-image\"><a href=\"https:\/\/eveha-international.com\/?p=928\" aria-label=\"Hegra &#8211; 2016\"><img loading=\"lazy\" decoding=\"async\" width=\"770\" height=\"485\" src=\"https:\/\/eveha-international.com\/wp-content\/uploads\/2016\/10\/hegra_2016_small.jpg\" class=\"attachment-large size-large wp-post-image\" alt=\"\" style=\"\" srcset=\"https:\/\/eveha-international.com\/wp-content\/uploads\/2016\/10\/hegra_2016_small.jpg 770w, https:\/\/eveha-international.com\/wp-content\/uploads\/2016\/10\/hegra_2016_small-300x189.jpg 300w\" sizes=\"auto, (max-width: 770px) 100vw, 770px\" \/><\/a><\/div><a class=\"wp-block-latest-posts__post-title\" href=\"https:\/\/eveha-international.com\/?p=928\">Hegra &#8211; 2016<\/a><\/li>\n<li><div class=\"wp-block-latest-posts__featured-image\"><a href=\"https:\/\/eveha-international.com\/?p=1438\" aria-label=\"Hegra &#8211; 2017\"><img loading=\"lazy\" decoding=\"async\" width=\"980\" height=\"268\" src=\"https:\/\/eveha-international.com\/wp-content\/uploads\/2018\/03\/hegra_2017_header-1024x280.jpg\" class=\"attachment-large size-large wp-post-image\" alt=\"\" style=\"\" srcset=\"https:\/\/eveha-international.com\/wp-content\/uploads\/2018\/03\/hegra_2017_header-1024x280.jpg 1024w, https:\/\/eveha-international.com\/wp-content\/uploads\/2018\/03\/hegra_2017_header-300x82.jpg 300w, https:\/\/eveha-international.com\/wp-content\/uploads\/2018\/03\/hegra_2017_header.jpg 2000w\" sizes=\"auto, (max-width: 980px) 100vw, 980px\" \/><\/a><\/div><a class=\"wp-block-latest-posts__post-title\" href=\"https:\/\/eveha-international.com\/?p=1438\">Hegra &#8211; 2017<\/a><\/li>\n<li><div class=\"wp-block-latest-posts__featured-image\"><a href=\"https:\/\/eveha-international.com\/?p=2117\" aria-label=\"Hegra &#8211; 2019\"><img loading=\"lazy\" decoding=\"async\" width=\"770\" height=\"485\" src=\"https:\/\/eveha-international.com\/wp-content\/uploads\/2020\/06\/hegra_2019_small.jpg\" class=\"attachment-large size-large wp-post-image\" alt=\"\" style=\"\" srcset=\"https:\/\/eveha-international.com\/wp-content\/uploads\/2020\/06\/hegra_2019_small.jpg 770w, https:\/\/eveha-international.com\/wp-content\/uploads\/2020\/06\/hegra_2019_small-300x189.jpg 300w, https:\/\/eveha-international.com\/wp-content\/uploads\/2020\/06\/hegra_2019_small-768x484.jpg 768w\" sizes=\"auto, (max-width: 770px) 100vw, 770px\" \/><\/a><\/div><a class=\"wp-block-latest-posts__post-title\" href=\"https:\/\/eveha-international.com\/?p=2117\">Hegra &#8211; 2019<\/a><\/li>\n<li><div class=\"wp-block-latest-posts__featured-image\"><a href=\"https:\/\/eveha-international.com\/?p=2126\" aria-label=\"Hegra &#8211; 2020\"><img loading=\"lazy\" decoding=\"async\" width=\"770\" height=\"485\" src=\"https:\/\/eveha-international.com\/wp-content\/uploads\/2020\/06\/hegra_2020_small.jpg\" class=\"attachment-large size-large wp-post-image\" alt=\"\" style=\"\" srcset=\"https:\/\/eveha-international.com\/wp-content\/uploads\/2020\/06\/hegra_2020_small.jpg 770w, https:\/\/eveha-international.com\/wp-content\/uploads\/2020\/06\/hegra_2020_small-300x189.jpg 300w, https:\/\/eveha-international.com\/wp-content\/uploads\/2020\/06\/hegra_2020_small-768x484.jpg 768w\" sizes=\"auto, (max-width: 770px) 100vw, 770px\" \/><\/a><\/div><a class=\"wp-block-latest-posts__post-title\" href=\"https:\/\/eveha-international.com\/?p=2126\">Hegra &#8211; 2020<\/a><\/li>\n<\/ul>\n\n\n<p><\/p>\n","protected":false},"excerpt":{"rendered":"<p>\u00c9veha International est associ\u00e9 \u00e0 l&rsquo;\u00e9tude du site de Mad\u00e2\u2019in Salih, en Arabie Saoudite. Ce projet est dirig\u00e9 par L. Nehm\u00e9 (CNRS &#8211; UMR 8167 Orient &amp; M\u00e9diterran\u00e9e), D. Al-Tahli (Universit\u00e9 de H\u00e2\u2019il, Arabie Saoudite) et F. Villeneuve (Universit\u00e9 Paris 1-Panth\u00e9on-Sorbonne). Il est plac\u00e9 sous l&rsquo;\u00e9gide du Minist\u00e8re des Affaires \u00e9trang\u00e8res et du d\u00e9veloppement international&#8230;<\/p>\n","protected":false},"author":4,"featured_media":3984,"parent":7,"menu_order":0,"comment_status":"closed","ping_status":"closed","template":"","meta":{"inline_featured_image":false,"_kad_post_transparent":"","_kad_post_title":"","_kad_post_layout":"","_kad_post_sidebar_id":"","_kad_post_content_style":"","_kad_post_vertical_padding":"","_kad_post_feature":"","_kad_post_feature_position":"","_kad_post_header":false,"_kad_post_footer":false,"_kad_post_classname":"","footnotes":""},"class_list":["post-3982","page","type-page","status-publish","has-post-thumbnail","hentry"],"_links":{"self":[{"href":"https:\/\/eveha-international.com\/index.php?rest_route=\/wp\/v2\/pages\/3982","targetHints":{"allow":["GET"]}}],"collection":[{"href":"https:\/\/eveha-international.com\/index.php?rest_route=\/wp\/v2\/pages"}],"about":[{"href":"https:\/\/eveha-international.com\/index.php?rest_route=\/wp\/v2\/types\/page"}],"author":[{"embeddable":true,"href":"https:\/\/eveha-international.com\/index.php?rest_route=\/wp\/v2\/users\/4"}],"replies":[{"embeddable":true,"href":"https:\/\/eveha-international.com\/index.php?rest_route=%2Fwp%2Fv2%2Fcomments&post=3982"}],"version-history":[{"count":3,"href":"https:\/\/eveha-international.com\/index.php?rest_route=\/wp\/v2\/pages\/3982\/revisions"}],"predecessor-version":[{"id":3989,"href":"https:\/\/eveha-international.com\/index.php?rest_route=\/wp\/v2\/pages\/3982\/revisions\/3989"}],"up":[{"embeddable":true,"href":"https:\/\/eveha-international.com\/index.php?rest_route=\/wp\/v2\/pages\/7"}],"wp:featuredmedia":[{"embeddable":true,"href":"https:\/\/eveha-international.com\/index.php?rest_route=\/wp\/v2\/media\/3984"}],"wp:attachment":[{"href":"https:\/\/eveha-international.com\/index.php?rest_route=%2Fwp%2Fv2%2Fmedia&parent=3982"}],"curies":[{"name":"wp","href":"https:\/\/api.w.org\/{rel}","templated":true}]}}