{"id":3992,"date":"2026-01-15T16:22:48","date_gmt":"2026-01-15T15:22:48","guid":{"rendered":"https:\/\/eveha-international.com\/?page_id=3992"},"modified":"2026-01-15T16:22:48","modified_gmt":"2026-01-15T15:22:48","slug":"douch","status":"publish","type":"page","link":"https:\/\/eveha-international.com\/?page_id=3992","title":{"rendered":"Douch"},"content":{"rendered":"\n<p class=\"has-text-align-left has-small-font-size\">\u00c9veha International a particip\u00e9 \u00e0 la mission de Douch Ayn-Manawir dont le projet \u00e9tait dirig\u00e9 par B\u00e9atrix Midant-Reynes (IFAO).<\/p>\n\n\n\n<div class=\"wp-block-separator has-alpha-channel-opacity is-style-wide\" style=\"margin-top:var(--wp--preset--spacing--40);margin-bottom:var(--wp--preset--spacing--40)\"><\/div>\n\n\n\n<div class=\"wp-block-columns is-layout-flex wp-container-core-columns-is-layout-9d6595d7 wp-block-columns-is-layout-flex\">\n<div class=\"wp-block-column is-layout-flow wp-block-column-is-layout-flow\">\n<h6 class=\"wp-block-heading has-theme-palette-12-color has-text-color has-link-color has-small-font-size wp-elements-62a295fe47256c7fc18b44d177e4538b\">Direction<br><strong>M. Wuttmann<\/strong>\u00a0(\u2020)<br><strong>B. Midant-Reynes\u00a0<\/strong>(IFAO)<\/h6>\n<\/div>\n\n\n\n<div class=\"wp-block-column is-layout-flow wp-block-column-is-layout-flow\">\n<p class=\"has-small-font-size\"><strong>Participation d&rsquo;\u00c9veha<br><\/strong>\u00c9tude des qanats <br>Mise en place et gestion d&rsquo;un SIG <br>Pr\u00e9paration de la publication<\/p>\n<\/div>\n\n\n\n<div class=\"wp-block-column is-layout-flow wp-block-column-is-layout-flow\">\n<p class=\"has-small-font-size\"><strong>Localisation<\/strong> <br>\u00c9gypte<\/p>\n<\/div>\n<\/div>\n\n\n\n<div class=\"wp-block-separator has-text-color has-theme-palette-12-color has-alpha-channel-opacity has-theme-palette-12-background-color has-background is-style-wide\" style=\"margin-top:var(--wp--preset--spacing--60);margin-bottom:var(--wp--preset--spacing--60)\"><\/div>\n\n\n\n<p class=\"has-small-font-size\"><strong>Localisation et r\u00e9sum\u00e9 historique<\/strong><br>Situ\u00e9e dans le d\u00e9sert occidental \u00e9gyptien \u00e0 la latitude de K\u00f4m Ombo, le site de Douch regroupe plusieurs zones d\u2019\u00e9tude. La zone centrale se trouve \u00e0 l\u2019extr\u00eame sud de l\u2019oasis de Kharga, dans la province de la Nouvelle Vall\u00e9e (al-Wadi al-Gedid). Les plus anciennes occupations remontent au pal\u00e9olithique, m\u00eame si les sites qui ont \u00e9t\u00e9 mis en \u00e9vidence sont tr\u00e8s t\u00e9nus (quelques foyers \u00e0 pierres chauff\u00e9es rep\u00e9r\u00e9s en prospection).<br>Par la suite, \u00e0 partir de l\u2019\u00e9poque \u00e9pipal\u00e9olithique, des sites plus ou moins nombreux jalonnent les p\u00e9riodes r\u00e9centes de la pr\u00e9histoire. Ils sont souvent dans des \u00e9tats de conservation excellents, permettant des \u00e9tudes tr\u00e8s pouss\u00e9es.<br>Globalement, \u00e0 partir de ces p\u00e9riodes, le climat de la r\u00e9gion va s\u2019aridifier de fa\u00e7on continue, conduisant \u00e0 des concentrations de population autour des points d\u2019eau, et diminuant donc la diversit\u00e9 des sites.<br>Au d\u00e9but des p\u00e9riodes historiques, \u00e0 l\u2019Ancien Empire, l\u2019occupation humaine se poursuit, se concentrant encore un peu plus. Nous avons \u00e0 ce jour principalement examin\u00e9 des escales caravani\u00e8res.<br>Les p\u00e9riodes suivantes (Moyen et Nouvel Empire) sont moins bien document\u00e9es et semblent correspondre \u00e0 une p\u00e9riode de relatif abandon de la r\u00e9gion, sans doute du fait de la difficult\u00e9 \u00e0 obtenir de l\u2019eau pour permettre une installation p\u00e9renne. Plus au nord, \u00e0 proximit\u00e9 de la ville de Kharga, l\u2019occupation humaine semble plus permanente durant ces deux p\u00e9riodes.<br>Il faut attendre la XXVIIe dynastie (premi\u00e8re p\u00e9riode de domination Perse sur l\u2019Egypte), au 5<sup>e<\/sup>\u00a0s. av. J.-C., pour voir l\u2019homme se r\u00e9installer durablement et de fa\u00e7on assez massive dans cette partie de l\u2019oasis de Kharga. Ceci est rendu possible par la ma\u00eetrise d\u2019une nouvelle technique d\u2019acquisition de l\u2019eau, \u00e0 savoir les qan\u00e2ts, ou plus pr\u00e9cis\u00e9ment les foggaras. Il s\u2019agit de galeries drainantes, creus\u00e9es, dans le cas qui nous int\u00e9resse, dans une roche-magasin contenant de l\u2019eau emprisonn\u00e9e depuis la derni\u00e8re p\u00e9riode pluviale (\u00e9quivalent de nos glaciations). Ces galeries permettent la sortie de l\u2019eau par gravit\u00e9 simple, et donc l\u2019irrigation de surfaces importantes de terre.<br>Cette technique va permettre \u00e0 la r\u00e9gion d\u2019\u00eatre assez richement d\u00e9velopp\u00e9e au cours de l\u2019ensemble de l\u2019Antiquit\u00e9, jusqu\u2019aux 4<sup>e<\/sup>-5<sup>e<\/sup>\u00a0si\u00e8cle de notre \u00e8re. De nombreux et vastes greniers fortifi\u00e9s jalonnent la r\u00e9gion et en t\u00e9moignent.<br>Par la suite, l\u2019ass\u00e8chement progressif des nappes suspendues va aboutir \u00e0 un nouveau resserrement de population. Il faudra attendre le 19<sup>e<\/sup>\u00a0si\u00e8cle pour voir un nouvel afflux de population, avec le d\u00e9veloppement des moyens de pompage m\u00e9caniques. L\u2019occupation humaine perdure ainsi jusqu\u2019\u00e0 nos jours.<\/p>\n\n\n\n<p class=\"has-small-font-size\"><strong>Historique des recherches<\/strong><br>La pr\u00e9sence sur le site d\u2019un grande temple romain en pierre conserv\u00e9 en \u00e9l\u00e9vation en a assur\u00e9 la renomm\u00e9e d\u00e8s le 19<sup>e<\/sup>\u00a0si\u00e8cle. Son exploration scientifique est toutefois bien plus tardive. Elle remonte au dernier quart du 20<sup>e<\/sup>\u00a0si\u00e8cle. En 1976, l\u2019\u00c9gypte rouvre aux \u00e9trangers la possibilit\u00e9 de se rendre dans les oasis et les d\u00e9serts. Serge Sauneron, alors directeur de l\u2019IFAO, choisit de se fixer, entre autres, sur le site de Douch.<br>Les \u00e9tudes se focalisent sur le tell associ\u00e9 au temple, lequel est ins\u00e9r\u00e9 dans un fort ou grenier fortifi\u00e9.<br>Apr\u00e8s s\u2019\u00eatre concentr\u00e9e sur le temple et ses nombreuses inscriptions, la mission va tr\u00e8s vite se focaliser sur l\u2019arch\u00e9ologie de la ville, entre des sondages \u2013 tr\u00e8s localis\u00e9s \u2013 r\u00e9alis\u00e9s dans le fort, et des fouilles plus \u00e9tendues dans la ville elle-m\u00eame (fouilles de Michel Redd\u00e9). En parall\u00e8le, de nouvelles \u00e9tudes d\u00e9butent, sous la conduite de Fran\u00e7oise Dunand, sur les n\u00e9cropoles de cette bourgade, situ\u00e9es au pied du tell.<br>Des \u00e9tudes g\u00e9omorphologiques men\u00e9es par Bernard Bousquet mettent en \u00e9vidence, au d\u00e9but des ann\u00e9es 1990, toute l\u2019importance des qanats dans les \u00e9tablissements humains. Ce dernier met en \u00e9vidence l\u2019importance toute particuli\u00e8re du site d\u2019Ayn Manawir, \u00e0 quelques kilom\u00e8tres \u00e0 l\u2019ouest du tell principal. C\u2019est alors le d\u00e9but d\u2019une nouvelle p\u00e9riode riche en d\u00e9couvertes pour la mission, sous la conduite de M. Wuttmann. Le r\u00f4le jou\u00e9 par la p\u00e9riode de la domination perse dans le d\u00e9veloppement de la r\u00e9gion est alors mis en \u00e9vidence.<br>La derni\u00e8re phase de la mission d\u00e9bute au tournant des ann\u00e9es 2000, toujours sous la conduite de Michel Wuttmann. C\u2019est l\u2019ensemble de la r\u00e9gion qui est d\u00e9sormais explor\u00e9, de mani\u00e8re \u00e0 pouvoir dresser une v\u00e9ritable carte arch\u00e9ologique. Cette phase est encore en cours.<br>De m\u00eame, de nouvelles \u00e9tudes sont en cours de d\u00e9marrage sur les p\u00e9riodes historiques comme sur les p\u00e9riodes pr\u00e9historiques, afin de donner un nouvel \u00e9lan \u00e0 cette mission.<\/p>\n\n\n\n<div class=\"wp-block-separator has-alpha-channel-opacity is-style-wide\" style=\"margin-top:var(--wp--preset--spacing--60);margin-bottom:var(--wp--preset--spacing--60)\"><\/div>\n\n\n\n<div class=\"wp-block-columns is-layout-flex wp-container-core-columns-is-layout-9d6595d7 wp-block-columns-is-layout-flex\">\n<div class=\"wp-block-column is-layout-flow wp-block-column-is-layout-flow\">\n<p class=\"has-small-font-size\"><strong>Partenaires<\/strong> <br>Institut Fran\u00e7ais d\u2019Arch\u00e9ologie Orientale (IFAO)<br>Minist\u00e8re \u00e9gyptien des Antiquit\u00e9s (MoA)<\/p>\n<\/div>\n\n\n\n<div class=\"wp-block-column is-layout-flow wp-block-column-is-layout-flow\"><\/div>\n\n\n\n<div class=\"wp-block-column is-layout-flow wp-block-column-is-layout-flow\">\n<p class=\"has-theme-palette-11-color has-text-color has-link-color has-small-font-size wp-elements-23f0b9586c2eac106bb5aa8744f2117e\"><strong>Liens<\/strong> :<br><a href=\"http:\/\/www.ifao.egnet.net\/archeologie\/douch\/\" target=\"_blank\" rel=\"noreferrer noopener\">Pr\u00e9sentation du site (IFAO)<\/a><\/p>\n<\/div>\n<\/div>\n\n\n\n<div class=\"wp-block-separator has-alpha-channel-opacity is-style-wide\" style=\"margin-top:var(--wp--preset--spacing--60);margin-bottom:var(--wp--preset--spacing--60)\"><\/div>\n\n\n\n<h2 class=\"wp-block-heading\">Campagnes <\/h2>\n\n\n<ul style=\"padding-top:0;padding-bottom:0;padding-left:0;padding-right:0;\" class=\"wp-block-latest-posts__list is-grid columns-4 has-link-color wp-elements-8d645d6f08cd341e69e1a90eb7006d9a wp-block-latest-posts has-text-color has-theme-palette-12-color has-small-font-size\"><li><div class=\"wp-block-latest-posts__featured-image\"><a href=\"https:\/\/eveha-international.com\/?p=937\" aria-label=\"Douch &#8211; 2014\"><img loading=\"lazy\" decoding=\"async\" width=\"770\" height=\"485\" src=\"https:\/\/eveha-international.com\/wp-content\/uploads\/2016\/10\/douch_2014_small.jpg\" class=\"attachment-large size-large wp-post-image\" alt=\"\" style=\"\" srcset=\"https:\/\/eveha-international.com\/wp-content\/uploads\/2016\/10\/douch_2014_small.jpg 770w, https:\/\/eveha-international.com\/wp-content\/uploads\/2016\/10\/douch_2014_small-300x189.jpg 300w\" sizes=\"auto, (max-width: 770px) 100vw, 770px\" \/><\/a><\/div><a class=\"wp-block-latest-posts__post-title\" href=\"https:\/\/eveha-international.com\/?p=937\">Douch &#8211; 2014<\/a><\/li>\n<\/ul>","protected":false},"excerpt":{"rendered":"<p>\u00c9veha International a particip\u00e9 \u00e0 la mission de Douch Ayn-Manawir dont le projet \u00e9tait dirig\u00e9 par B\u00e9atrix Midant-Reynes (IFAO). DirectionM. Wuttmann\u00a0(\u2020)B. Midant-Reynes\u00a0(IFAO) Participation d&rsquo;\u00c9veha\u00c9tude des qanats Mise en place et gestion d&rsquo;un SIG Pr\u00e9paration de la publication Localisation \u00c9gypte Localisation et r\u00e9sum\u00e9 historiqueSitu\u00e9e dans le d\u00e9sert occidental \u00e9gyptien \u00e0 la latitude de K\u00f4m Ombo, le&#8230;<\/p>\n","protected":false},"author":4,"featured_media":3995,"parent":7,"menu_order":0,"comment_status":"closed","ping_status":"closed","template":"","meta":{"inline_featured_image":false,"_kad_post_transparent":"","_kad_post_title":"","_kad_post_layout":"","_kad_post_sidebar_id":"","_kad_post_content_style":"","_kad_post_vertical_padding":"","_kad_post_feature":"","_kad_post_feature_position":"","_kad_post_header":false,"_kad_post_footer":false,"_kad_post_classname":"","footnotes":""},"class_list":["post-3992","page","type-page","status-publish","has-post-thumbnail","hentry"],"_links":{"self":[{"href":"https:\/\/eveha-international.com\/index.php?rest_route=\/wp\/v2\/pages\/3992","targetHints":{"allow":["GET"]}}],"collection":[{"href":"https:\/\/eveha-international.com\/index.php?rest_route=\/wp\/v2\/pages"}],"about":[{"href":"https:\/\/eveha-international.com\/index.php?rest_route=\/wp\/v2\/types\/page"}],"author":[{"embeddable":true,"href":"https:\/\/eveha-international.com\/index.php?rest_route=\/wp\/v2\/users\/4"}],"replies":[{"embeddable":true,"href":"https:\/\/eveha-international.com\/index.php?rest_route=%2Fwp%2Fv2%2Fcomments&post=3992"}],"version-history":[{"count":1,"href":"https:\/\/eveha-international.com\/index.php?rest_route=\/wp\/v2\/pages\/3992\/revisions"}],"predecessor-version":[{"id":3997,"href":"https:\/\/eveha-international.com\/index.php?rest_route=\/wp\/v2\/pages\/3992\/revisions\/3997"}],"up":[{"embeddable":true,"href":"https:\/\/eveha-international.com\/index.php?rest_route=\/wp\/v2\/pages\/7"}],"wp:featuredmedia":[{"embeddable":true,"href":"https:\/\/eveha-international.com\/index.php?rest_route=\/wp\/v2\/media\/3995"}],"wp:attachment":[{"href":"https:\/\/eveha-international.com\/index.php?rest_route=%2Fwp%2Fv2%2Fmedia&parent=3992"}],"curies":[{"name":"wp","href":"https:\/\/api.w.org\/{rel}","templated":true}]}}