{"id":3999,"date":"2026-01-15T16:25:06","date_gmt":"2026-01-15T15:25:06","guid":{"rendered":"https:\/\/eveha-international.com\/?page_id=3999"},"modified":"2026-01-15T16:33:31","modified_gmt":"2026-01-15T15:33:31","slug":"enfeh","status":"publish","type":"page","link":"https:\/\/eveha-international.com\/?page_id=3999","title":{"rendered":"Enfeh"},"content":{"rendered":"\n<p class=\"has-text-align-left has-small-font-size\">Depuis 2013, une \u00e9quipe conduite par Dominique Parayre, professeur \u00e9m\u00e9rite de Lille3 (UMR 7041 ArScAn \u00e9quipe Vepmo, Maison de l&rsquo;Arch\u00e9ologie et de l&rsquo;Ethnologie, 92 Nanterre, France) participe \u00e0 la Mission Arch\u00e9ologique d&rsquo;Enfeh dirig\u00e9e par Nadine Panayot-Haroun (directrice du d\u00e9partement d&rsquo;arch\u00e9ologie et de mus\u00e9ologie de l&rsquo;Universit\u00e9 de Balamand).<\/p>\n\n\n\n<div class=\"wp-block-separator has-alpha-channel-opacity is-style-wide\" style=\"margin-top:var(--wp--preset--spacing--40);margin-bottom:var(--wp--preset--spacing--40)\"><\/div>\n\n\n\n<div class=\"wp-block-columns is-layout-flex wp-container-core-columns-is-layout-9d6595d7 wp-block-columns-is-layout-flex\">\n<div class=\"wp-block-column is-layout-flow wp-block-column-is-layout-flow\">\n<h6 class=\"wp-block-heading has-theme-palette-12-color has-text-color has-link-color has-small-font-size wp-elements-2a013de8cd79aaa263561122365bb592\">Direction<br><strong>Nadine Panayot-Haroun<\/strong>, directrice du d\u00e9partement d\u2019arch\u00e9ologie et de mus\u00e9ologie (DAM), Universit\u00e9 de Balamand, Liban-Nord<br><strong>Dominique Parayre<\/strong>, professeur \u00e9m\u00e9rite, UMR 7041 ArScAn \u00e9quipe Vepmo, Maison de l\u2019Arch\u00e9ologie et de l\u2019Ethnologie (MAE), Nanterre<\/h6>\n<\/div>\n\n\n\n<div class=\"wp-block-column is-layout-flow wp-block-column-is-layout-flow\">\n<p class=\"has-small-font-size\"><strong>Participation d&rsquo;\u00c9veha<br><\/strong>Topographie<\/p>\n<\/div>\n\n\n\n<div class=\"wp-block-column is-layout-flow wp-block-column-is-layout-flow\">\n<p class=\"has-small-font-size\"><strong>Localisation<\/strong> <br>Liban<\/p>\n<\/div>\n<\/div>\n\n\n\n<div class=\"wp-block-separator has-text-color has-theme-palette-12-color has-alpha-channel-opacity has-theme-palette-12-background-color has-background is-style-wide\" style=\"margin-top:var(--wp--preset--spacing--60);margin-bottom:var(--wp--preset--spacing--60)\"><\/div>\n\n\n\n<p class=\"has-small-font-size\"><strong>Localisation et r\u00e9sum\u00e9 historique<\/strong><br>Situ\u00e9e \u00e0 15km au sud de Tripoli, la commune d\u2019Enfeh appartient \u00e0 l\u2019une des r\u00e9gions les plus mal connues du Liban septentrional. Ce territoire, encore pr\u00e9serv\u00e9 de l\u2019urbanisation massive du pays, est constitu\u00e9 d\u2019une \u00e9troite bande littorale et d\u2019un arri\u00e8re-pays vallonn\u00e9 qui touche aux contreforts du Mont-Liban. La c\u00f4te est marqu\u00e9e par un promontoire de 400m de long sur une centaine de large au sud duquel se concentre le centre ancien de la ville actuelle.<br>Si Enfeh est attest\u00e9e historiquement au Bronze r\u00e9cent sous le nom d\u2019<em>Ambi<\/em>\u00a0puis au VIIe si\u00e8cle avant J.-C. sous le nom d\u2019<em>Ampa<\/em>, ni la prospection ni les fouilles n\u2019ont pour l\u2019instant permis d\u2019identifier la localisation du site mentionn\u00e9. A l\u2019inverse, si aucun texte ne mentionne la ville \u00e0 l\u2019\u00e9poque classique, de nombreux vestiges d\u00e9couvert en fouille et en prospection attestent l\u2019importance du site entre les \u00e9poques hell\u00e9nistique et byzantine.<br>Durant les Croisades, le promontoire qui s\u2019avance dans la mer est transform\u00e9e en forteresse et la seigneurie de\u00a0<em>Nephin<\/em>\u00a0ou\u00a0<em>Anafa<\/em>, d\u00e9pendante du comt\u00e9 de Tripoli, est connue pour ses vins. La forteresse sera prise en 1289 puis d\u00e9mantel\u00e9e progressivement (il n\u2019en reste aujourd\u2019hui qu\u2019un pan de mur et les deux foss\u00e9s taill\u00e9s dans la roche qui coupent transversalement le promontoire). Les premi\u00e8res salines d\u2019Enfeh, dont le sel fait partie des plus r\u00e9put\u00e9s du Liban, apparaissent \u00e0 l\u2019\u00e9poque ottomane et se d\u00e9veloppent sous le mandat fran\u00e7ais, au point de recouvrir la quasi-totalit\u00e9 du promontoire et plusieurs points de la c\u00f4te et de l\u2019arri\u00e8re-pays imm\u00e9diat.<\/p>\n\n\n\n<p class=\"has-small-font-size\"><strong>Historique des recherches<\/strong><br>Depuis 2012, l\u2019Universit\u00e9 de Balamand, sous la direction de Nadine Panayot-Haroun, conduit la Mission Arch\u00e9ologique d\u2019Enfeh dont le but est de proc\u00e9der \u00e0 la r\u00e9alisation d\u2019une carte arch\u00e9ologique du territoire communal ainsi qu\u2019\u00e0 la fouille partielle du promontoire rocheux qui caract\u00e9rise le rivage de la ville. Depuis 2013, une mission fran\u00e7aise, conduite par Dominique Paryare (MAE Ren\u00e9-Ginouv\u00e8s), participe \u00e0 ce projet. Les fouilles arch\u00e9ologiques men\u00e9es sur la promontoire d\u2019Enfeh ont pour l\u2019heure mis en \u00e9vidence des citernes d\u2019\u00e9poque byzantine et quelques vestiges de la forteresse m\u00e9di\u00e9vale sous la forme d\u2019empreintes creus\u00e9es dans la roche et de sols conserv\u00e9s sur 2 niveaux dat\u00e9s du 13e si\u00e8cle, mais pas de traces d\u2019occupations plus anciennes ailleurs que dans des remblais. La prospection du littoral et de plusieurs collines non urbanis\u00e9es de l\u2019arri\u00e8re-pays a permis de localiser plusieurs sites dat\u00e9s entre l\u2019\u00e9poque byzantine \u00e0 l\u2019\u00e9poque moderne mais pas de localiser avec certitude un \u00e9tablissement plus ancien.<\/p>\n\n\n\n<div class=\"wp-block-separator has-alpha-channel-opacity is-style-wide\" style=\"margin-top:var(--wp--preset--spacing--60);margin-bottom:var(--wp--preset--spacing--60)\"><\/div>\n\n\n\n<div class=\"wp-block-columns is-layout-flex wp-container-core-columns-is-layout-9d6595d7 wp-block-columns-is-layout-flex\">\n<div class=\"wp-block-column is-layout-flow wp-block-column-is-layout-flow\">\n<p class=\"has-small-font-size\"><strong>Partenaires<\/strong> <br>Minist\u00e8re des Affaires \u00e9trang\u00e8res et du D\u00e9veloppement international<br>CNRS\/Universit\u00e9 de Paris1, UMR 7041 ArScAn \u00e9quipe Vepmo (Du village \u00e0 l\u2019\u00e9tat au Proche et au Moyen-Orient).<br>Universit\u00e9 de Balamand<br>IFPO Beyrouth (Institut Fran\u00e7ais du Proche Orient)<\/p>\n<\/div>\n\n\n\n<div class=\"wp-block-column is-layout-flow wp-block-column-is-layout-flow\"><\/div>\n\n\n\n<div class=\"wp-block-column is-layout-flow wp-block-column-is-layout-flow\"><\/div>\n<\/div>\n\n\n\n<div class=\"wp-block-separator has-alpha-channel-opacity is-style-wide\" style=\"margin-top:var(--wp--preset--spacing--60);margin-bottom:var(--wp--preset--spacing--60)\"><\/div>\n\n\n\n<h2 class=\"wp-block-heading\">Campagnes <\/h2>\n\n\n<ul style=\"padding-top:0;padding-bottom:0;padding-left:0;padding-right:0;\" class=\"wp-block-latest-posts__list is-grid columns-4 has-link-color wp-elements-cb43b343f32771df25bbb2b8080c3b20 wp-block-latest-posts has-text-color has-theme-palette-12-color has-small-font-size\"><li><div class=\"wp-block-latest-posts__featured-image\"><a href=\"https:\/\/eveha-international.com\/?p=862\" aria-label=\"Enfeh &#8211; 2015\"><img loading=\"lazy\" decoding=\"async\" width=\"770\" height=\"485\" src=\"https:\/\/eveha-international.com\/wp-content\/uploads\/2016\/07\/enfeh_2015_small.jpg\" class=\"attachment-large size-large wp-post-image\" alt=\"\" style=\"\" srcset=\"https:\/\/eveha-international.com\/wp-content\/uploads\/2016\/07\/enfeh_2015_small.jpg 770w, https:\/\/eveha-international.com\/wp-content\/uploads\/2016\/07\/enfeh_2015_small-300x189.jpg 300w\" sizes=\"auto, (max-width: 770px) 100vw, 770px\" \/><\/a><\/div><a class=\"wp-block-latest-posts__post-title\" href=\"https:\/\/eveha-international.com\/?p=862\">Enfeh &#8211; 2015<\/a><\/li>\n<\/ul>","protected":false},"excerpt":{"rendered":"<p>Depuis 2013, une \u00e9quipe conduite par Dominique Parayre, professeur \u00e9m\u00e9rite de Lille3 (UMR 7041 ArScAn \u00e9quipe Vepmo, Maison de l&rsquo;Arch\u00e9ologie et de l&rsquo;Ethnologie, 92 Nanterre, France) participe \u00e0 la Mission Arch\u00e9ologique d&rsquo;Enfeh dirig\u00e9e par Nadine Panayot-Haroun (directrice du d\u00e9partement d&rsquo;arch\u00e9ologie et de mus\u00e9ologie de l&rsquo;Universit\u00e9 de Balamand). DirectionNadine Panayot-Haroun, directrice du d\u00e9partement d\u2019arch\u00e9ologie et de&#8230;<\/p>\n","protected":false},"author":4,"featured_media":4002,"parent":7,"menu_order":0,"comment_status":"closed","ping_status":"closed","template":"","meta":{"inline_featured_image":false,"_kad_post_transparent":"","_kad_post_title":"","_kad_post_layout":"","_kad_post_sidebar_id":"","_kad_post_content_style":"","_kad_post_vertical_padding":"","_kad_post_feature":"","_kad_post_feature_position":"","_kad_post_header":false,"_kad_post_footer":false,"_kad_post_classname":"","footnotes":""},"class_list":["post-3999","page","type-page","status-publish","has-post-thumbnail","hentry"],"_links":{"self":[{"href":"https:\/\/eveha-international.com\/index.php?rest_route=\/wp\/v2\/pages\/3999","targetHints":{"allow":["GET"]}}],"collection":[{"href":"https:\/\/eveha-international.com\/index.php?rest_route=\/wp\/v2\/pages"}],"about":[{"href":"https:\/\/eveha-international.com\/index.php?rest_route=\/wp\/v2\/types\/page"}],"author":[{"embeddable":true,"href":"https:\/\/eveha-international.com\/index.php?rest_route=\/wp\/v2\/users\/4"}],"replies":[{"embeddable":true,"href":"https:\/\/eveha-international.com\/index.php?rest_route=%2Fwp%2Fv2%2Fcomments&post=3999"}],"version-history":[{"count":2,"href":"https:\/\/eveha-international.com\/index.php?rest_route=\/wp\/v2\/pages\/3999\/revisions"}],"predecessor-version":[{"id":4006,"href":"https:\/\/eveha-international.com\/index.php?rest_route=\/wp\/v2\/pages\/3999\/revisions\/4006"}],"up":[{"embeddable":true,"href":"https:\/\/eveha-international.com\/index.php?rest_route=\/wp\/v2\/pages\/7"}],"wp:featuredmedia":[{"embeddable":true,"href":"https:\/\/eveha-international.com\/index.php?rest_route=\/wp\/v2\/media\/4002"}],"wp:attachment":[{"href":"https:\/\/eveha-international.com\/index.php?rest_route=%2Fwp%2Fv2%2Fmedia&parent=3999"}],"curies":[{"name":"wp","href":"https:\/\/api.w.org\/{rel}","templated":true}]}}