{"id":4009,"date":"2026-01-15T16:50:54","date_gmt":"2026-01-15T15:50:54","guid":{"rendered":"https:\/\/eveha-international.com\/?page_id=4009"},"modified":"2026-01-15T16:53:30","modified_gmt":"2026-01-15T15:53:30","slug":"pompei-projet-recap","status":"publish","type":"page","link":"https:\/\/eveha-international.com\/?page_id=4009","title":{"rendered":"Pompei \u2013 Projet RECAP"},"content":{"rendered":"\n<p class=\"has-text-align-left has-small-font-size\">Au printemps 2015, un membre d&rsquo;\u00c9veha International a \u00e9t\u00e9 associ\u00e9 au projet RECAP sur le site de Pomp\u00e9i. <br>Ce projet est plac\u00e9 sous la responsabilit\u00e9 d&rsquo;H\u00e9l\u00e8ne Dessales (ENS\/CNRS UMR 8546).<\/p>\n\n\n\n<div class=\"wp-block-separator has-alpha-channel-opacity is-style-wide\" style=\"margin-top:var(--wp--preset--spacing--40);margin-bottom:var(--wp--preset--spacing--40)\"><\/div>\n\n\n\n<div class=\"wp-block-columns is-layout-flex wp-container-core-columns-is-layout-9d6595d7 wp-block-columns-is-layout-flex\">\n<div class=\"wp-block-column is-layout-flow wp-block-column-is-layout-flow\">\n<h6 class=\"wp-block-heading has-theme-palette-12-color has-text-color has-link-color has-small-font-size wp-elements-ee77b7ba72dbade0978b3ec470781b8c\">Direction<br><strong>H\u00e9l\u00e8ne Dessales<\/strong>\u00a0(ENS \/ CNRS UMR 8546)<\/h6>\n<\/div>\n\n\n\n<div class=\"wp-block-column is-layout-flow wp-block-column-is-layout-flow\">\n<p class=\"has-small-font-size\"><strong>Participation d&rsquo;\u00c9veha<br><\/strong>\u00c9tude et relev\u00e9 des b\u00e2timents <br>Formation<\/p>\n<\/div>\n\n\n\n<div class=\"wp-block-column is-layout-flow wp-block-column-is-layout-flow\">\n<p class=\"has-small-font-size\"><strong>Localisation<\/strong> <br>Italie<\/p>\n<\/div>\n<\/div>\n\n\n\n<div class=\"wp-block-separator has-text-color has-theme-palette-12-color has-alpha-channel-opacity has-theme-palette-12-background-color has-background is-style-wide\" style=\"margin-top:var(--wp--preset--spacing--60);margin-bottom:var(--wp--preset--spacing--60)\"><\/div>\n\n\n\n<p class=\"has-small-font-size\"><strong>Localisation et r\u00e9sum\u00e9 historique<\/strong><br>La ville de Pomp\u00e9i est implant\u00e9e en Campanie, dans le sud de l\u2019Italie. Elle est situ\u00e9e sur le golfe de Naples et bordait \u00e0 l\u2019origine la mer.<br>Pomp\u00e9i \u00e9t\u00e9 fond\u00e9e d\u00e8s le VIII<sup>e<\/sup>\u00a0si\u00e8cle avant notre \u00e8re. Elle a donc d\u00e9j\u00e0 une longue histoire lorsqu\u2019elle largement d\u00e9truite par une \u00e9ruption du V\u00e9suve en 79 ap. J.-C. <br>La pr\u00e9sence de ce volcan fait de ce secteur une zone \u00e0 forte sismicit\u00e9, et plusieurs \u00e9ruptions et tremblements de terre avaient pr\u00e9c\u00e9d\u00e9 cette catastrophe.<\/p>\n\n\n\n<p class=\"has-small-font-size\"><strong>Historique des recherches<\/strong><br>Progressivement exhum\u00e9e depuis la p\u00e9riode moderne, la ville de Pomp\u00e9i a fait l\u2019objet de tr\u00e8s nombreuses \u00e9tudes qu\u2019il n\u2019est pas possible de r\u00e9sumer ici. Le projet RECAP (REConstruire Apr\u00e8s un s\u00e9isme\u00a0: exp\u00e9riences antiques et innovations \u00e0 Pomp\u00e9i) auquel correspond cette page se propose d\u2019\u00e9clairer les modalit\u00e9s pratiques de reconstructions et les techniques adopt\u00e9es dans l\u2019Antiquit\u00e9 \u00e0 la suite d\u2019un tremblement de terre. Dans l\u2019histoire de la construction romaine, cette probl\u00e9matique a peu \u00e9t\u00e9 abord\u00e9e, alors qu\u2019elle pr\u00e9sente un r\u00e9el enjeu pour comprendre le d\u00e9veloppement d\u2019une architecture du risque et de l\u2019urgence. L\u2019objectif principal de ce projet est de pouvoir identifier si les b\u00e2tisseurs romains ont mis en \u0153uvre, face \u00e0 un risque r\u00e9current, des constructions anti-sismiques ? Afin de d\u00e9velopper cette probl\u00e9matique, le site de Pomp\u00e9i constitue le cadre pour une \u00e9tude syst\u00e9matique et pluridisciplinaire. Cette petite ville de Campanie a en effet \u00e9t\u00e9 victime de plusieurs tremblements de terre. L\u2019un d\u2019entre-eux, survenu dans les ann\u00e9es 62\/63 apr. J.-C., est connu pour avoir \u00e9t\u00e9 particuli\u00e8rement d\u00e9vastateur. Le projet Recap se fixe donc comme objectif de caract\u00e9riser les impacts sismiques, d\u2019identifier les op\u00e9rations de r\u00e9fection et de pointer les \u00e9ventuelles innovations techniques. Pour enrichir les premiers travaux men\u00e9s sur les ch\u00e2teaux d\u2019eau, \u00e9l\u00e9ments vitaux et prioritaires dans le fonctionnement urbain, et ceux qui concernent la Villa de Diom\u00e8de, une \u00e9tude sera men\u00e9e sur une r\u00e9gion enti\u00e8re de Pomp\u00e9i (Regio VII), afin de caract\u00e9riser les op\u00e9rations de r\u00e9fection cons\u00e9cutives aux tremblements de terre. Au-del\u00e0 de l\u2019analyse de cas que constitue Pomp\u00e9i, une plus large r\u00e9flexion sera propos\u00e9e sur la m\u00e9moire du risque et la conscience de la vuln\u00e9rabilit\u00e9 en Campanie, incluant la zone v\u00e9suvienne et celle des Champs Phl\u00e9gr\u00e9ens. Sur ces deux territoires, aux formations g\u00e9ologiques et aux manifestations sismiques diff\u00e9rentes, sera men\u00e9e une approche conjugu\u00e9e des effets des tremblements de terre et du bradysisme. Le projet Recap est donc fond\u00e9 sur une approche fortement pluridisciplinaire qui sollicite de fa\u00e7on \u00e9troite l\u2019arch\u00e9ologie de la construction, la sociologie, l\u2019informatique, l\u2019ing\u00e9nierie des structures et la g\u00e9ologie.<\/p>\n\n\n\n<div class=\"wp-block-separator has-alpha-channel-opacity is-style-wide\" style=\"margin-top:var(--wp--preset--spacing--60);margin-bottom:var(--wp--preset--spacing--60)\"><\/div>\n\n\n\n<div class=\"wp-block-columns is-layout-flex wp-container-core-columns-is-layout-9d6595d7 wp-block-columns-is-layout-flex\">\n<div class=\"wp-block-column is-layout-flow wp-block-column-is-layout-flow\">\n<p class=\"has-small-font-size\"><strong>Partenaires<\/strong> <br>Centre Jean B\u00e9rard, Naples<br>Institut de Physique du Globe de Paris (IPGP)<br>Institut national de de recherche en informatique et en automatique (INRIA Paris \u2013 Rocquencourt)<\/p>\n<\/div>\n\n\n\n<div class=\"wp-block-column is-layout-flow wp-block-column-is-layout-flow\"><\/div>\n\n\n\n<div class=\"wp-block-column is-layout-flow wp-block-column-is-layout-flow\">\n<p class=\"has-theme-palette-11-color has-text-color has-link-color has-small-font-size wp-elements-45efc5eef3320467ec37873b1c1ec713\"><strong>Liens<\/strong> :<br><a href=\"http:\/\/www.agence-nationale-recherche.fr\/projet-anr\/?tx_lwmsuivibilan_pi2[CODE]=ANR-14-CE31-0005\" target=\"_blank\" rel=\"noreferrer noopener\">Agence Nationale de la Recherche<\/a><br><a href=\"http:\/\/recap.huma-num.fr\/webpublic\/\" target=\"_blank\" rel=\"noreferrer noopener\">Programme RECAP<\/a><\/p>\n<\/div>\n<\/div>\n\n\n\n<div class=\"wp-block-separator has-alpha-channel-opacity is-style-wide\" style=\"margin-top:var(--wp--preset--spacing--60);margin-bottom:var(--wp--preset--spacing--60)\"><\/div>\n\n\n\n<h2 class=\"wp-block-heading\">Campagnes <\/h2>\n\n\n<ul style=\"padding-top:0;padding-bottom:0;padding-left:0;padding-right:0;\" class=\"wp-block-latest-posts__list is-grid columns-4 has-link-color wp-elements-f67f33fd636a47b8b3c060559ac1b0c9 wp-block-latest-posts has-text-color has-theme-palette-12-color has-small-font-size\"><li><div class=\"wp-block-latest-posts__featured-image\"><a href=\"https:\/\/eveha-international.com\/?p=809\" aria-label=\"Pompei &#8211; Projet RECAP &#8211; 2015\"><img loading=\"lazy\" decoding=\"async\" width=\"770\" height=\"485\" src=\"https:\/\/eveha-international.com\/wp-content\/uploads\/2016\/04\/RECAP-2015-small.jpg\" class=\"attachment-large size-large wp-post-image\" alt=\"\" style=\"\" srcset=\"https:\/\/eveha-international.com\/wp-content\/uploads\/2016\/04\/RECAP-2015-small.jpg 770w, https:\/\/eveha-international.com\/wp-content\/uploads\/2016\/04\/RECAP-2015-small-300x189.jpg 300w\" sizes=\"auto, (max-width: 770px) 100vw, 770px\" \/><\/a><\/div><a class=\"wp-block-latest-posts__post-title\" href=\"https:\/\/eveha-international.com\/?p=809\">Pompei &#8211; Projet RECAP &#8211; 2015<\/a><\/li>\n<li><div class=\"wp-block-latest-posts__featured-image\"><a href=\"https:\/\/eveha-international.com\/?p=1637\" aria-label=\"Pompei &#8211; Projet RECAP &#8211; 2017\"><img loading=\"lazy\" decoding=\"async\" width=\"770\" height=\"485\" src=\"https:\/\/eveha-international.com\/wp-content\/uploads\/2018\/11\/recap_small_2017.jpg\" class=\"attachment-large size-large wp-post-image\" alt=\"\" style=\"\" srcset=\"https:\/\/eveha-international.com\/wp-content\/uploads\/2018\/11\/recap_small_2017.jpg 770w, https:\/\/eveha-international.com\/wp-content\/uploads\/2018\/11\/recap_small_2017-300x189.jpg 300w\" sizes=\"auto, (max-width: 770px) 100vw, 770px\" \/><\/a><\/div><a class=\"wp-block-latest-posts__post-title\" href=\"https:\/\/eveha-international.com\/?p=1637\">Pompei &#8211; Projet RECAP &#8211; 2017<\/a><\/li>\n<\/ul>","protected":false},"excerpt":{"rendered":"<p>Au printemps 2015, un membre d&rsquo;\u00c9veha International a \u00e9t\u00e9 associ\u00e9 au projet RECAP sur le site de Pomp\u00e9i. Ce projet est plac\u00e9 sous la responsabilit\u00e9 d&rsquo;H\u00e9l\u00e8ne Dessales (ENS\/CNRS UMR 8546). DirectionH\u00e9l\u00e8ne Dessales\u00a0(ENS \/ CNRS UMR 8546) Participation d&rsquo;\u00c9veha\u00c9tude et relev\u00e9 des b\u00e2timents Formation Localisation Italie Localisation et r\u00e9sum\u00e9 historiqueLa ville de Pomp\u00e9i est implant\u00e9e en&#8230;<\/p>\n","protected":false},"author":4,"featured_media":4014,"parent":7,"menu_order":0,"comment_status":"closed","ping_status":"closed","template":"","meta":{"inline_featured_image":false,"_kad_post_transparent":"","_kad_post_title":"","_kad_post_layout":"","_kad_post_sidebar_id":"","_kad_post_content_style":"","_kad_post_vertical_padding":"","_kad_post_feature":"","_kad_post_feature_position":"","_kad_post_header":false,"_kad_post_footer":false,"_kad_post_classname":"","footnotes":""},"class_list":["post-4009","page","type-page","status-publish","has-post-thumbnail","hentry"],"_links":{"self":[{"href":"https:\/\/eveha-international.com\/index.php?rest_route=\/wp\/v2\/pages\/4009","targetHints":{"allow":["GET"]}}],"collection":[{"href":"https:\/\/eveha-international.com\/index.php?rest_route=\/wp\/v2\/pages"}],"about":[{"href":"https:\/\/eveha-international.com\/index.php?rest_route=\/wp\/v2\/types\/page"}],"author":[{"embeddable":true,"href":"https:\/\/eveha-international.com\/index.php?rest_route=\/wp\/v2\/users\/4"}],"replies":[{"embeddable":true,"href":"https:\/\/eveha-international.com\/index.php?rest_route=%2Fwp%2Fv2%2Fcomments&post=4009"}],"version-history":[{"count":2,"href":"https:\/\/eveha-international.com\/index.php?rest_route=\/wp\/v2\/pages\/4009\/revisions"}],"predecessor-version":[{"id":4017,"href":"https:\/\/eveha-international.com\/index.php?rest_route=\/wp\/v2\/pages\/4009\/revisions\/4017"}],"up":[{"embeddable":true,"href":"https:\/\/eveha-international.com\/index.php?rest_route=\/wp\/v2\/pages\/7"}],"wp:featuredmedia":[{"embeddable":true,"href":"https:\/\/eveha-international.com\/index.php?rest_route=\/wp\/v2\/media\/4014"}],"wp:attachment":[{"href":"https:\/\/eveha-international.com\/index.php?rest_route=%2Fwp%2Fv2%2Fmedia&parent=4009"}],"curies":[{"name":"wp","href":"https:\/\/api.w.org\/{rel}","templated":true}]}}