{"id":4049,"date":"2026-01-15T17:34:48","date_gmt":"2026-01-15T16:34:48","guid":{"rendered":"https:\/\/eveha-international.com\/?page_id=4049"},"modified":"2026-01-15T17:38:09","modified_gmt":"2026-01-15T16:38:09","slug":"tyr","status":"publish","type":"page","link":"https:\/\/eveha-international.com\/?page_id=4049","title":{"rendered":"Tyr"},"content":{"rendered":"\n<p class=\"has-text-align-left has-small-font-size\">Implant\u00e9 au coeur de la ville moderne, le parc arch\u00e9ologique de Tyr fait l&rsquo;objet de nouvelles recherches plac\u00e9es sous la direction de Jean-Baptiste Yon(CNRS-HiSoMa\/IFPO).<\/p>\n\n\n\n<div class=\"wp-block-separator has-alpha-channel-opacity is-style-wide\" style=\"margin-top:var(--wp--preset--spacing--40);margin-bottom:var(--wp--preset--spacing--40)\"><\/div>\n\n\n\n<div class=\"wp-block-columns is-layout-flex wp-container-core-columns-is-layout-9d6595d7 wp-block-columns-is-layout-flex\">\n<div class=\"wp-block-column is-layout-flow wp-block-column-is-layout-flow\">\n<h6 class=\"wp-block-heading has-theme-palette-12-color has-text-color has-link-color has-small-font-size wp-elements-846f58c8b31a723a99b6c5be80d194a7\">Direction<br><strong>P.-L. Gatier<\/strong>\u00a0(CNRS, UMR 5189 \u2013 HISOMA)<br><strong>J.-B. Yon<\/strong>\u00a0(CNRS, UMR 5189 \u2013 HISOMA)<\/h6>\n<\/div>\n\n\n\n<div class=\"wp-block-column is-layout-flow wp-block-column-is-layout-flow\">\n<p class=\"has-small-font-size\"><strong>Participation d&rsquo;\u00c9veha<br><\/strong>Topographie<\/p>\n<\/div>\n\n\n\n<div class=\"wp-block-column is-layout-flow wp-block-column-is-layout-flow\">\n<p class=\"has-small-font-size\"><strong>Localisation<\/strong> <br>Liban<\/p>\n<\/div>\n<\/div>\n\n\n\n<div class=\"wp-block-separator has-text-color has-theme-palette-12-color has-alpha-channel-opacity has-theme-palette-12-background-color has-background is-style-wide\" style=\"margin-top:var(--wp--preset--spacing--60);margin-bottom:var(--wp--preset--spacing--60)\"><\/div>\n\n\n\n<p class=\"has-small-font-size\"><strong>Localisation et r\u00e9sum\u00e9 historique<\/strong><br>La ville de Tyr se situe sur le littoral libanais, dans le sud du pays.<br>Occup\u00e9 depuis l\u2019\u00e2ge du Bronze, le site a correspondu a une importante cit\u00e9 ph\u00e9nicienne avant de passer sous domination grecque puis romaine. Les premiers si\u00e8cles de notre \u00e8re sont notamment marqu\u00e9s par la diffusion du christianisme et l\u2019int\u00e9gration \u00e0 l\u2019empire byzantin. Tyr et sa r\u00e9gion passent sous contr\u00f4le musulman \u00e0 partir de la premi\u00e8re moiti\u00e9 du VIIe si\u00e8cle. La ville, qui continue \u00e0 \u00eatre occup\u00e9e par la suite, est soumise aux crois\u00e9s entre la premi\u00e8re moiti\u00e9 du XIIe si\u00e8cle et la fin du XIIIe. Depuis ses origines, la ville n\u2019a jamais r\u00e9ellement cess\u00e9 d\u2019\u00eatre habit\u00e9e et les vestiges arch\u00e9ologiques sont ench\u00e2ss\u00e9s au sein de la ville actuelle.<br>Dans celle-ci, le site dit \u00ab\u00a0Tyr-ville\u00a0\u00bb correspond \u00e0 un grand parc arch\u00e9ologique qui s\u2019\u00e9tend sur 5,9 hectares r\u00e9partis entre deux espaces distincts\u00a0: la \u00ab\u00a0cath\u00e9drale m\u00e9di\u00e9vale\u00a0\u00bb d\u2019une part, et les \u00ab\u00a0bains, ar\u00e8nes et palestre\u00a0\u00bb de l\u2019autre.<\/p>\n\n\n\n<p class=\"has-small-font-size\"><strong>Historique des recherches<\/strong><br>Les vestiges de l\u2019ancienne cit\u00e9 de Tyr ont \u00e9t\u00e9 d\u00e9gag\u00e9s par Direction G\u00e9n\u00e9rale des Antiquit\u00e9s (DGA) avant les ann\u00e9es soixante-dix, mais ces fouilles n\u2019ont pas \u00e9t\u00e9 publi\u00e9es et sont peu document\u00e9es.<br><br>Il a donc paru primordial d\u2019entreprendre une \u00e9tude approfondie de cet ensemble. La mission arch\u00e9ologique de Tyr a men\u00e9 cinq campagnes depuis 2008 apr\u00e8s une courte mission exploratoire en 2006. Il s\u2019agit de relever les installations en place, de les dater et les interpr\u00e9ter. Pour ce faire, outre des relev\u00e9s arch\u00e9ologiques et topographiques, un certain nombre de sondages arch\u00e9ologiques a \u00e9t\u00e9 r\u00e9alis\u00e9. Des programmes de conservation et de valorisation du site sont li\u00e9s \u00e0 ces travaux.<\/p>\n\n\n\n<div class=\"wp-block-separator has-alpha-channel-opacity is-style-wide\" style=\"margin-top:var(--wp--preset--spacing--60);margin-bottom:var(--wp--preset--spacing--60)\"><\/div>\n\n\n\n<div class=\"wp-block-columns is-layout-flex wp-container-core-columns-is-layout-9d6595d7 wp-block-columns-is-layout-flex\">\n<div class=\"wp-block-column is-layout-flow wp-block-column-is-layout-flow\">\n<p class=\"has-small-font-size\"><strong>Partenaires<\/strong> <br>Maison de l\u2019Orient et de la M\u00e9diterran\u00e9e, Universit\u00e9 Lumi\u00e8re Lyon 2 (France)<br>CNRS libanais (Liban)<br>Minist\u00e8re des Affaires \u00e9trang\u00e8res<br>Direction G\u00e9n\u00e9rale des Antiquit\u00e9s libanaise<br>Universit\u00e9 Saint-Joseph de Beyrouth (Liban)<br>Institut fran\u00e7ais du Proche-Orient (France)<br>Inrap (France)<\/p>\n<\/div>\n\n\n\n<div class=\"wp-block-column is-layout-flow wp-block-column-is-layout-flow\"><\/div>\n\n\n\n<div class=\"wp-block-column is-layout-flow wp-block-column-is-layout-flow\">\n<p class=\"has-theme-palette-11-color has-text-color has-link-color has-small-font-size wp-elements-9610c279ee8ca7e5a32a67bee288b4c7\"><strong>Liens<\/strong> :<br><a href=\"http:\/\/www.hisoma.mom.fr\/recherche-et-activites\/mission-archeologique-de-tyr\" target=\"_blank\" rel=\"noreferrer noopener\">Pr\u00e9sentation d&rsquo;HISOMA<\/a><\/p>\n<\/div>\n<\/div>\n\n\n\n<div class=\"wp-block-separator has-alpha-channel-opacity is-style-wide\" style=\"margin-top:var(--wp--preset--spacing--60);margin-bottom:var(--wp--preset--spacing--60)\"><\/div>\n\n\n\n<h2 class=\"wp-block-heading\">Campagnes <\/h2>\n\n\n<ul style=\"padding-top:0;padding-bottom:0;padding-left:0;padding-right:0;\" class=\"wp-block-latest-posts__list is-grid columns-4 has-link-color wp-elements-b41ccba30fc50ef2351c063fd1e46b66 wp-block-latest-posts has-text-color has-theme-palette-12-color has-small-font-size\"><li><div class=\"wp-block-latest-posts__featured-image\"><a href=\"https:\/\/eveha-international.com\/?p=507\" aria-label=\"Tyr &#8211; 2011\"><img loading=\"lazy\" decoding=\"async\" width=\"770\" height=\"485\" src=\"https:\/\/eveha-international.com\/wp-content\/uploads\/2015\/06\/tyr-2011_blog.jpg\" class=\"attachment-large size-large wp-post-image\" alt=\"\" style=\"\" srcset=\"https:\/\/eveha-international.com\/wp-content\/uploads\/2015\/06\/tyr-2011_blog.jpg 770w, https:\/\/eveha-international.com\/wp-content\/uploads\/2015\/06\/tyr-2011_blog-300x189.jpg 300w\" sizes=\"auto, (max-width: 770px) 100vw, 770px\" \/><\/a><\/div><a class=\"wp-block-latest-posts__post-title\" href=\"https:\/\/eveha-international.com\/?p=507\">Tyr &#8211; 2011<\/a><\/li>\n<li><div class=\"wp-block-latest-posts__featured-image\"><a href=\"https:\/\/eveha-international.com\/?p=511\" aria-label=\"Tyr &#8211; 2012\"><img loading=\"lazy\" decoding=\"async\" width=\"770\" height=\"485\" src=\"https:\/\/eveha-international.com\/wp-content\/uploads\/2015\/06\/tyr-2012_blog.jpg\" class=\"attachment-large size-large wp-post-image\" alt=\"\" style=\"\" srcset=\"https:\/\/eveha-international.com\/wp-content\/uploads\/2015\/06\/tyr-2012_blog.jpg 770w, https:\/\/eveha-international.com\/wp-content\/uploads\/2015\/06\/tyr-2012_blog-300x189.jpg 300w\" sizes=\"auto, (max-width: 770px) 100vw, 770px\" \/><\/a><\/div><a class=\"wp-block-latest-posts__post-title\" href=\"https:\/\/eveha-international.com\/?p=511\">Tyr &#8211; 2012<\/a><\/li>\n<li><div class=\"wp-block-latest-posts__featured-image\"><a href=\"https:\/\/eveha-international.com\/?p=516\" aria-label=\"Tyr &#8211; 2013\"><img loading=\"lazy\" decoding=\"async\" width=\"770\" height=\"485\" src=\"https:\/\/eveha-international.com\/wp-content\/uploads\/2015\/06\/tyr-2013_blog.jpg\" class=\"attachment-large size-large wp-post-image\" alt=\"\" style=\"\" srcset=\"https:\/\/eveha-international.com\/wp-content\/uploads\/2015\/06\/tyr-2013_blog.jpg 770w, https:\/\/eveha-international.com\/wp-content\/uploads\/2015\/06\/tyr-2013_blog-300x189.jpg 300w\" sizes=\"auto, (max-width: 770px) 100vw, 770px\" \/><\/a><\/div><a class=\"wp-block-latest-posts__post-title\" href=\"https:\/\/eveha-international.com\/?p=516\">Tyr &#8211; 2013<\/a><\/li>\n<li><div class=\"wp-block-latest-posts__featured-image\"><a href=\"https:\/\/eveha-international.com\/?p=890\" aria-label=\"Tyr &#8211; 2015\"><img loading=\"lazy\" decoding=\"async\" width=\"770\" height=\"485\" src=\"https:\/\/eveha-international.com\/wp-content\/uploads\/2016\/08\/tyre_2015_small.jpg\" class=\"attachment-large size-large wp-post-image\" alt=\"\" style=\"\" srcset=\"https:\/\/eveha-international.com\/wp-content\/uploads\/2016\/08\/tyre_2015_small.jpg 770w, https:\/\/eveha-international.com\/wp-content\/uploads\/2016\/08\/tyre_2015_small-300x189.jpg 300w\" sizes=\"auto, (max-width: 770px) 100vw, 770px\" \/><\/a><\/div><a class=\"wp-block-latest-posts__post-title\" href=\"https:\/\/eveha-international.com\/?p=890\">Tyr &#8211; 2015<\/a><\/li>\n<li><div class=\"wp-block-latest-posts__featured-image\"><a href=\"https:\/\/eveha-international.com\/?p=1205\" aria-label=\"Tyr &#8211; 2016\"><img loading=\"lazy\" decoding=\"async\" width=\"770\" height=\"485\" src=\"https:\/\/eveha-international.com\/wp-content\/uploads\/2017\/09\/tyr_2016_small.jpg\" class=\"attachment-large size-large wp-post-image\" alt=\"\" style=\"\" srcset=\"https:\/\/eveha-international.com\/wp-content\/uploads\/2017\/09\/tyr_2016_small.jpg 770w, https:\/\/eveha-international.com\/wp-content\/uploads\/2017\/09\/tyr_2016_small-300x189.jpg 300w\" sizes=\"auto, (max-width: 770px) 100vw, 770px\" \/><\/a><\/div><a class=\"wp-block-latest-posts__post-title\" href=\"https:\/\/eveha-international.com\/?p=1205\">Tyr &#8211; 2016<\/a><\/li>\n<li><div class=\"wp-block-latest-posts__featured-image\"><a href=\"https:\/\/eveha-international.com\/?p=1570\" aria-label=\"Tyr &#8211; 2017\"><img loading=\"lazy\" decoding=\"async\" width=\"770\" height=\"485\" src=\"https:\/\/eveha-international.com\/wp-content\/uploads\/2018\/08\/tyr_2017_small.jpg\" class=\"attachment-large size-large wp-post-image\" alt=\"\" style=\"\" srcset=\"https:\/\/eveha-international.com\/wp-content\/uploads\/2018\/08\/tyr_2017_small.jpg 770w, https:\/\/eveha-international.com\/wp-content\/uploads\/2018\/08\/tyr_2017_small-300x189.jpg 300w\" sizes=\"auto, (max-width: 770px) 100vw, 770px\" \/><\/a><\/div><a class=\"wp-block-latest-posts__post-title\" href=\"https:\/\/eveha-international.com\/?p=1570\">Tyr &#8211; 2017<\/a><\/li>\n<li><div class=\"wp-block-latest-posts__featured-image\"><a href=\"https:\/\/eveha-international.com\/?p=2062\" aria-label=\"Tyr &#8211; 2018\"><img loading=\"lazy\" decoding=\"async\" width=\"770\" height=\"485\" src=\"https:\/\/eveha-international.com\/wp-content\/uploads\/2020\/05\/tyr_2018small.jpg\" class=\"attachment-large size-large wp-post-image\" alt=\"\" style=\"\" srcset=\"https:\/\/eveha-international.com\/wp-content\/uploads\/2020\/05\/tyr_2018small.jpg 770w, https:\/\/eveha-international.com\/wp-content\/uploads\/2020\/05\/tyr_2018small-300x189.jpg 300w, https:\/\/eveha-international.com\/wp-content\/uploads\/2020\/05\/tyr_2018small-768x484.jpg 768w\" sizes=\"auto, (max-width: 770px) 100vw, 770px\" \/><\/a><\/div><a class=\"wp-block-latest-posts__post-title\" href=\"https:\/\/eveha-international.com\/?p=2062\">Tyr &#8211; 2018<\/a><\/li>\n<li><div class=\"wp-block-latest-posts__featured-image\"><a href=\"https:\/\/eveha-international.com\/?p=2074\" aria-label=\"Tyr &#8211; 2019\"><img loading=\"lazy\" decoding=\"async\" width=\"770\" height=\"485\" src=\"https:\/\/eveha-international.com\/wp-content\/uploads\/2020\/05\/tyr_2019_small.jpg\" class=\"attachment-large size-large wp-post-image\" alt=\"\" style=\"\" srcset=\"https:\/\/eveha-international.com\/wp-content\/uploads\/2020\/05\/tyr_2019_small.jpg 770w, https:\/\/eveha-international.com\/wp-content\/uploads\/2020\/05\/tyr_2019_small-300x189.jpg 300w, https:\/\/eveha-international.com\/wp-content\/uploads\/2020\/05\/tyr_2019_small-768x484.jpg 768w\" sizes=\"auto, (max-width: 770px) 100vw, 770px\" \/><\/a><\/div><a class=\"wp-block-latest-posts__post-title\" href=\"https:\/\/eveha-international.com\/?p=2074\">Tyr &#8211; 2019<\/a><\/li>\n<li><div class=\"wp-block-latest-posts__featured-image\"><a href=\"https:\/\/eveha-international.com\/?p=2427\" aria-label=\"Tyr &#8211; 2020\"><img loading=\"lazy\" decoding=\"async\" width=\"770\" height=\"485\" src=\"https:\/\/eveha-international.com\/wp-content\/uploads\/2022\/01\/tyr_2020_small.jpg\" class=\"attachment-large size-large wp-post-image\" alt=\"\" style=\"\" srcset=\"https:\/\/eveha-international.com\/wp-content\/uploads\/2022\/01\/tyr_2020_small.jpg 770w, https:\/\/eveha-international.com\/wp-content\/uploads\/2022\/01\/tyr_2020_small-300x189.jpg 300w, https:\/\/eveha-international.com\/wp-content\/uploads\/2022\/01\/tyr_2020_small-768x484.jpg 768w\" sizes=\"auto, (max-width: 770px) 100vw, 770px\" \/><\/a><\/div><a class=\"wp-block-latest-posts__post-title\" href=\"https:\/\/eveha-international.com\/?p=2427\">Tyr &#8211; 2020<\/a><\/li>\n<li><div class=\"wp-block-latest-posts__featured-image\"><a href=\"https:\/\/eveha-international.com\/?p=2558\" aria-label=\"Tyr &#8211; 2021\"><img loading=\"lazy\" decoding=\"async\" width=\"770\" height=\"485\" src=\"https:\/\/eveha-international.com\/wp-content\/uploads\/2022\/06\/tyr_2021_small.jpg\" class=\"attachment-large size-large wp-post-image\" alt=\"\" style=\"\" srcset=\"https:\/\/eveha-international.com\/wp-content\/uploads\/2022\/06\/tyr_2021_small.jpg 770w, https:\/\/eveha-international.com\/wp-content\/uploads\/2022\/06\/tyr_2021_small-300x189.jpg 300w, https:\/\/eveha-international.com\/wp-content\/uploads\/2022\/06\/tyr_2021_small-768x484.jpg 768w\" sizes=\"auto, (max-width: 770px) 100vw, 770px\" \/><\/a><\/div><a class=\"wp-block-latest-posts__post-title\" href=\"https:\/\/eveha-international.com\/?p=2558\">Tyr &#8211; 2021<\/a><\/li>\n<li><div class=\"wp-block-latest-posts__featured-image\"><a href=\"https:\/\/eveha-international.com\/?p=2621\" aria-label=\"Tyr &#8211; 2022\"><img loading=\"lazy\" decoding=\"async\" width=\"770\" height=\"485\" src=\"https:\/\/eveha-international.com\/wp-content\/uploads\/2022\/06\/header_tyr_22_small.jpg\" class=\"attachment-large size-large wp-post-image\" alt=\"\" style=\"\" srcset=\"https:\/\/eveha-international.com\/wp-content\/uploads\/2022\/06\/header_tyr_22_small.jpg 770w, https:\/\/eveha-international.com\/wp-content\/uploads\/2022\/06\/header_tyr_22_small-300x189.jpg 300w, https:\/\/eveha-international.com\/wp-content\/uploads\/2022\/06\/header_tyr_22_small-768x484.jpg 768w\" sizes=\"auto, (max-width: 770px) 100vw, 770px\" \/><\/a><\/div><a class=\"wp-block-latest-posts__post-title\" href=\"https:\/\/eveha-international.com\/?p=2621\">Tyr &#8211; 2022<\/a><\/li>\n<\/ul>","protected":false},"excerpt":{"rendered":"<p>Implant\u00e9 au coeur de la ville moderne, le parc arch\u00e9ologique de Tyr fait l&rsquo;objet de nouvelles recherches plac\u00e9es sous la direction de Jean-Baptiste Yon(CNRS-HiSoMa\/IFPO). DirectionP.-L. Gatier\u00a0(CNRS, UMR 5189 \u2013 HISOMA)J.-B. Yon\u00a0(CNRS, UMR 5189 \u2013 HISOMA) Participation d&rsquo;\u00c9vehaTopographie Localisation Liban Localisation et r\u00e9sum\u00e9 historiqueLa ville de Tyr se situe sur le littoral libanais, dans le sud&#8230;<\/p>\n","protected":false},"author":4,"featured_media":4050,"parent":7,"menu_order":0,"comment_status":"closed","ping_status":"closed","template":"","meta":{"inline_featured_image":false,"_kad_post_transparent":"","_kad_post_title":"","_kad_post_layout":"","_kad_post_sidebar_id":"","_kad_post_content_style":"","_kad_post_vertical_padding":"","_kad_post_feature":"","_kad_post_feature_position":"","_kad_post_header":false,"_kad_post_footer":false,"_kad_post_classname":"","footnotes":""},"class_list":["post-4049","page","type-page","status-publish","has-post-thumbnail","hentry"],"_links":{"self":[{"href":"https:\/\/eveha-international.com\/index.php?rest_route=\/wp\/v2\/pages\/4049","targetHints":{"allow":["GET"]}}],"collection":[{"href":"https:\/\/eveha-international.com\/index.php?rest_route=\/wp\/v2\/pages"}],"about":[{"href":"https:\/\/eveha-international.com\/index.php?rest_route=\/wp\/v2\/types\/page"}],"author":[{"embeddable":true,"href":"https:\/\/eveha-international.com\/index.php?rest_route=\/wp\/v2\/users\/4"}],"replies":[{"embeddable":true,"href":"https:\/\/eveha-international.com\/index.php?rest_route=%2Fwp%2Fv2%2Fcomments&post=4049"}],"version-history":[{"count":2,"href":"https:\/\/eveha-international.com\/index.php?rest_route=\/wp\/v2\/pages\/4049\/revisions"}],"predecessor-version":[{"id":4053,"href":"https:\/\/eveha-international.com\/index.php?rest_route=\/wp\/v2\/pages\/4049\/revisions\/4053"}],"up":[{"embeddable":true,"href":"https:\/\/eveha-international.com\/index.php?rest_route=\/wp\/v2\/pages\/7"}],"wp:featuredmedia":[{"embeddable":true,"href":"https:\/\/eveha-international.com\/index.php?rest_route=\/wp\/v2\/media\/4050"}],"wp:attachment":[{"href":"https:\/\/eveha-international.com\/index.php?rest_route=%2Fwp%2Fv2%2Fmedia&parent=4049"}],"curies":[{"name":"wp","href":"https:\/\/api.w.org\/{rel}","templated":true}]}}