{"id":4055,"date":"2026-01-15T17:39:25","date_gmt":"2026-01-15T16:39:25","guid":{"rendered":"https:\/\/eveha-international.com\/?page_id=4055"},"modified":"2026-01-15T17:44:35","modified_gmt":"2026-01-15T16:44:35","slug":"tanis","status":"publish","type":"page","link":"https:\/\/eveha-international.com\/?page_id=4055","title":{"rendered":"Tanis"},"content":{"rendered":"\n<p class=\"has-text-align-left has-small-font-size\">En 2012, \u00c9veha International a particip\u00e9 aux fouilles de Tanis dans le cadre de la Mission Fran\u00e7aise des Fouilles de Tanis (EPHE \/ MAE). <br>En 2014, la collaboration a repris au sein d&rsquo;un nouveau programme de recherches de la MFFT, d\u00e9sormais plac\u00e9 sous la responsabilit\u00e9 de Fran\u00e7ois Lecl\u00e8re.<\/p>\n\n\n\n<div class=\"wp-block-separator has-alpha-channel-opacity is-style-wide\" style=\"margin-top:var(--wp--preset--spacing--40);margin-bottom:var(--wp--preset--spacing--40)\"><\/div>\n\n\n\n<div class=\"wp-block-columns is-layout-flex wp-container-core-columns-is-layout-9d6595d7 wp-block-columns-is-layout-flex\">\n<div class=\"wp-block-column is-layout-flow wp-block-column-is-layout-flow\">\n<h6 class=\"wp-block-heading has-theme-palette-12-color has-text-color has-link-color has-small-font-size wp-elements-ccf8de6d1561aee1d0fe9e199fd7203e\">Direction<br><strong>Fran\u00e7ois Lecl\u00e8re<\/strong>\u00a0(PSL Research University Paris \/ EPHE Sciences religieuses, EA 4519 \u2013 \u00c9gypte ancienne : arch\u00e9ologie, langue religion)<\/h6>\n<\/div>\n\n\n\n<div class=\"wp-block-column is-layout-flow wp-block-column-is-layout-flow\">\n<p class=\"has-small-font-size\"><strong>Participation d&rsquo;\u00c9veha<br><\/strong>Topographie <br>Carottages arch\u00e9ologiques<\/p>\n<\/div>\n\n\n\n<div class=\"wp-block-column is-layout-flow wp-block-column-is-layout-flow\">\n<p class=\"has-small-font-size\"><strong>Localisation<\/strong> <br>\u00c9gypte<\/p>\n<\/div>\n<\/div>\n\n\n\n<div class=\"wp-block-separator has-text-color has-theme-palette-12-color has-alpha-channel-opacity has-theme-palette-12-background-color has-background is-style-wide\" style=\"margin-top:var(--wp--preset--spacing--60);margin-bottom:var(--wp--preset--spacing--60)\"><\/div>\n\n\n\n<p class=\"has-small-font-size\"><strong>Localisation et r\u00e9sum\u00e9 historique<\/strong><br>Situ\u00e9 dans le Delta nord-oriental de l\u2019\u00c9gypte, \u00e0 environ 120 km du Caire, le tell de Tanis couvre une superficie de pr\u00e8s de 180 hectares et culmine \u00e0 une trentaine de m\u00e8tres de hauteur, surplombant la plaine cultiv\u00e9e et la ville moderne de S\u00e2n el-Hagar.<br><br>\u00c9tablissement dont l\u2019existence ne remonte pas au-del\u00e0 de la toute fin du IIe mill\u00e9naire av. J.-C., Tanis devint sous les 21e et 22e dynasties (1069-730 av. J.-C.) le centre politique, religieux et fun\u00e9raire du nord du pays, alors divis\u00e9 par de graves troubles. La ville succ\u00e9da \u00e0 Avaris et Pirams\u00e8s, anciennes capitales Hyks\u00f4s et Ramesside situ\u00e9es c\u00f4te \u00e0 c\u00f4te \u00e0 environ 25 km plus au sud, sur la branche voisine du Nil, comme nouvelle base portuaire m\u00e9diterran\u00e9enne de l\u2019\u00c9gypte. D\u00e9tr\u00f4n\u00e9e \u00e0 ce titre, \u00e0 partir des 7e-6e si\u00e8cles av. J.-C. par le port de Naucratis, au voisinage du nouveau foyer dynastique de Sa\u00efs, dans l\u2019ouest du Delta, Tanis continua cependant \u00e0 se d\u00e9velopper aux \u00e9poques suivantes et resta une agglom\u00e9ration importante jusqu\u2019\u00e0 l\u2019\u00e9poque romano-byzantine.<br><br>Les d\u00e9couvertes arch\u00e9ologiques permettent d\u2019\u00e9tablir que Tanis fut vraisemblablement con\u00e7ue d\u00e8s l\u2019origine comme une r\u00e9plique de Th\u00e8bes de Haute \u00c9gypte, imitant la disposition g\u00e9ographique et architecturale de ses temples, d\u00e9di\u00e9s \u00e0 la m\u00eame triade divine tut\u00e9laire \u2013 Amon, Mout et Khonsou. Ainsi, au nord du site, se trouvent les temples d\u2019Amon et de Mout, en parall\u00e8le \u00e0 ceux de Karnak, tandis que le temple d\u2019Amon d\u2019Op\u00e9, au sud, rappelle le temple de Louxor. Certaines diff\u00e9rences avec le mod\u00e8le th\u00e9bain interviennent cependant. Le complexe de la n\u00e9cropole royale, form\u00e9 par les s\u00e9pultures des souverains des 21e \u2013 22e dynasties, se trouve de fait int\u00e9gr\u00e9 \u00e0 l\u2019aire sacr\u00e9e d\u2019Amon. La d\u00e9couverte de cet ensemble en partie inviol\u00e9, au d\u00e9tour du second conflit mondial, est par ailleurs la plus importante de ce genre apr\u00e8s celle de Toutankhamon. Le d\u00e9veloppement, au cours de l\u2019histoire de Tanis, du culte et des temples d\u2019Horus de Mesen, est une autre originalit\u00e9 de la localit\u00e9.<br><br>La roche \u00e9tant absente de cette r\u00e9gion, la construction et l\u2019am\u00e9nagement des temples de Tanis se fit essentiellement au moyen de remplois de blocs, statues, ob\u00e9lisques et colonnes, provenant en majorit\u00e9 des villes voisines d\u2019Avaris et de Pirams\u00e8s. Mais la majeure partie des ruines est form\u00e9e d\u2019une impressionnante accumulation de constructions de briques crues, correspondant aux grandes phases successives de l\u2019occupation de la ville jusqu\u2019\u00e0 l\u2019\u00e9poque byzantine.<\/p>\n\n\n\n<p class=\"has-small-font-size\"><strong>Historique des recherches<\/strong><br>Identifi\u00e9 \u00e0 Tanis d\u00e8s le 18e si\u00e8cle, explor\u00e9 et cartographi\u00e9 par les savants de l\u2019Exp\u00e9dition d\u2019\u00c9gypte, le site de S\u00e2n el-Hagar a \u00e9t\u00e9 ponctuellement fouill\u00e9 au cours du 19e si\u00e8cle par des arch\u00e9ologues fran\u00e7ais et britanniques. \u00c0 partir de 1929 et jusqu\u2019en 1956, le site fait l\u2019objet de fouilles r\u00e9guli\u00e8res, sous la direction de Pierre Montet, professeur \u00e0 l\u2019universit\u00e9 de Strasbourg puis au Coll\u00e8ge de France. Plusieurs d\u00e9couvertes spectaculaires interviennent au cours de cette p\u00e9riode, notamment celle de tombes royales en partie inviol\u00e9es, dans lesquelles un riche mobilier a \u00e9t\u00e9 mis au jour. \u00c0 partir de 1965 succ\u00e8da \u00e0 la Mission Montet la&nbsp;<em>Mission Fran\u00e7aise des Fouilles de Tanis<\/em>&nbsp;(MFFT), cr\u00e9\u00e9e au sein de la Section des Sciences religieuses de l\u2019\u00c9cole pratique des hautes \u00e9tudes, sous le patronage de l\u2019Acad\u00e9mie des Inscriptions et belles-lettres, et avec le principal soutien financier du Minist\u00e8re des Affaires \u00e9trang\u00e8res. Elle fut d\u2019abord dirig\u00e9e par son fondateur, le Professeur Jean Yoyotte, jusqu\u2019en 1984, puis par Philippe Brissaud jusqu\u2019en 2013.<\/p>\n\n\n\n<p class=\"has-small-font-size\">\u00c0 l\u2019automne 2013, un nouveau projet de recherches de la MFFT, portant principalement sur la structure urbaine de l\u2019agglom\u00e9ration et son environnement fluvial et lagunaire, mais aussi sur une reprise des \u00e9tudes \u00e9pigraphiques relatives \u00e0 la Troisi\u00e8me P\u00e9riode interm\u00e9daire, a \u00e9t\u00e9 lanc\u00e9 par Fran\u00e7ois Lecl\u00e8re, qui assume d\u00e9sormais la responsabilit\u00e9 des op\u00e9rations arch\u00e9ologiques sur le site.<\/p>\n\n\n\n<div class=\"wp-block-separator has-alpha-channel-opacity is-style-wide\" style=\"margin-top:var(--wp--preset--spacing--60);margin-bottom:var(--wp--preset--spacing--60)\"><\/div>\n\n\n\n<div class=\"wp-block-columns is-layout-flex wp-container-core-columns-is-layout-9d6595d7 wp-block-columns-is-layout-flex\">\n<div class=\"wp-block-column is-layout-flow wp-block-column-is-layout-flow\">\n<p class=\"has-small-font-size\"><strong>Partenaires<\/strong> <br>Mission Fran\u00e7aise des Fouilles de Tanis (\u00c9cole pratique des hautes \u00e9tudes, Section des Sciences religieuses, EA 4519 \u2014 \u00c9gypte ancienne : arch\u00e9ologie, langue, religion, Centre Wladimir Gol\u00e9nischeff \/ Minist\u00e8re des Affaires \u00e9trang\u00e8res)<br>CNRS, UMR 8167 \u2014 Orient et M\u00e9diterran\u00e9e, \u00c9quipe Mondes pharaoniques, Universit\u00e9 de Paris 4<br>CNRS, UMR 5133 \u2014 Laboratoire Arch\u00e9orient : Environnements et soci\u00e9t\u00e9s de l\u2019Orient ancien, Maison de l\u2019Orient et de la M\u00e9diterran\u00e9e, Universit\u00e9 Lumi\u00e8re, Lyon 2<br>CNRS UMR 7362 \u2014 Laboratoire Image, Ville, Environnement, Universit\u00e9 Pasteur, Strasbourg<br>Instytut Archeologii i Etnologii Polskiej Akademii Nauk (Pologne)<br>Institut fran\u00e7ais d\u2019arch\u00e9ologie orientale<br>Conseil supr\u00eame des Antiquit\u00e9s \u00e9gyptiennes<\/p>\n<\/div>\n\n\n\n<div class=\"wp-block-column is-layout-flow wp-block-column-is-layout-flow\"><\/div>\n\n\n\n<div class=\"wp-block-column is-layout-flow wp-block-column-is-layout-flow\">\n<p class=\"has-theme-palette-11-color has-text-color has-link-color has-small-font-size wp-elements-beb0bf4ded2a6341d153a6e8ea9b9086\"><strong>Liens<\/strong> :<br><a href=\"http:\/\/www.ephe.fr\/annuaire-de-la-recherche\/mission-francaise-des-fouilles-de-tanis-mfft.html\" target=\"_blank\" rel=\"noreferrer noopener\">Pr\u00e9sentation de la MFFT<\/a><br><a href=\"http:\/\/www.ephe.sorbonne.fr\/annuaire-de-la-recherche\/egypte-ancienne-archeologie-langue-religion-ea-4519.html\" target=\"_blank\" rel=\"noreferrer noopener\">EPHE-SR, EA 4519 \u2014 \u00c9gypte ancienne : arch\u00e9ologie, langue religion<\/a><br><a href=\"http:\/\/www.aibl.fr\/prix-et-fondations\/fondations\/fondation-jean-leclant\/prix-2015-521\/\" target=\"_blank\" rel=\"noreferrer noopener\">Prix Jean et Marie-Fran\u00e7oise Leclant 2015 (Fondation Jean Leclant, AIBL)<\/a><br><a href=\"http:\/\/www.aibl.fr\/fouilles-archeologiques\/article\/programme-tanis-egypte-francois\" target=\"_blank\" rel=\"noreferrer noopener\">Label de l&rsquo;AIBL 2016<\/a><\/p>\n<\/div>\n<\/div>\n\n\n\n<div class=\"wp-block-separator has-alpha-channel-opacity is-style-wide\" style=\"margin-top:var(--wp--preset--spacing--60);margin-bottom:var(--wp--preset--spacing--60)\"><\/div>\n\n\n\n<h2 class=\"wp-block-heading\">Campagnes <\/h2>\n\n\n<ul style=\"padding-top:0;padding-bottom:0;padding-left:0;padding-right:0;\" class=\"wp-block-latest-posts__list is-grid columns-4 has-link-color wp-elements-250797d955d520ca0bf2f0db8db34f47 wp-block-latest-posts has-text-color has-theme-palette-12-color has-small-font-size\"><li><div class=\"wp-block-latest-posts__featured-image\"><a href=\"https:\/\/eveha-international.com\/?p=498\" aria-label=\"Tanis &#8211; 2012\"><img loading=\"lazy\" decoding=\"async\" width=\"770\" height=\"485\" src=\"https:\/\/eveha-international.com\/wp-content\/uploads\/2015\/06\/tanis-2012_blog.jpg\" class=\"attachment-large size-large wp-post-image\" alt=\"\" style=\"\" srcset=\"https:\/\/eveha-international.com\/wp-content\/uploads\/2015\/06\/tanis-2012_blog.jpg 770w, https:\/\/eveha-international.com\/wp-content\/uploads\/2015\/06\/tanis-2012_blog-300x189.jpg 300w\" sizes=\"auto, (max-width: 770px) 100vw, 770px\" \/><\/a><\/div><a class=\"wp-block-latest-posts__post-title\" href=\"https:\/\/eveha-international.com\/?p=498\">Tanis &#8211; 2012<\/a><\/li>\n<li><div class=\"wp-block-latest-posts__featured-image\"><a href=\"https:\/\/eveha-international.com\/?p=503\" aria-label=\"Tanis &#8211; 2014\"><img loading=\"lazy\" decoding=\"async\" width=\"980\" height=\"617\" src=\"https:\/\/eveha-international.com\/wp-content\/uploads\/2015\/06\/tanis-2014_blog-1024x645.jpg\" class=\"attachment-large size-large wp-post-image\" alt=\"\" style=\"\" srcset=\"https:\/\/eveha-international.com\/wp-content\/uploads\/2015\/06\/tanis-2014_blog-1024x645.jpg 1024w, https:\/\/eveha-international.com\/wp-content\/uploads\/2015\/06\/tanis-2014_blog-300x189.jpg 300w\" sizes=\"auto, (max-width: 980px) 100vw, 980px\" \/><\/a><\/div><a class=\"wp-block-latest-posts__post-title\" href=\"https:\/\/eveha-international.com\/?p=503\">Tanis &#8211; 2014<\/a><\/li>\n<li><div class=\"wp-block-latest-posts__featured-image\"><a href=\"https:\/\/eveha-international.com\/?p=969\" aria-label=\"Tanis &#8211; 2015\"><img loading=\"lazy\" decoding=\"async\" width=\"770\" height=\"485\" src=\"https:\/\/eveha-international.com\/wp-content\/uploads\/2016\/10\/kunara_2015_small1.jpg\" class=\"attachment-large size-large wp-post-image\" alt=\"\" style=\"\" srcset=\"https:\/\/eveha-international.com\/wp-content\/uploads\/2016\/10\/kunara_2015_small1.jpg 770w, https:\/\/eveha-international.com\/wp-content\/uploads\/2016\/10\/kunara_2015_small1-300x189.jpg 300w\" sizes=\"auto, (max-width: 770px) 100vw, 770px\" \/><\/a><\/div><a class=\"wp-block-latest-posts__post-title\" href=\"https:\/\/eveha-international.com\/?p=969\">Tanis &#8211; 2015<\/a><\/li>\n<li><div class=\"wp-block-latest-posts__featured-image\"><a href=\"https:\/\/eveha-international.com\/?p=1290\" aria-label=\"Tanis &#8211; 2016\"><img loading=\"lazy\" decoding=\"async\" width=\"770\" height=\"485\" src=\"https:\/\/eveha-international.com\/wp-content\/uploads\/2017\/10\/tanis-2016_small.jpg\" class=\"attachment-large size-large wp-post-image\" alt=\"\" style=\"\" srcset=\"https:\/\/eveha-international.com\/wp-content\/uploads\/2017\/10\/tanis-2016_small.jpg 770w, https:\/\/eveha-international.com\/wp-content\/uploads\/2017\/10\/tanis-2016_small-300x189.jpg 300w\" sizes=\"auto, (max-width: 770px) 100vw, 770px\" \/><\/a><\/div><a class=\"wp-block-latest-posts__post-title\" href=\"https:\/\/eveha-international.com\/?p=1290\">Tanis &#8211; 2016<\/a><\/li>\n<\/ul>\n\n\n<p><\/p>\n","protected":false},"excerpt":{"rendered":"<p>En 2012, \u00c9veha International a particip\u00e9 aux fouilles de Tanis dans le cadre de la Mission Fran\u00e7aise des Fouilles de Tanis (EPHE \/ MAE). En 2014, la collaboration a repris au sein d&rsquo;un nouveau programme de recherches de la MFFT, d\u00e9sormais plac\u00e9 sous la responsabilit\u00e9 de Fran\u00e7ois Lecl\u00e8re. DirectionFran\u00e7ois Lecl\u00e8re\u00a0(PSL Research University Paris \/ EPHE&#8230;<\/p>\n","protected":false},"author":4,"featured_media":4056,"parent":7,"menu_order":0,"comment_status":"closed","ping_status":"closed","template":"","meta":{"inline_featured_image":false,"_kad_post_transparent":"","_kad_post_title":"","_kad_post_layout":"","_kad_post_sidebar_id":"","_kad_post_content_style":"","_kad_post_vertical_padding":"","_kad_post_feature":"","_kad_post_feature_position":"","_kad_post_header":false,"_kad_post_footer":false,"_kad_post_classname":"","footnotes":""},"class_list":["post-4055","page","type-page","status-publish","has-post-thumbnail","hentry"],"_links":{"self":[{"href":"https:\/\/eveha-international.com\/index.php?rest_route=\/wp\/v2\/pages\/4055","targetHints":{"allow":["GET"]}}],"collection":[{"href":"https:\/\/eveha-international.com\/index.php?rest_route=\/wp\/v2\/pages"}],"about":[{"href":"https:\/\/eveha-international.com\/index.php?rest_route=\/wp\/v2\/types\/page"}],"author":[{"embeddable":true,"href":"https:\/\/eveha-international.com\/index.php?rest_route=\/wp\/v2\/users\/4"}],"replies":[{"embeddable":true,"href":"https:\/\/eveha-international.com\/index.php?rest_route=%2Fwp%2Fv2%2Fcomments&post=4055"}],"version-history":[{"count":2,"href":"https:\/\/eveha-international.com\/index.php?rest_route=\/wp\/v2\/pages\/4055\/revisions"}],"predecessor-version":[{"id":4059,"href":"https:\/\/eveha-international.com\/index.php?rest_route=\/wp\/v2\/pages\/4055\/revisions\/4059"}],"up":[{"embeddable":true,"href":"https:\/\/eveha-international.com\/index.php?rest_route=\/wp\/v2\/pages\/7"}],"wp:featuredmedia":[{"embeddable":true,"href":"https:\/\/eveha-international.com\/index.php?rest_route=\/wp\/v2\/media\/4056"}],"wp:attachment":[{"href":"https:\/\/eveha-international.com\/index.php?rest_route=%2Fwp%2Fv2%2Fmedia&parent=4055"}],"curies":[{"name":"wp","href":"https:\/\/api.w.org\/{rel}","templated":true}]}}