{"id":4061,"date":"2026-01-15T17:48:11","date_gmt":"2026-01-15T16:48:11","guid":{"rendered":"https:\/\/eveha-international.com\/?page_id=4061"},"modified":"2026-01-15T17:51:44","modified_gmt":"2026-01-15T16:51:44","slug":"pompei-porta-nocera","status":"publish","type":"page","link":"https:\/\/eveha-international.com\/?page_id=4061","title":{"rendered":"Pompei \u2013 Porta Nocera"},"content":{"rendered":"\n<p class=\"has-text-align-left has-small-font-size\">\u00c9veha International finance en partie la r\u00e9alisation d&rsquo;un nouveau programme de recherche sur la n\u00e9cropole de Porta Nocera \u00e0 Pomp\u00e9i plac\u00e9 sous la responsabilit\u00e9 de William Van Andringa (Universit\u00e9 Lille III), Thomas Creissen (\u00c9veha International) et Henri Duday (Universit\u00e9 de Bordeaux).<\/p>\n\n\n\n<div class=\"wp-block-separator has-alpha-channel-opacity is-style-wide\" style=\"margin-top:var(--wp--preset--spacing--40);margin-bottom:var(--wp--preset--spacing--40)\"><\/div>\n\n\n\n<div class=\"wp-block-columns is-layout-flex wp-container-core-columns-is-layout-9d6595d7 wp-block-columns-is-layout-flex\">\n<div class=\"wp-block-column is-layout-flow wp-block-column-is-layout-flow\">\n<h6 class=\"wp-block-heading has-theme-palette-12-color has-text-color has-link-color has-small-font-size wp-elements-f0d9afd106b440f418750b4c5b8cac32\">Direction<br><strong>William Van Andringa<\/strong>\u00a0(Universit\u00e9 Lille III \u2013 <br>CNRS, UMR 8164 \u2013 HALMA-IPEL, EPHE, depuis 2018)<br><strong>Thomas Creissen<\/strong>\u00a0(\u00c9veha International \u2013 Universit\u00e9 <br>Fran\u00e7ois Rabelais Tours, CNRS UMR 7324 \u2013 LAT)<br><strong>Henri Duday<\/strong>\u00a0(Universit\u00e9 de Bordeaux \u2013 Laboratoire d\u2019Anthropologie de Bordeaux)<\/h6>\n<\/div>\n\n\n\n<div class=\"wp-block-column is-layout-flow wp-block-column-is-layout-flow\">\n<p class=\"has-small-font-size\"><strong>Participation d&rsquo;\u00c9veha<br><\/strong>Arch\u00e9o-anthropologie<br>recherches arch\u00e9ologiques<br>direction<\/p>\n<\/div>\n\n\n\n<div class=\"wp-block-column is-layout-flow wp-block-column-is-layout-flow\">\n<p class=\"has-small-font-size\"><strong>Localisation<\/strong> <br>Italie<\/p>\n<\/div>\n<\/div>\n\n\n\n<div class=\"wp-block-separator has-text-color has-theme-palette-12-color has-alpha-channel-opacity has-theme-palette-12-background-color has-background is-style-wide\" style=\"margin-top:var(--wp--preset--spacing--60);margin-bottom:var(--wp--preset--spacing--60)\"><\/div>\n\n\n\n<p class=\"has-small-font-size\"><strong>Localisation et r\u00e9sum\u00e9 historique<\/strong><br>La ville de Pomp\u00e9i est situ\u00e9e au sud de l\u2019Italie, dans la baie de Naples. Sa formation date du tournant du VIIe et VIe si\u00e8cle av. J.-C. Devenue une ville samnite \u00e0 la fin du Ve si\u00e8cle, elle se romanise progressivement \u00e0 partir de la conqu\u00eate de la Campanie par Rome, avant de devenir une colonie romaine en 80 av. J.-C. En 79 apr. J.-C., elle est largement ensevelie lors de l\u2019\u00e9ruption du V\u00e9suve.<br>La colonisation romaine s\u2019est traduite par le d\u00e9veloppement de plusieurs n\u00e9cropoles \u00e0 incin\u00e9ration tout autour de la ville et de ses remparts, le long des principales voies d\u2019acc\u00e8s \u00e0 Pomp\u00e9i. Des monuments fun\u00e9raires prestigieux, parfois richement orn\u00e9s, y c\u00f4toient des enclos plus modestes au sein desquels sont g\u00e9n\u00e9ralement regroup\u00e9es plusieurs tombes.<br>Apr\u00e8s l\u2019\u00e9ruption, l\u2019essentiel des n\u00e9cropoles s\u2019est trouv\u00e9 totalement scell\u00e9 par les d\u00e9p\u00f4ts volcaniques. De ce fait, jusqu\u2019\u00e0 leur red\u00e9couverte, les ensembles fun\u00e9raires ont \u00e9t\u00e9 conserv\u00e9s dans leur \u00e9tat de 79 apr. J.-C. En ce sens, elles constituent des sources d\u2019informations de premier ordre sur la morphologie des espaces fun\u00e9raires de la p\u00e9riode antique et permettent d\u2019obtenir de pr\u00e9cieuses informations sur la mani\u00e8re dont ceux-ci fonctionnaient.<\/p>\n\n\n\n<p class=\"has-small-font-size\"><strong>Historique des recherches<\/strong><br>Les premi\u00e8res tombes de Pomp\u00e9i ont \u00e9t\u00e9 d\u00e9gag\u00e9es d\u00e8s le XVIIIe si\u00e8cle \u2013 n\u00e9cropole de la Porte d\u2019Herculanum \u2013, souvent de mani\u00e8re assez exp\u00e9ditive, ce qui a souvent pu occasionner une \u00e9rosion des niveaux de fr\u00e9quentation associ\u00e9s aux tombes. Les tombeaux de la porte de Nocera, au c\u0153ur d\u2019un nouveau programme de recherche, ont \u00e9t\u00e9 mis au jour \u00e0 l\u2019initiative d\u2019Amedeo Maiuri au milieu du XXe si\u00e8cle \u00e0 une date r\u00e9cente qui les a pr\u00e9serv\u00e9s des destructions du temps. La n\u00e9cropole se compose de deux ensembles principaux\u00a0: un premier tron\u00e7on est situ\u00e9 dans les abords imm\u00e9diats de la porte de Nocera, de part et d\u2019autre de la route de Nocera. Le second est situ\u00e9 bien plus \u00e0 l\u2019est, bordant la m\u00eame voie de communication. Apr\u00e8s le d\u00e9gagement intensif des ann\u00e9es 1950, des interventions ponctuelles sur diff\u00e9rents enclos de cette n\u00e9cropole ont eu lieu. Entre 2003 et 2007, cinq enclos ont fait l\u2019objet d\u2019un programme d\u2019\u00e9tude tr\u00e8s complet visant \u00e0 restituer de mani\u00e8re la plus pr\u00e9cise possible la morphologie comme la chronologie d\u2019un quartier fun\u00e9raire de la n\u00e9cropole. Surtout, ces derni\u00e8res fouilles ont permis d\u2019apporter un nouvel \u00e9clairage sur les rituels et les usages li\u00e9s \u00e0 la mort, de la cr\u00e9mation \u00e0 la l\u2019abandon de la tombe en passant par la mise au tombeau et la comm\u00e9moration des d\u00e9funts. Le nouveau programme, en partie port\u00e9 par \u00c9veha International, vise \u00e0 compl\u00e9ter ces informations en analysant un secteur mitoyen. Il s\u2019agit notamment d\u2019y mettre au jour des vestiges appartenant aux plus anciennes phases de la n\u00e9cropole, les moins bien document\u00e9es lors de la campagne pr\u00e9c\u00e9dente, mais aussi de v\u00e9rifier la validit\u00e9 des hypoth\u00e8ses formul\u00e9es auparavant.<br>Par ailleurs, les fouilles porteront \u00e9galement sur la partie orientale de la n\u00e9cropole de Porta Nocera o\u00f9 sont pr\u00e9sentes des structures fun\u00e9raires de morphologie tr\u00e8s vari\u00e9e, du monument prestigieux au simple enclos fun\u00e9raire pouvant parfois accueillir d\u2019impressionnants alignements de st\u00e8les.<br>Dans ce programme, une large place sera accord\u00e9e \u00e0 la photogramm\u00e9trie afin d\u2019essayer d\u2019appr\u00e9cier au mieux l\u2019apport de cette nouvelle m\u00e9thode d\u2019enregistrement \u00e0 l\u2019analyse et l\u2019interpr\u00e9tation des vestiges.<\/p>\n\n\n\n<div class=\"wp-block-separator has-alpha-channel-opacity is-style-wide\" style=\"margin-top:var(--wp--preset--spacing--60);margin-bottom:var(--wp--preset--spacing--60)\"><\/div>\n\n\n\n<div class=\"wp-block-columns is-layout-flex wp-container-core-columns-is-layout-9d6595d7 wp-block-columns-is-layout-flex\">\n<div class=\"wp-block-column is-layout-flow wp-block-column-is-layout-flow\">\n<p class=\"has-small-font-size\"><strong>Partenaires<\/strong> <br>Soprintendenza par i Beni Archeologici di Napoli e Pompei(Italie)<br>\u00c9cole Fran\u00e7aise de Rome (France)<br>Universit\u00e9 de Lille III (France)<br>\u00c9veha International (France)<br>Laboratoire d\u2019anthropologie de Bordeaux (France)<br>Archeodunum (France)<br>Programme AGRUMED (France)<\/p>\n<\/div>\n\n\n\n<div class=\"wp-block-column is-layout-flow wp-block-column-is-layout-flow\"><\/div>\n\n\n\n<div class=\"wp-block-column is-layout-flow wp-block-column-is-layout-flow\">\n<p class=\"has-theme-palette-11-color has-text-color has-link-color has-small-font-size wp-elements-d1b603ffbe30c5128c4666863c80ba44\"><strong>Liens<\/strong> :<br><a href=\"http:\/\/www.deathinpompeii.com\/index.html\" target=\"_blank\" rel=\"noreferrer noopener\">Arch\u00e9ologie de la mort \u00e0 Pompei &#8211; N\u00e9cropole de Porta Nocera<\/a><br><a href=\"https:\/\/journals.openedition.org\/cefr\/4016\" target=\"_blank\" rel=\"noreferrer noopener\">Chroniques des activit\u00e9s arch\u00e9ologiques de l&rsquo;\u00c9cole fran\u00e7aise de Rome<\/a><br><a href=\"https:\/\/www.efrome.it\/fr\/la-recherche\/programmes\/programmes-scientifiques-2017-2021\/porta-nocera.html?fbclid=IwAR0hTfD2T4bAe9JfUChpumg8LHfrW5pnmDOjs8BEm2ZlbqBjv5l8tjPnNqs\" target=\"_blank\" rel=\"noreferrer noopener\">Programme de recherche (EFRome)<\/a><\/p>\n<\/div>\n<\/div>\n\n\n\n<div class=\"wp-block-separator has-alpha-channel-opacity is-style-wide\" style=\"margin-top:var(--wp--preset--spacing--60);margin-bottom:var(--wp--preset--spacing--60)\"><\/div>\n\n\n\n<h2 class=\"wp-block-heading\">Campagnes <\/h2>\n\n\n<ul style=\"padding-top:0;padding-bottom:0;padding-left:0;padding-right:0;\" class=\"wp-block-latest-posts__list is-grid columns-4 has-link-color wp-elements-dc282c674af7e0376c69a32c99863207 wp-block-latest-posts has-text-color has-theme-palette-12-color has-small-font-size\"><li><div class=\"wp-block-latest-posts__featured-image\"><a href=\"https:\/\/eveha-international.com\/?p=491\" aria-label=\"Pompei &#8211; Porta Nocera &#8211; 2014\"><img loading=\"lazy\" decoding=\"async\" width=\"770\" height=\"485\" src=\"https:\/\/eveha-international.com\/wp-content\/uploads\/2015\/06\/porta_fortuna-2014_blog.jpg\" class=\"attachment-large size-large wp-post-image\" alt=\"\" style=\"\" srcset=\"https:\/\/eveha-international.com\/wp-content\/uploads\/2015\/06\/porta_fortuna-2014_blog.jpg 770w, https:\/\/eveha-international.com\/wp-content\/uploads\/2015\/06\/porta_fortuna-2014_blog-300x189.jpg 300w\" sizes=\"auto, (max-width: 770px) 100vw, 770px\" \/><\/a><\/div><a class=\"wp-block-latest-posts__post-title\" href=\"https:\/\/eveha-international.com\/?p=491\">Pompei &#8211; Porta Nocera &#8211; 2014<\/a><\/li>\n<li><div class=\"wp-block-latest-posts__featured-image\"><a href=\"https:\/\/eveha-international.com\/?p=699\" aria-label=\"Pompei &#8211; Porta Nocera &#8211; 2015\"><img loading=\"lazy\" decoding=\"async\" width=\"770\" height=\"485\" src=\"https:\/\/eveha-international.com\/wp-content\/uploads\/2016\/02\/PN2015-Fig3-small.jpg\" class=\"attachment-large size-large wp-post-image\" alt=\"\" style=\"\" srcset=\"https:\/\/eveha-international.com\/wp-content\/uploads\/2016\/02\/PN2015-Fig3-small.jpg 770w, https:\/\/eveha-international.com\/wp-content\/uploads\/2016\/02\/PN2015-Fig3-small-300x189.jpg 300w\" sizes=\"auto, (max-width: 770px) 100vw, 770px\" \/><\/a><\/div><a class=\"wp-block-latest-posts__post-title\" href=\"https:\/\/eveha-international.com\/?p=699\">Pompei &#8211; Porta Nocera &#8211; 2015<\/a><\/li>\n<li><div class=\"wp-block-latest-posts__featured-image\"><a href=\"https:\/\/eveha-international.com\/?p=1459\" aria-label=\"Pompei &#8211; Porta Nocera &#8211; 2016\"><img loading=\"lazy\" decoding=\"async\" width=\"770\" height=\"485\" src=\"https:\/\/eveha-international.com\/wp-content\/uploads\/2018\/03\/pn_2016_small.jpg\" class=\"attachment-large size-large wp-post-image\" alt=\"\" style=\"\" srcset=\"https:\/\/eveha-international.com\/wp-content\/uploads\/2018\/03\/pn_2016_small.jpg 770w, https:\/\/eveha-international.com\/wp-content\/uploads\/2018\/03\/pn_2016_small-300x189.jpg 300w\" sizes=\"auto, (max-width: 770px) 100vw, 770px\" \/><\/a><\/div><a class=\"wp-block-latest-posts__post-title\" href=\"https:\/\/eveha-international.com\/?p=1459\">Pompei &#8211; Porta Nocera &#8211; 2016<\/a><\/li>\n<li><div class=\"wp-block-latest-posts__featured-image\"><a href=\"https:\/\/eveha-international.com\/?p=1418\" aria-label=\"Pompei &#8211; Porta Nocera &#8211; 2017\"><img loading=\"lazy\" decoding=\"async\" width=\"770\" height=\"485\" src=\"https:\/\/eveha-international.com\/wp-content\/uploads\/2018\/03\/nocera_small_2017.jpg\" class=\"attachment-large size-large wp-post-image\" alt=\"\" style=\"\" srcset=\"https:\/\/eveha-international.com\/wp-content\/uploads\/2018\/03\/nocera_small_2017.jpg 770w, https:\/\/eveha-international.com\/wp-content\/uploads\/2018\/03\/nocera_small_2017-300x189.jpg 300w\" sizes=\"auto, (max-width: 770px) 100vw, 770px\" \/><\/a><\/div><a class=\"wp-block-latest-posts__post-title\" href=\"https:\/\/eveha-international.com\/?p=1418\">Pompei &#8211; Porta Nocera &#8211; 2017<\/a><\/li>\n<li><div class=\"wp-block-latest-posts__featured-image\"><a href=\"https:\/\/eveha-international.com\/?p=2478\" aria-label=\"Pompei &#8211; Porta Nocera &#8211; 2021\"><img loading=\"lazy\" decoding=\"async\" width=\"980\" height=\"268\" src=\"https:\/\/eveha-international.com\/wp-content\/uploads\/2022\/02\/porta_nocera_2021_header-1024x280.jpg\" class=\"attachment-large size-large wp-post-image\" alt=\"\" style=\"\" srcset=\"https:\/\/eveha-international.com\/wp-content\/uploads\/2022\/02\/porta_nocera_2021_header-1024x280.jpg 1024w, https:\/\/eveha-international.com\/wp-content\/uploads\/2022\/02\/porta_nocera_2021_header-300x82.jpg 300w, https:\/\/eveha-international.com\/wp-content\/uploads\/2022\/02\/porta_nocera_2021_header-768x210.jpg 768w, https:\/\/eveha-international.com\/wp-content\/uploads\/2022\/02\/porta_nocera_2021_header-1536x420.jpg 1536w, https:\/\/eveha-international.com\/wp-content\/uploads\/2022\/02\/porta_nocera_2021_header.jpg 2000w\" sizes=\"auto, (max-width: 980px) 100vw, 980px\" \/><\/a><\/div><a class=\"wp-block-latest-posts__post-title\" href=\"https:\/\/eveha-international.com\/?p=2478\">Pompei &#8211; Porta Nocera &#8211; 2021<\/a><\/li>\n<li><div class=\"wp-block-latest-posts__featured-image\"><a href=\"https:\/\/eveha-international.com\/?p=1338\" aria-label=\"Pompei &#8211; Projet RECAP &#8211; 2016\"><img loading=\"lazy\" decoding=\"async\" width=\"770\" height=\"485\" src=\"https:\/\/eveha-international.com\/wp-content\/uploads\/2017\/10\/recap_2016_small.jpg\" class=\"attachment-large size-large wp-post-image\" alt=\"\" style=\"\" srcset=\"https:\/\/eveha-international.com\/wp-content\/uploads\/2017\/10\/recap_2016_small.jpg 770w, https:\/\/eveha-international.com\/wp-content\/uploads\/2017\/10\/recap_2016_small-300x189.jpg 300w\" sizes=\"auto, (max-width: 770px) 100vw, 770px\" \/><\/a><\/div><a class=\"wp-block-latest-posts__post-title\" href=\"https:\/\/eveha-international.com\/?p=1338\">Pompei &#8211; Projet RECAP &#8211; 2016<\/a><\/li>\n<\/ul>","protected":false},"excerpt":{"rendered":"<p>\u00c9veha International finance en partie la r\u00e9alisation d&rsquo;un nouveau programme de recherche sur la n\u00e9cropole de Porta Nocera \u00e0 Pomp\u00e9i plac\u00e9 sous la responsabilit\u00e9 de William Van Andringa (Universit\u00e9 Lille III), Thomas Creissen (\u00c9veha International) et Henri Duday (Universit\u00e9 de Bordeaux). DirectionWilliam Van Andringa\u00a0(Universit\u00e9 Lille III \u2013 CNRS, UMR 8164 \u2013 HALMA-IPEL, EPHE, depuis 2018)Thomas&#8230;<\/p>\n","protected":false},"author":4,"featured_media":4062,"parent":7,"menu_order":0,"comment_status":"closed","ping_status":"closed","template":"","meta":{"inline_featured_image":false,"_kad_post_transparent":"","_kad_post_title":"","_kad_post_layout":"","_kad_post_sidebar_id":"","_kad_post_content_style":"","_kad_post_vertical_padding":"","_kad_post_feature":"","_kad_post_feature_position":"","_kad_post_header":false,"_kad_post_footer":false,"_kad_post_classname":"","footnotes":""},"class_list":["post-4061","page","type-page","status-publish","has-post-thumbnail","hentry"],"_links":{"self":[{"href":"https:\/\/eveha-international.com\/index.php?rest_route=\/wp\/v2\/pages\/4061","targetHints":{"allow":["GET"]}}],"collection":[{"href":"https:\/\/eveha-international.com\/index.php?rest_route=\/wp\/v2\/pages"}],"about":[{"href":"https:\/\/eveha-international.com\/index.php?rest_route=\/wp\/v2\/types\/page"}],"author":[{"embeddable":true,"href":"https:\/\/eveha-international.com\/index.php?rest_route=\/wp\/v2\/users\/4"}],"replies":[{"embeddable":true,"href":"https:\/\/eveha-international.com\/index.php?rest_route=%2Fwp%2Fv2%2Fcomments&post=4061"}],"version-history":[{"count":3,"href":"https:\/\/eveha-international.com\/index.php?rest_route=\/wp\/v2\/pages\/4061\/revisions"}],"predecessor-version":[{"id":4066,"href":"https:\/\/eveha-international.com\/index.php?rest_route=\/wp\/v2\/pages\/4061\/revisions\/4066"}],"up":[{"embeddable":true,"href":"https:\/\/eveha-international.com\/index.php?rest_route=\/wp\/v2\/pages\/7"}],"wp:featuredmedia":[{"embeddable":true,"href":"https:\/\/eveha-international.com\/index.php?rest_route=\/wp\/v2\/media\/4062"}],"wp:attachment":[{"href":"https:\/\/eveha-international.com\/index.php?rest_route=%2Fwp%2Fv2%2Fmedia&parent=4061"}],"curies":[{"name":"wp","href":"https:\/\/api.w.org\/{rel}","templated":true}]}}