{"id":4067,"date":"2026-01-15T17:55:33","date_gmt":"2026-01-15T16:55:33","guid":{"rendered":"https:\/\/eveha-international.com\/?page_id=4067"},"modified":"2026-01-15T18:00:50","modified_gmt":"2026-01-15T17:00:50","slug":"pompei-fortuna","status":"publish","type":"page","link":"https:\/\/eveha-international.com\/?page_id=4067","title":{"rendered":"Pompei \u2013 Fortuna"},"content":{"rendered":"\n<p class=\"has-text-align-left has-small-font-size\">\u00c9veha International est associ\u00e9 \u00e0 l&rsquo;\u00e9tude du temple de Fortune Auguste \u00e0 Pomp\u00e9i. <br>Ce projet est dirig\u00e9 par William Van Andringa (Universit\u00e9 de Lille III, CNRS).<\/p>\n\n\n\n<div class=\"wp-block-separator has-alpha-channel-opacity is-style-wide\" style=\"margin-top:var(--wp--preset--spacing--40);margin-bottom:var(--wp--preset--spacing--40)\"><\/div>\n\n\n\n<div class=\"wp-block-columns is-layout-flex wp-container-core-columns-is-layout-9d6595d7 wp-block-columns-is-layout-flex\">\n<div class=\"wp-block-column is-layout-flow wp-block-column-is-layout-flow\">\n<h6 class=\"wp-block-heading has-theme-palette-12-color has-text-color has-link-color has-small-font-size wp-elements-2635e6442ed8e506ddbbfa7e58fbd992\">Direction<br><strong>William Van Andringa<\/strong>&nbsp;<br>(Universit\u00e9 Lille III \u2013 CNRS, UMR 8164 \u2013 HALMA-IPEL)<\/h6>\n<\/div>\n\n\n\n<div class=\"wp-block-column is-layout-flow wp-block-column-is-layout-flow\">\n<p class=\"has-small-font-size\"><strong>Participation d&rsquo;\u00c9veha<br><\/strong>Recherche arch\u00e9ologique<br>\u00e9tude du petit mobilier<\/p>\n<\/div>\n\n\n\n<div class=\"wp-block-column is-layout-flow wp-block-column-is-layout-flow\">\n<p class=\"has-small-font-size\"><strong>Localisation<\/strong> <br>Italie<\/p>\n<\/div>\n<\/div>\n\n\n\n<div class=\"wp-block-separator has-text-color has-theme-palette-12-color has-alpha-channel-opacity has-theme-palette-12-background-color has-background is-style-wide\" style=\"margin-top:var(--wp--preset--spacing--60);margin-bottom:var(--wp--preset--spacing--60)\"><\/div>\n\n\n\n<p class=\"has-small-font-size\"><strong>Localisation et r\u00e9sum\u00e9 historique<\/strong><br>La ville de Pomp\u00e9i est situ\u00e9e au sud de l\u2019Italie, dans la baie de Naples. Il s\u2019agit d\u2019une ancienne ville c\u00f4ti\u00e8re de pr\u00e8s de 60ha, enclose dans un rempart et dens\u00e9ment peupl\u00e9e. Fond\u00e9e d\u00e8s le VIIe si\u00e8cle avant notre \u00e8re, la ville \u00e9tait devenue colonie romaine en 80 av. J.-C. En 79 ap. J.-C., elle est largement ensevelie par d\u2019importants d\u00e9p\u00f4ts volcaniques issus de l\u2019\u00e9ruption du V\u00e9suve. La ville est abandonn\u00e9e \u00e0 la suite de cette catastrophe, non sans qu\u2019une partie des mat\u00e9riaux la constituant n\u2019ait \u00e9t\u00e9 pr\u00e9alablement r\u00e9cup\u00e9r\u00e9e.<br>Au c\u0153ur de la ville, pr\u00e8s du forum, Marcus Tullius, figure importante de l\u2019aristocratie pomp\u00e9ienne, avait financ\u00e9 la construction d\u2019un monument public. D\u00e9di\u00e9 \u00e0 Fortune Auguste, il s\u2019agissait d\u2019un temple corinthien pseudop\u00e9ript\u00e8re construit sur un terrain appartenant \u00e0 l\u2019\u00e9verg\u00e8te, puis offert \u00e0 la cit\u00e9. Une inscription retrouv\u00e9e sur place assure que les premiers ministres du temple ont \u00e9t\u00e9 nomm\u00e9s par la cit\u00e9 en 3 ap. J.-C, mais le monument avait \u00e9t\u00e9 achev\u00e9 avant. Par la suite, le b\u00e2timent a connu certaines transformations \u2013 notamment une r\u00e9fection de l\u2019abside \u2013 qui sont peut-\u00eatre la cons\u00e9quence du tremblement de terre de 62 ap. J.-C.<br>Apr\u00e8s l\u2019\u00e9ruption, une partie de ses mat\u00e9riaux a \u00e9t\u00e9 r\u00e9cup\u00e9r\u00e9e avant que le temple de Fortune Auguste ne soit d\u00e9finitivement abandonn\u00e9.<\/p>\n\n\n\n<p class=\"has-small-font-size\"><strong>Historique des recherches<\/strong><br>La ville de Pomp\u00e9i est red\u00e9couverte fortuitement \u00e0 la toute fin du XVIe si\u00e8cle. Mais c\u2019est \u00e0 partir du XVIIIe si\u00e8cle que le site est fouill\u00e9 de mani\u00e8re intensive. Le temple de Fortune Auguste a \u00e9t\u00e9 d\u00e9gag\u00e9 au cours des ann\u00e9es 1823 et 1824. Depuis, il a \u00e9t\u00e9 maintes fois reproduit et mentionn\u00e9. Toutefois, ce monument n\u2019avait jamais fait l\u2019objet d\u2019une v\u00e9ritable \u00e9tude monographique. Pour pallier \u00e0 cette lacune, un programme de recherche a \u00e9t\u00e9 lanc\u00e9 en 2008 \u00e0 l\u2019initiative de William Van Andringa (CNRS).<br>Ce projet vise \u00e0 mieux conna\u00eetre et comprendre l\u2019architecture du temple&nbsp;: \u00e0 quoi celui-ci ressemblait-il&nbsp;? Quelles transformations a-t-il connu au cours du temps&nbsp;? Et, enfin, comment s\u2019est organis\u00e9 le chantier de sa construction&nbsp;? Mais l\u2019objectif est \u00e9galement d\u2019analyser le temple en fonction de sa place dans la cit\u00e9 et de s\u2019interroger sur le passage d\u2019un espace priv\u00e9 \u00e0 un espace public. Enfin, la fouille des abords du temple a permis de descendre jusqu\u2019au substrat en diff\u00e9rents endroits. Gr\u00e2ce \u00e0 ces fen\u00eatres, il est possible d\u2019esquisser l\u2019\u00e9volution urbaine de ce quartier sur la longue dur\u00e9e, de ses origines jusqu\u2019au tremblement de terre de 79 ap. J.-C.<br>Les campagnes de fouilles se sont d\u00e9roul\u00e9es entre 2008 et 2012. Depuis 2013, les missions sont consacr\u00e9es \u00e0 la publication de l\u2019ensemble des recherches.<\/p>\n\n\n\n<div class=\"wp-block-separator has-alpha-channel-opacity is-style-wide\" style=\"margin-top:var(--wp--preset--spacing--60);margin-bottom:var(--wp--preset--spacing--60)\"><\/div>\n\n\n\n<div class=\"wp-block-columns is-layout-flex wp-container-core-columns-is-layout-9d6595d7 wp-block-columns-is-layout-flex\">\n<div class=\"wp-block-column is-layout-flow wp-block-column-is-layout-flow\">\n<p class=\"has-small-font-size\"><strong>Partenaires<\/strong> <br>\u00c9cole Fran\u00e7aise de Rome (France)<br>Universit\u00e9 de Lille III (France)<br>Association Arkeolan, Mus\u00e9e Oiasso d\u2019Irun (Espagne)<br>Soprintendenza par i Beni Archeologici di Napoli e Pompei (Italie)<\/p>\n<\/div>\n\n\n\n<div class=\"wp-block-column is-layout-flow wp-block-column-is-layout-flow\">\n<p class=\"has-theme-palette-11-color has-text-color has-link-color has-small-font-size wp-elements-ae5ad6d5e1df88bf7c7ee10a9230ab10\"><strong>Publications<\/strong> :<br>William Van&nbsp;Andringa, Amaia&nbsp;Basterretxea, Jean-Fran\u00e7ois&nbsp;Bernard, Carole&nbsp;Chevalier, Arnaud&nbsp;Coutelas, Thomas&nbsp;Creissen, Franck&nbsp;Decanter, Xavier&nbsp;Deru, Djamila&nbsp;Fellague, Antoine&nbsp;Gailliot, Johannes&nbsp;Laiho, Aitziber&nbsp;Lekuona, Tuija&nbsp;Lind, Christophe&nbsp;Loiseau, V\u00e9ronique&nbsp;Matterne, Maria Jose&nbsp;Noain, Tarek&nbsp;Oueslati, Maria Mercedes&nbsp;Urteaga, Vincent&nbsp;Lallet&nbsp;et Mark&nbsp;Robinson, \u00ab&nbsp;M. Tullius et le temple de fortune Auguste \u00e0 Pomp\u00e9i (campagnes de fouille et d\u2019\u00e9tude 2008-2010)&nbsp;\u00bb,&nbsp;<em>M\u00e9langes de l\u2019\u00c9cole fran\u00e7aise de Rome \u2013 Antiquit\u00e9<\/em>, 123-1&nbsp;|&nbsp;2011, 359-366.<br><a href=\"https:\/\/eveha-international.com\/wp-content\/uploads\/2015\/05\/FOLDER-it-2011-228.pdf\" target=\"_blank\" rel=\"noreferrer noopener\">T\u00e9l\u00e9charger<\/a>&nbsp;<br><br>William&nbsp;Van&nbsp;Andringa, \u00ab&nbsp;Pomp\u00e9i. M. Tullius et le temple de Fortune Auguste&nbsp;\u00bb,&nbsp;<em>Chronique des activit\u00e9s arch\u00e9ologiques de l\u2019\u00c9cole fran\u00e7aise de Rome<\/em>, Les cit\u00e9s v\u00e9suviennes&nbsp;| 2013.<br><a href=\"https:\/\/eveha-international.com\/wp-content\/uploads\/2015\/05\/cefr-355-m-tullius-et-le-temple-de-fortune-auguste-a-pompei1.pdf\" target=\"_blank\" rel=\"noreferrer noopener\">T\u00e9l\u00e9charger<\/a><br><br>A. Coutelas, Th. Creissen, W. Van Andringa \u00ab Le chantier de construction du temple de Fortune \u00e0 Pomp\u00e9i \u00bb, in S. Agusta-Boularot, S. Huber, W. Van Andringa (dir.), Quand naissent les dieux, 2017, p. 151-172.<br><a href=\"https:\/\/eveha-international.com\/wp-content\/uploads\/2015\/05\/Coutelas_A._Creissen_Th._et_Van_Andringa.pdf\" target=\"_blank\" rel=\"noreferrer noopener\">T\u00e9l\u00e9charger<\/a><\/p>\n<\/div>\n\n\n\n<div class=\"wp-block-column is-layout-flow wp-block-column-is-layout-flow\"><\/div>\n<\/div>\n\n\n\n<div class=\"wp-block-separator has-alpha-channel-opacity is-style-wide\" style=\"margin-top:var(--wp--preset--spacing--60);margin-bottom:var(--wp--preset--spacing--60)\"><\/div>\n\n\n\n<h2 class=\"wp-block-heading\">Campagnes <\/h2>\n\n\n<ul style=\"padding-top:0;padding-bottom:0;padding-left:0;padding-right:0;\" class=\"wp-block-latest-posts__list is-grid columns-4 has-link-color wp-elements-e7d0822d90aca266df8535fba5569a59 wp-block-latest-posts has-text-color has-theme-palette-12-color has-small-font-size\"><li><div class=\"wp-block-latest-posts__featured-image\"><a href=\"https:\/\/eveha-international.com\/?p=479\" aria-label=\"Pompei &#8211; Fortuna &#8211; 2013\"><img loading=\"lazy\" decoding=\"async\" width=\"770\" height=\"485\" src=\"https:\/\/eveha-international.com\/wp-content\/uploads\/2015\/06\/fortuna-2013_titre_blog.jpg\" class=\"attachment-large size-large wp-post-image\" alt=\"\" style=\"\" srcset=\"https:\/\/eveha-international.com\/wp-content\/uploads\/2015\/06\/fortuna-2013_titre_blog.jpg 770w, https:\/\/eveha-international.com\/wp-content\/uploads\/2015\/06\/fortuna-2013_titre_blog-300x189.jpg 300w\" sizes=\"auto, (max-width: 770px) 100vw, 770px\" \/><\/a><\/div><a class=\"wp-block-latest-posts__post-title\" href=\"https:\/\/eveha-international.com\/?p=479\">Pompei &#8211; Fortuna &#8211; 2013<\/a><\/li>\n<li><div class=\"wp-block-latest-posts__featured-image\"><a href=\"https:\/\/eveha-international.com\/?p=487\" aria-label=\"Pompei &#8211; Fortuna &#8211; 2014\"><img loading=\"lazy\" decoding=\"async\" width=\"770\" height=\"485\" src=\"https:\/\/eveha-international.com\/wp-content\/uploads\/2015\/06\/fortuna-2014_blog.jpg\" class=\"attachment-large size-large wp-post-image\" alt=\"\" style=\"\" srcset=\"https:\/\/eveha-international.com\/wp-content\/uploads\/2015\/06\/fortuna-2014_blog.jpg 770w, https:\/\/eveha-international.com\/wp-content\/uploads\/2015\/06\/fortuna-2014_blog-300x189.jpg 300w\" sizes=\"auto, (max-width: 770px) 100vw, 770px\" \/><\/a><\/div><a class=\"wp-block-latest-posts__post-title\" href=\"https:\/\/eveha-international.com\/?p=487\">Pompei &#8211; Fortuna &#8211; 2014<\/a><\/li>\n<\/ul>","protected":false},"excerpt":{"rendered":"<p>\u00c9veha International est associ\u00e9 \u00e0 l&rsquo;\u00e9tude du temple de Fortune Auguste \u00e0 Pomp\u00e9i. Ce projet est dirig\u00e9 par William Van Andringa (Universit\u00e9 de Lille III, CNRS). DirectionWilliam Van Andringa&nbsp;(Universit\u00e9 Lille III \u2013 CNRS, UMR 8164 \u2013 HALMA-IPEL) Participation d&rsquo;\u00c9vehaRecherche arch\u00e9ologique\u00e9tude du petit mobilier Localisation Italie Localisation et r\u00e9sum\u00e9 historiqueLa ville de Pomp\u00e9i est situ\u00e9e au&#8230;<\/p>\n","protected":false},"author":4,"featured_media":4069,"parent":7,"menu_order":0,"comment_status":"closed","ping_status":"closed","template":"","meta":{"inline_featured_image":false,"_kad_post_transparent":"","_kad_post_title":"","_kad_post_layout":"","_kad_post_sidebar_id":"","_kad_post_content_style":"","_kad_post_vertical_padding":"","_kad_post_feature":"","_kad_post_feature_position":"","_kad_post_header":false,"_kad_post_footer":false,"_kad_post_classname":"","footnotes":""},"class_list":["post-4067","page","type-page","status-publish","has-post-thumbnail","hentry"],"_links":{"self":[{"href":"https:\/\/eveha-international.com\/index.php?rest_route=\/wp\/v2\/pages\/4067","targetHints":{"allow":["GET"]}}],"collection":[{"href":"https:\/\/eveha-international.com\/index.php?rest_route=\/wp\/v2\/pages"}],"about":[{"href":"https:\/\/eveha-international.com\/index.php?rest_route=\/wp\/v2\/types\/page"}],"author":[{"embeddable":true,"href":"https:\/\/eveha-international.com\/index.php?rest_route=\/wp\/v2\/users\/4"}],"replies":[{"embeddable":true,"href":"https:\/\/eveha-international.com\/index.php?rest_route=%2Fwp%2Fv2%2Fcomments&post=4067"}],"version-history":[{"count":5,"href":"https:\/\/eveha-international.com\/index.php?rest_route=\/wp\/v2\/pages\/4067\/revisions"}],"predecessor-version":[{"id":4077,"href":"https:\/\/eveha-international.com\/index.php?rest_route=\/wp\/v2\/pages\/4067\/revisions\/4077"}],"up":[{"embeddable":true,"href":"https:\/\/eveha-international.com\/index.php?rest_route=\/wp\/v2\/pages\/7"}],"wp:featuredmedia":[{"embeddable":true,"href":"https:\/\/eveha-international.com\/index.php?rest_route=\/wp\/v2\/media\/4069"}],"wp:attachment":[{"href":"https:\/\/eveha-international.com\/index.php?rest_route=%2Fwp%2Fv2%2Fmedia&parent=4067"}],"curies":[{"name":"wp","href":"https:\/\/api.w.org\/{rel}","templated":true}]}}