{"id":4080,"date":"2026-01-15T18:04:56","date_gmt":"2026-01-15T17:04:56","guid":{"rendered":"https:\/\/eveha-international.com\/?page_id=4080"},"modified":"2026-01-15T18:06:14","modified_gmt":"2026-01-15T17:06:14","slug":"pegarinhos","status":"publish","type":"page","link":"https:\/\/eveha-international.com\/?page_id=4080","title":{"rendered":"Pegarinhos"},"content":{"rendered":"\n<p class=\"has-text-align-left has-small-font-size\">Implant\u00e9 sur le flanc d&rsquo;une colline domin\u00e9 par un castro de l&rsquo;\u00e2ge du Fer, le site du Vale de Mir-Pegarinhos est \u00e9tudi\u00e9 par Tony Silvino (\u00c9veha) et Pedro Pereira (CITCEM- Universit\u00e9 de Porto).<\/p>\n\n\n\n<div class=\"wp-block-separator has-alpha-channel-opacity is-style-wide\" style=\"margin-top:var(--wp--preset--spacing--40);margin-bottom:var(--wp--preset--spacing--40)\"><\/div>\n\n\n\n<div class=\"wp-block-columns is-layout-flex wp-container-core-columns-is-layout-9d6595d7 wp-block-columns-is-layout-flex\">\n<div class=\"wp-block-column is-layout-flow wp-block-column-is-layout-flow\">\n<h6 class=\"wp-block-heading has-theme-palette-12-color has-text-color has-link-color has-small-font-size wp-elements-0028bb12b681bd9c82e3ee55002e8e51\">Direction<br><strong>Tony Silvino<\/strong>\u00a0(\u00c9veha \u2013 UMR 5138, <br>Arch\u00e9ologie et Arch\u00e9om\u00e9trie)<br><strong>Pedro Pereira<\/strong>\u00a0(CITCEM \u2013 Universit\u00e9 de Porto)<\/h6>\n<\/div>\n\n\n\n<div class=\"wp-block-column is-layout-flow wp-block-column-is-layout-flow\">\n<p class=\"has-small-font-size\"><strong>Participation d&rsquo;\u00c9veha<br><\/strong>Recherche arch\u00e9ologique <br>Direction<\/p>\n<\/div>\n\n\n\n<div class=\"wp-block-column is-layout-flow wp-block-column-is-layout-flow\">\n<p class=\"has-small-font-size\"><strong>Localisation<\/strong> <br>Portugal<\/p>\n<\/div>\n<\/div>\n\n\n\n<div class=\"wp-block-separator has-text-color has-theme-palette-12-color has-alpha-channel-opacity has-theme-palette-12-background-color has-background is-style-wide\" style=\"margin-top:var(--wp--preset--spacing--60);margin-bottom:var(--wp--preset--spacing--60)\"><\/div>\n\n\n\n<p class=\"has-small-font-size\"><strong>Localisation et r\u00e9sum\u00e9 historique<\/strong><br>Le site du Vale de Mir (Pegarinhos) est localis\u00e9 au nord-est du Portugal, \u00e0 une vingtaine de kilom\u00e8tres au nord du Douro, sur un rebord de plateau granitique. Le site est connu depuis le XIXe si\u00e8cle comme \u00e9tant un\u00a0<em>castro<\/em>, \u00e0 savoir une occupation fortifi\u00e9e de hauteur dont la chronologie est traditionnellement plac\u00e9e \u00e0 l\u2019\u00e2ge du Fer. D\u2019imposants remparts, g\u00e9n\u00e9ralement constitu\u00e9s de blocs de granite, forment l\u2019un des aspects le plus expressifs de ce type de site. Lors de la conqu\u00eate du nord de la p\u00e9ninsule ib\u00e9rique par les troupes romaines, sous le r\u00e8gne d\u2019Auguste, ces habitats ont connu progressivement une transformation avec parfois des transferts de populations. La r\u00e9gion dans laquelle se trouve le site a int\u00e9gr\u00e9 la province de Tarraconaise, m\u00eame si la Lusitanie se trouve \u00e0 quelques kilom\u00e8tres plus au sud. Si ce type d\u2019habitat est aujourd\u2019hui bien document\u00e9 dans le nord-ouest de la p\u00e9ninsule, notamment gr\u00e2ce au d\u00e9veloppement de fouilles arch\u00e9ologiques, la r\u00e9gion du nord-est du Portugal (Tras-os-Montes\/Alto Douro) souffre encore de l\u2019absence de projets syst\u00e9matiques. La transition \u00e2ge du Fer-romanisation demeure encore assez mal connue dans cette partie du pays. Il en va d\u2019ailleurs de m\u00eame pour les formes d\u2019habitat durant toute l\u2019Antiquit\u00e9.<\/p>\n\n\n\n<p class=\"has-small-font-size\"><strong>Historique des recherches<\/strong><br>L\u2019histoire des recherches sur ce site se limite aux travaux de H. Botelho qui fournit en 1896 les premi\u00e8res r\u00e9f\u00e8rences des\u00a0<em>castros<\/em>\u00a0du district d\u2019Alijo. Ce dernier a recueilli sur le site des objets en fer, des meules et un f\u00fbt de colonne. Depuis, seules des mentions sommaires \u00e9maillent la bibliographie r\u00e9gionale. Pour pallier \u00e0 cette lacune, un programme de recherche quadriennal (PIOHP) a \u00e9t\u00e9 lanc\u00e9 en 2012 \u00e0 l\u2019initiative de Tony Silvino et de Pedro Pereira.<br>Ce projet vise \u00e0 mieux conna\u00eetre et comprendre les formes d\u2019occupation romaine autour du village de Pegarinhos qui accueille sur son territoire deux\u00a0<em>castros<\/em>, dont celui du Vale de Mir. Plus largement, le but est \u00e9galement de mieux appr\u00e9hender les formes de l\u2019habitat \u00e0 l\u2019\u00e9poque romaine. Et il s\u2019agit aussi de tenter de comprendre la transition \u00e2ge du Fer-Antiquit\u00e9.<br>Gr\u00e2ce \u00e0 la r\u00e9alisation d\u2019une s\u00e9rie de sondages, il est d\u00e9sormais possible d\u2019esquisser l\u2019\u00e9volution de ce site depuis la Protohistoire jusqu\u2019\u00e0 la fin de l\u2019Antiquit\u00e9.<br>Les campagnes de fouilles se sont d\u00e9roul\u00e9es entre 2012 et 2014. L\u2019ann\u00e9e 2015 sera la derni\u00e8re ann\u00e9e de fouille de ce projet quadriennal.<\/p>\n\n\n\n<div class=\"wp-block-separator has-alpha-channel-opacity is-style-wide\" style=\"margin-top:var(--wp--preset--spacing--60);margin-bottom:var(--wp--preset--spacing--60)\"><\/div>\n\n\n\n<div class=\"wp-block-columns is-layout-flex wp-container-core-columns-is-layout-9d6595d7 wp-block-columns-is-layout-flex\">\n<div class=\"wp-block-column is-layout-flow wp-block-column-is-layout-flow\">\n<p class=\"has-small-font-size\"><strong>Partenaires<\/strong> <br>Universit\u00e9 de Porto<\/p>\n<\/div>\n\n\n\n<div class=\"wp-block-column is-layout-flow wp-block-column-is-layout-flow\"><\/div>\n\n\n\n<div class=\"wp-block-column is-layout-flow wp-block-column-is-layout-flow\">\n<p class=\"has-theme-palette-11-color has-text-color has-link-color has-small-font-size wp-elements-0824c05c9dcaa0f903cec8e7e8987335\"><strong>Liens<\/strong> :<br><a href=\"http:\/\/www.arar.mom.fr\/recherche-et-activites\/operations-archeologiques\/vale-de-mir-pegarinhos-2015\" target=\"_blank\" rel=\"noreferrer noopener\">www.arar.mom.fr &#8211; Pegarinhos<\/a><\/p>\n<\/div>\n<\/div>\n\n\n\n<div class=\"wp-block-separator has-alpha-channel-opacity is-style-wide\" style=\"margin-top:var(--wp--preset--spacing--60);margin-bottom:var(--wp--preset--spacing--60)\"><\/div>\n\n\n\n<h2 class=\"wp-block-heading\">Campagnes <\/h2>\n\n\n<ul style=\"padding-top:0;padding-bottom:0;padding-left:0;padding-right:0;\" class=\"wp-block-latest-posts__list is-grid columns-4 has-link-color wp-elements-72ddfa41531db97f642676f6dc48c209 wp-block-latest-posts has-text-color has-theme-palette-12-color has-small-font-size\"><li><div class=\"wp-block-latest-posts__featured-image\"><a href=\"https:\/\/eveha-international.com\/?p=403\" aria-label=\"Pegarinhos &#8211; 2014\"><img loading=\"lazy\" decoding=\"async\" width=\"770\" height=\"485\" src=\"https:\/\/eveha-international.com\/wp-content\/uploads\/2015\/06\/pegarinhos-2014_blog.jpg\" class=\"attachment-large size-large wp-post-image\" alt=\"\" style=\"\" srcset=\"https:\/\/eveha-international.com\/wp-content\/uploads\/2015\/06\/pegarinhos-2014_blog.jpg 770w, https:\/\/eveha-international.com\/wp-content\/uploads\/2015\/06\/pegarinhos-2014_blog-300x189.jpg 300w\" sizes=\"auto, (max-width: 770px) 100vw, 770px\" \/><\/a><\/div><a class=\"wp-block-latest-posts__post-title\" href=\"https:\/\/eveha-international.com\/?p=403\">Pegarinhos &#8211; 2014<\/a><\/li>\n<li><div class=\"wp-block-latest-posts__featured-image\"><a href=\"https:\/\/eveha-international.com\/?p=664\" aria-label=\"Pegarinhos &#8211; 2015\"><img loading=\"lazy\" decoding=\"async\" width=\"770\" height=\"485\" src=\"https:\/\/eveha-international.com\/wp-content\/uploads\/2015\/12\/pegarinhos_2015_small.jpg\" class=\"attachment-large size-large wp-post-image\" alt=\"\" style=\"\" srcset=\"https:\/\/eveha-international.com\/wp-content\/uploads\/2015\/12\/pegarinhos_2015_small.jpg 770w, https:\/\/eveha-international.com\/wp-content\/uploads\/2015\/12\/pegarinhos_2015_small-300x189.jpg 300w\" sizes=\"auto, (max-width: 770px) 100vw, 770px\" \/><\/a><\/div><a class=\"wp-block-latest-posts__post-title\" href=\"https:\/\/eveha-international.com\/?p=664\">Pegarinhos &#8211; 2015<\/a><\/li>\n<li><div class=\"wp-block-latest-posts__featured-image\"><a href=\"https:\/\/eveha-international.com\/?p=1093\" aria-label=\"Pegarinhos &#8211; 2016\"><img loading=\"lazy\" decoding=\"async\" width=\"770\" height=\"485\" src=\"https:\/\/eveha-international.com\/wp-content\/uploads\/2017\/01\/pegarinhos_2016_small.jpg\" class=\"attachment-large size-large wp-post-image\" alt=\"\" style=\"\" srcset=\"https:\/\/eveha-international.com\/wp-content\/uploads\/2017\/01\/pegarinhos_2016_small.jpg 770w, https:\/\/eveha-international.com\/wp-content\/uploads\/2017\/01\/pegarinhos_2016_small-300x189.jpg 300w\" sizes=\"auto, (max-width: 770px) 100vw, 770px\" \/><\/a><\/div><a class=\"wp-block-latest-posts__post-title\" href=\"https:\/\/eveha-international.com\/?p=1093\">Pegarinhos &#8211; 2016<\/a><\/li>\n<li><div class=\"wp-block-latest-posts__featured-image\"><a href=\"https:\/\/eveha-international.com\/?p=1839\" aria-label=\"Pegarinhos &#8211; 2019\"><img loading=\"lazy\" decoding=\"async\" width=\"770\" height=\"485\" src=\"https:\/\/eveha-international.com\/wp-content\/uploads\/2019\/08\/pegarinhos_small19.jpg\" class=\"attachment-large size-large wp-post-image\" alt=\"\" style=\"\" srcset=\"https:\/\/eveha-international.com\/wp-content\/uploads\/2019\/08\/pegarinhos_small19.jpg 770w, https:\/\/eveha-international.com\/wp-content\/uploads\/2019\/08\/pegarinhos_small19-300x189.jpg 300w, https:\/\/eveha-international.com\/wp-content\/uploads\/2019\/08\/pegarinhos_small19-768x484.jpg 768w\" sizes=\"auto, (max-width: 770px) 100vw, 770px\" \/><\/a><\/div><a class=\"wp-block-latest-posts__post-title\" href=\"https:\/\/eveha-international.com\/?p=1839\">Pegarinhos &#8211; 2019<\/a><\/li>\n<li><div class=\"wp-block-latest-posts__featured-image\"><a href=\"https:\/\/eveha-international.com\/?p=2400\" aria-label=\"Pegarinhos &#8211; 2021\"><img loading=\"lazy\" decoding=\"async\" width=\"980\" height=\"617\" src=\"https:\/\/eveha-international.com\/wp-content\/uploads\/2021\/10\/pegarinhos_2021_small-1024x645.jpg\" class=\"attachment-large size-large wp-post-image\" alt=\"\" style=\"\" srcset=\"https:\/\/eveha-international.com\/wp-content\/uploads\/2021\/10\/pegarinhos_2021_small-1024x645.jpg 1024w, https:\/\/eveha-international.com\/wp-content\/uploads\/2021\/10\/pegarinhos_2021_small-300x189.jpg 300w, https:\/\/eveha-international.com\/wp-content\/uploads\/2021\/10\/pegarinhos_2021_small-768x484.jpg 768w, https:\/\/eveha-international.com\/wp-content\/uploads\/2021\/10\/pegarinhos_2021_small.jpg 1134w\" sizes=\"auto, (max-width: 980px) 100vw, 980px\" \/><\/a><\/div><a class=\"wp-block-latest-posts__post-title\" href=\"https:\/\/eveha-international.com\/?p=2400\">Pegarinhos &#8211; 2021<\/a><\/li>\n<li><div class=\"wp-block-latest-posts__featured-image\"><a href=\"https:\/\/eveha-international.com\/?p=2576\" aria-label=\"Pegarinhos &#8211; 2022\"><img loading=\"lazy\" decoding=\"async\" width=\"770\" height=\"485\" src=\"https:\/\/eveha-international.com\/wp-content\/uploads\/2021\/10\/pegarinhos_2022_small.jpg\" class=\"attachment-large size-large wp-post-image\" alt=\"\" style=\"\" srcset=\"https:\/\/eveha-international.com\/wp-content\/uploads\/2021\/10\/pegarinhos_2022_small.jpg 770w, https:\/\/eveha-international.com\/wp-content\/uploads\/2021\/10\/pegarinhos_2022_small-300x189.jpg 300w, https:\/\/eveha-international.com\/wp-content\/uploads\/2021\/10\/pegarinhos_2022_small-768x484.jpg 768w\" sizes=\"auto, (max-width: 770px) 100vw, 770px\" \/><\/a><\/div><a class=\"wp-block-latest-posts__post-title\" href=\"https:\/\/eveha-international.com\/?p=2576\">Pegarinhos &#8211; 2022<\/a><\/li>\n<li><div class=\"wp-block-latest-posts__featured-image\"><a href=\"https:\/\/eveha-international.com\/?p=2853\" aria-label=\"Pegarinhos &#8211; 2023\"><img loading=\"lazy\" decoding=\"async\" width=\"770\" height=\"485\" src=\"https:\/\/eveha-international.com\/wp-content\/uploads\/2024\/06\/Pegarinhos_2023_small.jpg\" class=\"attachment-large size-large wp-post-image\" alt=\"\" style=\"\" srcset=\"https:\/\/eveha-international.com\/wp-content\/uploads\/2024\/06\/Pegarinhos_2023_small.jpg 770w, https:\/\/eveha-international.com\/wp-content\/uploads\/2024\/06\/Pegarinhos_2023_small-300x189.jpg 300w, https:\/\/eveha-international.com\/wp-content\/uploads\/2024\/06\/Pegarinhos_2023_small-768x484.jpg 768w\" sizes=\"auto, (max-width: 770px) 100vw, 770px\" \/><\/a><\/div><a class=\"wp-block-latest-posts__post-title\" href=\"https:\/\/eveha-international.com\/?p=2853\">Pegarinhos &#8211; 2023<\/a><\/li>\n<li><div class=\"wp-block-latest-posts__featured-image\"><a href=\"https:\/\/eveha-international.com\/?p=5412\" aria-label=\"Pegarinhos &#8211; 2024\"><img loading=\"lazy\" decoding=\"async\" width=\"980\" height=\"551\" src=\"https:\/\/eveha-international.com\/wp-content\/uploads\/2026\/02\/DSC_4120.resized-1024x576-1-2.jpg\" class=\"attachment-large size-large wp-post-image\" alt=\"\" style=\"\" srcset=\"https:\/\/eveha-international.com\/wp-content\/uploads\/2026\/02\/DSC_4120.resized-1024x576-1-2.jpg 1024w, https:\/\/eveha-international.com\/wp-content\/uploads\/2026\/02\/DSC_4120.resized-1024x576-1-2-300x169.jpg 300w, https:\/\/eveha-international.com\/wp-content\/uploads\/2026\/02\/DSC_4120.resized-1024x576-1-2-768x432.jpg 768w\" sizes=\"auto, (max-width: 980px) 100vw, 980px\" \/><\/a><\/div><a class=\"wp-block-latest-posts__post-title\" href=\"https:\/\/eveha-international.com\/?p=5412\">Pegarinhos &#8211; 2024<\/a><\/li>\n<\/ul>","protected":false},"excerpt":{"rendered":"<p>Implant\u00e9 sur le flanc d&rsquo;une colline domin\u00e9 par un castro de l&rsquo;\u00e2ge du Fer, le site du Vale de Mir-Pegarinhos est \u00e9tudi\u00e9 par Tony Silvino (\u00c9veha) et Pedro Pereira (CITCEM- Universit\u00e9 de Porto). DirectionTony Silvino\u00a0(\u00c9veha \u2013 UMR 5138, Arch\u00e9ologie et Arch\u00e9om\u00e9trie)Pedro Pereira\u00a0(CITCEM \u2013 Universit\u00e9 de Porto) Participation d&rsquo;\u00c9vehaRecherche arch\u00e9ologique Direction Localisation Portugal Localisation et r\u00e9sum\u00e9&#8230;<\/p>\n","protected":false},"author":4,"featured_media":4081,"parent":7,"menu_order":0,"comment_status":"closed","ping_status":"closed","template":"","meta":{"inline_featured_image":false,"_kad_post_transparent":"","_kad_post_title":"","_kad_post_layout":"","_kad_post_sidebar_id":"","_kad_post_content_style":"","_kad_post_vertical_padding":"","_kad_post_feature":"","_kad_post_feature_position":"","_kad_post_header":false,"_kad_post_footer":false,"_kad_post_classname":"","footnotes":""},"class_list":["post-4080","page","type-page","status-publish","has-post-thumbnail","hentry"],"_links":{"self":[{"href":"https:\/\/eveha-international.com\/index.php?rest_route=\/wp\/v2\/pages\/4080","targetHints":{"allow":["GET"]}}],"collection":[{"href":"https:\/\/eveha-international.com\/index.php?rest_route=\/wp\/v2\/pages"}],"about":[{"href":"https:\/\/eveha-international.com\/index.php?rest_route=\/wp\/v2\/types\/page"}],"author":[{"embeddable":true,"href":"https:\/\/eveha-international.com\/index.php?rest_route=\/wp\/v2\/users\/4"}],"replies":[{"embeddable":true,"href":"https:\/\/eveha-international.com\/index.php?rest_route=%2Fwp%2Fv2%2Fcomments&post=4080"}],"version-history":[{"count":2,"href":"https:\/\/eveha-international.com\/index.php?rest_route=\/wp\/v2\/pages\/4080\/revisions"}],"predecessor-version":[{"id":4083,"href":"https:\/\/eveha-international.com\/index.php?rest_route=\/wp\/v2\/pages\/4080\/revisions\/4083"}],"up":[{"embeddable":true,"href":"https:\/\/eveha-international.com\/index.php?rest_route=\/wp\/v2\/pages\/7"}],"wp:featuredmedia":[{"embeddable":true,"href":"https:\/\/eveha-international.com\/index.php?rest_route=\/wp\/v2\/media\/4081"}],"wp:attachment":[{"href":"https:\/\/eveha-international.com\/index.php?rest_route=%2Fwp%2Fv2%2Fmedia&parent=4080"}],"curies":[{"name":"wp","href":"https:\/\/api.w.org\/{rel}","templated":true}]}}