{"id":4086,"date":"2026-01-15T18:12:02","date_gmt":"2026-01-15T17:12:02","guid":{"rendered":"https:\/\/eveha-international.com\/?page_id=4086"},"modified":"2026-01-15T18:12:59","modified_gmt":"2026-01-15T17:12:59","slug":"mentesh-tepe","status":"publish","type":"page","link":"https:\/\/eveha-international.com\/?page_id=4086","title":{"rendered":"Mentesh Tepe"},"content":{"rendered":"\n<p class=\"has-text-align-left has-small-font-size\">\u00c9veha international est associ\u00e9 au programme d&rsquo;\u00e9tude arch\u00e9ologique du site de Mentesh Tepe. <br>Ce projet est port\u00e9 par Bertille Lyonnet (CNRS, Paris).<\/p>\n\n\n\n<div class=\"wp-block-separator has-alpha-channel-opacity is-style-wide\" style=\"margin-top:var(--wp--preset--spacing--40);margin-bottom:var(--wp--preset--spacing--40)\"><\/div>\n\n\n\n<div class=\"wp-block-columns is-layout-flex wp-container-core-columns-is-layout-9d6595d7 wp-block-columns-is-layout-flex\">\n<div class=\"wp-block-column is-layout-flow wp-block-column-is-layout-flow\">\n<h6 class=\"wp-block-heading has-theme-palette-12-color has-text-color has-link-color has-small-font-size wp-elements-d450fb2038e42d755b855d6f4f3c108c\">Direction<br><strong>Bertille Lyonnet<\/strong>&nbsp;(CNRS, Paris)<br><strong>Fahrad Guliyev&nbsp;<\/strong>(Institut d\u2019Arch\u00e9ologie <br>et d\u2019Ethnologie, Bakou)<\/h6>\n<\/div>\n\n\n\n<div class=\"wp-block-column is-layout-flow wp-block-column-is-layout-flow\">\n<p class=\"has-small-font-size\"><strong>Participation d&rsquo;\u00c9veha<br><\/strong>Topographie<\/p>\n<\/div>\n\n\n\n<div class=\"wp-block-column is-layout-flow wp-block-column-is-layout-flow\">\n<p class=\"has-small-font-size\"><strong>Localisation<\/strong> <br>Azerba\u00efdjan<\/p>\n<\/div>\n<\/div>\n\n\n\n<div class=\"wp-block-separator has-text-color has-theme-palette-12-color has-alpha-channel-opacity has-theme-palette-12-background-color has-background is-style-wide\" style=\"margin-top:var(--wp--preset--spacing--60);margin-bottom:var(--wp--preset--spacing--60)\"><\/div>\n\n\n\n<p class=\"has-small-font-size\"><strong>Localisation et r\u00e9sum\u00e9 historique<\/strong><br>Le site de Mentesh Tepe est implant\u00e9 \u00e0 l\u2019ouest de l\u2019Azerba\u00efdjan (district du Tovuz), sur un affluent de la rive droite dans la moyenne vall\u00e9e de la Kura, le Zeyemchaj.<br>Il est exceptionnel par sa longue dur\u00e9e d\u2019occupation. Les plus anciens vestiges reconnus remontent au N\u00e9olithique (premi\u00e8re moiti\u00e9 du VIe mill\u00e9naire avant notre \u00e8re), les plus r\u00e9cents sont rattach\u00e9s \u00e0 l\u2019\u00c2ge du Bronze (IIIe mill\u00e9naire). Une telle long\u00e9vit\u00e9 est exceptionnelle pour la r\u00e9gion, m\u00eame si l\u2019on observe deux hiatus dans l\u2019occupation.<br>Aux phases les plus anciennes il est possible d\u2019associer un habitat en terre crue ou en pis\u00e9, constitu\u00e9 de b\u00e2timents de plan circulaire, rattach\u00e9 \u00e0 la culture de Shomu-Shulaveri. Plusieurs inhumations individuelles ont \u00e9t\u00e9 d\u00e9couvertes, ainsi qu\u2019une s\u00e9pulture collective d\u2019une trentaine d\u2019individus dat\u00e9e des environs de 5700 av. J.-C. Cette derni\u00e8re reste sans \u00e9quivalent connu pour le Caucase.<br>Apr\u00e8s un hiatus de plusieurs centaines d\u2019ann\u00e9es, l\u2019occupation reprend d\u2019abord probablement de fa\u00e7on temporaire au d\u00e9but du Chalcolithique (premi\u00e8re moiti\u00e9 du Ve mill\u00e9naire) avec des constructions l\u00e9g\u00e8res. Un changement brutal se manifeste entre ca. 4350 et 4100 av. n. \u00e8. avec l\u2019apparition d\u2019une architecture en briques crues de plan rectangulaire. L\u2019occupation t\u00e9moigne alors de relations fortes avec la M\u00e9sopotamie du Nord. L\u2019ensemble de ces d\u00e9couvertes sur le Ve mill\u00e9naire permet d\u2019\u00e9clairer une p\u00e9riode qui \u00e9tait encore tr\u00e8s mal connue il y a une dizaine d\u2019ann\u00e9es.<br>Apr\u00e8s un nouveau hiatus de plusieurs centaines d\u2019ann\u00e9es, le site est utilis\u00e9 pour construire un kourgane \u00e0 inhumations collectives, contenant une quarantaine d\u2019individus. Le mat\u00e9riel trouv\u00e9, essentiellement de la c\u00e9ramique, permet de le rattacher aux d\u00e9buts de la culture Kuro-Araxe. Des traces d\u2019occupations sous forme de fosses, ainsi que des inhumations individuelles lui succ\u00e8dent. Vers le milieu du 3<sup>e<\/sup>&nbsp;mill\u00e9naire ou un peu apr\u00e8s, un nouveau kourgane est construit sur l\u2019autre flanc du site. Le char en bois et le riche mat\u00e9riel qui y a \u00e9t\u00e9 trouv\u00e9 le rattachent \u00e0 la phase Martkopi de la Culture dite des Premiers Kourganes, jusqu\u2019\u00e0 pr\u00e9sent surtout connue en G\u00e9orgie.<br>Des traces d\u2019occupation ult\u00e9rieures, en particulier du Bronze r\u00e9cent, sont \u00e9galement attest\u00e9es en petit nombre mais elles ne peuvent plus \u00eatre connect\u00e9es \u00e0 de l\u2019architecture car le site a \u00e9t\u00e9 aras\u00e9 au bulldozer \u00e0 la fin des ann\u00e9es 1970.<br>L\u2019ensemble du site \u2013 habitat, fosses et s\u00e9pultures \u2013 a livr\u00e9 un mat\u00e9riel tr\u00e8s abondant qui est encore en cours d\u2019\u00e9tude.<\/p>\n\n\n\n<p class=\"has-small-font-size\"><strong>Historique des recherches<\/strong><br>Le site de Mentesh Tepe avait \u00e9t\u00e9 inventori\u00e9 lors d\u2019une prospection r\u00e9alis\u00e9e au cours des ann\u00e9es 1960. Il fut totalement aras\u00e9 par la suite. Il a fait l\u2019objet d\u2019un sondage en 2007. La pr\u00e9sence d\u2019architecture sous la surface actuelle a justifi\u00e9 les campagnes de fouille annuelles programm\u00e9es \u00e0 partir de 2008, financ\u00e9es par le Minist\u00e8re des Affaires Etrang\u00e8res et par le CNRS. A partir de 2010, un important soutien financier a \u00e9t\u00e9 apport\u00e9 par l\u2019ANR dans le cadre de deux projets franco-allemand successifs,&nbsp;<em>Ancient Kura<\/em>&nbsp;puis&nbsp;<em>Kura in Motion&nbsp;!&nbsp;<\/em>C\u00f4t\u00e9 fran\u00e7ais, le projet est plac\u00e9 sous la direction de Bertille Lyonnet (CNRS). Il est co-dirig\u00e9 par Farhad Guliyev de l\u2019Institut d\u2019Arch\u00e9ologie et d\u2019Ethnologie de Bakou. Un gros effort a \u00e9t\u00e9 consenti pour la formation d\u2019\u00e9tudiants azerba\u00efdjanais aux nouvelles m\u00e9thodes de l\u2019arch\u00e9ologie.<\/p>\n\n\n\n<div class=\"wp-block-separator has-alpha-channel-opacity is-style-wide\" style=\"margin-top:var(--wp--preset--spacing--60);margin-bottom:var(--wp--preset--spacing--60)\"><\/div>\n\n\n\n<div class=\"wp-block-columns is-layout-flex wp-container-core-columns-is-layout-9d6595d7 wp-block-columns-is-layout-flex\">\n<div class=\"wp-block-column is-layout-flow wp-block-column-is-layout-flow\">\n<p class=\"has-small-font-size\"><strong>Partenaires<\/strong> <br>CNRS (France)<br>Institut d\u2019Arch\u00e9ologie et d\u2019Ethnologie <br>de Bakou (Azerba\u00efdjan)<br>Minist\u00e8re des Affaires \u00e9trang\u00e8res (France)<br>Inrap (France)<\/p>\n<\/div>\n\n\n\n<div class=\"wp-block-column is-layout-flow wp-block-column-is-layout-flow\">\n<p class=\"has-theme-palette-11-color has-text-color has-link-color has-small-font-size wp-elements-1b5922c4a6072f6e8e28ddc262d3869f\"><strong>Publications<\/strong> :<br>Bertille Lyonnet, Laure Pecqueur, Pascal Raymond, <br>Ana\u00efck Samzun \u2014 L\u2019arch\u00e9ologie pr\u00e9ventive fran\u00e7aise,<br>support et mod\u00e8le pour la formation arch\u00e9ologique <br>en Azerba\u00efdjan : l\u2019exemple du site de Mentesh-T\u00e9p\u00e9. <br>Arch\u00e9opages [En ligne]. Octobre 2010, Hors-s\u00e9rie n\u00b02. <br>Mis en ligne le 07\/01\/2014, pp. 72-79.<br><a href=\"https:\/\/eveha-international.com\/wp-content\/uploads\/2015\/05\/10614_fichier_sensibiliser-lyonnet.pdf\" target=\"_blank\" rel=\"noreferrer noopener\">T\u00e9l\u00e9charger<\/a><\/p>\n<\/div>\n\n\n\n<div class=\"wp-block-column is-layout-flow wp-block-column-is-layout-flow\">\n<p class=\"has-theme-palette-11-color has-text-color has-link-color has-small-font-size wp-elements-0cda374237ca73d4a8b708e44ab44866\"><strong>Liens<\/strong> :<br><a href=\"http:\/\/www.agence-nationale-recherche.fr\/projet-anr\/?tx_lwmsuivibilan_pi2[CODE]=ANR-12-FRAL-0011\" target=\"_blank\" rel=\"noreferrer noopener\">Pr\u00e9sentation du projet \u00ab&nbsp;Kura in Motion !&nbsp;\u00bb<\/a><br><a href=\"http:\/\/www.inrap.fr\/mentesh-tepe-etablissement-proto-historique-azerbaidjan-10490\" target=\"_blank\" rel=\"noreferrer noopener\">Pr\u00e9sentation Inrap du projet<\/a><br><a href=\"http:\/\/www.ambafrance-az.org\/Mission-archeologiques-franco-2223\" target=\"_blank\" rel=\"noreferrer noopener\">Site de l&rsquo;ambassade de France \u00e0 Bakou<\/a><\/p>\n<\/div>\n<\/div>\n\n\n\n<div class=\"wp-block-separator has-alpha-channel-opacity is-style-wide\" style=\"margin-top:var(--wp--preset--spacing--60);margin-bottom:var(--wp--preset--spacing--60)\"><\/div>\n\n\n\n<h2 class=\"wp-block-heading\">Campagnes <\/h2>\n\n\n<ul style=\"padding-top:0;padding-bottom:0;padding-left:0;padding-right:0;\" class=\"wp-block-latest-posts__list is-grid columns-4 has-link-color wp-elements-15345cd4a96a36fefcbf6a62e780a45d wp-block-latest-posts has-text-color has-theme-palette-12-color has-small-font-size\"><li><div class=\"wp-block-latest-posts__featured-image\"><a href=\"https:\/\/eveha-international.com\/?p=733\" aria-label=\"Mentesh Tepe &#8211; 2013\"><img loading=\"lazy\" decoding=\"async\" width=\"770\" height=\"486\" src=\"https:\/\/eveha-international.com\/wp-content\/uploads\/2013\/01\/Mentesh-tepe-articles_small.jpg\" class=\"attachment-large size-large wp-post-image\" alt=\"\" style=\"\" srcset=\"https:\/\/eveha-international.com\/wp-content\/uploads\/2013\/01\/Mentesh-tepe-articles_small.jpg 770w, https:\/\/eveha-international.com\/wp-content\/uploads\/2013\/01\/Mentesh-tepe-articles_small-300x189.jpg 300w\" sizes=\"auto, (max-width: 770px) 100vw, 770px\" \/><\/a><\/div><a class=\"wp-block-latest-posts__post-title\" href=\"https:\/\/eveha-international.com\/?p=733\">Mentesh Tepe &#8211; 2013<\/a><\/li>\n<li><div class=\"wp-block-latest-posts__featured-image\"><a href=\"https:\/\/eveha-international.com\/?p=738\" aria-label=\"Mentesh Tepe &#8211; 2014\"><img loading=\"lazy\" decoding=\"async\" width=\"770\" height=\"486\" src=\"https:\/\/eveha-international.com\/wp-content\/uploads\/2013\/01\/Mentesh-tepe-articles_small.jpg\" class=\"attachment-large size-large wp-post-image\" alt=\"\" style=\"\" srcset=\"https:\/\/eveha-international.com\/wp-content\/uploads\/2013\/01\/Mentesh-tepe-articles_small.jpg 770w, https:\/\/eveha-international.com\/wp-content\/uploads\/2013\/01\/Mentesh-tepe-articles_small-300x189.jpg 300w\" sizes=\"auto, (max-width: 770px) 100vw, 770px\" \/><\/a><\/div><a class=\"wp-block-latest-posts__post-title\" href=\"https:\/\/eveha-international.com\/?p=738\">Mentesh Tepe &#8211; 2014<\/a><\/li>\n<li><div class=\"wp-block-latest-posts__featured-image\"><a href=\"https:\/\/eveha-international.com\/?p=740\" aria-label=\"Mentesh Tepe &#8211; 2015\"><img loading=\"lazy\" decoding=\"async\" width=\"770\" height=\"486\" src=\"https:\/\/eveha-international.com\/wp-content\/uploads\/2013\/01\/Mentesh-tepe-articles_small.jpg\" class=\"attachment-large size-large wp-post-image\" alt=\"\" style=\"\" srcset=\"https:\/\/eveha-international.com\/wp-content\/uploads\/2013\/01\/Mentesh-tepe-articles_small.jpg 770w, https:\/\/eveha-international.com\/wp-content\/uploads\/2013\/01\/Mentesh-tepe-articles_small-300x189.jpg 300w\" sizes=\"auto, (max-width: 770px) 100vw, 770px\" \/><\/a><\/div><a class=\"wp-block-latest-posts__post-title\" href=\"https:\/\/eveha-international.com\/?p=740\">Mentesh Tepe &#8211; 2015<\/a><\/li>\n<\/ul>","protected":false},"excerpt":{"rendered":"<p>\u00c9veha international est associ\u00e9 au programme d&rsquo;\u00e9tude arch\u00e9ologique du site de Mentesh Tepe. Ce projet est port\u00e9 par Bertille Lyonnet (CNRS, Paris). DirectionBertille Lyonnet&nbsp;(CNRS, Paris)Fahrad Guliyev&nbsp;(Institut d\u2019Arch\u00e9ologie et d\u2019Ethnologie, Bakou) Participation d&rsquo;\u00c9vehaTopographie Localisation Azerba\u00efdjan Localisation et r\u00e9sum\u00e9 historiqueLe site de Mentesh Tepe est implant\u00e9 \u00e0 l\u2019ouest de l\u2019Azerba\u00efdjan (district du Tovuz), sur un affluent de&#8230;<\/p>\n","protected":false},"author":4,"featured_media":4087,"parent":7,"menu_order":0,"comment_status":"closed","ping_status":"closed","template":"","meta":{"inline_featured_image":false,"_kad_post_transparent":"","_kad_post_title":"","_kad_post_layout":"","_kad_post_sidebar_id":"","_kad_post_content_style":"","_kad_post_vertical_padding":"","_kad_post_feature":"","_kad_post_feature_position":"","_kad_post_header":false,"_kad_post_footer":false,"_kad_post_classname":"","footnotes":""},"class_list":["post-4086","page","type-page","status-publish","has-post-thumbnail","hentry"],"_links":{"self":[{"href":"https:\/\/eveha-international.com\/index.php?rest_route=\/wp\/v2\/pages\/4086","targetHints":{"allow":["GET"]}}],"collection":[{"href":"https:\/\/eveha-international.com\/index.php?rest_route=\/wp\/v2\/pages"}],"about":[{"href":"https:\/\/eveha-international.com\/index.php?rest_route=\/wp\/v2\/types\/page"}],"author":[{"embeddable":true,"href":"https:\/\/eveha-international.com\/index.php?rest_route=\/wp\/v2\/users\/4"}],"replies":[{"embeddable":true,"href":"https:\/\/eveha-international.com\/index.php?rest_route=%2Fwp%2Fv2%2Fcomments&post=4086"}],"version-history":[{"count":4,"href":"https:\/\/eveha-international.com\/index.php?rest_route=\/wp\/v2\/pages\/4086\/revisions"}],"predecessor-version":[{"id":4091,"href":"https:\/\/eveha-international.com\/index.php?rest_route=\/wp\/v2\/pages\/4086\/revisions\/4091"}],"up":[{"embeddable":true,"href":"https:\/\/eveha-international.com\/index.php?rest_route=\/wp\/v2\/pages\/7"}],"wp:featuredmedia":[{"embeddable":true,"href":"https:\/\/eveha-international.com\/index.php?rest_route=\/wp\/v2\/media\/4087"}],"wp:attachment":[{"href":"https:\/\/eveha-international.com\/index.php?rest_route=%2Fwp%2Fv2%2Fmedia&parent=4086"}],"curies":[{"name":"wp","href":"https:\/\/api.w.org\/{rel}","templated":true}]}}