{"id":4092,"date":"2026-01-15T18:15:49","date_gmt":"2026-01-15T17:15:49","guid":{"rendered":"https:\/\/eveha-international.com\/?page_id=4092"},"modified":"2026-01-15T18:17:54","modified_gmt":"2026-01-15T17:17:54","slug":"lambaesis","status":"publish","type":"page","link":"https:\/\/eveha-international.com\/?page_id=4092","title":{"rendered":"Lambaesis"},"content":{"rendered":"\n<p class=\"has-text-align-left has-small-font-size\">Ancienne capitale de la Numidie dans l&rsquo;actuelle Alg\u00e9rie, la cit\u00e9 de Lamb\u00e8se est au coeur d&rsquo;un nouveau programme d&rsquo;\u00e9tude arch\u00e9ologique plac\u00e9 sous la direction d&rsquo;A\u00efcha Malek (ENS, AOROC).<\/p>\n\n\n\n<div class=\"wp-block-separator has-alpha-channel-opacity is-style-wide\" style=\"margin-top:var(--wp--preset--spacing--40);margin-bottom:var(--wp--preset--spacing--40)\"><\/div>\n\n\n\n<div class=\"wp-block-columns is-layout-flex wp-container-core-columns-is-layout-9d6595d7 wp-block-columns-is-layout-flex\">\n<div class=\"wp-block-column is-layout-flow wp-block-column-is-layout-flow\">\n<h6 class=\"wp-block-heading has-theme-palette-12-color has-text-color has-link-color has-small-font-size wp-elements-3a5f0fbe9eb37c9d05de0b5d94e5c0a3\">Direction<br><strong>A\u00efcha Malek<\/strong>&nbsp;(ENS)<\/h6>\n<\/div>\n\n\n\n<div class=\"wp-block-column is-layout-flow wp-block-column-is-layout-flow\">\n<p class=\"has-small-font-size\"><strong>Participation d&rsquo;\u00c9veha<br><\/strong>Topographie Architecture<\/p>\n<\/div>\n\n\n\n<div class=\"wp-block-column is-layout-flow wp-block-column-is-layout-flow\">\n<p class=\"has-small-font-size\"><strong>Localisation<\/strong> <br>Alg\u00e9rie<\/p>\n<\/div>\n<\/div>\n\n\n\n<div class=\"wp-block-separator has-text-color has-theme-palette-12-color has-alpha-channel-opacity has-theme-palette-12-background-color has-background is-style-wide\" style=\"margin-top:var(--wp--preset--spacing--60);margin-bottom:var(--wp--preset--spacing--60)\"><\/div>\n\n\n\n<p class=\"has-small-font-size\"><strong>Localisation et r\u00e9sum\u00e9 historique<\/strong><br>Lambaesis est une cit\u00e9 romaine implant\u00e9e aux pieds des Aur\u00e8s, dans l\u2019est de l\u2019Alg\u00e9rie, \u00e0 une dizaine de kilom\u00e8tres de Batna. D\u2019abord camp de la 3e l\u00e9gion auguste (81 ap J.-C.), la ville antique devient le si\u00e8ge permanent de la 3e l\u00e9gion vers 120, puis la capitale de la Numidie sous les S\u00e9v\u00e8res. Elle a conserv\u00e9 ce statut de premier ordre jusqu\u2019au IVe si\u00e8cle avant d\u2019\u00eatre peu \u00e0 peu d\u00e9sert\u00e9e.<br>La richesse des terres agricoles et la qualit\u00e9 des roches calcaires environnantes ont permis l\u2019\u00e9dification d\u2019une cit\u00e9-haute monumentale dot\u00e9e des \u00e9difices publics inh\u00e9rents \u00e0 son statut de capitale. Par ailleurs, la ville est \u00e9galement connue pour sa prestigieuse \u00ab&nbsp;\u00e9cole&nbsp;\u00bb de mosa\u00efstes dont les \u0153uvres ont commenc\u00e9 \u00e0 \u00eatre exhum\u00e9es d\u00e8s le XIXe si\u00e8cle.<\/p>\n\n\n\n<p class=\"has-small-font-size\"><strong>Historique des recherches<\/strong><br>Les premi\u00e8re fouilles ont \u00e9t\u00e9 r\u00e9alis\u00e9es sur le site de Lamb\u00e8se d\u00e8s le milieu du XIXe si\u00e8cle. Au d\u00e9but du XXe si\u00e8cle, la richesse des mosa\u00efques d\u00e9couvertes en ce lieu avait justifi\u00e9 la construction d\u2019un mus\u00e9e de site dans lequel une partie de ces \u0153uvres est pr\u00e9sent\u00e9e. En 2006, de nouvelles fouilles ont \u00e9t\u00e9 r\u00e9alis\u00e9e \u00e0 la demande des autorit\u00e9s alg\u00e9riennes (CNRA) par une \u00e9quipe dirig\u00e9e par A\u00efcha Malek (ENS).<br>Les diff\u00e9rentes campagnes r\u00e9alis\u00e9es depuis lors ont permis d\u2019exhumer de nouvelles et spectaculaires mosa\u00efques. Elles visent \u00e9galement \u00e0 compl\u00e9ter l\u2019enregistrement du site et \u00e0 exploiter les anciennes archives de fouille. En 2014, un nouveau projet doit voir le jour \u00e0 l\u2019initiative des autorit\u00e9s alg\u00e9riennes. Les campagnes de fouilles, de relev\u00e9s et d\u2019\u00e9tudes seraient accompagn\u00e9es d\u2019un volet de formation \u00e0 destination de stagiaires participant au projet.<\/p>\n\n\n\n<div class=\"wp-block-separator has-alpha-channel-opacity is-style-wide\" style=\"margin-top:var(--wp--preset--spacing--60);margin-bottom:var(--wp--preset--spacing--60)\"><\/div>\n\n\n\n<div class=\"wp-block-columns is-layout-flex wp-container-core-columns-is-layout-9d6595d7 wp-block-columns-is-layout-flex\">\n<div class=\"wp-block-column is-layout-flow wp-block-column-is-layout-flow\">\n<p class=\"has-small-font-size\"><strong>Partenaires<\/strong> <br>Centre National de Recherche en Arch\u00e9ologie (Alg\u00e9rie)<br>CNRS, UMR 8546-AOROC (France)<\/p>\n<\/div>\n\n\n\n<div class=\"wp-block-column is-layout-flow wp-block-column-is-layout-flow\"><\/div>\n\n\n\n<div class=\"wp-block-column is-layout-flow wp-block-column-is-layout-flow\">\n<p class=\"has-theme-palette-11-color has-text-color has-link-color has-small-font-size wp-elements-3f0b18ba4ec1c22cc02e91a808916593\"><strong>Liens<\/strong> :<br><a href=\"http:\/\/www.archeo.ens.fr\/spip.php?article229\" target=\"_blank\" rel=\"noreferrer noopener\">A\u00efcha Malek, directrice de mission<\/a><br><a href=\"http:\/\/www.cnra.dz\/?Synthese-de-la-compagne-de-la,23\" target=\"_blank\" rel=\"noreferrer noopener\">Centre National de Recherche en Arch\u00e9ologie<\/a><\/p>\n<\/div>\n<\/div>\n\n\n\n<div class=\"wp-block-separator has-alpha-channel-opacity is-style-wide\" style=\"margin-top:var(--wp--preset--spacing--60);margin-bottom:var(--wp--preset--spacing--60)\"><\/div>\n\n\n\n<h2 class=\"wp-block-heading\">Campagnes <\/h2>\n\n\n<ul style=\"padding-top:0;padding-bottom:0;padding-left:0;padding-right:0;\" class=\"wp-block-latest-posts__list is-grid columns-4 has-link-color wp-elements-f62f83efa4b03c73006b9d4ae1026cc7 wp-block-latest-posts has-text-color has-theme-palette-12-color has-small-font-size\"><li><div class=\"wp-block-latest-posts__featured-image\"><a href=\"https:\/\/eveha-international.com\/?p=985\" aria-label=\"Lamb\u00e8se &#8211; 2011\"><img loading=\"lazy\" decoding=\"async\" width=\"770\" height=\"485\" src=\"https:\/\/eveha-international.com\/wp-content\/uploads\/2016\/11\/lambese_2011_small.jpg\" class=\"attachment-large size-large wp-post-image\" alt=\"\" style=\"\" srcset=\"https:\/\/eveha-international.com\/wp-content\/uploads\/2016\/11\/lambese_2011_small.jpg 770w, https:\/\/eveha-international.com\/wp-content\/uploads\/2016\/11\/lambese_2011_small-300x189.jpg 300w\" sizes=\"auto, (max-width: 770px) 100vw, 770px\" \/><\/a><\/div><a class=\"wp-block-latest-posts__post-title\" href=\"https:\/\/eveha-international.com\/?p=985\">Lamb\u00e8se &#8211; 2011<\/a><\/li>\n<\/ul>","protected":false},"excerpt":{"rendered":"<p>Ancienne capitale de la Numidie dans l&rsquo;actuelle Alg\u00e9rie, la cit\u00e9 de Lamb\u00e8se est au coeur d&rsquo;un nouveau programme d&rsquo;\u00e9tude arch\u00e9ologique plac\u00e9 sous la direction d&rsquo;A\u00efcha Malek (ENS, AOROC). DirectionA\u00efcha Malek&nbsp;(ENS) Participation d&rsquo;\u00c9vehaTopographie Architecture Localisation Alg\u00e9rie Localisation et r\u00e9sum\u00e9 historiqueLambaesis est une cit\u00e9 romaine implant\u00e9e aux pieds des Aur\u00e8s, dans l\u2019est de l\u2019Alg\u00e9rie, \u00e0 une dizaine&#8230;<\/p>\n","protected":false},"author":4,"featured_media":4094,"parent":7,"menu_order":0,"comment_status":"closed","ping_status":"closed","template":"","meta":{"inline_featured_image":false,"_kad_post_transparent":"","_kad_post_title":"","_kad_post_layout":"","_kad_post_sidebar_id":"","_kad_post_content_style":"","_kad_post_vertical_padding":"","_kad_post_feature":"","_kad_post_feature_position":"","_kad_post_header":false,"_kad_post_footer":false,"_kad_post_classname":"","footnotes":""},"class_list":["post-4092","page","type-page","status-publish","has-post-thumbnail","hentry"],"_links":{"self":[{"href":"https:\/\/eveha-international.com\/index.php?rest_route=\/wp\/v2\/pages\/4092","targetHints":{"allow":["GET"]}}],"collection":[{"href":"https:\/\/eveha-international.com\/index.php?rest_route=\/wp\/v2\/pages"}],"about":[{"href":"https:\/\/eveha-international.com\/index.php?rest_route=\/wp\/v2\/types\/page"}],"author":[{"embeddable":true,"href":"https:\/\/eveha-international.com\/index.php?rest_route=\/wp\/v2\/users\/4"}],"replies":[{"embeddable":true,"href":"https:\/\/eveha-international.com\/index.php?rest_route=%2Fwp%2Fv2%2Fcomments&post=4092"}],"version-history":[{"count":3,"href":"https:\/\/eveha-international.com\/index.php?rest_route=\/wp\/v2\/pages\/4092\/revisions"}],"predecessor-version":[{"id":4098,"href":"https:\/\/eveha-international.com\/index.php?rest_route=\/wp\/v2\/pages\/4092\/revisions\/4098"}],"up":[{"embeddable":true,"href":"https:\/\/eveha-international.com\/index.php?rest_route=\/wp\/v2\/pages\/7"}],"wp:featuredmedia":[{"embeddable":true,"href":"https:\/\/eveha-international.com\/index.php?rest_route=\/wp\/v2\/media\/4094"}],"wp:attachment":[{"href":"https:\/\/eveha-international.com\/index.php?rest_route=%2Fwp%2Fv2%2Fmedia&parent=4092"}],"curies":[{"name":"wp","href":"https:\/\/api.w.org\/{rel}","templated":true}]}}