{"id":4099,"date":"2026-01-15T18:19:06","date_gmt":"2026-01-15T17:19:06","guid":{"rendered":"https:\/\/eveha-international.com\/?page_id=4099"},"modified":"2026-01-15T18:21:28","modified_gmt":"2026-01-15T17:21:28","slug":"kunara","status":"publish","type":"page","link":"https:\/\/eveha-international.com\/?page_id=4099","title":{"rendered":"Kunara"},"content":{"rendered":"\n<p class=\"has-text-align-left has-small-font-size\">Depuis 2012, \u00c9veha International est associ\u00e9 \u00e0 la mission de Kunara, au Kurdistan irakien. <br>A l&rsquo;origine dirig\u00e9 par Christine Kepinski (CNRS, UMR 7041), ce projet est d\u00e9sormais plac\u00e9 sous la responsabilit\u00e9 d&rsquo;Aline Tenu (CNRS, UMR 7041).<\/p>\n\n\n\n<div class=\"wp-block-separator has-alpha-channel-opacity is-style-wide\" style=\"margin-top:var(--wp--preset--spacing--40);margin-bottom:var(--wp--preset--spacing--40)\"><\/div>\n\n\n\n<div class=\"wp-block-columns is-layout-flex wp-container-core-columns-is-layout-9d6595d7 wp-block-columns-is-layout-flex\">\n<div class=\"wp-block-column is-layout-flow wp-block-column-is-layout-flow\">\n<h6 class=\"wp-block-heading has-theme-palette-12-color has-text-color has-link-color has-small-font-size wp-elements-821f038b945ce8b6871f30aae32acfce\">Direction<br><strong>Christine Kepinski<\/strong>\u00a0(Directrice de Recherche CNRS\/<br>HDR Universit\u00e9 de Paris I, UMR 7041)<br><strong>Aline Tenu<\/strong>\u00a0(depuis 2015)<\/h6>\n<\/div>\n\n\n\n<div class=\"wp-block-column is-layout-flow wp-block-column-is-layout-flow\">\n<p class=\"has-small-font-size\"><strong>Participation d&rsquo;\u00c9veha<br><\/strong>Topographie<br>recherche arch\u00e9ologique<\/p>\n<\/div>\n\n\n\n<div class=\"wp-block-column is-layout-flow wp-block-column-is-layout-flow\">\n<p class=\"has-small-font-size\"><strong>Localisation<\/strong> <br>Irak<\/p>\n<\/div>\n<\/div>\n\n\n\n<div class=\"wp-block-separator has-text-color has-theme-palette-12-color has-alpha-channel-opacity has-theme-palette-12-background-color has-background is-style-wide\" style=\"margin-top:var(--wp--preset--spacing--60);margin-bottom:var(--wp--preset--spacing--60)\"><\/div>\n\n\n\n<p class=\"has-small-font-size\"><strong>Localisation et r\u00e9sum\u00e9 historique<\/strong><br><br>Le site de Kunara est localis\u00e9 dans la partie orientale de la province du Kurdistan Irakien, sur les pi\u00e9monts du Zagros. Il occupe plus pr\u00e9cis\u00e9ment la plaine de Suleymaniah, delimit\u00e9e au nord-est par le massif de l\u2019Azmar et au sud-ouest par celui du Baranand. L\u2019occupation anthropique s\u2019y caract\u00e9rise par deux tells (ville haute et ville basse) jouxtant le cours d\u2019eau du Tanjaro.<br>Au regard du mat\u00e9riel r\u00e9colt\u00e9 lors des phases de prospections et au cours des premi\u00e8res fouilles arch\u00e9ologiques, le site semble avoir \u00e9t\u00e9 occup\u00e9 depuis le N\u00e9olithique jusqu\u2019\u00e0 l\u2019\u00e2ge du Bronze. Aucun indice attestant une occupation post\u00e9rieure n\u2019a pour l\u2019instant \u00e9t\u00e9 identifi\u00e9.<br>Les sources \u00e9crites mentionnent, \u00e0 diverses p\u00e9riodes, la pr\u00e9sence dans cette r\u00e9gion de peuples tels que les Turuk\u00e9ens, Lullub\u00ee, et Gut\u00ee. La structuration de ces occupations est cependant mieux connue sous le r\u00e8gne du roi Assyrien Assurnasirpal II dont le r\u00e9cit des campagnes militaires mentionne dix-neuf villes fortifi\u00e9es au sein d\u2019un \u00ab\u00a0Pays de Zamua\u00a0\u00bb, future province assyrienne, qui correspond \u00e0 la r\u00e9gion \u00e9tudi\u00e9e.<\/p>\n\n\n\n<p class=\"has-small-font-size\"><strong>Historique des recherches<\/strong><br>Le choix de ce site est la cons\u00e9quence d\u2019une prospection liminaire men\u00e9e en 2011 sur un tron\u00e7on de cette \u00ab\u00a0vall\u00e9e\u00a0\u00bb. Le patrimoine arch\u00e9ologique de cette r\u00e9gion a \u00e9t\u00e9 tr\u00e8s peu \u00e9tudi\u00e9 par le pass\u00e9. Pourtant, les r\u00e9sultats actuels r\u00e9v\u00e8lent une forte densit\u00e9 de sites localis\u00e9s dans la plaine et dont la chronologie s\u2019\u00e9chelonne entre le septi\u00e8me mill\u00e9naire avant notre \u00e8re (p\u00e9riode de Hassuna) et la p\u00e9riode islamique. Dans le cadre des recherches sur les p\u00e9riodes anciennes, le site de Kunara, par sa longue s\u00e9quence d\u2019occupation, depuis le quatri\u00e8me mill\u00e9naire au moins, devrait constituer une source de connaissance de premier ordre.<\/p>\n\n\n\n<div class=\"wp-block-separator has-alpha-channel-opacity is-style-wide\" style=\"margin-top:var(--wp--preset--spacing--60);margin-bottom:var(--wp--preset--spacing--60)\"><\/div>\n\n\n\n<div class=\"wp-block-columns is-layout-flex wp-container-core-columns-is-layout-9d6595d7 wp-block-columns-is-layout-flex\">\n<div class=\"wp-block-column is-layout-flow wp-block-column-is-layout-flow\">\n<p class=\"has-small-font-size\"><strong>Partenaires<\/strong> <br>D\u00e9partement des antiquit\u00e9s de Suleymaniah<br>Minist\u00e8re des Affaires \u00e9trang\u00e8res<br>Maison Ren\u00e9 Ginouv\u00e8s, Arch\u00e9ologie et Ethnologie, UMR7041, Arscan, Arch\u00e9ologies et Sciences de l\u2019Antiquit\u00e9<br>Museum d\u2019Histoire Naturelle, UMR 7209, SAPA, Soci\u00e9t\u00e9s, Animaux et Plantes en Asie<br>Maison de l\u2019Orient M\u00e9diterran\u00e9en, UMR 5133, Arch\u00e9orient<\/p>\n<\/div>\n\n\n\n<div class=\"wp-block-column is-layout-flow wp-block-column-is-layout-flow\"><\/div>\n\n\n\n<div class=\"wp-block-column is-layout-flow wp-block-column-is-layout-flow\">\n<p class=\"has-theme-palette-11-color has-text-color has-link-color has-small-font-size wp-elements-5c200daaeab821bcc6107d1e46f6f912\"><strong>Liens<\/strong> :<br><a href=\"http:\/\/www.mae.u-paris10.fr\/arscan\/Christine-KEPINSKI.html\" target=\"_blank\" rel=\"noreferrer noopener\">Christine Kepinski, Directrice de Recherche CNRS<\/a><\/p>\n<\/div>\n<\/div>\n\n\n\n<div class=\"wp-block-separator has-alpha-channel-opacity is-style-wide\" style=\"margin-top:var(--wp--preset--spacing--60);margin-bottom:var(--wp--preset--spacing--60)\"><\/div>\n\n\n\n<h2 class=\"wp-block-heading\">Campagnes <\/h2>\n\n\n<ul style=\"padding-top:0;padding-bottom:0;padding-left:0;padding-right:0;\" class=\"wp-block-latest-posts__list is-grid columns-4 has-link-color wp-elements-7e238eba901daabcd36b80091e509227 wp-block-latest-posts has-text-color has-theme-palette-12-color has-small-font-size\"><li><div class=\"wp-block-latest-posts__featured-image\"><a href=\"https:\/\/eveha-international.com\/?p=393\" aria-label=\"Kunara &#8211; 2012\"><img loading=\"lazy\" decoding=\"async\" width=\"770\" height=\"485\" src=\"https:\/\/eveha-international.com\/wp-content\/uploads\/2015\/06\/kunara-2012_blog.jpg\" class=\"attachment-large size-large wp-post-image\" alt=\"\" style=\"\" srcset=\"https:\/\/eveha-international.com\/wp-content\/uploads\/2015\/06\/kunara-2012_blog.jpg 770w, https:\/\/eveha-international.com\/wp-content\/uploads\/2015\/06\/kunara-2012_blog-300x189.jpg 300w\" sizes=\"auto, (max-width: 770px) 100vw, 770px\" \/><\/a><\/div><a class=\"wp-block-latest-posts__post-title\" href=\"https:\/\/eveha-international.com\/?p=393\">Kunara &#8211; 2012<\/a><\/li>\n<li><div class=\"wp-block-latest-posts__featured-image\"><a href=\"https:\/\/eveha-international.com\/?p=399\" aria-label=\"Kunara &#8211; 2013\"><img loading=\"lazy\" decoding=\"async\" width=\"770\" height=\"485\" src=\"https:\/\/eveha-international.com\/wp-content\/uploads\/2015\/06\/kunara-2013_blog.jpg\" class=\"attachment-large size-large wp-post-image\" alt=\"\" style=\"\" srcset=\"https:\/\/eveha-international.com\/wp-content\/uploads\/2015\/06\/kunara-2013_blog.jpg 770w, https:\/\/eveha-international.com\/wp-content\/uploads\/2015\/06\/kunara-2013_blog-300x189.jpg 300w\" sizes=\"auto, (max-width: 770px) 100vw, 770px\" \/><\/a><\/div><a class=\"wp-block-latest-posts__post-title\" href=\"https:\/\/eveha-international.com\/?p=399\">Kunara &#8211; 2013<\/a><\/li>\n<li><div class=\"wp-block-latest-posts__featured-image\"><a href=\"https:\/\/eveha-international.com\/?p=954\" aria-label=\"Kunara &#8211; 2015\"><img loading=\"lazy\" decoding=\"async\" width=\"770\" height=\"485\" src=\"https:\/\/eveha-international.com\/wp-content\/uploads\/2016\/10\/kunara_2015_small.jpg\" class=\"attachment-large size-large wp-post-image\" alt=\"\" style=\"\" srcset=\"https:\/\/eveha-international.com\/wp-content\/uploads\/2016\/10\/kunara_2015_small.jpg 770w, https:\/\/eveha-international.com\/wp-content\/uploads\/2016\/10\/kunara_2015_small-300x189.jpg 300w\" sizes=\"auto, (max-width: 770px) 100vw, 770px\" \/><\/a><\/div><a class=\"wp-block-latest-posts__post-title\" href=\"https:\/\/eveha-international.com\/?p=954\">Kunara &#8211; 2015<\/a><\/li>\n<li><div class=\"wp-block-latest-posts__featured-image\"><a href=\"https:\/\/eveha-international.com\/?p=1446\" aria-label=\"Kunara &#8211; 2016\"><img loading=\"lazy\" decoding=\"async\" width=\"770\" height=\"485\" src=\"https:\/\/eveha-international.com\/wp-content\/uploads\/2018\/03\/kunara_2016_small.jpg\" class=\"attachment-large size-large wp-post-image\" alt=\"\" style=\"\" srcset=\"https:\/\/eveha-international.com\/wp-content\/uploads\/2018\/03\/kunara_2016_small.jpg 770w, https:\/\/eveha-international.com\/wp-content\/uploads\/2018\/03\/kunara_2016_small-300x189.jpg 300w\" sizes=\"auto, (max-width: 770px) 100vw, 770px\" \/><\/a><\/div><a class=\"wp-block-latest-posts__post-title\" href=\"https:\/\/eveha-international.com\/?p=1446\">Kunara &#8211; 2016<\/a><\/li>\n<li><div class=\"wp-block-latest-posts__featured-image\"><a href=\"https:\/\/eveha-international.com\/?p=1549\" aria-label=\"Kunara &#8211; 2017\"><img loading=\"lazy\" decoding=\"async\" width=\"770\" height=\"485\" src=\"https:\/\/eveha-international.com\/wp-content\/uploads\/2018\/07\/kunara-2017_small.jpg\" class=\"attachment-large size-large wp-post-image\" alt=\"\" style=\"\" srcset=\"https:\/\/eveha-international.com\/wp-content\/uploads\/2018\/07\/kunara-2017_small.jpg 770w, https:\/\/eveha-international.com\/wp-content\/uploads\/2018\/07\/kunara-2017_small-300x189.jpg 300w\" sizes=\"auto, (max-width: 770px) 100vw, 770px\" \/><\/a><\/div><a class=\"wp-block-latest-posts__post-title\" href=\"https:\/\/eveha-international.com\/?p=1549\">Kunara &#8211; 2017<\/a><\/li>\n<li><div class=\"wp-block-latest-posts__featured-image\"><a href=\"https:\/\/eveha-international.com\/?p=1939\" aria-label=\"Kunara &#8211; 2018\"><img loading=\"lazy\" decoding=\"async\" width=\"770\" height=\"485\" src=\"https:\/\/eveha-international.com\/wp-content\/uploads\/2019\/11\/kunara_2018_small.jpg\" class=\"attachment-large size-large wp-post-image\" alt=\"\" style=\"\" srcset=\"https:\/\/eveha-international.com\/wp-content\/uploads\/2019\/11\/kunara_2018_small.jpg 770w, https:\/\/eveha-international.com\/wp-content\/uploads\/2019\/11\/kunara_2018_small-300x189.jpg 300w, https:\/\/eveha-international.com\/wp-content\/uploads\/2019\/11\/kunara_2018_small-768x484.jpg 768w\" sizes=\"auto, (max-width: 770px) 100vw, 770px\" \/><\/a><\/div><a class=\"wp-block-latest-posts__post-title\" href=\"https:\/\/eveha-international.com\/?p=1939\">Kunara &#8211; 2018<\/a><\/li>\n<li><div class=\"wp-block-latest-posts__featured-image\"><a href=\"https:\/\/eveha-international.com\/?p=1950\" aria-label=\"Kunara &#8211; 2019\"><img loading=\"lazy\" decoding=\"async\" width=\"770\" height=\"485\" src=\"https:\/\/eveha-international.com\/wp-content\/uploads\/2019\/11\/kunara_2019_small.jpg\" class=\"attachment-large size-large wp-post-image\" alt=\"\" style=\"\" srcset=\"https:\/\/eveha-international.com\/wp-content\/uploads\/2019\/11\/kunara_2019_small.jpg 770w, https:\/\/eveha-international.com\/wp-content\/uploads\/2019\/11\/kunara_2019_small-300x189.jpg 300w, https:\/\/eveha-international.com\/wp-content\/uploads\/2019\/11\/kunara_2019_small-768x484.jpg 768w\" sizes=\"auto, (max-width: 770px) 100vw, 770px\" \/><\/a><\/div><a class=\"wp-block-latest-posts__post-title\" href=\"https:\/\/eveha-international.com\/?p=1950\">Kunara &#8211; 2019<\/a><\/li>\n<li><div class=\"wp-block-latest-posts__featured-image\"><a href=\"https:\/\/eveha-international.com\/?p=2694\" aria-label=\"Kunara &#8211; 2022\"><img loading=\"lazy\" decoding=\"async\" width=\"770\" height=\"485\" src=\"https:\/\/eveha-international.com\/wp-content\/uploads\/2023\/07\/eveha_kunara_2022_small.jpg\" class=\"attachment-large size-large wp-post-image\" alt=\"\" style=\"\" srcset=\"https:\/\/eveha-international.com\/wp-content\/uploads\/2023\/07\/eveha_kunara_2022_small.jpg 770w, https:\/\/eveha-international.com\/wp-content\/uploads\/2023\/07\/eveha_kunara_2022_small-300x189.jpg 300w, https:\/\/eveha-international.com\/wp-content\/uploads\/2023\/07\/eveha_kunara_2022_small-768x484.jpg 768w\" sizes=\"auto, (max-width: 770px) 100vw, 770px\" \/><\/a><\/div><a class=\"wp-block-latest-posts__post-title\" href=\"https:\/\/eveha-international.com\/?p=2694\">Kunara &#8211; 2022<\/a><\/li>\n<li><div class=\"wp-block-latest-posts__featured-image\"><a href=\"https:\/\/eveha-international.com\/?p=3377\" aria-label=\"Kunara &#8211; 2023\"><img loading=\"lazy\" decoding=\"async\" width=\"980\" height=\"735\" src=\"https:\/\/eveha-international.com\/wp-content\/uploads\/2026\/01\/Kunara-Fig.-02.resized-1024x768-1.jpg\" class=\"attachment-large size-large wp-post-image\" alt=\"\" style=\"\" srcset=\"https:\/\/eveha-international.com\/wp-content\/uploads\/2026\/01\/Kunara-Fig.-02.resized-1024x768-1.jpg 1024w, https:\/\/eveha-international.com\/wp-content\/uploads\/2026\/01\/Kunara-Fig.-02.resized-1024x768-1-300x225.jpg 300w, https:\/\/eveha-international.com\/wp-content\/uploads\/2026\/01\/Kunara-Fig.-02.resized-1024x768-1-768x576.jpg 768w\" sizes=\"auto, (max-width: 980px) 100vw, 980px\" \/><\/a><\/div><a class=\"wp-block-latest-posts__post-title\" href=\"https:\/\/eveha-international.com\/?p=3377\">Kunara &#8211; 2023<\/a><\/li>\n<\/ul>","protected":false},"excerpt":{"rendered":"<p>Depuis 2012, \u00c9veha International est associ\u00e9 \u00e0 la mission de Kunara, au Kurdistan irakien. A l&rsquo;origine dirig\u00e9 par Christine Kepinski (CNRS, UMR 7041), ce projet est d\u00e9sormais plac\u00e9 sous la responsabilit\u00e9 d&rsquo;Aline Tenu (CNRS, UMR 7041). DirectionChristine Kepinski\u00a0(Directrice de Recherche CNRS\/HDR Universit\u00e9 de Paris I, UMR 7041)Aline Tenu\u00a0(depuis 2015) Participation d&rsquo;\u00c9vehaTopographierecherche arch\u00e9ologique Localisation Irak Localisation&#8230;<\/p>\n","protected":false},"author":4,"featured_media":4101,"parent":7,"menu_order":0,"comment_status":"closed","ping_status":"closed","template":"","meta":{"inline_featured_image":false,"_kad_post_transparent":"","_kad_post_title":"","_kad_post_layout":"","_kad_post_sidebar_id":"","_kad_post_content_style":"","_kad_post_vertical_padding":"","_kad_post_feature":"","_kad_post_feature_position":"","_kad_post_header":false,"_kad_post_footer":false,"_kad_post_classname":"","footnotes":""},"class_list":["post-4099","page","type-page","status-publish","has-post-thumbnail","hentry"],"_links":{"self":[{"href":"https:\/\/eveha-international.com\/index.php?rest_route=\/wp\/v2\/pages\/4099","targetHints":{"allow":["GET"]}}],"collection":[{"href":"https:\/\/eveha-international.com\/index.php?rest_route=\/wp\/v2\/pages"}],"about":[{"href":"https:\/\/eveha-international.com\/index.php?rest_route=\/wp\/v2\/types\/page"}],"author":[{"embeddable":true,"href":"https:\/\/eveha-international.com\/index.php?rest_route=\/wp\/v2\/users\/4"}],"replies":[{"embeddable":true,"href":"https:\/\/eveha-international.com\/index.php?rest_route=%2Fwp%2Fv2%2Fcomments&post=4099"}],"version-history":[{"count":2,"href":"https:\/\/eveha-international.com\/index.php?rest_route=\/wp\/v2\/pages\/4099\/revisions"}],"predecessor-version":[{"id":4104,"href":"https:\/\/eveha-international.com\/index.php?rest_route=\/wp\/v2\/pages\/4099\/revisions\/4104"}],"up":[{"embeddable":true,"href":"https:\/\/eveha-international.com\/index.php?rest_route=\/wp\/v2\/pages\/7"}],"wp:featuredmedia":[{"embeddable":true,"href":"https:\/\/eveha-international.com\/index.php?rest_route=\/wp\/v2\/media\/4101"}],"wp:attachment":[{"href":"https:\/\/eveha-international.com\/index.php?rest_route=%2Fwp%2Fv2%2Fmedia&parent=4099"}],"curies":[{"name":"wp","href":"https:\/\/api.w.org\/{rel}","templated":true}]}}