{"id":4107,"date":"2026-01-15T18:24:18","date_gmt":"2026-01-15T17:24:18","guid":{"rendered":"https:\/\/eveha-international.com\/?page_id=4107"},"modified":"2026-01-15T18:25:58","modified_gmt":"2026-01-15T17:25:58","slug":"gabies","status":"publish","type":"page","link":"https:\/\/eveha-international.com\/?page_id=4107","title":{"rendered":"Gabies"},"content":{"rendered":"\n<p class=\"has-text-align-left has-small-font-size\">Dans le cadre de nouvelles \u00e9tudes sur le site de Gabies, \u00c9veha International effectue diff\u00e9rentes prestations arch\u00e9ologiques pour le compte de la mission dirig\u00e9e par Daniel Roger (conservateur au Mus\u00e9e du Louvre, avec la collaboration de Charles-\u00c9douard Sauvin et Aurora Taiuti, charg\u00e9s de mission).<\/p>\n\n\n\n<div class=\"wp-block-separator has-alpha-channel-opacity is-style-wide\" style=\"margin-top:var(--wp--preset--spacing--40);margin-bottom:var(--wp--preset--spacing--40)\"><\/div>\n\n\n\n<div class=\"wp-block-columns is-layout-flex wp-container-core-columns-is-layout-9d6595d7 wp-block-columns-is-layout-flex\">\n<div class=\"wp-block-column is-layout-flow wp-block-column-is-layout-flow\">\n<h6 class=\"wp-block-heading has-theme-palette-12-color has-text-color has-link-color has-small-font-size wp-elements-7c0be3e66ec95b71bdd498c2dea99c03\">Direction<br><strong>Daniel Roger\u00a0<\/strong>(Mus\u00e9e du Louvre, conservateur du patrimoine, d\u00e9partement des Antiquit\u00e9s grecques, \u00e9trusques et romaines)<br><strong>Charles-\u00c9douard Sauvin<\/strong>\u00a0(arch\u00e9ologue charg\u00e9 de l\u2019encadrement de l\u2019\u00e9quipe, jusqu\u2019en 2014)<br><strong>Aurora Taiuti<\/strong>\u00a0(arch\u00e9ologue charg\u00e9e de la logistique et de la gestion du mobilier de fouille, jusqu\u2019en 2014)<br><strong>Steve Glisoni<\/strong>\u00a0(INRAP, depuis 2015)<\/h6>\n<\/div>\n\n\n\n<div class=\"wp-block-column is-layout-flow wp-block-column-is-layout-flow\">\n<p class=\"has-small-font-size\"><strong>Participation d&rsquo;\u00c9veha<br><\/strong>Topographie <br>Restitutions architecturales<\/p>\n<\/div>\n\n\n\n<div class=\"wp-block-column is-layout-flow wp-block-column-is-layout-flow\">\n<p class=\"has-small-font-size\"><strong>Localisation<\/strong> <br>Italie<\/p>\n<\/div>\n<\/div>\n\n\n\n<div class=\"wp-block-separator has-text-color has-theme-palette-12-color has-alpha-channel-opacity has-theme-palette-12-background-color has-background is-style-wide\" style=\"margin-top:var(--wp--preset--spacing--60);margin-bottom:var(--wp--preset--spacing--60)\"><\/div>\n\n\n\n<p class=\"has-small-font-size\"><strong>Localisation et r\u00e9sum\u00e9 historique<\/strong><br>Gabies se situe \u00e0 une vingtaine de kilom\u00e8tres \u00e0 l\u2019est de Rome, dans le centre de l\u2019Italie. L\u2019ancienne cit\u00e9 s\u2019\u00e9tait implant\u00e9e sur les bords d\u2019un ancien lac volcanique qui a \u00e9t\u00e9 ass\u00e9ch\u00e9 au XIXe si\u00e8cle.<br>Il s\u2019agit de l\u2019une des plus anciennes cit\u00e9s du Latium, dans laquelle les jeunes R\u00e9mus et Romulus auraient re\u00e7u leur \u00e9ducation. Une n\u00e9cropole de l\u2019\u00e2ge du Fer retrouv\u00e9e \u00e0 proximit\u00e9 indique en tout cas que le secteur \u00e9tait occup\u00e9 d\u00e8s le IXe si\u00e8cle avant notre \u00e8re. Au cours du VIIIe si\u00e8cle av. J.-C., un rempart est \u00e9rig\u00e9 autour de la cit\u00e9. Il a connu plusieurs remaniements durant la p\u00e9riode archa\u00efque. Gabies a \u00e9t\u00e9 prise par les Romains \u00e0 la fin de la Monarchie (Ve si\u00e8cle avant J.-C.).<br>La cit\u00e9 prosp\u00e8re par la suite. La p\u00e9riode r\u00e9publicaine est notamment marqu\u00e9e par l\u2019\u00e9rection d\u2019un grand temple d\u00e9di\u00e9 \u00e0 Juno Gabina, achev\u00e9 aux environs de 160 av. J.-C, dont d\u2019imposants vestiges sont encore conserv\u00e9s. Il se situe \u00e0 proximit\u00e9 du forum et prenait place au centre d\u2019un vaste p\u00e9ribole.<br>D\u00e8s les ann\u00e9es 250 apr\u00e8s J.-C., ce complexe cultuel commence \u00e0 \u00eatre abandonn\u00e9 et la cit\u00e9 est marqu\u00e9e par un certain d\u00e9clin au cours de l\u2019Antiquit\u00e9 tardive. Toutefois, Gabies conserve une place assez importante\u00a0: dans la seconde moiti\u00e9 du Ve si\u00e8cle, un \u00e9v\u00eaque est mentionn\u00e9 et les sources textuelles du VIe si\u00e8cle font encore \u00e9tat de l\u2019existence d\u2019une communaut\u00e9 chr\u00e9tienne. L\u2019occupation humaine se maintient tr\u00e8s timidement au-del\u00e0 de l\u2019Antiquit\u00e9. Sur le site sont encore visibles les vestiges d\u2019une \u00e9glise pour partie implant\u00e9e dans les ruines d\u2019un b\u00e2timent antique. Elle est mentionn\u00e9e pour la premi\u00e8re fois aux environs de 1030 et t\u00e9moigne ainsi de ces occupations tardives.<\/p>\n\n\n\n<p class=\"has-small-font-size\"><strong>Historique des recherches<\/strong><br>L\u2019exploration arch\u00e9ologique de Gabies a d\u00e9but\u00e9 d\u00e8s la p\u00e9riode moderne. \u00c0 la fin du XVIIIe si\u00e8cle, \u00e0 l\u2019occasion des fouilles r\u00e9alis\u00e9es sous la conduite du peintre d\u2019origine \u00e9cossaise Gavin Hamilton, le forum est largement explor\u00e9. Ces travaux permettent d\u2019identifier une pi\u00e8ce d\u00e9volue au culte imp\u00e9rial \u2013 l\u2019<em>Augusteum \u2013<\/em>\u00a0dans laquelle est retrouv\u00e9e une s\u00e9rie de prestigieux portraits imp\u00e9riaux sculpt\u00e9s. Apr\u00e8s avoir \u00e9t\u00e9 achet\u00e9s par Napol\u00e9on au d\u00e9but du XIXe si\u00e8cle, ces derniers ont int\u00e9gr\u00e9 les collections du Louvre.<br>De ce fait, le Mus\u00e9e du Louvre est impliqu\u00e9 depuis 2013 dans un programme de fouilles sur le site de Gabies. Le projet est plac\u00e9 sous la responsabilit\u00e9 de Daniel Roger (Mus\u00e9e du Louvre) et vise notamment \u00e0 mieux comprendre la morphologie du secteur dont sont cens\u00e9es provenir ces statues. L\u2019id\u00e9e \u00e9tant \u00e0 terme de pouvoir restituer virtuellement ces \u0153uvres dans leur contexte architectural. Plus globalement, l\u2019\u00e9tude porte sur l\u2019ensemble de cette partie de la cit\u00e9 antique et sur son \u00e9volution urbaine. Dans le m\u00eame temps, d\u2019autres \u00e9quipes am\u00e9ricaines, italiennes et allemandes \u0153uvrent sur le site. Un colloque pr\u00e9sentant un \u00e9tat des connaissances sur le site de Gabies est pr\u00e9vu dans les ann\u00e9es \u00e0 venir. Une grande exposition itin\u00e9rante \u2013 Italie, France et \u00c9tats-Unis \u2013 devrait \u00e9galement \u00eatre organis\u00e9e autour de ce site majeur de l\u2019Antiquit\u00e9 (2018).<\/p>\n\n\n\n<div class=\"wp-block-separator has-alpha-channel-opacity is-style-wide\" style=\"margin-top:var(--wp--preset--spacing--60);margin-bottom:var(--wp--preset--spacing--60)\"><\/div>\n\n\n\n<div class=\"wp-block-columns is-layout-flex wp-container-core-columns-is-layout-9d6595d7 wp-block-columns-is-layout-flex\">\n<div class=\"wp-block-column is-layout-flow wp-block-column-is-layout-flow\">\n<p class=\"has-small-font-size\"><strong>Partenaires<\/strong> <br>Mus\u00e9e du Louvre (France)<br>\u00c9cole fran\u00e7aise de Rome (France)<br>Soprintendenza speciale per i beni archeologici di Roma (Italie)<\/p>\n<\/div>\n\n\n\n<div class=\"wp-block-column is-layout-flow wp-block-column-is-layout-flow\"><\/div>\n\n\n\n<div class=\"wp-block-column is-layout-flow wp-block-column-is-layout-flow\">\n<p class=\"has-theme-palette-11-color has-text-color has-link-color has-small-font-size wp-elements-bda2977d5fa0b07e172753ca7e24103e\"><strong>Liens<\/strong> :<br><a href=\"http:\/\/archeoroma.beniculturali.it\/siti_archeologici\/suburbio\/gabii\" target=\"_blank\" rel=\"noreferrer noopener\">Pr\u00e9sentation du Minist\u00e8re des affaires culturelles italiennes<\/a><\/p>\n<\/div>\n<\/div>\n\n\n\n<div class=\"wp-block-separator has-alpha-channel-opacity is-style-wide\" style=\"margin-top:var(--wp--preset--spacing--60);margin-bottom:var(--wp--preset--spacing--60)\"><\/div>\n\n\n\n<h2 class=\"wp-block-heading\">Campagnes <\/h2>\n\n\n<ul style=\"padding-top:0;padding-bottom:0;padding-left:0;padding-right:0;\" class=\"wp-block-latest-posts__list is-grid columns-4 has-link-color wp-elements-afe460014bcabd2b6a2e34697fa81046 wp-block-latest-posts has-text-color has-theme-palette-12-color has-small-font-size\"><li><div class=\"wp-block-latest-posts__featured-image\"><a href=\"https:\/\/eveha-international.com\/?p=368\" aria-label=\"Gabies &#8211; 2013\"><img loading=\"lazy\" decoding=\"async\" width=\"770\" height=\"485\" src=\"https:\/\/eveha-international.com\/wp-content\/uploads\/2015\/06\/gabii-2013_blog.jpg\" class=\"attachment-large size-large wp-post-image\" alt=\"\" style=\"\" srcset=\"https:\/\/eveha-international.com\/wp-content\/uploads\/2015\/06\/gabii-2013_blog.jpg 770w, https:\/\/eveha-international.com\/wp-content\/uploads\/2015\/06\/gabii-2013_blog-300x189.jpg 300w\" sizes=\"auto, (max-width: 770px) 100vw, 770px\" \/><\/a><\/div><a class=\"wp-block-latest-posts__post-title\" href=\"https:\/\/eveha-international.com\/?p=368\">Gabies &#8211; 2013<\/a><\/li>\n<li><div class=\"wp-block-latest-posts__featured-image\"><a href=\"https:\/\/eveha-international.com\/?p=1065\" aria-label=\"Gabies &#8211; 2014\"><img loading=\"lazy\" decoding=\"async\" width=\"770\" height=\"485\" src=\"https:\/\/eveha-international.com\/wp-content\/uploads\/2017\/01\/gabii_2014_small.jpg\" class=\"attachment-large size-large wp-post-image\" alt=\"\" style=\"\" srcset=\"https:\/\/eveha-international.com\/wp-content\/uploads\/2017\/01\/gabii_2014_small.jpg 770w, https:\/\/eveha-international.com\/wp-content\/uploads\/2017\/01\/gabii_2014_small-300x189.jpg 300w\" sizes=\"auto, (max-width: 770px) 100vw, 770px\" \/><\/a><\/div><a class=\"wp-block-latest-posts__post-title\" href=\"https:\/\/eveha-international.com\/?p=1065\">Gabies &#8211; 2014<\/a><\/li>\n<li><div class=\"wp-block-latest-posts__featured-image\"><a href=\"https:\/\/eveha-international.com\/?p=1073\" aria-label=\"Gabies &#8211; 2016\"><img loading=\"lazy\" decoding=\"async\" width=\"770\" height=\"485\" src=\"https:\/\/eveha-international.com\/wp-content\/uploads\/2017\/01\/gabii_2016_small.jpg\" class=\"attachment-large size-large wp-post-image\" alt=\"\" style=\"\" srcset=\"https:\/\/eveha-international.com\/wp-content\/uploads\/2017\/01\/gabii_2016_small.jpg 770w, https:\/\/eveha-international.com\/wp-content\/uploads\/2017\/01\/gabii_2016_small-300x189.jpg 300w\" sizes=\"auto, (max-width: 770px) 100vw, 770px\" \/><\/a><\/div><a class=\"wp-block-latest-posts__post-title\" href=\"https:\/\/eveha-international.com\/?p=1073\">Gabies &#8211; 2016<\/a><\/li>\n<li><div class=\"wp-block-latest-posts__featured-image\"><a href=\"https:\/\/eveha-international.com\/?p=1540\" aria-label=\"Gabies &#8211; 2017\"><img loading=\"lazy\" decoding=\"async\" width=\"770\" height=\"485\" src=\"https:\/\/eveha-international.com\/wp-content\/uploads\/2018\/05\/gabies_2017_small.jpg\" class=\"attachment-large size-large wp-post-image\" alt=\"\" style=\"\" srcset=\"https:\/\/eveha-international.com\/wp-content\/uploads\/2018\/05\/gabies_2017_small.jpg 770w, https:\/\/eveha-international.com\/wp-content\/uploads\/2018\/05\/gabies_2017_small-300x189.jpg 300w\" sizes=\"auto, (max-width: 770px) 100vw, 770px\" \/><\/a><\/div><a class=\"wp-block-latest-posts__post-title\" href=\"https:\/\/eveha-international.com\/?p=1540\">Gabies &#8211; 2017<\/a><\/li>\n<\/ul>","protected":false},"excerpt":{"rendered":"<p>Dans le cadre de nouvelles \u00e9tudes sur le site de Gabies, \u00c9veha International effectue diff\u00e9rentes prestations arch\u00e9ologiques pour le compte de la mission dirig\u00e9e par Daniel Roger (conservateur au Mus\u00e9e du Louvre, avec la collaboration de Charles-\u00c9douard Sauvin et Aurora Taiuti, charg\u00e9s de mission). DirectionDaniel Roger\u00a0(Mus\u00e9e du Louvre, conservateur du patrimoine, d\u00e9partement des Antiquit\u00e9s grecques,&#8230;<\/p>\n","protected":false},"author":4,"featured_media":4108,"parent":7,"menu_order":0,"comment_status":"closed","ping_status":"closed","template":"","meta":{"inline_featured_image":false,"_kad_post_transparent":"","_kad_post_title":"","_kad_post_layout":"","_kad_post_sidebar_id":"","_kad_post_content_style":"","_kad_post_vertical_padding":"","_kad_post_feature":"","_kad_post_feature_position":"","_kad_post_header":false,"_kad_post_footer":false,"_kad_post_classname":"","footnotes":""},"class_list":["post-4107","page","type-page","status-publish","has-post-thumbnail","hentry"],"_links":{"self":[{"href":"https:\/\/eveha-international.com\/index.php?rest_route=\/wp\/v2\/pages\/4107","targetHints":{"allow":["GET"]}}],"collection":[{"href":"https:\/\/eveha-international.com\/index.php?rest_route=\/wp\/v2\/pages"}],"about":[{"href":"https:\/\/eveha-international.com\/index.php?rest_route=\/wp\/v2\/types\/page"}],"author":[{"embeddable":true,"href":"https:\/\/eveha-international.com\/index.php?rest_route=\/wp\/v2\/users\/4"}],"replies":[{"embeddable":true,"href":"https:\/\/eveha-international.com\/index.php?rest_route=%2Fwp%2Fv2%2Fcomments&post=4107"}],"version-history":[{"count":2,"href":"https:\/\/eveha-international.com\/index.php?rest_route=\/wp\/v2\/pages\/4107\/revisions"}],"predecessor-version":[{"id":4111,"href":"https:\/\/eveha-international.com\/index.php?rest_route=\/wp\/v2\/pages\/4107\/revisions\/4111"}],"up":[{"embeddable":true,"href":"https:\/\/eveha-international.com\/index.php?rest_route=\/wp\/v2\/pages\/7"}],"wp:featuredmedia":[{"embeddable":true,"href":"https:\/\/eveha-international.com\/index.php?rest_route=\/wp\/v2\/media\/4108"}],"wp:attachment":[{"href":"https:\/\/eveha-international.com\/index.php?rest_route=%2Fwp%2Fv2%2Fmedia&parent=4107"}],"curies":[{"name":"wp","href":"https:\/\/api.w.org\/{rel}","templated":true}]}}