{"id":4113,"date":"2026-01-15T18:29:23","date_gmt":"2026-01-15T17:29:23","guid":{"rendered":"https:\/\/eveha-international.com\/?page_id=4113"},"modified":"2026-01-15T18:32:00","modified_gmt":"2026-01-15T17:32:00","slug":"duzdagi","status":"publish","type":"page","link":"https:\/\/eveha-international.com\/?page_id=4113","title":{"rendered":"Duzdagi"},"content":{"rendered":"\n<p class=\"has-text-align-left has-small-font-size\">La mission arch\u00e9ologique du Bassin de l&rsquo;Araxe, dans laquelle prend place l&rsquo;\u00e9tude des mines de Duzdagi est dirig\u00e9e par le Dr. Catherine Marro (CNRS) et par le Prof. Dr. Veli Bakhshaliyev (Acad\u00e9mie des Sciences d&rsquo;Azerba\u00efdjan).<\/p>\n\n\n\n<div class=\"wp-block-separator has-alpha-channel-opacity is-style-wide\" style=\"margin-top:var(--wp--preset--spacing--40);margin-bottom:var(--wp--preset--spacing--40)\"><\/div>\n\n\n\n<div class=\"wp-block-columns is-layout-flex wp-container-core-columns-is-layout-9d6595d7 wp-block-columns-is-layout-flex\">\n<div class=\"wp-block-column is-layout-flow wp-block-column-is-layout-flow\">\n<h6 class=\"wp-block-heading has-theme-palette-12-color has-text-color has-link-color has-small-font-size wp-elements-bc6dd48210ad9300a569a83c8880a319\">Direction<br><strong>Catherine Marro<\/strong>\u00a0(CNRS, Laboratoire Arch\u00e9orient, <br>UMR 5133)<br><strong>Veli Bakhshaliyev\u00a0<\/strong>(Acad\u00e9mie des Sciences d\u2019Azerba\u00efdjan)<\/h6>\n<\/div>\n\n\n\n<div class=\"wp-block-column is-layout-flow wp-block-column-is-layout-flow\">\n<p class=\"has-small-font-size\"><strong>Participation d&rsquo;\u00c9veha<br><\/strong>Topographie <br>fouille arch\u00e9ologique<\/p>\n<\/div>\n\n\n\n<div class=\"wp-block-column is-layout-flow wp-block-column-is-layout-flow\">\n<p class=\"has-small-font-size\"><strong>Localisation<\/strong> <br>Azerba\u00efdjan<\/p>\n<\/div>\n<\/div>\n\n\n\n<div class=\"wp-block-separator has-text-color has-theme-palette-12-color has-alpha-channel-opacity has-theme-palette-12-background-color has-background is-style-wide\" style=\"margin-top:var(--wp--preset--spacing--60);margin-bottom:var(--wp--preset--spacing--60)\"><\/div>\n\n\n\n<p class=\"has-small-font-size\"><strong>Localisation et r\u00e9sum\u00e9 historique<\/strong><br>Le site de Duzdagi se trouve dans l\u2019enclave du Nakhichevan, r\u00e9gion autonome de l\u2019Azerba\u00efdjan situ\u00e9e entre l\u2019Arm\u00e9nie et l\u2019Iran.<br>La montagne de sel de Duzdagi est un d\u00f4me de 3 x 2 km. Ce sont les flancs sud et, surtout, ouest qui pr\u00e9sentent les affleurements les plus int\u00e9ressants. Les autres flancs sont nettement moins marqu\u00e9s et on ne peut acc\u00e9der directement aux bancs de sel.<br>Cette montagne a connu ses premi\u00e8res exploitations d\u00e8s le Ve mill\u00e9naire avant J.-C. Un abondant mat\u00e9riel a \u00e9t\u00e9 retrouv\u00e9 lors des campagnes de prospections men\u00e9es dans les ann\u00e9es 2008 \u00e0 2011. Par la suite, durant l\u2019\u00c2ge du Fer, l\u2019exploitation s\u2019est poursuivie, \u00e0 proximit\u00e9 des zones d\u00e9j\u00e0 exploit\u00e9es ainsi que dans certains nouveaux secteurs.<br>A l\u2019\u00e9poque m\u00e9di\u00e9vale, de nouvelles zones d\u2019exploitation apparaissent, en particulier au sud-est, mais aussi au nord-ouest.<br>Il est \u00e0 noter que pour toutes ces p\u00e9riodes d\u2019extraction, nous ne connaissons pas en l\u2019\u00e9tat actuel d\u2019habitat sur la montagne ou \u00e0 proximit\u00e9 imm\u00e9diate des zones d\u2019extraction\u00a0: l\u2019extr\u00eame salinit\u00e9 du milieu, ainsi que l\u2019absence de sources d\u2019eau ont conduit les hommes \u00e0 ne pas s\u2019installer dans cette zone inhospitali\u00e8re.<br>Ensuite, sans doute \u00e0 partir de la fin du XIXe si\u00e8cle, l\u2019introduction de l\u2019exploitation \u00e0 la poudre (explosif) va permettre de d\u00e9velopper cette exploitation \u00e0 grande \u00e9chelle. L\u2019\u00e9poque sovi\u00e9tique, \u00e0 partir de 1923, va \u00eatre pour la mine de Duzdagi une p\u00e9riode extr\u00eamement faste qui voit une industrialisation des processus extractifs et de traitement des produits de l\u2019extraction.A cette \u00e9poque, le sel de Duzdagi, tr\u00e8s r\u00e9put\u00e9, est export\u00e9 dans toute l\u2019Union Sovi\u00e9tique.<br>Depuis l\u2019ind\u00e9pendance de l\u2019Azerba\u00efdjan en 1991, et encore plus apr\u00e8s la guerre contre l\u2019Arm\u00e9nie, la fermeture du Nakhichevan a consid\u00e9rablement ralenti l\u2019exploitation qui se maintient n\u00e9anmoins pour assurer l\u2019approvisionnement en sel de la population nakhichevanaise.<\/p>\n\n\n\n<p class=\"has-small-font-size\"><strong>Historique des recherches<\/strong><br>Dans les ann\u00e9es 70, des mineurs sovi\u00e9tiques avaient fortuitement d\u00e9couverts 4 squelettes de mineurs ensevelis avec leur mat\u00e9riel dans d\u2019anciennes galeries d\u2019exploitation effondr\u00e9es. Une \u00e9tude rapide avait permis de les rattacher au Bronze Moyen, mais cette d\u00e9couverte n\u2019avait pas \u00e9t\u00e9 suivie de fouilles arch\u00e9ologiques.<br>C\u2019est en 2007 qu\u2019\u00e0 la suite d\u2019une visite effectu\u00e9e sur le site il a \u00e9t\u00e9 d\u00e9cid\u00e9 de lancer un programme de recherche sur les mines de Duzdagi Le programme a commenc\u00e9 en 2008 et il se poursuit encore de nos jours. Il s\u2019ins\u00e8re dans un projet plus vaste d\u2019\u00e9tude de la r\u00e9gion du Nakhchivan dont la fouille de Duzdagi n\u2019est que l\u2019une des composantes.<\/p>\n\n\n\n<div class=\"wp-block-separator has-alpha-channel-opacity is-style-wide\" style=\"margin-top:var(--wp--preset--spacing--60);margin-bottom:var(--wp--preset--spacing--60)\"><\/div>\n\n\n\n<div class=\"wp-block-columns is-layout-flex wp-container-core-columns-is-layout-9d6595d7 wp-block-columns-is-layout-flex\">\n<div class=\"wp-block-column is-layout-flow wp-block-column-is-layout-flow\">\n<p class=\"has-small-font-size\"><strong>Partenaires<\/strong> <br>Minist\u00e8re fran\u00e7ais des Affaires \u00e9trang\u00e8res et du d\u00e9veloppement international<br>ANR \u00ab Mines \u00bb (Projet franco-allemand Mines)<br>CNRS (Maison de l\u2019Orient M\u00e9diterran\u00e9en Jean Pouilloux, UMR 5133, UMR 8591, UMR 5140, UMR 8215)<br>Acad\u00e9mie des Sciences d\u2019Azerba\u00efdjan, branche du Nakhichevan<br>Mus\u00e9um National d\u2019Histoire Naturelle (France)<br>Universit\u00e9 de Bochum (Allemagne)<br>Institut Fran\u00e7ais d\u2019\u00c9tudes Anatoliennes (IFEA)<\/p>\n<\/div>\n\n\n\n<div class=\"wp-block-column is-layout-flow wp-block-column-is-layout-flow\"><\/div>\n\n\n\n<div class=\"wp-block-column is-layout-flow wp-block-column-is-layout-flow\">\n<p class=\"has-theme-palette-11-color has-text-color has-link-color has-small-font-size wp-elements-8fc6645fd9ce3248dd9880210ea69284\"><strong>Liens<\/strong> :<br><a href=\"http:\/\/www.naxcivan.mom.fr\/\" target=\"_blank\" rel=\"noreferrer noopener\">Site de la Mission Arch\u00e9ologique du Bassin de l&rsquo;Araxe<\/a><br><a href=\"http:\/\/www.archeorient.mom.fr\/recherche-et-activites\/appels-d-offre-et-contrats\/contrat-peps\" target=\"_blank\" rel=\"noreferrer noopener\">www.archeorient.mom.fr<\/a><br><a href=\"http:\/\/www2.cnrs.fr\/presse\/communique\/2022.htm\" target=\"_blank\" rel=\"noreferrer noopener\">www.cnrs.fr<\/a><br><a href=\"http:\/\/www.agence-nationale-recherche.fr\/en\/anr-funded-project\/?tx_lwmsuivibilan_pi2[CODE]=ANR-12-FRAL-0002\" target=\"_blank\" rel=\"noreferrer noopener\">Pr\u00e9sentation du projet ANR Mines<\/a><\/p>\n<\/div>\n<\/div>\n\n\n\n<div class=\"wp-block-separator has-alpha-channel-opacity is-style-wide\" style=\"margin-top:var(--wp--preset--spacing--60);margin-bottom:var(--wp--preset--spacing--60)\"><\/div>\n\n\n\n<h2 class=\"wp-block-heading\">Campagnes <\/h2>\n\n\n<ul style=\"padding-top:0;padding-bottom:0;padding-left:0;padding-right:0;\" class=\"wp-block-latest-posts__list is-grid columns-4 has-link-color wp-elements-4c58ec1e1911376d400b0b30fd684590 wp-block-latest-posts has-text-color has-theme-palette-12-color has-small-font-size\"><li><div class=\"wp-block-latest-posts__featured-image\"><a href=\"https:\/\/eveha-international.com\/?p=346\" aria-label=\"Duzdagi &#8211; 2014\"><img loading=\"lazy\" decoding=\"async\" width=\"770\" height=\"485\" src=\"https:\/\/eveha-international.com\/wp-content\/uploads\/2015\/06\/duzdagi-2014_blog.jpg\" class=\"attachment-large size-large wp-post-image\" alt=\"\" style=\"\" srcset=\"https:\/\/eveha-international.com\/wp-content\/uploads\/2015\/06\/duzdagi-2014_blog.jpg 770w, https:\/\/eveha-international.com\/wp-content\/uploads\/2015\/06\/duzdagi-2014_blog-300x189.jpg 300w\" sizes=\"auto, (max-width: 770px) 100vw, 770px\" \/><\/a><\/div><a class=\"wp-block-latest-posts__post-title\" href=\"https:\/\/eveha-international.com\/?p=346\">Duzdagi &#8211; 2014<\/a><\/li>\n<li><div class=\"wp-block-latest-posts__featured-image\"><a href=\"https:\/\/eveha-international.com\/?p=946\" aria-label=\"Duzdagi &#8211; 2015\"><img loading=\"lazy\" decoding=\"async\" width=\"770\" height=\"485\" src=\"https:\/\/eveha-international.com\/wp-content\/uploads\/2016\/10\/duzdagi_2016_small.jpg\" class=\"attachment-large size-large wp-post-image\" alt=\"\" style=\"\" srcset=\"https:\/\/eveha-international.com\/wp-content\/uploads\/2016\/10\/duzdagi_2016_small.jpg 770w, https:\/\/eveha-international.com\/wp-content\/uploads\/2016\/10\/duzdagi_2016_small-300x189.jpg 300w\" sizes=\"auto, (max-width: 770px) 100vw, 770px\" \/><\/a><\/div><a class=\"wp-block-latest-posts__post-title\" href=\"https:\/\/eveha-international.com\/?p=946\">Duzdagi &#8211; 2015<\/a><\/li>\n<li><div class=\"wp-block-latest-posts__featured-image\"><a href=\"https:\/\/eveha-international.com\/?p=1184\" aria-label=\"Duzdagi &#8211; 2016\"><img loading=\"lazy\" decoding=\"async\" width=\"770\" height=\"485\" src=\"https:\/\/eveha-international.com\/wp-content\/uploads\/2017\/06\/dugdagi_2016_small.jpg\" class=\"attachment-large size-large wp-post-image\" alt=\"\" style=\"\" srcset=\"https:\/\/eveha-international.com\/wp-content\/uploads\/2017\/06\/dugdagi_2016_small.jpg 770w, https:\/\/eveha-international.com\/wp-content\/uploads\/2017\/06\/dugdagi_2016_small-300x189.jpg 300w\" sizes=\"auto, (max-width: 770px) 100vw, 770px\" \/><\/a><\/div><a class=\"wp-block-latest-posts__post-title\" href=\"https:\/\/eveha-international.com\/?p=1184\">Duzdagi &#8211; 2016<\/a><\/li>\n<\/ul>","protected":false},"excerpt":{"rendered":"<p>La mission arch\u00e9ologique du Bassin de l&rsquo;Araxe, dans laquelle prend place l&rsquo;\u00e9tude des mines de Duzdagi est dirig\u00e9e par le Dr. Catherine Marro (CNRS) et par le Prof. Dr. Veli Bakhshaliyev (Acad\u00e9mie des Sciences d&rsquo;Azerba\u00efdjan). DirectionCatherine Marro\u00a0(CNRS, Laboratoire Arch\u00e9orient, UMR 5133)Veli Bakhshaliyev\u00a0(Acad\u00e9mie des Sciences d\u2019Azerba\u00efdjan) Participation d&rsquo;\u00c9vehaTopographie fouille arch\u00e9ologique Localisation Azerba\u00efdjan Localisation et r\u00e9sum\u00e9 historiqueLe&#8230;<\/p>\n","protected":false},"author":4,"featured_media":4115,"parent":7,"menu_order":0,"comment_status":"closed","ping_status":"closed","template":"","meta":{"inline_featured_image":false,"_kad_post_transparent":"","_kad_post_title":"","_kad_post_layout":"","_kad_post_sidebar_id":"","_kad_post_content_style":"","_kad_post_vertical_padding":"","_kad_post_feature":"","_kad_post_feature_position":"","_kad_post_header":false,"_kad_post_footer":false,"_kad_post_classname":"","footnotes":""},"class_list":["post-4113","page","type-page","status-publish","has-post-thumbnail","hentry"],"_links":{"self":[{"href":"https:\/\/eveha-international.com\/index.php?rest_route=\/wp\/v2\/pages\/4113","targetHints":{"allow":["GET"]}}],"collection":[{"href":"https:\/\/eveha-international.com\/index.php?rest_route=\/wp\/v2\/pages"}],"about":[{"href":"https:\/\/eveha-international.com\/index.php?rest_route=\/wp\/v2\/types\/page"}],"author":[{"embeddable":true,"href":"https:\/\/eveha-international.com\/index.php?rest_route=\/wp\/v2\/users\/4"}],"replies":[{"embeddable":true,"href":"https:\/\/eveha-international.com\/index.php?rest_route=%2Fwp%2Fv2%2Fcomments&post=4113"}],"version-history":[{"count":2,"href":"https:\/\/eveha-international.com\/index.php?rest_route=\/wp\/v2\/pages\/4113\/revisions"}],"predecessor-version":[{"id":4118,"href":"https:\/\/eveha-international.com\/index.php?rest_route=\/wp\/v2\/pages\/4113\/revisions\/4118"}],"up":[{"embeddable":true,"href":"https:\/\/eveha-international.com\/index.php?rest_route=\/wp\/v2\/pages\/7"}],"wp:featuredmedia":[{"embeddable":true,"href":"https:\/\/eveha-international.com\/index.php?rest_route=\/wp\/v2\/media\/4115"}],"wp:attachment":[{"href":"https:\/\/eveha-international.com\/index.php?rest_route=%2Fwp%2Fv2%2Fmedia&parent=4113"}],"curies":[{"name":"wp","href":"https:\/\/api.w.org\/{rel}","templated":true}]}}