{"id":4121,"date":"2026-01-15T18:33:52","date_gmt":"2026-01-15T17:33:52","guid":{"rendered":"https:\/\/eveha-international.com\/?page_id=4121"},"modified":"2026-02-24T15:28:40","modified_gmt":"2026-02-24T14:28:40","slug":"banbhore","status":"publish","type":"page","link":"https:\/\/eveha-international.com\/?page_id=4121","title":{"rendered":"Banbhore"},"content":{"rendered":"\n<p class=\"has-text-align-left has-small-font-size\">Depuis 2011, une mission pakistano-franco-italienne a repris l&rsquo;\u00e9tude du site de Banbhore &#8211; un des sites arch\u00e9ologiques les plus importants du Pakistan &#8211; sous la direction conjointe de Asma Ibrahim (Mus\u00e9e de la Banque Nationale, Pakistan), Monique Kervran (CNRS, Paris) et Valeria Piacentini (Universit\u00e9 du Sacr\u00e9 C\u0153ur, Milan).<\/p>\n\n\n\n<div class=\"wp-block-separator has-alpha-channel-opacity is-style-wide\" style=\"margin-top:var(--wp--preset--spacing--40);margin-bottom:var(--wp--preset--spacing--40)\"><\/div>\n\n\n\n<div class=\"wp-block-columns is-layout-flex wp-container-core-columns-is-layout-9d6595d7 wp-block-columns-is-layout-flex\">\n<div class=\"wp-block-column is-layout-flow wp-block-column-is-layout-flow\">\n<h6 class=\"wp-block-heading has-theme-palette-12-color has-text-color has-link-color has-small-font-size wp-elements-aabbc23fd454e894ec47f39a38f4f82f\">Direction<br><strong>Asma Ibrahim<\/strong>\u00a0(Conservateur, Mus\u00e9e de <br>la Banque Nationale du Pakistan, Karachi)<br><strong>Monique Kervran<\/strong>\u00a0(D.R. \u00e9m\u00e9rite, CNRS, UMR 8167, Orient et M\u00e9diterran\u00e9e)<br><strong>Kaleem Lashari<\/strong>\u00a0(Secr\u00e9taire, Dept. de la Culture, Gov. du Sindh)<br><strong>Valeria Piacentini<\/strong>\u00a0(Professeur \u00e9m\u00e9rite, Universit\u00e9 Catholique du Sacr\u00e9 C\u0153ur, Milan)<\/h6>\n<\/div>\n\n\n\n<div class=\"wp-block-column is-layout-flow wp-block-column-is-layout-flow\">\n<p class=\"has-small-font-size\"><strong>Participation d&rsquo;\u00c9veha<br><\/strong>Recherche arch\u00e9ologique<\/p>\n<\/div>\n\n\n\n<div class=\"wp-block-column is-layout-flow wp-block-column-is-layout-flow\">\n<p class=\"has-small-font-size\"><strong>Localisation<\/strong> <br>Pakistan<\/p>\n<\/div>\n<\/div>\n\n\n\n<div class=\"wp-block-separator has-text-color has-theme-palette-12-color has-alpha-channel-opacity has-theme-palette-12-background-color has-background is-style-wide\" style=\"margin-top:var(--wp--preset--spacing--60);margin-bottom:var(--wp--preset--spacing--60)\"><\/div>\n\n\n\n<p class=\"has-small-font-size\"><strong>Localisation et r\u00e9sum\u00e9 historique<\/strong><br>Les vestiges de Banbhore, constitu\u00e9s par une ville fortifi\u00e9e et ses quartiers p\u00e9riph\u00e9riques, se situent en bordure ouest du delta de l\u2019Indus, soixante kilom\u00e8tres \u00e0 l\u2019est de Karachi.<br>La ville est entour\u00e9e par un rempart, plusieurs fois reconstruit et modifi\u00e9. Son p\u00e9rim\u00e8tre d\u20191,55 kilom\u00e8tre, a la forme d\u2019un rectangle \u00e9tir\u00e9 d\u2019est en ouest, avec une curieuse extension vers le sud o\u00f9 se trouve l\u2019une des trois portes monumentales de la citadelle. Le rempart est cantonn\u00e9 de 56 tours, en demi cercle pour la plupart, d\u2019autres en U. Quelques bastions \u00e0 angle droit, certains intacts, d\u2019autres r\u00e9siduels, pourraient attester une origine plus anciennes que les tours rondes. Les deux autres portes de l\u2019enceinte se trouvent au nord-est de la citadelle. Elles s\u2019ouvrent sur un lac aux berges am\u00e9nag\u00e9es. Cet \u00e9l\u00e9ment, essentiel \u00e0 toute ville indienne, atteste l\u2019origine pr\u00e9-islamique de Banbhore.<br>La plupart des vestiges visibles,<em>&nbsp;intra muros<\/em>, correspondent \u00e0 la restructuration urbaine islamique. Banbhore est connue pour abriter la plus ancienne mosqu\u00e9e du Pakistan, construite apr\u00e8s la conqu\u00eate arabe ( 711) et restaur\u00e9e une premi\u00e8re fois (?) en 853\/4 . C\u2019est par ce port que l\u2019Islam a \u00e9t\u00e9 diffus\u00e9 dans la r\u00e9gion.<br>En dehors des habitats, un temple hindou d\u00e9di\u00e9 \u00e0 Shiva a \u00e9t\u00e9 identifi\u00e9 dans la partie ouest de la ville. Il est \u00e0 remarquer que dans l\u2019axe de ce temple, une porte, ult\u00e9rieurement bouch\u00e9e, s\u2019ouvrait dans le mur d\u2019enceinte nord, la seule aujourd\u2019hui visible dans cette partie du rempart.<br>Une s\u00e9lection du mobilier arch\u00e9ologique trouv\u00e9 dans la citadelle entre 1950 et 1965 est expos\u00e9e dans un petit mus\u00e9e de site. Il refl\u00e8te la richesse des r\u00e9seaux commerciaux au centre desquels s\u2019inscrivait le port de Banbhore.<br>Banbhore est, au Pakistan, le seul site portuaire dont l\u2019occupation couvre la p\u00e9riode antique (depuis le d\u00e9but de l\u2019\u00e8re) et le moyen \u00e2ge . Cet \u00e9tablissement correspond, sans aucun doute, au port de Barbarikon, mentionn\u00e9 dans le P\u00e9riple de la mer Erythr\u00e9e (c. 50 de l\u2019\u00e8re). Ce routier anonyme d\u00e9crit les itin\u00e9raires commerciaux reliant la mer Rouge \u00e0 l\u2019Inde, les conditions d\u2019acc\u00e8s aux ports qui les jalonnaient, et la nature des denr\u00e9es \u00e9chang\u00e9es au travers de l\u2019oc\u00e9an Indien. \u00c0 cette \u00e9poque, Banbhore \u00e9tait aussi un port fluvial, recevant des marchandises d\u2019Asie centrale et de Chine (soie et fourrures) qu\u2019il r\u00e9exportait.<br>Le P\u00e9riple mentionne que des princes Hindo-Parthes \u00e9taient les ma\u00eetres de Barbarikon. Mais il semble que les Kushan Shahs ont eu un r\u00f4le d\u00e9terminant dans le d\u00e9veloppement de ce port, position strat\u00e9gique importante pour leur empire, leurs entreprises commerciales et leur go\u00fbt pour les objets de luxe. Aux premiers si\u00e8cles de l\u2019\u00e8re, des groupes de marchands, notamment de Palmyre, le fr\u00e9quentaient et des pr\u00e9dicateurs illustres venaient y visiter leurs communaut\u00e9s (Mani, l\u2019\u00e9v\u00eaque arien Philippe l\u2019Indien). Ils t\u00e9moignent de l\u2019importance et du cosmopolitisme de ce port. Durant ces si\u00e8cles \u00ab&nbsp;le port des bouches de l\u2019Indus&nbsp;\u00bb est souvent nomm\u00e9&nbsp;: Deb, Dyb ou Dybous (qui donnera, \u00e0 l\u2019\u00e9poque islamique, Daybul).<br>Pour le p\u00e9riode m\u00e9di\u00e9vale, l\u2019identification de Banbhore avec la cit\u00e9 de Daybul, conquise par les arabes en 711, est certaine. Le port continua de prosp\u00e9rer avec l\u2019extension du trafic commercial du proche \u00e0 l\u2019extr\u00eame Orient. Mais vers l\u2019an mille l\u2019Indus, creusant un nouveau chenal quelque dizaines de kilom\u00e8tres au sud-est de la ville, la d\u00e9serta. D\u00e9connect\u00e9e du fleuve, Banbhore avait d\u00e8s lors perdu son emplacement strat\u00e9gique. Un nouveau port \u00e9mergea, au nouveau d\u00e9bouch\u00e9 de l\u2019Indus, Lahori\/Loharani, vraisemblablement construit par les marchands de Daybul. Ses vestiges, beaucoup plus enfouis dans les s\u00e9diments en subsidence du delta que ne le sont ceux de Banbhore, sont toujours visibles, du moins les plus r\u00e9cents, qui datent des XV\u00e8-XVII\u00e8 si\u00e8cles). Lahori a \u00e9t\u00e9 fouill\u00e9e par la Mission Fran\u00e7aise dans le Sindh en 1989-90 (M. Kervran, Mission arch\u00e9ologique fran\u00e7aise dans le Sindh, 1988- 2002).<\/p>\n\n\n\n<p class=\"has-small-font-size\"><strong>Historique des recherches<\/strong><br>Les premi\u00e8res fouilles, superficielles et concluant que le site \u00e9tait seulement islamique, ont \u00e9t\u00e9 r\u00e9alis\u00e9es sur le site d\u00e8s la fin des ann\u00e9es 1920. En 1951, l\u2019arch\u00e9ologue L. Alcock ouvre de nouveaux sondages \u00e0 Banbhore. Les r\u00e9sultats en sont assez flous. C\u2019est, de 1958 \u00e0 1965, l\u2019arch\u00e9ologue F. A. Khan, et les \u00e9quipes pakistanaises qui l\u2019ont accompagn\u00e9, qui a le plus contribu\u00e9 au d\u00e9gagement des vestiges de Banbhore, le site \u00e9tant depuis consid\u00e9r\u00e9 comme l\u2019un des principaux \u00ab&nbsp;lieux de m\u00e9moire&nbsp;\u00bb de la nouvelle Nation pakistanaise.<br>En 2011, le D\u00e9partement de la Culture du Gouvernement du Sindh autorise une campagne d\u2019\u00e9tude sans fouille, qui fait intervenir des arch\u00e9ologues et topographes pakistanais et fran\u00e7ais, sous la direction du Pr. V. Piacentini et de M. Kervran, D.R. au C.N.R.S, connues pour avoir fait une quinzaine de campagnes, la premi\u00e8re au Makran\/Baluchistan, la seconde dans le Sindh. Les travaux de 2011 ont consist\u00e9 en une couverture photogramm\u00e8trique de la citadelle (Yves Ubelmann architecte, et Sophie Reynard, ing\u00e9nieur IGN), le nivellement de nombreux points du site (S. Reynard et M. Kervran) et l\u2019\u00e9tablissement d\u2019une polygonale, en vue de fouilles ult\u00e9rieures \u00e9ventuelles (S. Reynard et l\u2019\u00e9quipe des topographes pakistanais).<br>Toujours sous le patronage du D\u00e9partementt de la Culture du Gouvernement du Sindh, et avec une \u00e9quipe pluridisciplinaires et pluri-nationales (Pakistanaise, Italienne et Fran\u00e7aise), deux premiers sondages sont ouverts en 2013, et deux autres en 2014. Ils ont permis de conna\u00eetre l\u2019\u00e9volution des quartiers intra muros au cours des dix \u00e0 douze si\u00e8cles sup\u00e9rieurs de leur occupation.<br>\u00c9veha International est associ\u00e9 \u00e0 ce projet depuis 2014.<\/p>\n\n\n\n<div class=\"wp-block-separator has-alpha-channel-opacity is-style-wide\" style=\"margin-top:var(--wp--preset--spacing--60);margin-bottom:var(--wp--preset--spacing--60)\"><\/div>\n\n\n\n<div class=\"wp-block-columns is-layout-flex wp-container-core-columns-is-layout-9d6595d7 wp-block-columns-is-layout-flex\">\n<div class=\"wp-block-column is-layout-flow wp-block-column-is-layout-flow\">\n<p class=\"has-small-font-size\"><strong>Partenaires<\/strong> <br>Iconem<br>Minist\u00e8re des Affaires \u00e9trang\u00e8res<\/p>\n<\/div>\n\n\n\n<div class=\"wp-block-column is-layout-flow wp-block-column-is-layout-flow\"><\/div>\n\n\n\n<div class=\"wp-block-column is-layout-flow wp-block-column-is-layout-flow\">\n<p class=\"has-theme-palette-11-color has-text-color has-link-color has-small-font-size wp-elements-80522b7cf7047125a382bfaeb6f3588c\"><strong>Liens<\/strong> :<br><a href=\"http:\/\/www.orient-mediterranee.com\/spip.php?article1243\" target=\"_blank\" rel=\"noreferrer noopener\">www.orient-mediterranee.com<\/a><br><a href=\"http:\/\/iconem.com\/\" target=\"_blank\" rel=\"noreferrer noopener\">Iconem<\/a><\/p>\n<\/div>\n<\/div>\n\n\n\n<div class=\"wp-block-separator has-alpha-channel-opacity is-style-wide\" style=\"margin-top:var(--wp--preset--spacing--60);margin-bottom:var(--wp--preset--spacing--60)\"><\/div>\n\n\n\n<h2 class=\"wp-block-heading\">Campagnes <\/h2>\n\n\n<ul style=\"padding-top:0;padding-bottom:0;padding-left:0;padding-right:0;\" class=\"wp-block-latest-posts__list is-grid columns-4 has-link-color wp-elements-581a52803108ec9c2ababc2db94c5a53 wp-block-latest-posts has-text-color has-theme-palette-12-color has-small-font-size\"><li><div class=\"wp-block-latest-posts__featured-image\"><a href=\"https:\/\/eveha-international.com\/?p=344\" aria-label=\"Banbhore &#8211; 2014\"><img loading=\"lazy\" decoding=\"async\" width=\"770\" height=\"485\" src=\"https:\/\/eveha-international.com\/wp-content\/uploads\/2015\/06\/banbhore-2014_blog.jpg\" class=\"attachment-large size-large wp-post-image\" alt=\"\" style=\"\" srcset=\"https:\/\/eveha-international.com\/wp-content\/uploads\/2015\/06\/banbhore-2014_blog.jpg 770w, https:\/\/eveha-international.com\/wp-content\/uploads\/2015\/06\/banbhore-2014_blog-300x189.jpg 300w\" sizes=\"auto, (max-width: 770px) 100vw, 770px\" \/><\/a><\/div><a class=\"wp-block-latest-posts__post-title\" href=\"https:\/\/eveha-international.com\/?p=344\">Banbhore &#8211; 2014<\/a><\/li>\n<li><div class=\"wp-block-latest-posts__featured-image\"><a href=\"https:\/\/eveha-international.com\/?p=1521\" aria-label=\"Banbhore &#8211; 2015\"><img loading=\"lazy\" decoding=\"async\" width=\"770\" height=\"485\" src=\"https:\/\/eveha-international.com\/wp-content\/uploads\/2018\/04\/banbhore-2015_small.jpg\" class=\"attachment-large size-large wp-post-image\" alt=\"\" style=\"\" srcset=\"https:\/\/eveha-international.com\/wp-content\/uploads\/2018\/04\/banbhore-2015_small.jpg 770w, https:\/\/eveha-international.com\/wp-content\/uploads\/2018\/04\/banbhore-2015_small-300x189.jpg 300w\" sizes=\"auto, (max-width: 770px) 100vw, 770px\" \/><\/a><\/div><a class=\"wp-block-latest-posts__post-title\" href=\"https:\/\/eveha-international.com\/?p=1521\">Banbhore &#8211; 2015<\/a><\/li>\n<\/ul>","protected":false},"excerpt":{"rendered":"<p>Depuis 2011, une mission pakistano-franco-italienne a repris l&rsquo;\u00e9tude du site de Banbhore &#8211; un des sites arch\u00e9ologiques les plus importants du Pakistan &#8211; sous la direction conjointe de Asma Ibrahim (Mus\u00e9e de la Banque Nationale, Pakistan), Monique Kervran (CNRS, Paris) et Valeria Piacentini (Universit\u00e9 du Sacr\u00e9 C\u0153ur, Milan). DirectionAsma Ibrahim\u00a0(Conservateur, Mus\u00e9e de la Banque Nationale&#8230;<\/p>\n","protected":false},"author":4,"featured_media":4122,"parent":7,"menu_order":0,"comment_status":"closed","ping_status":"closed","template":"","meta":{"inline_featured_image":false,"_kad_post_transparent":"","_kad_post_title":"","_kad_post_layout":"","_kad_post_sidebar_id":"","_kad_post_content_style":"","_kad_post_vertical_padding":"","_kad_post_feature":"","_kad_post_feature_position":"","_kad_post_header":false,"_kad_post_footer":false,"_kad_post_classname":"","footnotes":""},"class_list":["post-4121","page","type-page","status-publish","has-post-thumbnail","hentry"],"_links":{"self":[{"href":"https:\/\/eveha-international.com\/index.php?rest_route=\/wp\/v2\/pages\/4121","targetHints":{"allow":["GET"]}}],"collection":[{"href":"https:\/\/eveha-international.com\/index.php?rest_route=\/wp\/v2\/pages"}],"about":[{"href":"https:\/\/eveha-international.com\/index.php?rest_route=\/wp\/v2\/types\/page"}],"author":[{"embeddable":true,"href":"https:\/\/eveha-international.com\/index.php?rest_route=\/wp\/v2\/users\/4"}],"replies":[{"embeddable":true,"href":"https:\/\/eveha-international.com\/index.php?rest_route=%2Fwp%2Fv2%2Fcomments&post=4121"}],"version-history":[{"count":6,"href":"https:\/\/eveha-international.com\/index.php?rest_route=\/wp\/v2\/pages\/4121\/revisions"}],"predecessor-version":[{"id":5147,"href":"https:\/\/eveha-international.com\/index.php?rest_route=\/wp\/v2\/pages\/4121\/revisions\/5147"}],"up":[{"embeddable":true,"href":"https:\/\/eveha-international.com\/index.php?rest_route=\/wp\/v2\/pages\/7"}],"wp:featuredmedia":[{"embeddable":true,"href":"https:\/\/eveha-international.com\/index.php?rest_route=\/wp\/v2\/media\/4122"}],"wp:attachment":[{"href":"https:\/\/eveha-international.com\/index.php?rest_route=%2Fwp%2Fv2%2Fmedia&parent=4121"}],"curies":[{"name":"wp","href":"https:\/\/api.w.org\/{rel}","templated":true}]}}