{"id":5089,"date":"2026-02-24T11:02:41","date_gmt":"2026-02-24T10:02:41","guid":{"rendered":"https:\/\/eveha-international.com\/?page_id=5089"},"modified":"2026-02-24T14:17:56","modified_gmt":"2026-02-24T13:17:56","slug":"adam","status":"publish","type":"page","link":"https:\/\/eveha-international.com\/?page_id=5089&lang=en","title":{"rendered":"Adam"},"content":{"rendered":"\n<p class=\"has-text-align-left has-small-font-size\">Eveha International is participating in the French Archaeological Mission in Central Oman (FAMCO), led by Guillaume Gernez (Universit\u00e9 Paris 1 Panth\u00e9on-Sorbonne). This mission is conducted under the aegis of the Universit\u00e9 Paris 1 Panth\u00e9on-Sorbonne and the Omani Ministry of Heritage and Culture.<\/p>\n\n\n\n<div class=\"wp-block-separator has-alpha-channel-opacity is-style-wide\" style=\"margin-top:var(--wp--preset--spacing--40);margin-bottom:var(--wp--preset--spacing--40)\"><\/div>\n\n\n\n<div class=\"wp-block-columns is-layout-flex wp-container-core-columns-is-layout-9d6595d7 wp-block-columns-is-layout-flex\">\n<div class=\"wp-block-column is-layout-flow wp-block-column-is-layout-flow\">\n<h6 class=\"wp-block-heading has-theme-palette-12-color has-text-color has-link-color has-small-font-size wp-elements-02cb6b9005d5074c7a71497dc15e849b\">Direction<br><strong>Guillaume Gernez<\/strong>&nbsp;<br>(Universit\u00e9 Paris 1 Panth\u00e9on-Sorbonne)<\/h6>\n<\/div>\n\n\n\n<div class=\"wp-block-column is-layout-flow wp-block-column-is-layout-flow\">\n<p class=\"has-small-font-size\"><strong><strong>How Eveha International Participates<\/strong><br><\/strong>&nbsp;Archaeological investigations<\/p>\n<\/div>\n\n\n\n<div class=\"wp-block-column is-layout-flow wp-block-column-is-layout-flow\">\n<p class=\"has-small-font-size\"><strong>Localisation<\/strong> <br>Sultanate of Oman<\/p>\n<\/div>\n<\/div>\n\n\n\n<div class=\"wp-block-separator has-text-color has-theme-palette-12-color has-alpha-channel-opacity has-theme-palette-12-background-color has-background is-style-wide\" style=\"margin-top:var(--wp--preset--spacing--60);margin-bottom:var(--wp--preset--spacing--60)\"><\/div>\n\n\n\n<p class=\"has-small-font-size\"><strong>Location and historical summary<\/strong><br>The Adam area is in the north of the Sutanate of Oman, close to the oases and the deserts of Oman. A few mountains overlook the area (Jabal Salakh and Jabal Mudhmar), but the site itself is located in the plain.<br><br><strong>Research history<\/strong><br>The area was completely unexplored until the first prospections were carried out in 2007 by the French Archaeological Mission in Central Oman (formerly the French aArchaeological Mission of Adam), now led by Guillaume Gernez (since 2011).<br><br>Mudhmar East, the site studied during this campaign, was discovered in 2009. It is made up of two main buildings and a few ancillary developments. It is located at the bottom of Jabal Mudhmar, close to one of the main Omani valleys and at the strategic crossroad of several trade routes.<br><br>In 2016, an exceptional collection of bronze weapons dating from the Iron Age II (900-600 B.C.) was discovered. These remains, non-functional, were found scattered on the ground in one of the buildings probably used for worshiping. They included in particular two complete quivers and metal weapons among which five bows. These weapons and buildings, unequaled in the region, give this site an exceptional character and justifie the continuation of excavations and investigations there.<\/p>\n\n\n\n<div class=\"wp-block-separator has-alpha-channel-opacity is-style-wide\" style=\"margin-top:var(--wp--preset--spacing--60);margin-bottom:var(--wp--preset--spacing--60)\"><\/div>\n\n\n\n<div class=\"wp-block-columns is-layout-flex wp-container-core-columns-is-layout-9d6595d7 wp-block-columns-is-layout-flex\">\n<div class=\"wp-block-column is-layout-flow wp-block-column-is-layout-flow\">\n<p class=\"has-small-font-size\"><strong>Partners<\/strong> <br>Universit\u00e9 Paris 1 Panth\u00e9on-Sorbonne<br>Ministry of Heritage and Culture of Oman<br>CNRS \u2013 UMR 7041 Equipe du \u00ab\u00a0Village \u00e0 l\u2019Etat au Proche et Moyen-Orient\u00a0\u00bb<br>Instituts des D\u00e9serts et des Steppes Minist\u00e8re des Affaires \u00e9trang\u00e8res et du d\u00e9veloppement international<br>DIAG<\/p>\n<\/div>\n\n\n\n<div class=\"wp-block-column is-layout-flow wp-block-column-is-layout-flow\"><\/div>\n\n\n\n<div class=\"wp-block-column is-layout-flow wp-block-column-is-layout-flow\">\n<p class=\"has-theme-palette-11-color has-text-color has-link-color has-small-font-size wp-elements-33e53c816a0b434d996e551faa4f9b73\"><strong>Liens<\/strong> :<br><a href=\"http:\/\/www2.cnrs.fr\/presse\/communique\/4455.htm\" target=\"_blank\" rel=\"noreferrer noopener\">CNRS<\/a><br><a href=\"https:\/\/www.facebook.com\/mafadam\/?ref=page_internal\" target=\"_blank\" rel=\"noreferrer noopener\">Facebook d&rsquo;Adam<\/a><br><a href=\"http:\/\/www.lemonde.fr\/arts\/article\/2016\/03\/22\/des-armes-antiques-en-bronze-decouvertes-a-oman_4888078_1655012.html\" target=\"_blank\" rel=\"noreferrer noopener\">Le Monde<\/a><br><a href=\"https:\/\/www.sciencesetavenir.fr\/archeo-paleo\/archeologie\/d-etonnantes-armes-ceremonielles-decouvertes-a-oman_104172\" target=\"_blank\" rel=\"noreferrer noopener\">Sciences et Avenir<\/a><br><a href=\"https:\/\/www.youtube.com\/watch?v=vYwpfiKn5C0&amp;feature=youtu.be\" target=\"_blank\" rel=\"noreferrer noopener\">You Tube<\/a><\/p>\n<\/div>\n<\/div>\n\n\n\n<div class=\"wp-block-separator has-alpha-channel-opacity is-style-wide\" style=\"margin-top:var(--wp--preset--spacing--60);margin-bottom:var(--wp--preset--spacing--60)\"><\/div>\n\n\n\n<h2 class=\"wp-block-heading\">The excavation campaigns (by year)<\/h2>\n\n\n<ul style=\"padding-top:0;padding-bottom:0;padding-left:0;padding-right:0;\" class=\"wp-block-latest-posts__list is-grid columns-4 has-link-color wp-elements-0d79643d027a9e83846b62ce4cc9d7b4 wp-block-latest-posts has-text-color has-theme-palette-12-color has-small-font-size\"><li><div class=\"wp-block-latest-posts__featured-image\"><a href=\"https:\/\/eveha-international.com\/?p=4760&#038;lang=en\" aria-label=\"Adam -2017\"><img loading=\"lazy\" decoding=\"async\" width=\"770\" height=\"485\" src=\"https:\/\/eveha-international.com\/wp-content\/uploads\/2017\/03\/adam_2017_small.jpg\" class=\"attachment-large size-large wp-post-image\" alt=\"\" style=\"\" srcset=\"https:\/\/eveha-international.com\/wp-content\/uploads\/2017\/03\/adam_2017_small.jpg 770w, https:\/\/eveha-international.com\/wp-content\/uploads\/2017\/03\/adam_2017_small-300x189.jpg 300w\" sizes=\"auto, (max-width: 770px) 100vw, 770px\" \/><\/a><\/div><a class=\"wp-block-latest-posts__post-title\" href=\"https:\/\/eveha-international.com\/?p=4760&#038;lang=en\">Adam -2017<\/a><\/li>\n<\/ul>","protected":false},"excerpt":{"rendered":"<p>Eveha International is participating in the French Archaeological Mission in Central Oman (FAMCO), led by Guillaume Gernez (Universit\u00e9 Paris 1 Panth\u00e9on-Sorbonne). This mission is conducted under the aegis of the Universit\u00e9 Paris 1 Panth\u00e9on-Sorbonne and the Omani Ministry of Heritage and Culture. DirectionGuillaume Gernez&nbsp;(Universit\u00e9 Paris 1 Panth\u00e9on-Sorbonne) How Eveha International Participates&nbsp;Archaeological investigations Localisation Sultanate of&#8230;<\/p>\n","protected":false},"author":4,"featured_media":3869,"parent":5095,"menu_order":0,"comment_status":"closed","ping_status":"closed","template":"","meta":{"inline_featured_image":false,"_kad_post_transparent":"","_kad_post_title":"","_kad_post_layout":"","_kad_post_sidebar_id":"","_kad_post_content_style":"","_kad_post_vertical_padding":"","_kad_post_feature":"","_kad_post_feature_position":"","_kad_post_header":false,"_kad_post_footer":false,"_kad_post_classname":"","footnotes":""},"class_list":["post-5089","page","type-page","status-publish","has-post-thumbnail","hentry"],"_links":{"self":[{"href":"https:\/\/eveha-international.com\/index.php?rest_route=\/wp\/v2\/pages\/5089","targetHints":{"allow":["GET"]}}],"collection":[{"href":"https:\/\/eveha-international.com\/index.php?rest_route=\/wp\/v2\/pages"}],"about":[{"href":"https:\/\/eveha-international.com\/index.php?rest_route=\/wp\/v2\/types\/page"}],"author":[{"embeddable":true,"href":"https:\/\/eveha-international.com\/index.php?rest_route=\/wp\/v2\/users\/4"}],"replies":[{"embeddable":true,"href":"https:\/\/eveha-international.com\/index.php?rest_route=%2Fwp%2Fv2%2Fcomments&post=5089"}],"version-history":[{"count":5,"href":"https:\/\/eveha-international.com\/index.php?rest_route=\/wp\/v2\/pages\/5089\/revisions"}],"predecessor-version":[{"id":5135,"href":"https:\/\/eveha-international.com\/index.php?rest_route=\/wp\/v2\/pages\/5089\/revisions\/5135"}],"up":[{"embeddable":true,"href":"https:\/\/eveha-international.com\/index.php?rest_route=\/wp\/v2\/pages\/5095"}],"wp:featuredmedia":[{"embeddable":true,"href":"https:\/\/eveha-international.com\/index.php?rest_route=\/wp\/v2\/media\/3869"}],"wp:attachment":[{"href":"https:\/\/eveha-international.com\/index.php?rest_route=%2Fwp%2Fv2%2Fmedia&parent=5089"}],"curies":[{"name":"wp","href":"https:\/\/api.w.org\/{rel}","templated":true}]}}