{"id":5107,"date":"2026-02-24T11:51:03","date_gmt":"2026-02-24T10:51:03","guid":{"rendered":"https:\/\/eveha-international.com\/?page_id=5107"},"modified":"2026-02-24T14:17:40","modified_gmt":"2026-02-24T13:17:40","slug":"aghmat","status":"publish","type":"page","link":"https:\/\/eveha-international.com\/?page_id=5107&lang=en","title":{"rendered":"Aghmat"},"content":{"rendered":"\n<p class=\"has-text-align-left has-small-font-size\">\u00c9veha International is now associated with the development of project and site survey Aghmat, Morocco. <br>The latter is under the responsibility of Abdallah Fili, Ronald Messier and Chloe Capel.<\/p>\n\n\n\n<div class=\"wp-block-separator has-alpha-channel-opacity is-style-wide\" style=\"margin-top:var(--wp--preset--spacing--40);margin-bottom:var(--wp--preset--spacing--40)\"><\/div>\n\n\n\n<div class=\"wp-block-columns is-layout-flex wp-container-core-columns-is-layout-9d6595d7 wp-block-columns-is-layout-flex\">\n<div class=\"wp-block-column is-layout-flow wp-block-column-is-layout-flow\">\n<h6 class=\"wp-block-heading has-theme-palette-12-color has-text-color has-link-color has-small-font-size wp-elements-f78e384f06a36ba858fd867391d30631\">Direction<br><strong>Abdallah Fili<\/strong>&nbsp;(Universit\u00e9 d\u2019El Jadida)<br><strong>Ronald Messier<\/strong>&nbsp;(Middle State University\/Vanderbilt University)<br><strong>Chlo\u00e9 Capel<\/strong>&nbsp;(CNRS, UMR 7041, Arscan)<\/h6>\n<\/div>\n\n\n\n<div class=\"wp-block-column is-layout-flow wp-block-column-is-layout-flow\">\n<p class=\"has-small-font-size\"><strong><strong>How Eveha International Participates<\/strong><br><\/strong>Topography<\/p>\n<\/div>\n\n\n\n<div class=\"wp-block-column is-layout-flow wp-block-column-is-layout-flow\">\n<p class=\"has-small-font-size\"><strong>Localisation<\/strong> <br>Marocco<\/p>\n<\/div>\n<\/div>\n\n\n\n<div class=\"wp-block-separator has-text-color has-theme-palette-12-color has-alpha-channel-opacity has-theme-palette-12-background-color has-background is-style-wide\" style=\"margin-top:var(--wp--preset--spacing--60);margin-bottom:var(--wp--preset--spacing--60)\"><\/div>\n\n\n\n<p class=\"has-small-font-size\"><strong>Location and Historical Summary<br><\/strong>The medieval site of <strong>Aghmat<\/strong> is located in the modern-day village of Ghmat, 30 km southeast of Marrakech in Morocco&rsquo;s Haouz Province. Situated at the foot of the High Atlas Mountains, this lowland site occupies a <strong>strategic position<\/strong> at the mouth of the Ourika Valley, a key hub for trade and the trans-Saharan commercial route.<br><br>Historical sources mention Aghmat\u2019s existence prior to the arrival of Islam in Morocco. The city was already flourishing during the <strong>Idrisid period<\/strong> (8th\u20139th centuries). At that time, it served as the capital of a local emirate before rising to the status of an <strong>imperial capital<\/strong> when it was seized by the <strong>Almoravids<\/strong> (11th\u201312th centuries) in the mid-11th century.<br><br>In 1070, Marrakech was founded nearby as the new Almoravid capital, entering into direct competition with Aghmat. From that point on, the city began a slow decline before being <strong>abandoned<\/strong> toward the end of the 14th century. The site was gradually reoccupied starting in the 16th century, eventually giving rise to the present-day village of Ghmat.<br><strong><br>Research History<\/strong><br>Despite the site\u2019s significance, the study of the medieval city of Aghmat only began in 1964. At that time, a <strong>topographic survey<\/strong> of the visible remains was undertaken. In 1995, the site was included in a study on the origins of Islamic cities in Morocco. It was within this framework that the first <strong>archaeological soundings<\/strong> (test pits) were carried out, though they did not lead to further research campaigns at the time.<br><br>In 2005, a US diplomatic request aimed to ensure the protection of the ancient <strong>hammam<\/strong> of Aghmat, which was still visible. This gave rise to the current project, which includes several components: archaeological excavations, restoration of the remains, and site development.<br><br>Following an archaeological assessment and a <strong>pedestrian survey<\/strong>, excavation campaigns were conducted on the hammam, coupled with conservation work. In 2008, following <strong>geomagnetic surveys<\/strong>, a new excavation sector was opened in a palatial area, followed by an adjacent residential area. Finally, in 2010, the <strong>Great Mosque of Aghmat<\/strong> was located and progressively uncovered.<br><br>Currently, archaeological excavations are primarily focused on the area between the mosque and the hammam, which includes the <strong>ablution basin<\/strong>, a traffic axis, and hydraulic networks.<br><br>As part of the conservation and enhancement project, the excavated and studied remains are stabilized and restored with a focus on <strong>reversibility and readability<\/strong>. Furthermore, a larger-scale project has been initiated: the construction of a <strong>Research and Interpretation Center<\/strong> dedicated to the historic city of Aghmat, combined with the urban upgrading of the modern-day village of Ghmat.<\/p>\n\n\n\n<div class=\"wp-block-separator has-alpha-channel-opacity is-style-wide\" style=\"margin-top:var(--wp--preset--spacing--60);margin-bottom:var(--wp--preset--spacing--60)\"><\/div>\n\n\n\n<div class=\"wp-block-columns is-layout-flex wp-container-core-columns-is-layout-9d6595d7 wp-block-columns-is-layout-flex\">\n<div class=\"wp-block-column is-layout-flow wp-block-column-is-layout-flow\">\n<p class=\"has-small-font-size\"><strong>Partners<\/strong> <br>Fondation Aghmat<br>Facult\u00e9 des Lettres El Jadida<br>Universit\u00e9 Panth\u00e9on-Sorbonne<br>Middle Tennessee State University<br>American Institute for Maghreb Studies<br>Fondation Jardin Majorelle<br>Barakat Trust Foundation<br>Ambassador\u2019s Fund for Cultural Preservation<br>Moroccan-American Commission for Educational &amp; Cultural Exchange (Macece)<\/p>\n<\/div>\n\n\n\n<div class=\"wp-block-column is-layout-flow wp-block-column-is-layout-flow\"><\/div>\n\n\n\n<div class=\"wp-block-column is-layout-flow wp-block-column-is-layout-flow\">\n<p class=\"has-theme-palette-11-color has-text-color has-link-color has-small-font-size wp-elements-d7bda7a420e819788712d8a8eb887826\"><strong>Liens<\/strong> :<br><a href=\"http:\/\/aghmatarchaeology.org\/\" target=\"_blank\" rel=\"noreferrer noopener\">Fondation Aghmat<\/a><br><a href=\"https:\/\/www.academia.edu\/7327696\" target=\"_blank\" rel=\"noreferrer noopener\">R\u00e9seau academia.edu<\/a><\/p>\n<\/div>\n<\/div>\n\n\n\n<div class=\"wp-block-separator has-alpha-channel-opacity is-style-wide\" style=\"margin-top:var(--wp--preset--spacing--60);margin-bottom:var(--wp--preset--spacing--60)\"><\/div>\n\n\n\n<h2 class=\"wp-block-heading\">The excavation campaigns (by year)<\/h2>\n\n\n<ul style=\"padding-top:0;padding-bottom:0;padding-left:0;padding-right:0;\" class=\"wp-block-latest-posts__list is-grid columns-4 has-link-color wp-elements-2d75a2a655a604e845955d904526d044 wp-block-latest-posts has-text-color has-theme-palette-12-color has-small-font-size\"><li><div class=\"wp-block-latest-posts__featured-image\"><a href=\"https:\/\/eveha-international.com\/?p=4960&#038;lang=en\" aria-label=\"Aghmat &#8211; 2015\"><img loading=\"lazy\" decoding=\"async\" width=\"770\" height=\"484\" src=\"https:\/\/eveha-international.com\/wp-content\/uploads\/2016\/04\/small-Ill.-2Aghmat-2015.resized.jpg\" class=\"attachment-large size-large wp-post-image\" alt=\"\" style=\"\" srcset=\"https:\/\/eveha-international.com\/wp-content\/uploads\/2016\/04\/small-Ill.-2Aghmat-2015.resized.jpg 770w, https:\/\/eveha-international.com\/wp-content\/uploads\/2016\/04\/small-Ill.-2Aghmat-2015.resized-300x189.jpg 300w\" sizes=\"auto, (max-width: 770px) 100vw, 770px\" \/><\/a><\/div><a class=\"wp-block-latest-posts__post-title\" href=\"https:\/\/eveha-international.com\/?p=4960&#038;lang=en\">Aghmat &#8211; 2015<\/a><\/li>\n<li><div class=\"wp-block-latest-posts__featured-image\"><a href=\"https:\/\/eveha-international.com\/?p=4531&#038;lang=en\" aria-label=\"Aghmat &#8211; 2016\"><img loading=\"lazy\" decoding=\"async\" width=\"770\" height=\"485\" src=\"https:\/\/eveha-international.com\/wp-content\/uploads\/2020\/10\/aghmat_2016_small.jpg\" class=\"attachment-large size-large wp-post-image\" alt=\"\" style=\"\" srcset=\"https:\/\/eveha-international.com\/wp-content\/uploads\/2020\/10\/aghmat_2016_small.jpg 770w, https:\/\/eveha-international.com\/wp-content\/uploads\/2020\/10\/aghmat_2016_small-300x189.jpg 300w, https:\/\/eveha-international.com\/wp-content\/uploads\/2020\/10\/aghmat_2016_small-768x484.jpg 768w\" sizes=\"auto, (max-width: 770px) 100vw, 770px\" \/><\/a><\/div><a class=\"wp-block-latest-posts__post-title\" href=\"https:\/\/eveha-international.com\/?p=4531&#038;lang=en\">Aghmat &#8211; 2016<\/a><\/li>\n<li><div class=\"wp-block-latest-posts__featured-image\"><a href=\"https:\/\/eveha-international.com\/?p=4529&#038;lang=en\" aria-label=\"Aghmat &#8211; 2017\"><img loading=\"lazy\" decoding=\"async\" width=\"770\" height=\"485\" src=\"https:\/\/eveha-international.com\/wp-content\/uploads\/2020\/10\/aghmat_2017_small.jpg\" class=\"attachment-large size-large wp-post-image\" alt=\"\" style=\"\" srcset=\"https:\/\/eveha-international.com\/wp-content\/uploads\/2020\/10\/aghmat_2017_small.jpg 770w, https:\/\/eveha-international.com\/wp-content\/uploads\/2020\/10\/aghmat_2017_small-300x189.jpg 300w, https:\/\/eveha-international.com\/wp-content\/uploads\/2020\/10\/aghmat_2017_small-768x484.jpg 768w\" sizes=\"auto, (max-width: 770px) 100vw, 770px\" \/><\/a><\/div><a class=\"wp-block-latest-posts__post-title\" href=\"https:\/\/eveha-international.com\/?p=4529&#038;lang=en\">Aghmat &#8211; 2017<\/a><\/li>\n<li><div class=\"wp-block-latest-posts__featured-image\"><a href=\"https:\/\/eveha-international.com\/?p=4710&#038;lang=en\" aria-label=\"Aghmat &#8211; 2018\"><img loading=\"lazy\" decoding=\"async\" width=\"770\" height=\"485\" src=\"https:\/\/eveha-international.com\/wp-content\/uploads\/2018\/04\/aghmat_2018_small.jpg\" class=\"attachment-large size-large wp-post-image\" alt=\"\" style=\"\" srcset=\"https:\/\/eveha-international.com\/wp-content\/uploads\/2018\/04\/aghmat_2018_small.jpg 770w, https:\/\/eveha-international.com\/wp-content\/uploads\/2018\/04\/aghmat_2018_small-300x189.jpg 300w\" sizes=\"auto, (max-width: 770px) 100vw, 770px\" \/><\/a><\/div><a class=\"wp-block-latest-posts__post-title\" href=\"https:\/\/eveha-international.com\/?p=4710&#038;lang=en\">Aghmat &#8211; 2018<\/a><\/li>\n<\/ul>","protected":false},"excerpt":{"rendered":"<p>\u00c9veha International is now associated with the development of project and site survey Aghmat, Morocco. The latter is under the responsibility of Abdallah Fili, Ronald Messier and Chloe Capel. DirectionAbdallah Fili&nbsp;(Universit\u00e9 d\u2019El Jadida)Ronald Messier&nbsp;(Middle State University\/Vanderbilt University)Chlo\u00e9 Capel&nbsp;(CNRS, UMR 7041, Arscan) How Eveha International ParticipatesTopography Localisation Marocco Location and Historical SummaryThe medieval site of Aghmat&#8230;<\/p>\n","protected":false},"author":4,"featured_media":4028,"parent":5095,"menu_order":0,"comment_status":"closed","ping_status":"closed","template":"","meta":{"inline_featured_image":false,"_kad_post_transparent":"","_kad_post_title":"","_kad_post_layout":"","_kad_post_sidebar_id":"","_kad_post_content_style":"","_kad_post_vertical_padding":"","_kad_post_feature":"","_kad_post_feature_position":"","_kad_post_header":false,"_kad_post_footer":false,"_kad_post_classname":"","footnotes":""},"class_list":["post-5107","page","type-page","status-publish","has-post-thumbnail","hentry"],"_links":{"self":[{"href":"https:\/\/eveha-international.com\/index.php?rest_route=\/wp\/v2\/pages\/5107","targetHints":{"allow":["GET"]}}],"collection":[{"href":"https:\/\/eveha-international.com\/index.php?rest_route=\/wp\/v2\/pages"}],"about":[{"href":"https:\/\/eveha-international.com\/index.php?rest_route=\/wp\/v2\/types\/page"}],"author":[{"embeddable":true,"href":"https:\/\/eveha-international.com\/index.php?rest_route=\/wp\/v2\/users\/4"}],"replies":[{"embeddable":true,"href":"https:\/\/eveha-international.com\/index.php?rest_route=%2Fwp%2Fv2%2Fcomments&post=5107"}],"version-history":[{"count":5,"href":"https:\/\/eveha-international.com\/index.php?rest_route=\/wp\/v2\/pages\/5107\/revisions"}],"predecessor-version":[{"id":5134,"href":"https:\/\/eveha-international.com\/index.php?rest_route=\/wp\/v2\/pages\/5107\/revisions\/5134"}],"up":[{"embeddable":true,"href":"https:\/\/eveha-international.com\/index.php?rest_route=\/wp\/v2\/pages\/5095"}],"wp:featuredmedia":[{"embeddable":true,"href":"https:\/\/eveha-international.com\/index.php?rest_route=\/wp\/v2\/media\/4028"}],"wp:attachment":[{"href":"https:\/\/eveha-international.com\/index.php?rest_route=%2Fwp%2Fv2%2Fmedia&parent=5107"}],"curies":[{"name":"wp","href":"https:\/\/api.w.org\/{rel}","templated":true}]}}