{"id":5115,"date":"2026-02-24T12:03:43","date_gmt":"2026-02-24T11:03:43","guid":{"rendered":"https:\/\/eveha-international.com\/?page_id=5115"},"modified":"2026-02-24T14:17:27","modified_gmt":"2026-02-24T13:17:27","slug":"al-kharj-oasis","status":"publish","type":"page","link":"https:\/\/eveha-international.com\/?page_id=5115&lang=en","title":{"rendered":"Al Kharj oasis"},"content":{"rendered":"\n<p class=\"has-text-align-left has-small-font-size\">\u00c9veha International is involved in a project directed by J\u00e9r\u00e9mie Shiettecatte (CNRS, UMR 8167 Orient et M\u00e9diterran\u00e9e) and Abdalaziz al-Ghazzi (King Saud University, Riyadh), which takes place at the site of al-Yam\u0101ma, in the al-Kharj oasis, south-east of Riyadh.<\/p>\n\n\n\n<div class=\"wp-block-separator has-alpha-channel-opacity is-style-wide\" style=\"margin-top:var(--wp--preset--spacing--40);margin-bottom:var(--wp--preset--spacing--40)\"><\/div>\n\n\n\n<div class=\"wp-block-columns is-layout-flex wp-container-core-columns-is-layout-9d6595d7 wp-block-columns-is-layout-flex\">\n<div class=\"wp-block-column is-layout-flow wp-block-column-is-layout-flow\">\n<h6 class=\"wp-block-heading has-theme-palette-12-color has-text-color has-link-color has-small-font-size wp-elements-c91829ea46a9daf0376838e7d5d4b795\">Direction<br><strong>J\u00e9r\u00e9mie Schiettecatte<\/strong>&nbsp;(CNRS, UMR 8167 <br>Orient et M\u00e9diterran\u00e9e)&nbsp;<br><strong>Abdalaziz al-Ghazzi<\/strong>&nbsp;(King Saud University, Riyadh)<\/h6>\n<\/div>\n\n\n\n<div class=\"wp-block-column is-layout-flow wp-block-column-is-layout-flow\">\n<p class=\"has-small-font-size\"><strong>How Eveha International Participates<br><\/strong>Burial archaeology<\/p>\n<\/div>\n\n\n\n<div class=\"wp-block-column is-layout-flow wp-block-column-is-layout-flow\">\n<p class=\"has-small-font-size\"><strong>Localisation<\/strong> <br>Saudi Arabia<\/p>\n<\/div>\n<\/div>\n\n\n\n<div class=\"wp-block-separator has-text-color has-theme-palette-12-color has-alpha-channel-opacity has-theme-palette-12-background-color has-background is-style-wide\" style=\"margin-top:var(--wp--preset--spacing--60);margin-bottom:var(--wp--preset--spacing--60)\"><\/div>\n\n\n\n<p class=\"has-small-font-size\"><strong>Location and historical summary<\/strong><br>The oasis of al-Kharj is located in the heart of Saudi Arabia, close to Riyadh and forms part of one of the most fertile zones of the Nejd region.<br><br>Human occupation of this region dates from prehistory. The earliest monumental remains consist of a large number of tombs, located in necropolises of varying sizes which are scattered throughout the region. The history of these tombs in central Arabia remains poorly understood, but based on our knowledge of neighbouring regions such as Yemen and Bahrain, they are thought to date from the Early Bronze Age to the Iron Age.<br><br>Al-Yam\u0101ma, the major archaeological site in the oasis, is located just north of the modern town of al-Kharj. Al-Yam\u0101ma was one of the principal urban centres in the region of the same name. At the beginning of the 6<sup>th<\/sup>&nbsp;century, the region was governed by the princes of the Kinda tribe, under the rule of the Himyarite kings of Yemen. Just before the arrival of Islam, the Banu Hanifa tribe was in control of the region. However, following their defeat at the hands of the first Muslim groups, the town came under the control of the first caliphs, successors of the prophet Muhammad, and later, the Umayyad dynasty. The site of al-Yam\u0101ma and the al-Kharj oasis underwent considerable development during this time and during the subsequent Abbasid period. Al-Yam\u0101ma then largely disappears from the written sources between the 12<sup>th<\/sup>&nbsp;and 15<sup>th<\/sup>&nbsp;centuries, which suggests that the site was abandoned. It develops once again during the modern period (from the end of the 15<sup>th<\/sup>&nbsp;to the 18<sup>th<\/sup>&nbsp;century).<br><br>The wealth of the oasis stems from the considerable reserves of water that were present, which were exploited using a network of wells and underground canals. Modern pumping has exhausted the water table.<br><br><strong>Research history<\/strong><br>While the region\u2019s history is partly understood thanks to written sources, there has been relatively little investigation of its archaeological heritage. However, starting in the 1920s, certain writers drew attention to the richness of the archaeology, and to the potential value of such an investigation: the location of the region in the heart of Arabia means that it was at a point of contact between several cultural zones. In the 1980s and 1990s, the ancient necropolises were the subject of sporadic investigations, and a few test trenches were dug at al-Yam\u0101ma.<br><br>In 2011, a Saudi-French team undertook to develop research into the whole of the oasis, in order to study the evolution of its occupation from prehistory to the present day. The French side of the project is directed by J\u00e9r\u00e9mie Schiettecatte (CNRS) and Abdalaziz al-Ghazzi (King Saud University, Riyadh) is responsible for the Saudi side.<br><br>This project includes considerable work on the inventory and cartography of the sites in the region, all of which are integrated into a database and a GIS. The archaeological excavations have explored several Palaeolithic deposits in the Rufaya region, the Protohistoric necropolis of Ayn al-Dila and the medieval town of al-Yam\u0101ma. Several trenches at al-Yam\u0101ma have revealed the presence of different buildings, including pottery kilns and a large mosque which shows evidence of multiple phases of occupation. The archaeological investigations have continued since then.<br><br>The material found during the excavations is often quite unusual and relates to phases as yet poorly understood in this region. Examination of the material will allow a reference assemblage to be established for the period between the end of the 4<sup>th<\/sup>&nbsp;century and the 7<sup>th<\/sup>&nbsp;century, of which little is known for central Arabia.<br><br>In addition to the purely archaeological aspect of the project (excavations and geophysical survey), there is also a restoration component, which allows for the consolidation of the buildings as they are uncovered.<\/p>\n\n\n\n<div class=\"wp-block-separator has-alpha-channel-opacity is-style-wide\" style=\"margin-top:var(--wp--preset--spacing--60);margin-bottom:var(--wp--preset--spacing--60)\"><\/div>\n\n\n\n<div class=\"wp-block-columns is-layout-flex wp-container-core-columns-is-layout-9d6595d7 wp-block-columns-is-layout-flex\">\n<div class=\"wp-block-column is-layout-flow wp-block-column-is-layout-flow\">\n<p class=\"has-small-font-size\"><strong>Partners<\/strong> <br>Saudi Commission for Tourism and Antiquities<br>King Saud University, Riyadh<br>Minist\u00e8re des Affaires \u00e9trang\u00e8res<br>CNRS<br>Ambassade de France<br>Agence Nationale pour la Recherche<br>Universit\u00e9 Paris-Sorbonne<br>Labex ResMed (Religion et Soci\u00e9t\u00e9 en M\u00e9diterran\u00e9e)<br>\u00c9cole et Observatoire des Sciences de la Terre, <br>Institut de Physique du Globe, Strasbourg<\/p>\n<\/div>\n\n\n\n<div class=\"wp-block-column is-layout-flow wp-block-column-is-layout-flow\"><\/div>\n\n\n\n<div class=\"wp-block-column is-layout-flow wp-block-column-is-layout-flow\">\n<p class=\"has-theme-palette-11-color has-text-color has-link-color has-small-font-size wp-elements-f11b9555f44659605494ca514475613c\"><strong>Liens<\/strong> :<br><a href=\"http:\/\/www.orient-mediterranee.com\/spip.php?article972\" target=\"_blank\" rel=\"noreferrer noopener\">www.orient-mediterranee.com<\/a><\/p>\n<\/div>\n<\/div>\n\n\n\n<div class=\"wp-block-separator has-alpha-channel-opacity is-style-wide\" style=\"margin-top:var(--wp--preset--spacing--60);margin-bottom:var(--wp--preset--spacing--60)\"><\/div>\n\n\n\n<h2 class=\"wp-block-heading\">Campagnes <\/h2>\n\n\n<ul style=\"padding-top:0;padding-bottom:0;padding-left:0;padding-right:0;\" class=\"wp-block-latest-posts__list is-grid columns-4 has-link-color wp-elements-a762d30d2b3322192027c502820b8ea5 wp-block-latest-posts has-text-color has-theme-palette-12-color has-small-font-size\"><li><div class=\"wp-block-latest-posts__featured-image\"><a href=\"https:\/\/eveha-international.com\/?p=5016&#038;lang=en\" aria-label=\"Al-Kharj &#8211; 2013\"><img loading=\"lazy\" decoding=\"async\" width=\"770\" height=\"485\" src=\"https:\/\/eveha-international.com\/wp-content\/uploads\/2015\/06\/al-yamama-2013_blog.jpg\" class=\"attachment-large size-large wp-post-image\" alt=\"\" style=\"\" srcset=\"https:\/\/eveha-international.com\/wp-content\/uploads\/2015\/06\/al-yamama-2013_blog.jpg 770w, https:\/\/eveha-international.com\/wp-content\/uploads\/2015\/06\/al-yamama-2013_blog-300x189.jpg 300w\" sizes=\"auto, (max-width: 770px) 100vw, 770px\" \/><\/a><\/div><a class=\"wp-block-latest-posts__post-title\" href=\"https:\/\/eveha-international.com\/?p=5016&#038;lang=en\">Al-Kharj &#8211; 2013<\/a><\/li>\n<li><div class=\"wp-block-latest-posts__featured-image\"><a href=\"https:\/\/eveha-international.com\/?p=4955&#038;lang=en\" aria-label=\"Al-Kharj &#8211; 2016\"><img loading=\"lazy\" decoding=\"async\" width=\"800\" height=\"530\" src=\"https:\/\/eveha-international.com\/wp-content\/uploads\/2016\/07\/Fig.-1.al_yamama_2016.jpg\" class=\"attachment-large size-large wp-post-image\" alt=\"\" style=\"\" srcset=\"https:\/\/eveha-international.com\/wp-content\/uploads\/2016\/07\/Fig.-1.al_yamama_2016.jpg 800w, https:\/\/eveha-international.com\/wp-content\/uploads\/2016\/07\/Fig.-1.al_yamama_2016-300x199.jpg 300w\" sizes=\"auto, (max-width: 800px) 100vw, 800px\" \/><\/a><\/div><a class=\"wp-block-latest-posts__post-title\" href=\"https:\/\/eveha-international.com\/?p=4955&#038;lang=en\">Al-Kharj &#8211; 2016<\/a><\/li>\n<\/ul>","protected":false},"excerpt":{"rendered":"<p>\u00c9veha International is involved in a project directed by J\u00e9r\u00e9mie Shiettecatte (CNRS, UMR 8167 Orient et M\u00e9diterran\u00e9e) and Abdalaziz al-Ghazzi (King Saud University, Riyadh), which takes place at the site of al-Yam\u0101ma, in the al-Kharj oasis, south-east of Riyadh. DirectionJ\u00e9r\u00e9mie Schiettecatte&nbsp;(CNRS, UMR 8167 Orient et M\u00e9diterran\u00e9e)&nbsp;Abdalaziz al-Ghazzi&nbsp;(King Saud University, Riyadh) How Eveha International ParticipatesBurial archaeology&#8230;<\/p>\n","protected":false},"author":4,"featured_media":4129,"parent":5095,"menu_order":0,"comment_status":"closed","ping_status":"closed","template":"","meta":{"inline_featured_image":false,"_kad_post_transparent":"","_kad_post_title":"","_kad_post_layout":"","_kad_post_sidebar_id":"","_kad_post_content_style":"","_kad_post_vertical_padding":"","_kad_post_feature":"","_kad_post_feature_position":"","_kad_post_header":false,"_kad_post_footer":false,"_kad_post_classname":"","footnotes":""},"class_list":["post-5115","page","type-page","status-publish","has-post-thumbnail","hentry"],"_links":{"self":[{"href":"https:\/\/eveha-international.com\/index.php?rest_route=\/wp\/v2\/pages\/5115","targetHints":{"allow":["GET"]}}],"collection":[{"href":"https:\/\/eveha-international.com\/index.php?rest_route=\/wp\/v2\/pages"}],"about":[{"href":"https:\/\/eveha-international.com\/index.php?rest_route=\/wp\/v2\/types\/page"}],"author":[{"embeddable":true,"href":"https:\/\/eveha-international.com\/index.php?rest_route=\/wp\/v2\/users\/4"}],"replies":[{"embeddable":true,"href":"https:\/\/eveha-international.com\/index.php?rest_route=%2Fwp%2Fv2%2Fcomments&post=5115"}],"version-history":[{"count":3,"href":"https:\/\/eveha-international.com\/index.php?rest_route=\/wp\/v2\/pages\/5115\/revisions"}],"predecessor-version":[{"id":5133,"href":"https:\/\/eveha-international.com\/index.php?rest_route=\/wp\/v2\/pages\/5115\/revisions\/5133"}],"up":[{"embeddable":true,"href":"https:\/\/eveha-international.com\/index.php?rest_route=\/wp\/v2\/pages\/5095"}],"wp:featuredmedia":[{"embeddable":true,"href":"https:\/\/eveha-international.com\/index.php?rest_route=\/wp\/v2\/media\/4129"}],"wp:attachment":[{"href":"https:\/\/eveha-international.com\/index.php?rest_route=%2Fwp%2Fv2%2Fmedia&parent=5115"}],"curies":[{"name":"wp","href":"https:\/\/api.w.org\/{rel}","templated":true}]}}