{"id":5137,"date":"2026-02-24T15:16:49","date_gmt":"2026-02-24T14:16:49","guid":{"rendered":"https:\/\/eveha-international.com\/?page_id=5137"},"modified":"2026-02-24T15:18:15","modified_gmt":"2026-02-24T14:18:15","slug":"angkor-west-mebon","status":"publish","type":"page","link":"https:\/\/eveha-international.com\/?page_id=5137&lang=en","title":{"rendered":"Angkor \u2013 West Mebon"},"content":{"rendered":"\n<p class=\"has-text-align-left has-small-font-size\">In 2015, two archaeologists from \u00c9veha International took part in excavations carried out as part of the restoration project on the temple of West Mebon, in Cambodia. This project is directed by Marie-Catherine Beaufe\u00efst (Heritage architect \u2013 \u00c9cole Fran\u00e7aise d&rsquo;Extr\u00eame-Orient).<\/p>\n\n\n\n<div class=\"wp-block-separator has-alpha-channel-opacity is-style-wide\" style=\"margin-top:var(--wp--preset--spacing--40);margin-bottom:var(--wp--preset--spacing--40)\"><\/div>\n\n\n\n<div class=\"wp-block-columns is-layout-flex wp-container-core-columns-is-layout-9d6595d7 wp-block-columns-is-layout-flex\">\n<div class=\"wp-block-column is-layout-flow wp-block-column-is-layout-flow\">\n<h6 class=\"wp-block-heading has-theme-palette-12-color has-text-color has-link-color has-small-font-size wp-elements-888e61233983730decdf6c89a99e16b0\">Direction<br><strong>Marie-Catherine Beaufe\u00efst<\/strong>&nbsp;<br>(\u00c9cole Fran\u00e7aise d\u2019Extr\u00eame-Orient)<\/h6>\n<\/div>\n\n\n\n<div class=\"wp-block-column is-layout-flow wp-block-column-is-layout-flow\">\n<p class=\"has-small-font-size\"><strong>How Eveha International Participates<br><\/strong>Archaeological excavations<\/p>\n<\/div>\n\n\n\n<div class=\"wp-block-column is-layout-flow wp-block-column-is-layout-flow\">\n<p class=\"has-small-font-size\"><strong>Localisation<\/strong> <br>Cambodia<\/p>\n<\/div>\n<\/div>\n\n\n\n<div class=\"wp-block-separator has-alpha-channel-opacity is-style-wide\" style=\"margin-top:var(--wp--preset--spacing--60);margin-bottom:var(--wp--preset--spacing--60)\"><\/div>\n\n\n\n<p class=\"has-small-font-size\"><strong>Location and historical summary<\/strong><br>West Mebon is located in the west of the Archaeological park of Angkor, on an artificial island emerging from the water in the centre of the Western Baray (a reservoir basin 8 kilometres long and 2.1 kilometres wide). Dated to the reign of Udayaditiavarman II (1050-1066), it combines an unusual architectural composition with an intriguing religious function.<br><br>A rectangular platform oriented east-west contains a square basin (built into the western half of the site), whose sides are adorned with sandstone terraces topped by an outer wall. Each facade contains three gopurams or entrance towers. The centre of this basin is occupied by an aedicula also covered in sandstone and which contains two wells next to each other, on the east-west axis. The western well, which is circular and faced with grey sandstone, revelaed the remains of a bronze Vishnu (Vishnu Sleeping on the Cosmic Ocean), discovered by Maurice Glaize (\u00c9cole Fran\u00e7aise d\u2019Extr\u00eame-Orient) in 1936. This is currently housed in the National Museum in Phnom Penh. An axial causeway linking the central aedicula to the eastern facade is comprised of an earthen dyke covered in small laterite blocks.<br><br>Having suffered extensive damage throughout the centuries (silting up of the eastern facde, collapse of three quarters of the structure), West Mebon underwent a phase of restoration from December 1942 to December 1944, by Maurice Glaize. This involved uncovering the terraces, cleaning of the circular well and anastylosis of the outer well and of the towers in the eastern facade. He discovered the second well, which is square in shape, faced and tiled in sandstone, and whose rim is made of four upright stones.<br><br><strong>Research history<\/strong><br>Started in 2012 by Pascal Roy\u00e8re and continued by Marie-Catherine Beaufe\u00efst since 2014, a new restoration programme was undertaken as part of a fund led by the French ministries of Foreign Affairs and International Development and of Culture, Communications, Higher Education and Research. The EFEO is in partnership with the APSARA Authority (Cambodia) to manage the restoration of the temple while carrying out archaeological excavations in order to understand how this Niolometer temple functioned in an unusual hydraulic context.<br><br>In the field, the project began in the spring of 2012 with archaeological test-trenches being dug in the dried up Baray, work which took place ahead of the damming of the temple. Trenches were dug using machinery and by hand around the temple before the construction of a protective dyke, built in order to drain a strip of land approximately 30 metres wide, so as to enable the restoration works to be carried out (movement within the site, installation of machinery, an area to store the stone blocks, etc.).<br><br>Since the autumn of 2012, numerous archaeological excavation seasons (sondages and trenches) have been conducted alongside the continuing restoration project, using the method of anastylosis. These excavations add to the archives available on this temple which is only partly understood, particularly in relation to its foundations, architecture, various construction and occupation phases, etc. The documentation acquired in recent years has demonstrated that the history of this temple is more complex than previously imagined.<\/p>\n\n\n\n<div class=\"wp-block-separator has-alpha-channel-opacity is-style-wide\" style=\"margin-top:var(--wp--preset--spacing--60);margin-bottom:var(--wp--preset--spacing--60)\"><\/div>\n\n\n\n<div class=\"wp-block-columns is-layout-flex wp-container-core-columns-is-layout-9d6595d7 wp-block-columns-is-layout-flex\">\n<div class=\"wp-block-column is-layout-flow wp-block-column-is-layout-flow\">\n<p class=\"has-small-font-size\"><strong>Partners<\/strong> <br>\u00c9cole Fran\u00e7aise d\u2019Extr\u00eame-Orient<br>Authority for the Protection and Management of Angkor and the Region of Siem Reap (Cambodge)<\/p>\n<\/div>\n\n\n\n<div class=\"wp-block-column is-layout-flow wp-block-column-is-layout-flow\"><\/div>\n\n\n\n<div class=\"wp-block-column is-layout-flow wp-block-column-is-layout-flow\">\n<p class=\"has-theme-palette-11-color has-text-color has-link-color has-small-font-size wp-elements-97aab017974e12a00f2f14905526081e\"><strong>Links<\/strong> :<br><a href=\"http:\/\/www.efeo.fr\/index.php?l=FR&amp;event=822\" target=\"_blank\" rel=\"noreferrer noopener\">Pr\u00e9sentation du projet<\/a><br><a href=\"http:\/\/apsaraauthority.gov.kh\/?page=front&amp;lg=en\" target=\"_blank\" rel=\"noreferrer noopener\">Autorit\u00e9 APSARA<\/a><\/p>\n<\/div>\n<\/div>\n\n\n\n<div class=\"wp-block-separator has-alpha-channel-opacity is-style-wide\" style=\"margin-top:var(--wp--preset--spacing--60);margin-bottom:var(--wp--preset--spacing--60)\"><\/div>\n\n\n\n<h2 class=\"wp-block-heading\">The excavation campaigns (by year)<\/h2>\n\n\n<ul style=\"padding-top:0;padding-bottom:0;padding-left:0;padding-right:0;\" class=\"wp-block-latest-posts__list is-grid columns-4 has-link-color wp-elements-f81eb35e97dc6ab642656b3355307494 wp-block-latest-posts has-text-color has-theme-palette-12-color has-small-font-size\"><li><div class=\"wp-block-latest-posts__featured-image\"><a href=\"https:\/\/eveha-international.com\/?p=4765&#038;lang=en\" aria-label=\"West Mebon &#8211; 2015\"><img loading=\"lazy\" decoding=\"async\" width=\"770\" height=\"485\" src=\"https:\/\/eveha-international.com\/wp-content\/uploads\/2017\/03\/mebon_2015_small.jpg\" class=\"attachment-large size-large wp-post-image\" alt=\"\" style=\"\" srcset=\"https:\/\/eveha-international.com\/wp-content\/uploads\/2017\/03\/mebon_2015_small.jpg 770w, https:\/\/eveha-international.com\/wp-content\/uploads\/2017\/03\/mebon_2015_small-300x189.jpg 300w\" sizes=\"auto, (max-width: 770px) 100vw, 770px\" \/><\/a><\/div><a class=\"wp-block-latest-posts__post-title\" href=\"https:\/\/eveha-international.com\/?p=4765&#038;lang=en\">West Mebon &#8211; 2015<\/a><\/li>\n<li><div class=\"wp-block-latest-posts__featured-image\"><a href=\"https:\/\/eveha-international.com\/?p=4527&#038;lang=en\" aria-label=\"West Mebon &#8211; 2017\"><img loading=\"lazy\" decoding=\"async\" width=\"770\" height=\"485\" src=\"https:\/\/eveha-international.com\/wp-content\/uploads\/2020\/10\/mebon_2017_small.jpg\" class=\"attachment-large size-large wp-post-image\" alt=\"\" style=\"\" srcset=\"https:\/\/eveha-international.com\/wp-content\/uploads\/2020\/10\/mebon_2017_small.jpg 770w, https:\/\/eveha-international.com\/wp-content\/uploads\/2020\/10\/mebon_2017_small-300x189.jpg 300w, https:\/\/eveha-international.com\/wp-content\/uploads\/2020\/10\/mebon_2017_small-768x484.jpg 768w\" sizes=\"auto, (max-width: 770px) 100vw, 770px\" \/><\/a><\/div><a class=\"wp-block-latest-posts__post-title\" href=\"https:\/\/eveha-international.com\/?p=4527&#038;lang=en\">West Mebon &#8211; 2017<\/a><\/li>\n<\/ul>\n\n\n<p><\/p>\n","protected":false},"excerpt":{"rendered":"<p>In 2015, two archaeologists from \u00c9veha International took part in excavations carried out as part of the restoration project on the temple of West Mebon, in Cambodia. This project is directed by Marie-Catherine Beaufe\u00efst (Heritage architect \u2013 \u00c9cole Fran\u00e7aise d&rsquo;Extr\u00eame-Orient). DirectionMarie-Catherine Beaufe\u00efst&nbsp;(\u00c9cole Fran\u00e7aise d\u2019Extr\u00eame-Orient) How Eveha International ParticipatesArchaeological excavations Localisation Cambodia Location and historical summaryWest&#8230;<\/p>\n","protected":false},"author":4,"featured_media":3906,"parent":5095,"menu_order":0,"comment_status":"closed","ping_status":"closed","template":"","meta":{"inline_featured_image":false,"_kad_post_transparent":"","_kad_post_title":"","_kad_post_layout":"","_kad_post_sidebar_id":"","_kad_post_content_style":"","_kad_post_vertical_padding":"","_kad_post_feature":"","_kad_post_feature_position":"","_kad_post_header":false,"_kad_post_footer":false,"_kad_post_classname":"","footnotes":""},"class_list":["post-5137","page","type-page","status-publish","has-post-thumbnail","hentry"],"_links":{"self":[{"href":"https:\/\/eveha-international.com\/index.php?rest_route=\/wp\/v2\/pages\/5137","targetHints":{"allow":["GET"]}}],"collection":[{"href":"https:\/\/eveha-international.com\/index.php?rest_route=\/wp\/v2\/pages"}],"about":[{"href":"https:\/\/eveha-international.com\/index.php?rest_route=\/wp\/v2\/types\/page"}],"author":[{"embeddable":true,"href":"https:\/\/eveha-international.com\/index.php?rest_route=\/wp\/v2\/users\/4"}],"replies":[{"embeddable":true,"href":"https:\/\/eveha-international.com\/index.php?rest_route=%2Fwp%2Fv2%2Fcomments&post=5137"}],"version-history":[{"count":1,"href":"https:\/\/eveha-international.com\/index.php?rest_route=\/wp\/v2\/pages\/5137\/revisions"}],"predecessor-version":[{"id":5139,"href":"https:\/\/eveha-international.com\/index.php?rest_route=\/wp\/v2\/pages\/5137\/revisions\/5139"}],"up":[{"embeddable":true,"href":"https:\/\/eveha-international.com\/index.php?rest_route=\/wp\/v2\/pages\/5095"}],"wp:featuredmedia":[{"embeddable":true,"href":"https:\/\/eveha-international.com\/index.php?rest_route=\/wp\/v2\/media\/3906"}],"wp:attachment":[{"href":"https:\/\/eveha-international.com\/index.php?rest_route=%2Fwp%2Fv2%2Fmedia&parent=5137"}],"curies":[{"name":"wp","href":"https:\/\/api.w.org\/{rel}","templated":true}]}}