{"id":5156,"date":"2026-02-24T15:45:01","date_gmt":"2026-02-24T14:45:01","guid":{"rendered":"https:\/\/eveha-international.com\/?page_id=5156"},"modified":"2026-02-24T16:01:07","modified_gmt":"2026-02-24T15:01:07","slug":"bouto","status":"publish","type":"page","link":"https:\/\/eveha-international.com\/?page_id=5156&lang=en","title":{"rendered":"Bouto"},"content":{"rendered":"\n<p class=\"has-text-align-left has-small-font-size\">Since 2023, \u00c9veha International has been involved in the archaeological mission at Bouto Tell el Fara&rsquo;in (Egypt). The project is led by Lo\u00efc Mazou (\u00c9veha, UMR 7041 ArScAn and UR 15071 HeRMA), P. Ballet (Professor Emeritus, Universit\u00e9 Paris Nanterre &#8211; UMR 7041 ArScAn) and Patrice Georges-Zimmermann (Inrap\/UMR 5608 TRACES).<\/p>\n\n\n\n<div class=\"wp-block-separator has-alpha-channel-opacity is-style-wide\" style=\"margin-top:var(--wp--preset--spacing--40);margin-bottom:var(--wp--preset--spacing--40)\"><\/div>\n\n\n\n<div class=\"wp-block-columns is-layout-flex wp-container-core-columns-is-layout-9d6595d7 wp-block-columns-is-layout-flex\">\n<div class=\"wp-block-column is-layout-flow wp-block-column-is-layout-flow\">\n<h6 class=\"wp-block-heading has-theme-palette-12-color has-text-color has-link-color has-small-font-size wp-elements-afad0048e6e68c94a913c756f21251ef\">Direction<br><strong>Lo\u00efc Mazou&nbsp;<\/strong>(\u00c9veha, UR 15071 HeRMA \/ <br>UMR 7041 ArScAn)<br><strong>Pascale Ballet<\/strong>&nbsp;(UMR 7041 ArScAn)<br><strong>Patrice Georges-Zimmermann<\/strong>&nbsp;(Inrap\/<br>UMR 5608 TRACES)<\/h6>\n<\/div>\n\n\n\n<div class=\"wp-block-column is-layout-flow wp-block-column-is-layout-flow\">\n<p class=\"has-small-font-size\"><strong>How Eveha International Participates<br><\/strong>Direction<\/p>\n<\/div>\n\n\n\n<div class=\"wp-block-column is-layout-flow wp-block-column-is-layout-flow\">\n<p class=\"has-small-font-size\"><strong>Localisation<\/strong> <br>Egypt<\/p>\n<\/div>\n<\/div>\n\n\n\n<div class=\"wp-block-separator has-text-color has-theme-palette-12-color has-alpha-channel-opacity has-theme-palette-12-background-color has-background is-style-wide\" style=\"margin-top:var(--wp--preset--spacing--60);margin-bottom:var(--wp--preset--spacing--60)\"><\/div>\n\n\n\n<p class=\"has-small-font-size\"><strong>Location and historical summary<\/strong><br>In the heart of the Delta, more precisely in its north-western part, some ten kilometers east of the Rosetta branch and some one hundred kilometers from Alexandria, Bouto is one of the oldest large-scale settlements in the Delta and stands out for the importance of its archaeological potential, covering a multimillennial period from late prehistory to the early Islamic period, the exploration of which is being carried out in close collaboration with the Deutsches Arch\u00e4ologisches Institut.<br><br>The urban area in its current perimeter, now delimited by a surrounding wall designed to protect the site from looting, occupies a surface area of 64 hectares, not counting occupation outside the walls, such as the k\u00f4m el-Dahab, located to the north of the site: the spatial hold is therefore significant. This is reinforced by the strength of the stratigraphy. The succession of levels at Kom A is characterized by a superimposition of strata, from the 4th millennium to the early Islamic period, with, admittedly, a significant gap from the Middle Kingdom to the New Kingdom.<br><br>Bouto is a city of cultic memory, whose main sanctuary dedicated to the goddess Ouadjyt (assimilated to Leto, Herodotus II, 152, 155) was still frequented in Ptolemaic times. Horus\/Apollo (Herodotus II, 156) was also honored at Bouto itself or in the surrounding area, the marshes of Chemmis, where Isis and Horus took refuge shortly after his birth and which are mentioned in various textual sources since the Old Kingdom.<br><br>There are still many uncertainties as to when the sanctuary was abandoned. According to our Egyptian colleagues who are currently excavating the temple, under the direction of Hossam Mohamed Ghonim (Director of the Kafr el-Scheikh Inspectorate), cult activity seems to have diminished considerably during the Roman period: at the very least, baths and probable dwellings are located to the north and south of the sanctuary.<br><br>Very recently, but it\u2019s not up to us to report on the results, the center of the temple has been explored by the Egyptian team. The sanctuary thus bears witness to a prestigious past, particularly during the New Kingdom (as witnessed by the stele of Thutmosis III, now on display at the Kafr el-Scheikh Museum) and the Late Period, since the enclosure dates back to the Saite period, as do some of the monuments recently uncovered.<br><br>We participate in this research, as our team is called upon to collaborate in the study of the furniture and provide targeted expert appraisals. This was the case with G. Lecuyot and L. Mazou for the small bath located south-east of the temple, published by Hossam Mohamed Ghonim.<br><br>However, and this is a major question for archaeologists working on the site, the Middle Kingdom and New Kingdom are not attested on the two k\u00f4ms (A and C) reserved for housing and industrial activities.<br><br>From an archaeological point of view, we can now be sure of the longevity of the settlement, which remained in operation until the Byzantine-Islamic transition phase, echoing the conciliar lists of the Coptic Church, since Bouto was the seat of a bishopric.<br>Indeed, systematic pedestrian surveys carried out under the direction of Gr. Marouard from 2012 to 2015 on k\u00f4ms A and C have enabled us to assess the site\u2019s main spatial mutations, from the end of the Late Period to the beginnings of Islam.<br>As far as the main k\u00f4m (k\u00f4m A) is concerned, occupation, albeit limited, is attested up to the Byzantine-Islamic transition.<br><br>Comparisons with the furnishings of the vast group of Kellia hermitages further west, on the edge of the desert, and with Alexandria, are striking and demonstrate the existence of a community of forms and techniques from the Kellia desert to the region of the Rosetta branch, i.e. the entire north-western delta.<br><br>Three sectors, corresponding to three clearly identified areas of activity, form the basis of our current program: the thesauros (storage building, mainly for cereals); the necropolis covering the western flank of Kom A, in which an imperial-period collective tomb with a dozen sarcophagi has been discovered; and the artisan quarter, which has reinvested an area of Ptolemaic settlement.<br><br>At the summit of Kom A, in 2016, the French mission discovered a large mud-brick building whose layout and construction phases were gradually revealed. The very good state of preservation of the plant remains littering the ground quickly led to the identification of a cereal storage building. Four campaigns, from 2016 to 2019, were devoted to the excavation and study of the building, calling on a multidisciplinary approach, from archaeology to archaeobotany, which the architectural organization and plant macro-remains allow to classify in the thesauroi group, identified particularly in Fayoum, thanks to archaeological discoveries, in Karanis, Backhias and more recently Tebtynis, and confirmed by papyrology. The term \u201cthesauros\u201d is used in the broad sense of a storage or processing area, designed to \u201cstore\u201d or \u201cpreserve with care\u201d, without however limiting this building to the sole function of a fruit reserve.<br><br>The results obtained from the excavation of the thesauros, as well as those delivered by the systematic pedestrian prospection carried out from 2012 to 2015, have encouraged us to pursue research into the organization of the city in the Imperial period. Thus, the current program \u201cLiving, producing and dying in Bouto, from Octavian to Diocletian\u201d takes a synchronic approach to the occupation of Bouto (habitat, necropolis, production activities) during this period, from a regional and, where appropriate, Mediterranean perspective, while environmental aspects (archaeobotany, archaeozoology) are being carried out in conjunction with the Deutsches Arch\u00e4ologisches Institut.<br><br>The aim of the June and October-November 2021 missions was therefore to concentrate research on the Roman Bouto area, and in particular on Kom A, which in the center and north features dwellings and buildings indicative of urban occupation, and to the west and north, forming a ring, potters\u2019 workshops and the necropolis.<br><br>While the settlements had been glimpsed, notably during excavations in and around the thesauros, the Roman necropolis had never been explored. It was against this backdrop that we decided to survey the area and excavate an Imperial-period funerary building, an exceptional structure for the Delta, located in sector P22 to the west of Kom A and excavated by Patrice Georges-Zimmermann, as well as a concentration of potters\u2019 kilns identified not only by surface analysis, but also thanks to geomagnetic surveys carried out by Tomasz Herbich between 2001 and 2006.<br><br><strong>History of research<\/strong><br>For the earliest phases of its history, the 4th millennium, Bouto\u2019s position and status are pre-eminent, as revealed by the first British investigations of William M. Flinders Petrie, who made a rapid passage to Tell el-Fara\u2019in\/Bouto in 1886, followed in the early 20th c. by those of Charles Trick Currelly, who carried out a few test pits in 1904, and from the 1960s onwards, the research carried out under the aegis of the Egypt Exploration Society (EES). In the early 1980s, these were followed by intensive research by the DAI (Deutsches Arch\u00e4ologisches Institut). At the time of the formation of the Pharaonic state, towards the end of the 4th millennium, the settlement of Bouto was the north-western gateway to Egypt and led to the Mediterranean via waterways, the precise route of which is difficult to trace.<br><br>The Deutsches Arch\u00e4ologisches Institut, which holds the concession, has been working at Bouto since 1983. Near the modern village of Sekhmawy, the work covers an area of around 2,000 m2 and has revealed levels dating from the early 4th millennium that are characteristic of the Bouto-Maadi culture up to the first dynasties, as highlighted by the work of T. von der Way, D. Faltings and U. Hartung. While vestiges of the southern culture of Nagada are notable at Bouto, regional differences faded over time, indicating a gradual hybridity and fusion of cultural influences. The buildings from the early dynastic period (c. 3000-2800 BC) show the transition from an economic complex to a palatial structure; the presence of a vast tripartite complex, comprising production, storage and residential functions, is one of the most obvious signs of this. At the time, Bouto was a temporary royal residence and played a key role in the administrative and economic organisation of the region. The Deutsches Arch\u00e4ologisches Institut is now focusing its research on the Old Kingdom, on the initiative of Clara Jeuthe, director of the German mission, particularly in the north-western part of the site.<br><br>While human presence is attested until the end of the Old Kingdom, there is a lack of documentation until the Third Intermediate Period.<br>Echoing this work, which has made it possible to classify pre- and protodynastic Bouto among the major sites in the formation of the Egyptian state, the French mission is interested in the late city and its place in the urban network of the Delta.<br><br>How do you approach a settlement for which, in the Ptolemaic and Roman periods, textual sources are scarce, as is the case for most of the sites in the Delta? The town was both close to and outside the Alexandrian ch\u00f4ra and Alexandria, capital and city, at the heart of the Ptolemies\u2019 strategy for controlling the eastern Mediterranean, from the Levant to Asia Minor, and then the Empire, with Egypt joining the ranks of the imperial provinces, a strategy that was essential for Octavian\u2019s accession to the principate.<br><br>Because of the scarcity of texts, although not entirely absent as shown by the research of one of the members of the mission, \u00c5. Engsheden, archaeology is called upon to reconstruct the place and status of this settlement within an urban network on a regional and Mediterranean scale. It is therefore on the basis of the resources of material life, the urban fabric, its buildings and furnishings that we can appreciate the potential of this settlement.<br><br>The recent results of our excavations, following the current guidelines of our programme, Living, Producing and Dying in Bouto, from Octavian to Diocletian, are leading us to new areas of human activity, a thesaurus and a necropolis, compared with what was traditionally known at Bouto, and, once again, the ceramic industry, as the very latest discoveries have brought to light, in an exceptional way.<\/p>\n\n\n\n<div class=\"wp-block-separator has-alpha-channel-opacity is-style-wide\" style=\"margin-top:var(--wp--preset--spacing--60);margin-bottom:var(--wp--preset--spacing--60)\"><\/div>\n\n\n\n<div class=\"wp-block-columns is-layout-flex wp-container-core-columns-is-layout-9d6595d7 wp-block-columns-is-layout-flex\">\n<div class=\"wp-block-column is-layout-flow wp-block-column-is-layout-flow\">\n<p class=\"has-small-font-size\"><strong>Partners<\/strong> <br>University of Paris-Nanterre, UMR 7041 ArScAn (ESPRI-LIMC; GAMA; Archaeology <br>of Central Asia)<br>German Archaeological Institute <br>(DAIK, Cairo)<br>Ministry of Tourism and Antiquities, <br>Kafr el-Scheikh Inspectorate<br>\u00c9veha\/\u00c9veha International<br>University of Poitiers, HeRMA (UR 15071)<br>CEALex (UAR 3134)<br>University of Cologne<br>Inrap<br>University of Toulouse, UMR 5608 TRACES<br>University of Aegean (Izmir, Turkey)<br>Laboratoire Arch\u00e9omat\u00e9riaux et Pr\u00e9vision de l\u2019Alt\u00e9ration: LMC IRAMAT UMR5060 CNRS and NIMBE UMR3685 CEA\/CNRS<br>Royal Belgian Institute <br>of Natural Sciences<br>Brussels Museum of Art and History \u2013 Egyptian antiquities section<\/p>\n<\/div>\n\n\n\n<div class=\"wp-block-column is-layout-flow wp-block-column-is-layout-flow\">\n<p class=\"has-small-font-size\" style=\"margin-top:0;margin-bottom:0;padding-top:0;padding-bottom:0\"><strong>Publications<\/strong> <br>\u2022&nbsp;BALLET P., MAZOU L., \u00ab Bouto (Tell el-Fara\u02bdin, 2022) : <br>\u00ab Vivre, produire et mourir \u00e0 Bouto (Tell el-Fara\u2018in). Une lecture arch\u00e9ologique de la ville \u00e0 la p\u00e9riode romaine d\u2019Octavien \u00e0 Diocl\u00e9tien \u00bb, Bulletin arch\u00e9ologique des \u00c9coles fran\u00e7aises \u00e0 l\u2019\u00e9tranger [En ligne], \u00c9gypte, mis en ligne le 01 juin 2023.<\/p>\n\n\n\n<p class=\"has-theme-palette-11-color has-text-color has-link-color has-small-font-size wp-elements-efff758b2cbb142b7524546583788f1b\" style=\"margin-top:0;margin-bottom:0;padding-top:0;padding-bottom:0\"><a href=\"http:\/\/journals.openedition.org\/baefe\/7945\" target=\"_blank\" rel=\"noreferrer noopener\">http:\/\/journals.openedition.org\/baefe\/7945<\/a><\/p>\n\n\n\n<p class=\"has-small-font-size\" style=\"margin-top:0;margin-bottom:0;padding-top:0;padding-bottom:0\">\u2022&nbsp;BALLET P., MAZOU L., \u00ab Bouto (Tell el-Fara\u02bdin, 2021) : <br>\u00ab Vivre, produire et mourir \u00e0 Bouto (Tell el-Fara\u2018in). Une lecture arch\u00e9ologique de la ville \u00e0 la p\u00e9riode romaine d\u2019Octavien \u00e0 Diocl\u00e9tien \u00bb, Bulletin arch\u00e9ologique des \u00c9coles fran\u00e7aises \u00e0 l\u2019\u00e9tranger [En ligne], \u00c9gypte, mis en ligne le 01 juin 2022.<\/p>\n\n\n\n<p class=\"has-theme-palette-11-color has-text-color has-link-color has-small-font-size wp-elements-3728f599be0de0a0cb6425a357072e77\" style=\"margin-top:0;margin-bottom:0;padding-top:0;padding-bottom:0\"><a href=\"http:\/\/journals.openedition.org\/baefe\/5584\" target=\"_blank\" rel=\"noreferrer noopener\">http:\/\/journals.openedition.org\/baefe\/5584<\/a><\/p>\n\n\n\n<p class=\"has-small-font-size\" style=\"margin-top:0;margin-bottom:0;padding-top:0;padding-bottom:0\">\u2022&nbsp;BALLET P., MAZOU L., \u00ab Bouto (Tell el-Fara\u02bdin, 2020) : <br>\u00ab Mutations d\u2019une ville du nord de l\u2019\u00c9gypte, de la<br>Basse \u00c9poque \u00e0 la p\u00e9riode byzantino-islamique \u00bb , Bulletin arch\u00e9ologique des \u00c9coles fran\u00e7aises \u00e0 l\u2019\u00e9tranger [En ligne], \u00c9gypte, mis en ligne le 30 mai 2021.<\/p>\n\n\n\n<p class=\"has-theme-palette-11-color has-text-color has-link-color has-small-font-size wp-elements-5c6f2047a662bbbd0eb86c9a4559595a\" style=\"margin-top:0;margin-bottom:0;padding-top:0;padding-bottom:0\"><a href=\"http:\/\/journals.openedition.org\/baefe\/2755\" target=\"_blank\" rel=\"noreferrer noopener\">http:\/\/journals.openedition.org\/baefe\/2755<\/a><\/p>\n\n\n\n<p class=\"has-small-font-size\" style=\"margin-top:0;margin-bottom:0;padding-top:0;padding-bottom:0\">\u2022&nbsp;BALLET P., MAZOU L. et al., \u00ab Bouto (2019) : \u00ab Le Delta et les marges septentrionales \u00bb, Bulletin arch\u00e9ologique des \u00c9coles fran\u00e7aises \u00e0 l\u2019\u00e9tranger [En ligne], \u00c9gypte, mis en ligne le 05 octobre 2020, consult\u00e9 le 08 octobre 2021.<\/p>\n\n\n\n<p class=\"has-theme-palette-11-color has-text-color has-link-color has-small-font-size wp-elements-e23d4fc03dc63418a2b2648ea104cb1a\" style=\"margin-top:0;margin-bottom:0;padding-top:0;padding-bottom:0\"><a href=\"http:\/\/journals.openedition.org\/baefe\/959\" target=\"_blank\" rel=\"noreferrer noopener\">http:\/\/journals.openedition.org\/baefe\/959<\/a><\/p>\n<\/div>\n\n\n\n<div class=\"wp-block-column is-layout-flow wp-block-column-is-layout-flow\">\n<p class=\"has-theme-palette-11-color has-text-color has-link-color has-small-font-size wp-elements-85bc5fe357dcd4c328c805883a7b76a7\"><strong>Links<\/strong> :<br><a href=\"https:\/\/www.ifao.egnet.net\/archeologie\/bouto\/\" target=\"_blank\" rel=\"noreferrer noopener\">French Institut Ifao website<\/a><\/p>\n<\/div>\n<\/div>\n\n\n\n<div class=\"wp-block-separator has-alpha-channel-opacity is-style-wide\" style=\"margin-top:var(--wp--preset--spacing--60);margin-bottom:var(--wp--preset--spacing--60)\"><\/div>\n\n\n\n<h2 class=\"wp-block-heading\">The excavation campaigns (by year)<\/h2>\n\n\n<ul style=\"padding-top:0;padding-bottom:0;padding-left:0;padding-right:0;\" class=\"wp-block-latest-posts__list is-grid columns-4 has-link-color wp-elements-8ae95580e2e8bcbb2f5aa652cc92fe89 wp-block-latest-posts has-text-color has-theme-palette-12-color has-small-font-size\"><li><div class=\"wp-block-latest-posts__featured-image\"><a href=\"https:\/\/eveha-international.com\/?p=4364&#038;lang=en\" aria-label=\"Bouto &#8211; 2024\"><img loading=\"lazy\" decoding=\"async\" width=\"980\" height=\"654\" src=\"https:\/\/eveha-international.com\/wp-content\/uploads\/2026\/01\/Fig.-6-1-1024x683-1.jpg\" class=\"attachment-large size-large wp-post-image\" alt=\"\" style=\"\" srcset=\"https:\/\/eveha-international.com\/wp-content\/uploads\/2026\/01\/Fig.-6-1-1024x683-1.jpg 1024w, https:\/\/eveha-international.com\/wp-content\/uploads\/2026\/01\/Fig.-6-1-1024x683-1-300x200.jpg 300w, https:\/\/eveha-international.com\/wp-content\/uploads\/2026\/01\/Fig.-6-1-1024x683-1-768x512.jpg 768w\" sizes=\"auto, (max-width: 980px) 100vw, 980px\" \/><\/a><\/div><a class=\"wp-block-latest-posts__post-title\" href=\"https:\/\/eveha-international.com\/?p=4364&#038;lang=en\">Bouto &#8211; 2024<\/a><\/li>\n<\/ul>\n\n\n<p><\/p>\n","protected":false},"excerpt":{"rendered":"<p>Since 2023, \u00c9veha International has been involved in the archaeological mission at Bouto Tell el Fara&rsquo;in (Egypt). The project is led by Lo\u00efc Mazou (\u00c9veha, UMR 7041 ArScAn and UR 15071 HeRMA), P. Ballet (Professor Emeritus, Universit\u00e9 Paris Nanterre &#8211; UMR 7041 ArScAn) and Patrice Georges-Zimmermann (Inrap\/UMR 5608 TRACES). DirectionLo\u00efc Mazou&nbsp;(\u00c9veha, UR 15071 HeRMA \/&#8230;<\/p>\n","protected":false},"author":4,"featured_media":3639,"parent":5095,"menu_order":0,"comment_status":"closed","ping_status":"closed","template":"","meta":{"inline_featured_image":false,"_kad_post_transparent":"","_kad_post_title":"","_kad_post_layout":"","_kad_post_sidebar_id":"","_kad_post_content_style":"","_kad_post_vertical_padding":"","_kad_post_feature":"","_kad_post_feature_position":"","_kad_post_header":false,"_kad_post_footer":false,"_kad_post_classname":"","footnotes":""},"class_list":["post-5156","page","type-page","status-publish","has-post-thumbnail","hentry"],"_links":{"self":[{"href":"https:\/\/eveha-international.com\/index.php?rest_route=\/wp\/v2\/pages\/5156","targetHints":{"allow":["GET"]}}],"collection":[{"href":"https:\/\/eveha-international.com\/index.php?rest_route=\/wp\/v2\/pages"}],"about":[{"href":"https:\/\/eveha-international.com\/index.php?rest_route=\/wp\/v2\/types\/page"}],"author":[{"embeddable":true,"href":"https:\/\/eveha-international.com\/index.php?rest_route=\/wp\/v2\/users\/4"}],"replies":[{"embeddable":true,"href":"https:\/\/eveha-international.com\/index.php?rest_route=%2Fwp%2Fv2%2Fcomments&post=5156"}],"version-history":[{"count":4,"href":"https:\/\/eveha-international.com\/index.php?rest_route=\/wp\/v2\/pages\/5156\/revisions"}],"predecessor-version":[{"id":5167,"href":"https:\/\/eveha-international.com\/index.php?rest_route=\/wp\/v2\/pages\/5156\/revisions\/5167"}],"up":[{"embeddable":true,"href":"https:\/\/eveha-international.com\/index.php?rest_route=\/wp\/v2\/pages\/5095"}],"wp:featuredmedia":[{"embeddable":true,"href":"https:\/\/eveha-international.com\/index.php?rest_route=\/wp\/v2\/media\/3639"}],"wp:attachment":[{"href":"https:\/\/eveha-international.com\/index.php?rest_route=%2Fwp%2Fv2%2Fmedia&parent=5156"}],"curies":[{"name":"wp","href":"https:\/\/api.w.org\/{rel}","templated":true}]}}