{"id":5161,"date":"2026-02-24T15:57:56","date_gmt":"2026-02-24T14:57:56","guid":{"rendered":"https:\/\/eveha-international.com\/?page_id=5161"},"modified":"2026-02-24T15:57:57","modified_gmt":"2026-02-24T14:57:57","slug":"concha","status":"publish","type":"page","link":"https:\/\/eveha-international.com\/?page_id=5161&lang=en","title":{"rendered":"Concha"},"content":{"rendered":"\n<p class=\"has-text-align-left has-small-font-size\">The Concha European project (Marie Sk\u0142odowska-Curie Research and Innovation Staff Exchange &#8211; RISE) is supervised by the CHAM (NOVA FCSH-UAc University, Lisbon, Portugal). Focused on the study of the Atlantic area from the end of the 15th to the 18th century, its main objective is to build, through missions, a network of researchers coming from the eleven partner institutions in Europe, Africa and the Americas.<\/p>\n\n\n\n<div class=\"wp-block-separator has-alpha-channel-opacity is-style-wide\" style=\"margin-top:var(--wp--preset--spacing--40);margin-bottom:var(--wp--preset--spacing--40)\"><\/div>\n\n\n\n<div class=\"wp-block-columns is-layout-flex wp-container-core-columns-is-layout-9d6595d7 wp-block-columns-is-layout-flex\">\n<div class=\"wp-block-column is-layout-flow wp-block-column-is-layout-flow\">\n<h6 class=\"wp-block-heading has-theme-palette-12-color has-text-color has-link-color has-small-font-size wp-elements-65bf88ba74cd27ece1be9080080fb6b0\">Direction<br><strong>Principal Investisseur :&nbsp;<\/strong>Prof. Jo\u00e3o Paulo Oliveira e Costa<br><strong>Coordinateur Scientifique :<\/strong>&nbsp;Cristina Brito<br><strong>Chef de projet :<\/strong>&nbsp;Patr\u00edcia Carvalho<\/h6>\n<\/div>\n\n\n\n<div class=\"wp-block-column is-layout-flow wp-block-column-is-layout-flow\">\n<p class=\"has-small-font-size\"><strong>How Eveha International Participates<br><\/strong>Research stays Underwater archaeology Archaeological excavations <br>Project development Scientific communication Scientific <br>paper publishing<\/p>\n<\/div>\n\n\n\n<div class=\"wp-block-column is-layout-flow wp-block-column-is-layout-flow\">\n<p class=\"has-small-font-size\"><strong>Localisation<\/strong> <br>Concha Project (Colombie, Irlande, Cap Vert, Espagne)<\/p>\n<\/div>\n<\/div>\n\n\n\n<div class=\"wp-block-separator has-text-color has-theme-palette-12-color has-alpha-channel-opacity has-theme-palette-12-background-color has-background is-style-wide\" style=\"margin-top:var(--wp--preset--spacing--60);margin-bottom:var(--wp--preset--spacing--60)\"><\/div>\n\n\n\n<p class=\"has-small-font-size\"><strong>Project presentation<\/strong><br>The Concha project brings together about fifty researchers around a broad theme: the multiple development modalities of port cities on the Atlantic fringe, mainly from the end of the 15th to the 18th century. In this approach, the study of the construction of an Atlantic area is linked to the environmental and economic contexts on a local, regional and even global scale. This research involves the analysis of historical, geomorphological, environmental and archaeological data.<br><br>Several locations were chosen for the meetings and case studies: Cape Verde, Azores, Sao Tome and Principe, Seville, Lisbon, Dublin, France, Colombia and Brazil. Some sites have been selected on the basis of their importance in the circulation networks of people, resources and knowledge during the ancient periods. Others house research structures that can help ensure the smooth running of this vast project.<br><br>In addition to offering researchers an inter-institutional exchange network, the Concha project also focuses on the training of the staff from the various institutions involved in the project, on the outreach to various audiences (exhibitions, conferences, workshops), as well as on the heritage protection reinforcement of each site.<br><br>\u201cThis project has received funding from the EU H2020-MSCA-RISE-2017 research and innovation programme under grant agreement No 777998.\u201d<\/p>\n\n\n\n<div class=\"wp-block-separator has-alpha-channel-opacity is-style-wide\" style=\"margin-top:var(--wp--preset--spacing--60);margin-bottom:var(--wp--preset--spacing--60)\"><\/div>\n\n\n\n<div class=\"wp-block-columns is-layout-flex wp-container-core-columns-is-layout-9d6595d7 wp-block-columns-is-layout-flex\">\n<div class=\"wp-block-column is-layout-flow wp-block-column-is-layout-flow\">\n<p class=\"has-small-font-size\"><strong>Partners<\/strong> <br>CHAM\u00a0: Facult\u00e9 des Sciences Sociales et Humaines<br>NOVA FCSH \/ Portugal<br>APCM \u2013 Association pour les Sciences de la Mer \/ Portugal<br>OMA\u00a0: Observatoire de la Mer des A\u00e7ores \/ Portugal<br>UPO\u00a0: Universit\u00e9 Pablo Olavide \/ Espagne<br>Trinity Coll\u00e8ge Dublin \/ Irlande<br>\u00c9veha International \/ France<br>IPC\u00a0: Institut du Patrimoine Culturel \/ Cap Vert<br>MARAPA \u2013 Mer, Environnement et P\u00eache Artisanale \/ S\u00e3o Tom\u00e9 &amp; Pr\u00edncipe<br>Universit\u00e9 du Nord \/ Colombie<br>Universit\u00e9 F\u00e9d\u00e9rale de Sergipe \/ Br\u00e9sil<br>Old Dominion Universit\u00e9 \/ USA<\/p>\n<\/div>\n\n\n\n<div class=\"wp-block-column is-layout-flow wp-block-column-is-layout-flow\"><\/div>\n\n\n\n<div class=\"wp-block-column is-layout-flow wp-block-column-is-layout-flow\">\n<p class=\"has-theme-palette-11-color has-text-color has-link-color has-small-font-size wp-elements-004162750b7fff54da962aebb8d4924c\"><strong>Links<\/strong> :<br><a href=\"http:\/\/www.cham.fcsh.unl.pt\/ext\/concha\/index.html\" target=\"_blank\" rel=\"noreferrer noopener\">Concha<\/a><br><a href=\"http:\/\/www.cham.fcsh.unl.pt\/pr_descricao.aspx?ProId=70\" target=\"_blank\" rel=\"noreferrer noopener\">Projet Concha<\/a><br><a href=\"https:\/\/www.facebook.com\/groups\/conchaproject\/?jazoest=265100120120567580778710010811911799115671167510711810611511789731228745705411578109708511056103827810110656865481586510011983831061001124572856510011167709786109485654103114821181141165267119484850877380117541077811382119112119\" target=\"_blank\" rel=\"noreferrer noopener\">Facebook Concha<\/a><br><a href=\"https:\/\/www.facebook.com\/cham.fcsh.nova.uac\/?__tn__=kCH-R&amp;eid=ARCsxVFFNCMERHiBedKLS-wb95GMspilUG1SRo4IcxUwdfX-d853Bus2H4JGey1QoA4kI3LF65LwjHwz&amp;hc_ref=ARQpAJK-H6Odf4XwliGlK68593eMcRs-QEUTcXHOIlhIOMqgdbYQ05LSvjMSaJ11hU0&amp;fref=nf&amp;__xts__[0]=68.ARDR6_hyaaFMcG3xAlZoYXGQi2xNg1C-_vu7g8vYYWa2i_EcXfKcIdPXNGfJFbI_QLWoVWeZBZ2VE1gkzHfvPzaDozUrniU-803TN_9Ho5IJqAei7UU8OJoPT_IBFT-hwCnYJIkLATfkRmHj4S6BYxcFuUI72xeLeH8jWIdqH8EQsdeJjUiP9FOVpEWOYPyytHuUsnP-kEg8cmAAjpqmnRVcBGB8adPJHJAeZgRQv0oBUYDWqxEfv9p-_pXq8Y6uD5XF6WSrF8ndLzJwFlLR185ufplaMmoD0JOqjSwNGF9Yu9KuVbmkh5E6h6G2xYnUU8E9pw\" target=\"_blank\" rel=\"noreferrer noopener\">Facebook CHAM<\/a><\/p>\n<\/div>\n<\/div>\n\n\n\n<div class=\"wp-block-separator has-alpha-channel-opacity is-style-wide\" style=\"margin-top:var(--wp--preset--spacing--60);margin-bottom:var(--wp--preset--spacing--60)\"><\/div>\n\n\n\n<h2 class=\"wp-block-heading\">The excavation campaigns (by year)<\/h2>\n\n\n<ul style=\"padding-top:0;padding-bottom:0;padding-left:0;padding-right:0;\" class=\"wp-block-latest-posts__list is-grid columns-4 has-link-color wp-elements-c39ef58570bfe6b4fa8c67107fef6b84 wp-block-latest-posts has-text-color has-theme-palette-12-color has-small-font-size\"><li><div class=\"wp-block-latest-posts__featured-image\"><a href=\"https:\/\/eveha-international.com\/?p=4687&#038;lang=en\" aria-label=\"Concha &#8211; Cape Verde\"><img loading=\"lazy\" decoding=\"async\" width=\"410\" height=\"312\" src=\"https:\/\/eveha-international.com\/wp-content\/uploads\/2019\/01\/Concha-chapeau_Small.jpeg\" class=\"attachment-large size-large wp-post-image\" alt=\"\" style=\"\" srcset=\"https:\/\/eveha-international.com\/wp-content\/uploads\/2019\/01\/Concha-chapeau_Small.jpeg 410w, https:\/\/eveha-international.com\/wp-content\/uploads\/2019\/01\/Concha-chapeau_Small-300x228.jpeg 300w\" sizes=\"auto, (max-width: 410px) 100vw, 410px\" \/><\/a><\/div><a class=\"wp-block-latest-posts__post-title\" href=\"https:\/\/eveha-international.com\/?p=4687&#038;lang=en\">Concha &#8211; Cape Verde<\/a><\/li>\n<li><div class=\"wp-block-latest-posts__featured-image\"><a href=\"https:\/\/eveha-international.com\/?p=4533&#038;lang=en\" aria-label=\"Concha &#8211; Colombia\"><img loading=\"lazy\" decoding=\"async\" width=\"770\" height=\"485\" src=\"https:\/\/eveha-international.com\/wp-content\/uploads\/2020\/07\/concha_colombie_small.jpg\" class=\"attachment-large size-large wp-post-image\" alt=\"\" style=\"\" srcset=\"https:\/\/eveha-international.com\/wp-content\/uploads\/2020\/07\/concha_colombie_small.jpg 770w, https:\/\/eveha-international.com\/wp-content\/uploads\/2020\/07\/concha_colombie_small-300x189.jpg 300w, https:\/\/eveha-international.com\/wp-content\/uploads\/2020\/07\/concha_colombie_small-768x484.jpg 768w\" sizes=\"auto, (max-width: 770px) 100vw, 770px\" \/><\/a><\/div><a class=\"wp-block-latest-posts__post-title\" href=\"https:\/\/eveha-international.com\/?p=4533&#038;lang=en\">Concha &#8211; Colombia<\/a><\/li>\n<li><div class=\"wp-block-latest-posts__featured-image\"><a href=\"https:\/\/eveha-international.com\/?p=4678&#038;lang=en\" aria-label=\"Concha &#8211; Seville\"><img loading=\"lazy\" decoding=\"async\" width=\"770\" height=\"485\" src=\"https:\/\/eveha-international.com\/wp-content\/uploads\/2019\/04\/Concha-chapeau_Small.jpeg\" class=\"attachment-large size-large wp-post-image\" alt=\"\" style=\"\" srcset=\"https:\/\/eveha-international.com\/wp-content\/uploads\/2019\/04\/Concha-chapeau_Small.jpeg 770w, https:\/\/eveha-international.com\/wp-content\/uploads\/2019\/04\/Concha-chapeau_Small-300x189.jpeg 300w, https:\/\/eveha-international.com\/wp-content\/uploads\/2019\/04\/Concha-chapeau_Small-768x484.jpeg 768w\" sizes=\"auto, (max-width: 770px) 100vw, 770px\" \/><\/a><\/div><a class=\"wp-block-latest-posts__post-title\" href=\"https:\/\/eveha-international.com\/?p=4678&#038;lang=en\">Concha &#8211; Seville<\/a><\/li>\n<li><div class=\"wp-block-latest-posts__featured-image\"><a href=\"https:\/\/eveha-international.com\/?p=4548&#038;lang=en\" aria-label=\"Concha-Irland\"><img loading=\"lazy\" decoding=\"async\" width=\"770\" height=\"485\" src=\"https:\/\/eveha-international.com\/wp-content\/uploads\/2020\/04\/concha_irlande_small.jpg\" class=\"attachment-large size-large wp-post-image\" alt=\"\" style=\"\" srcset=\"https:\/\/eveha-international.com\/wp-content\/uploads\/2020\/04\/concha_irlande_small.jpg 770w, https:\/\/eveha-international.com\/wp-content\/uploads\/2020\/04\/concha_irlande_small-300x189.jpg 300w, https:\/\/eveha-international.com\/wp-content\/uploads\/2020\/04\/concha_irlande_small-768x484.jpg 768w\" sizes=\"auto, (max-width: 770px) 100vw, 770px\" \/><\/a><\/div><a class=\"wp-block-latest-posts__post-title\" href=\"https:\/\/eveha-international.com\/?p=4548&#038;lang=en\">Concha-Irland<\/a><\/li>\n<\/ul>\n\n\n<p><\/p>\n","protected":false},"excerpt":{"rendered":"<p>The Concha European project (Marie Sk\u0142odowska-Curie Research and Innovation Staff Exchange &#8211; RISE) is supervised by the CHAM (NOVA FCSH-UAc University, Lisbon, Portugal). Focused on the study of the Atlantic area from the end of the 15th to the 18th century, its main objective is to build, through missions, a network of researchers coming from&#8230;<\/p>\n","protected":false},"author":4,"featured_media":3813,"parent":5095,"menu_order":0,"comment_status":"closed","ping_status":"closed","template":"","meta":{"inline_featured_image":false,"_kad_post_transparent":"","_kad_post_title":"","_kad_post_layout":"","_kad_post_sidebar_id":"","_kad_post_content_style":"","_kad_post_vertical_padding":"","_kad_post_feature":"","_kad_post_feature_position":"","_kad_post_header":false,"_kad_post_footer":false,"_kad_post_classname":"","footnotes":""},"class_list":["post-5161","page","type-page","status-publish","has-post-thumbnail","hentry"],"_links":{"self":[{"href":"https:\/\/eveha-international.com\/index.php?rest_route=\/wp\/v2\/pages\/5161","targetHints":{"allow":["GET"]}}],"collection":[{"href":"https:\/\/eveha-international.com\/index.php?rest_route=\/wp\/v2\/pages"}],"about":[{"href":"https:\/\/eveha-international.com\/index.php?rest_route=\/wp\/v2\/types\/page"}],"author":[{"embeddable":true,"href":"https:\/\/eveha-international.com\/index.php?rest_route=\/wp\/v2\/users\/4"}],"replies":[{"embeddable":true,"href":"https:\/\/eveha-international.com\/index.php?rest_route=%2Fwp%2Fv2%2Fcomments&post=5161"}],"version-history":[{"count":1,"href":"https:\/\/eveha-international.com\/index.php?rest_route=\/wp\/v2\/pages\/5161\/revisions"}],"predecessor-version":[{"id":5162,"href":"https:\/\/eveha-international.com\/index.php?rest_route=\/wp\/v2\/pages\/5161\/revisions\/5162"}],"up":[{"embeddable":true,"href":"https:\/\/eveha-international.com\/index.php?rest_route=\/wp\/v2\/pages\/5095"}],"wp:featuredmedia":[{"embeddable":true,"href":"https:\/\/eveha-international.com\/index.php?rest_route=\/wp\/v2\/media\/3813"}],"wp:attachment":[{"href":"https:\/\/eveha-international.com\/index.php?rest_route=%2Fwp%2Fv2%2Fmedia&parent=5161"}],"curies":[{"name":"wp","href":"https:\/\/api.w.org\/{rel}","templated":true}]}}