{"id":5169,"date":"2026-02-24T16:25:35","date_gmt":"2026-02-24T15:25:35","guid":{"rendered":"https:\/\/eveha-international.com\/?page_id=5169"},"modified":"2026-02-24T16:25:35","modified_gmt":"2026-02-24T15:25:35","slug":"dadan","status":"publish","type":"page","link":"https:\/\/eveha-international.com\/?page_id=5169&lang=en","title":{"rendered":"Dadan"},"content":{"rendered":"\n<p class=\"has-text-align-left has-small-font-size\">Located in northern Saudi Arabia, the site of Dadan is the subject of a new research program led by J\u00e9r\u00f4me Rohmer (CNRS-UMR 8167 Orient &amp; M\u00e9diterran\u00e9e) and Abdulrahman Alsuhaibani (King Saud University-RCU).<\/p>\n\n\n\n<div class=\"wp-block-separator has-alpha-channel-opacity is-style-wide\" style=\"margin-top:var(--wp--preset--spacing--40);margin-bottom:var(--wp--preset--spacing--40)\"><\/div>\n\n\n\n<div class=\"wp-block-columns is-layout-flex wp-container-core-columns-is-layout-9d6595d7 wp-block-columns-is-layout-flex\">\n<div class=\"wp-block-column is-layout-flow wp-block-column-is-layout-flow\">\n<h6 class=\"wp-block-heading has-theme-palette-12-color has-text-color has-link-color has-small-font-size wp-elements-a6dcd08e4809579235b4da3304323fd6\">Direction<br><strong>J\u00e9r\u00f4me Rohmer&nbsp;<\/strong>(CNRS-UMR 8167 <br>Orient et M\u00e9diterran\u00e9e)<br><strong>Abdulrahman Alsuhaibani<\/strong>&nbsp;<br>(King Saud University-RCU)<\/h6>\n<\/div>\n\n\n\n<div class=\"wp-block-column is-layout-flow wp-block-column-is-layout-flow\">\n<p class=\"has-small-font-size\"><strong>How Eveha International Participates<br><\/strong>Archaeological investigations<\/p>\n<\/div>\n\n\n\n<div class=\"wp-block-column is-layout-flow wp-block-column-is-layout-flow\">\n<p class=\"has-small-font-size\"><strong>Localisation<\/strong> <br>Saudi Arabia<\/p>\n<\/div>\n<\/div>\n\n\n\n<div class=\"wp-block-separator has-text-color has-theme-palette-12-color has-alpha-channel-opacity has-theme-palette-12-background-color has-background is-style-wide\" style=\"margin-top:var(--wp--preset--spacing--60);margin-bottom:var(--wp--preset--spacing--60)\"><\/div>\n\n\n\n<p class=\"has-small-font-size\">Coming soon.<\/p>\n\n\n\n<div class=\"wp-block-separator has-alpha-channel-opacity is-style-wide\" style=\"margin-top:var(--wp--preset--spacing--60);margin-bottom:var(--wp--preset--spacing--60)\"><\/div>\n\n\n\n<h2 class=\"wp-block-heading\">The excavation campaigns (by years)<\/h2>\n\n\n<ul style=\"padding-top:0;padding-bottom:0;padding-left:0;padding-right:0;\" class=\"wp-block-latest-posts__list is-grid columns-4 has-link-color wp-elements-2ae76f950efc16c0edce6890608d4275 wp-block-latest-posts has-text-color has-theme-palette-12-color has-small-font-size\"><\/ul>","protected":false},"excerpt":{"rendered":"<p>Located in northern Saudi Arabia, the site of Dadan is the subject of a new research program led by J\u00e9r\u00f4me Rohmer (CNRS-UMR 8167 Orient &amp; M\u00e9diterran\u00e9e) and Abdulrahman Alsuhaibani (King Saud University-RCU). DirectionJ\u00e9r\u00f4me Rohmer&nbsp;(CNRS-UMR 8167 Orient et M\u00e9diterran\u00e9e)Abdulrahman Alsuhaibani&nbsp;(King Saud University-RCU) How Eveha International ParticipatesArchaeological investigations Localisation Saudi Arabia Coming soon. The excavation campaigns (by&#8230;<\/p>\n","protected":false},"author":4,"featured_media":3702,"parent":5095,"menu_order":0,"comment_status":"closed","ping_status":"closed","template":"","meta":{"inline_featured_image":false,"_kad_post_transparent":"","_kad_post_title":"","_kad_post_layout":"","_kad_post_sidebar_id":"","_kad_post_content_style":"","_kad_post_vertical_padding":"","_kad_post_feature":"","_kad_post_feature_position":"","_kad_post_header":false,"_kad_post_footer":false,"_kad_post_classname":"","footnotes":""},"class_list":["post-5169","page","type-page","status-publish","has-post-thumbnail","hentry"],"_links":{"self":[{"href":"https:\/\/eveha-international.com\/index.php?rest_route=\/wp\/v2\/pages\/5169","targetHints":{"allow":["GET"]}}],"collection":[{"href":"https:\/\/eveha-international.com\/index.php?rest_route=\/wp\/v2\/pages"}],"about":[{"href":"https:\/\/eveha-international.com\/index.php?rest_route=\/wp\/v2\/types\/page"}],"author":[{"embeddable":true,"href":"https:\/\/eveha-international.com\/index.php?rest_route=\/wp\/v2\/users\/4"}],"replies":[{"embeddable":true,"href":"https:\/\/eveha-international.com\/index.php?rest_route=%2Fwp%2Fv2%2Fcomments&post=5169"}],"version-history":[{"count":1,"href":"https:\/\/eveha-international.com\/index.php?rest_route=\/wp\/v2\/pages\/5169\/revisions"}],"predecessor-version":[{"id":5170,"href":"https:\/\/eveha-international.com\/index.php?rest_route=\/wp\/v2\/pages\/5169\/revisions\/5170"}],"up":[{"embeddable":true,"href":"https:\/\/eveha-international.com\/index.php?rest_route=\/wp\/v2\/pages\/5095"}],"wp:featuredmedia":[{"embeddable":true,"href":"https:\/\/eveha-international.com\/index.php?rest_route=\/wp\/v2\/media\/3702"}],"wp:attachment":[{"href":"https:\/\/eveha-international.com\/index.php?rest_route=%2Fwp%2Fv2%2Fmedia&parent=5169"}],"curies":[{"name":"wp","href":"https:\/\/api.w.org\/{rel}","templated":true}]}}