{"id":5193,"date":"2026-02-24T17:22:46","date_gmt":"2026-02-24T16:22:46","guid":{"rendered":"https:\/\/eveha-international.com\/?page_id=5193"},"modified":"2026-02-24T17:23:32","modified_gmt":"2026-02-24T16:23:32","slug":"enfeh","status":"publish","type":"page","link":"https:\/\/eveha-international.com\/?page_id=5193&lang=en","title":{"rendered":"Enfeh"},"content":{"rendered":"\n<p class=\"has-text-align-left has-small-font-size\">Since 2013, a team led by Dominque Parayre, Professor Emeritus at Lille 3 University (UMR 7041 ArScAn, VEPMO team (Du village \u00e0 l&rsquo;\u00e9tat au Proche et au Moyen-Orient), Maison de l&rsquo;Arch\u00e9ologie et de l&rsquo;Ethnologie, 92 Nanterre, France) has taken part in the Mission Arch\u00e9ologique d&rsquo;Enfeh, directed by Nadine Panayot-Haroun (head of the Department of Archaeology and Museology of the University of Balamand).<\/p>\n\n\n\n<div class=\"wp-block-separator has-alpha-channel-opacity is-style-wide\" style=\"margin-top:var(--wp--preset--spacing--40);margin-bottom:var(--wp--preset--spacing--40)\"><\/div>\n\n\n\n<div class=\"wp-block-columns is-layout-flex wp-container-core-columns-is-layout-9d6595d7 wp-block-columns-is-layout-flex\">\n<div class=\"wp-block-column is-layout-flow wp-block-column-is-layout-flow\">\n<h6 class=\"wp-block-heading has-theme-palette-12-color has-text-color has-link-color has-small-font-size wp-elements-e3844b9b78b6d5734071e723d24e91a0\">Direction<br><strong>Nadine Panayot-Haroun<\/strong>, director of the Department of Archaeology and Museology (DAM), University of Balamand, Lebanon<br><strong>Dominique Parayre<\/strong>, Professor Emeritus, UMR 7041 ArScAn, VEPMO team (Du village \u00e0 l\u2019\u00e9tat au Proch et au Moyen-Orient), Maison de l\u2019Arch\u00e9ologie et de l\u2019Ethnologie (MAE), Nanterre, France<\/h6>\n<\/div>\n\n\n\n<div class=\"wp-block-column is-layout-flow wp-block-column-is-layout-flow\">\n<p class=\"has-small-font-size\"><strong>How Eveha International Participates<br><\/strong>Topography<\/p>\n<\/div>\n\n\n\n<div class=\"wp-block-column is-layout-flow wp-block-column-is-layout-flow\">\n<p class=\"has-small-font-size\"><strong>Localisation<\/strong> <br>Lebanon<\/p>\n<\/div>\n<\/div>\n\n\n\n<div class=\"wp-block-separator has-text-color has-theme-palette-12-color has-alpha-channel-opacity has-theme-palette-12-background-color has-background is-style-wide\" style=\"margin-top:var(--wp--preset--spacing--60);margin-bottom:var(--wp--preset--spacing--60)\"><\/div>\n\n\n\n<p class=\"has-small-font-size\"><strong>Location and historical summary<\/strong><br>Situated 15 km south of Tripoli, the town of Enfeh belongs to one of the least-known regions of northern Lebanon. This area, still preserved from the massive urbanisation of the country, comprises a narrow coastal strip and an inland region of rolling hills which run to the foothills of Mount Lebanon. The coast is marked by a headland 400 m long and 100 m wide, at the south end of which lies the old centre of the modern town.<br><br>Although Enfeh is mentioned in historical texts as having existed in the Late Bronze Age under the name of Ambi and later in the 7th century BC as Ampa, neither survey nor excavations have yet enabled us to identify the location of those sites. However, though no ancient texts mention the site during the classical era, many remains found during excavation and survey attest to the site\u2019s importance between the Hellenistic and Byzantine periods.<br><br>During the Crusades, the promontory which juts out into the sea was transformed into a fortress and the lordship of Nehpin or Anafa, under the rule of the County of Tripoli, was known for its wine. The fortress was captured in 1289 and then gradually demolished (all that remains today are a section of wall and two rock-cut ditches which cut across the headland).<br><br>The first saltworks at Enfeh, whose salt is among the most renowned in Lebanon, appeared in the Ottoman period and these developed under the French Mandate, to such an extent that they covered virtually all of the headland and several areas along the coast and further inland.<br><br><strong>Research history<\/strong><br>Since 2012, the University of Balamand, under the direction of Nadine Panayot-Haroun, has run the Mission Arch\u00e9ologique d\u2019Enfeh, whose aim is to produce an archaeological map of the town and its surrounding area, as well as the excavation of part of the rocky promontory that characterises the town\u2019s shore. Since 2013, a French team led by Dominique Parayre (MAE Ren\u00e9-Ginouv\u00e8s) has taken part in the project.<br><br>Archaeological excavations conducted on the Enfeh headland have so far revealed cisterns from the Byzantine period and some remains of the Medieval fortress, in the form of rock-cut features and two levels of conserved floors dating to the 13th century. No traces of earlier occupations were found however, except in the fill layers. Survey of the shoreline and of several undeveloped hills further inland revealed a number of sites dating from the Byzantine and Modern periods, but no conclusive evidence of an earlier settlement.<\/p>\n\n\n\n<div class=\"wp-block-separator has-alpha-channel-opacity is-style-wide\" style=\"margin-top:var(--wp--preset--spacing--60);margin-bottom:var(--wp--preset--spacing--60)\"><\/div>\n\n\n\n<div class=\"wp-block-columns is-layout-flex wp-container-core-columns-is-layout-9d6595d7 wp-block-columns-is-layout-flex\">\n<div class=\"wp-block-column is-layout-flow wp-block-column-is-layout-flow\">\n<p class=\"has-small-font-size\"><strong>Partners<\/strong> <br>French Ministry of Foreign Affairs and International Development<br>CNRS\/University of Paris 1, UMR 7041 ArScAn, VEPMO team<br>University of Balamand<br>IFPO Beirut (Institut Fran\u00e7ais du Proche-Orient)<\/p>\n<\/div>\n\n\n\n<div class=\"wp-block-column is-layout-flow wp-block-column-is-layout-flow\"><\/div>\n\n\n\n<div class=\"wp-block-column is-layout-flow wp-block-column-is-layout-flow\"><\/div>\n<\/div>\n\n\n\n<div class=\"wp-block-separator has-alpha-channel-opacity is-style-wide\" style=\"margin-top:var(--wp--preset--spacing--60);margin-bottom:var(--wp--preset--spacing--60)\"><\/div>\n\n\n\n<h2 class=\"wp-block-heading\">Campagnes <\/h2>\n\n\n<ul style=\"padding-top:0;padding-bottom:0;padding-left:0;padding-right:0;\" class=\"wp-block-latest-posts__list is-grid columns-4 has-link-color wp-elements-3c902db030778d9623cd3b9c154ced42 wp-block-latest-posts has-text-color has-theme-palette-12-color has-small-font-size\"><li><div class=\"wp-block-latest-posts__featured-image\"><a href=\"https:\/\/eveha-international.com\/?p=4953&#038;lang=en\" aria-label=\"Enfeh &#8211; 2015\"><img loading=\"lazy\" decoding=\"async\" width=\"770\" height=\"485\" src=\"https:\/\/eveha-international.com\/wp-content\/uploads\/2016\/07\/enfeh_2015_small.jpg\" class=\"attachment-large size-large wp-post-image\" alt=\"\" style=\"\" srcset=\"https:\/\/eveha-international.com\/wp-content\/uploads\/2016\/07\/enfeh_2015_small.jpg 770w, https:\/\/eveha-international.com\/wp-content\/uploads\/2016\/07\/enfeh_2015_small-300x189.jpg 300w\" sizes=\"auto, (max-width: 770px) 100vw, 770px\" \/><\/a><\/div><a class=\"wp-block-latest-posts__post-title\" href=\"https:\/\/eveha-international.com\/?p=4953&#038;lang=en\">Enfeh &#8211; 2015<\/a><\/li>\n<\/ul>","protected":false},"excerpt":{"rendered":"<p>Since 2013, a team led by Dominque Parayre, Professor Emeritus at Lille 3 University (UMR 7041 ArScAn, VEPMO team (Du village \u00e0 l&rsquo;\u00e9tat au Proche et au Moyen-Orient), Maison de l&rsquo;Arch\u00e9ologie et de l&rsquo;Ethnologie, 92 Nanterre, France) has taken part in the Mission Arch\u00e9ologique d&rsquo;Enfeh, directed by Nadine Panayot-Haroun (head of the Department of Archaeology&#8230;<\/p>\n","protected":false},"author":4,"featured_media":4002,"parent":5095,"menu_order":0,"comment_status":"closed","ping_status":"closed","template":"","meta":{"inline_featured_image":false,"_kad_post_transparent":"","_kad_post_title":"","_kad_post_layout":"","_kad_post_sidebar_id":"","_kad_post_content_style":"","_kad_post_vertical_padding":"","_kad_post_feature":"","_kad_post_feature_position":"","_kad_post_header":false,"_kad_post_footer":false,"_kad_post_classname":"","footnotes":""},"class_list":["post-5193","page","type-page","status-publish","has-post-thumbnail","hentry"],"_links":{"self":[{"href":"https:\/\/eveha-international.com\/index.php?rest_route=\/wp\/v2\/pages\/5193","targetHints":{"allow":["GET"]}}],"collection":[{"href":"https:\/\/eveha-international.com\/index.php?rest_route=\/wp\/v2\/pages"}],"about":[{"href":"https:\/\/eveha-international.com\/index.php?rest_route=\/wp\/v2\/types\/page"}],"author":[{"embeddable":true,"href":"https:\/\/eveha-international.com\/index.php?rest_route=\/wp\/v2\/users\/4"}],"replies":[{"embeddable":true,"href":"https:\/\/eveha-international.com\/index.php?rest_route=%2Fwp%2Fv2%2Fcomments&post=5193"}],"version-history":[{"count":2,"href":"https:\/\/eveha-international.com\/index.php?rest_route=\/wp\/v2\/pages\/5193\/revisions"}],"predecessor-version":[{"id":5195,"href":"https:\/\/eveha-international.com\/index.php?rest_route=\/wp\/v2\/pages\/5193\/revisions\/5195"}],"up":[{"embeddable":true,"href":"https:\/\/eveha-international.com\/index.php?rest_route=\/wp\/v2\/pages\/5095"}],"wp:featuredmedia":[{"embeddable":true,"href":"https:\/\/eveha-international.com\/index.php?rest_route=\/wp\/v2\/media\/4002"}],"wp:attachment":[{"href":"https:\/\/eveha-international.com\/index.php?rest_route=%2Fwp%2Fv2%2Fmedia&parent=5193"}],"curies":[{"name":"wp","href":"https:\/\/api.w.org\/{rel}","templated":true}]}}