{"id":5213,"date":"2026-02-25T10:09:00","date_gmt":"2026-02-25T09:09:00","guid":{"rendered":"https:\/\/eveha-international.com\/?page_id=5213"},"modified":"2026-02-25T10:55:53","modified_gmt":"2026-02-25T09:55:53","slug":"hegra","status":"publish","type":"page","link":"https:\/\/eveha-international.com\/?page_id=5213&lang=en","title":{"rendered":"Hegra"},"content":{"rendered":"\n<p class=\"has-text-align-left has-small-font-size\">\u00c9veha International participates in research on the site of Mada&rsquo;in Saleh, Saudi Arabia. This project is directed by L.Nehm\u00e9 (CNRS &#8211; UMR 8167 Orient &amp; M\u00e9diterran\u00e9e), D. Al-Tahli (University of Hail, Saudi Arabia) and F. Villeneuve (University of Paris 1-Panth\u00e9on-Sorbonne) and takes place under the auspices of the French Ministry of Foreign Affairs and International Development and the Saudi Commission for Tourism and National Heritage.<\/p>\n\n\n\n<div class=\"wp-block-separator has-alpha-channel-opacity is-style-wide\" style=\"margin-top:var(--wp--preset--spacing--40);margin-bottom:var(--wp--preset--spacing--40)\"><\/div>\n\n\n\n<div class=\"wp-block-columns is-layout-flex wp-container-core-columns-is-layout-9d6595d7 wp-block-columns-is-layout-flex\">\n<div class=\"wp-block-column is-layout-flow wp-block-column-is-layout-flow\">\n<h6 class=\"wp-block-heading has-theme-palette-12-color has-text-color has-link-color has-small-font-size wp-elements-5d67fe21b929d70285d0491776c0f22b\">Direction<br><strong>La\u00efla Nehm\u00e9<\/strong>&nbsp;(CNRS \u2013 UMR 8167 Orient &amp; M\u00e9diterran\u00e9e)<br><strong>Daifallah Al-Tahli<\/strong>&nbsp;(University of Hail, Saudi Arabia)<br><strong>Fran\u00e7ois Villeneuve<\/strong>&nbsp;(University of Paris 1 Panth\u00e9on-Sorbonne- UMR 7041 ArScAn)<\/h6>\n<\/div>\n\n\n\n<div class=\"wp-block-column is-layout-flow wp-block-column-is-layout-flow\">\n<p class=\"has-small-font-size\"><strong>How Eveha International Participates<br><\/strong>Participation in archaeological excavations<\/p>\n<\/div>\n\n\n\n<div class=\"wp-block-column is-layout-flow wp-block-column-is-layout-flow\">\n<p class=\"has-small-font-size\"><strong>Localisation<\/strong> <br>Saudi Arabia<\/p>\n<\/div>\n<\/div>\n\n\n\n<div class=\"wp-block-separator has-text-color has-theme-palette-12-color has-alpha-channel-opacity has-theme-palette-12-background-color has-background is-style-wide\" style=\"margin-top:var(--wp--preset--spacing--60);margin-bottom:var(--wp--preset--spacing--60)\"><\/div>\n\n\n\n<p class=\"has-small-font-size\"><strong>Location and historical summary<\/strong><br>The archaeological site of Mada\u2019in Saleh (known as Hegra in ancient times), is situated in the north-west of Saudi Arabia, in an arid region punctuated by several oases. Occupation in the urban part of the site began in the 5th century BC, when the oasis may have belonged to the kingdom of Lihyan, whose capital was Dedan (modern-day Al-\u2018Ula), located approximately 20km further south. However, it was during the Nabataean period that the town flourished. Along with Petra, in Jordan, it was one of the most important towns of the Nabataean kingdom, guarding its southern border. Many Nabataean merchants made their fortunes as intermediaries between the south of the Arabian Peninsula and the Mediterranean world. The impressive rock-cut tombs, which have many features in common with those at Petra, are the most visible surviving evidence of this wealth. They were carved into the rock in the 1st century AD.<br><br>In 106 AD the town became part of the Roman province of Arabia Petraea, created by Trajan from the Nabataean kingdom. The town walls were repaired at this time, but the Roman settlement does not appear to have lasted beyond the 3rd century and the town is then gradually abandoned over a long period. However, Arabic inscriptions from the first two centuries after the Hijrah indicate the presence of people in the early Islamic period.<br><br>During the Middle Ages, the town, emptied of its inhabitants, served predominantly as a camp site, populated by ruins. Ibn Battuta, travelling towards Mecca in the 14th century, mentions \u201c\u2026the home of the Thamud, cut into the mountains of red sandstone, with sculpted thresholds and which look as though they were built recently. The decayed bones are inside these houses\u201d. Some scholars interpret this as a reference to the Mada\u2019in Saleh tombs. In the mid-18th century, a small Ottoman fort was constructed on the site, to protect the route of the Hajj.<br><br><strong>Research history<\/strong><br>The site was visited by travellers interested in Antiquity from the 19th century onwards, and some epigraphical and archaeological research was carried out in the early 20th century, in particular the remarkable and substantial work by Antonin Jaussen and Rapha\u00ebl Savignac, Dominicans from the \u00c9cole Biblique of Jerusalem. Only the remains visible on the surface were described, however. The site was listed by the Saudi authorities in the 1970s and a fence constructed to protect it. In 2002, the Mission arch\u00e9ologique de Mada\u2019in Salih (Mada\u2019in Saleh archaeological project) was set up by the French Ministry of Foreign Affairs in partnership with the Saudi authorities and in 2008, the site was inscribed as a UNESCO World Heritage Site. Two research programmes followed, from 2002 to 2006 and then from 2008 to 2013. A third programme has been under way since 2014. These have involved field survey and excavation of many features, epigraphical and archaeological, with a particular focus on the tombs, sanctuaries, rampart, houses etc.<\/p>\n\n\n\n<div class=\"wp-block-separator has-alpha-channel-opacity is-style-wide\" style=\"margin-top:var(--wp--preset--spacing--60);margin-bottom:var(--wp--preset--spacing--60)\"><\/div>\n\n\n\n<div class=\"wp-block-columns is-layout-flex wp-container-core-columns-is-layout-9d6595d7 wp-block-columns-is-layout-flex\">\n<div class=\"wp-block-column is-layout-flow wp-block-column-is-layout-flow\">\n<p class=\"has-small-font-size\"><strong>Partners<\/strong> <br>French Ministry of Foreign Affairs and International Development<br>Saudi Commission for Tourism and National Heritage (SCTH)<br>CNRS, UMR 8167 and UMR 7041<br>University of Paris 1 \u2013 Panth\u00e9on Sorbonne<br>LabEx RESMED<br>Institut fran\u00e7ais du Proche-Orient<\/p>\n<\/div>\n\n\n\n<div class=\"wp-block-column is-layout-flow wp-block-column-is-layout-flow\">\n<p class=\"has-theme-palette-11-color has-text-color has-link-color has-small-font-size wp-elements-9cb9b53049574bc3414a888bbd7eeae1\"><strong>Publications<\/strong> :<br>\u2022 Mission report 2015<br><a href=\"https:\/\/halshs.archives-ouvertes.fr\/halshs-01311865\">https:\/\/halshs.archives-ouvertes.fr\/halshs-01311865<\/a><br><br>\u2022 Mission report 2014<br><a href=\"https:\/\/halshs.archives-ouvertes.fr\/halshs-01122002\">https:\/\/halshs.archives-ouvertes.fr\/halshs-01122002<\/a><\/p>\n<\/div>\n\n\n\n<div class=\"wp-block-column is-layout-flow wp-block-column-is-layout-flow\">\n<p class=\"has-theme-palette-11-color has-text-color has-link-color has-small-font-size wp-elements-87cb8a9911349f5852b8274cbd9da9c0\"><strong>Links<\/strong> :<br><a href=\"http:\/\/www.orient-mediterranee.com\/spip.php?article1090\" target=\"_blank\" rel=\"noreferrer noopener\">Pr\u00e9sentation Orient &amp; M\u00e9diterran\u00e9e<\/a><br><a href=\"https:\/\/lejournal.cnrs.fr\/articles\/le-royaume-oublie-des-nabateens\" target=\"_blank\" rel=\"noreferrer noopener\">CNRS<\/a><br><a href=\"http:\/\/www.lemonde.fr\/sciences\/article\/2013\/03\/14\/la-resurrection-des-nabateens_1848641_1650684.html\" target=\"_blank\" rel=\"noreferrer noopener\">Le Monde newspaper<\/a><br><a href=\"https:\/\/www.u-paris10.fr\/unites-de-recherche\/umr-7041-archeologies-et-sciences-de-l-antiquite-arscan--221810.kjsp\" target=\"_blank\" rel=\"noreferrer noopener\">ArScAn presentation<\/a><\/p>\n<\/div>\n<\/div>\n\n\n\n<div class=\"wp-block-separator has-alpha-channel-opacity is-style-wide\" style=\"margin-top:var(--wp--preset--spacing--60);margin-bottom:var(--wp--preset--spacing--60)\"><\/div>\n\n\n\n<h2 class=\"wp-block-heading\">The excavation campaigns (by year)<\/h2>\n\n\n<ul style=\"padding-top:0;padding-bottom:0;padding-left:0;padding-right:0;\" class=\"wp-block-latest-posts__list is-grid columns-4 has-link-color wp-elements-6f20199b808d1b5d0221992e885338f9 wp-block-latest-posts has-text-color has-theme-palette-12-color has-small-font-size\"><li><div class=\"wp-block-latest-posts__featured-image\"><a href=\"https:\/\/eveha-international.com\/?p=4948&#038;lang=en\" aria-label=\"Hegra &#8211; 2016\"><img loading=\"lazy\" decoding=\"async\" width=\"770\" height=\"485\" src=\"https:\/\/eveha-international.com\/wp-content\/uploads\/2016\/10\/hegra_2016_small.jpg\" class=\"attachment-large size-large wp-post-image\" alt=\"\" style=\"\" srcset=\"https:\/\/eveha-international.com\/wp-content\/uploads\/2016\/10\/hegra_2016_small.jpg 770w, https:\/\/eveha-international.com\/wp-content\/uploads\/2016\/10\/hegra_2016_small-300x189.jpg 300w\" sizes=\"auto, (max-width: 770px) 100vw, 770px\" \/><\/a><\/div><a class=\"wp-block-latest-posts__post-title\" href=\"https:\/\/eveha-international.com\/?p=4948&#038;lang=en\">Hegra &#8211; 2016<\/a><\/li>\n<li><div class=\"wp-block-latest-posts__featured-image\"><a href=\"https:\/\/eveha-international.com\/?p=4718&#038;lang=en\" aria-label=\"Hegra &#8211; 2017\"><img loading=\"lazy\" decoding=\"async\" width=\"980\" height=\"268\" src=\"https:\/\/eveha-international.com\/wp-content\/uploads\/2018\/03\/hegra_2017_header-1024x280.jpg\" class=\"attachment-large size-large wp-post-image\" alt=\"\" style=\"\" srcset=\"https:\/\/eveha-international.com\/wp-content\/uploads\/2018\/03\/hegra_2017_header-1024x280.jpg 1024w, https:\/\/eveha-international.com\/wp-content\/uploads\/2018\/03\/hegra_2017_header-300x82.jpg 300w, https:\/\/eveha-international.com\/wp-content\/uploads\/2018\/03\/hegra_2017_header.jpg 2000w\" sizes=\"auto, (max-width: 980px) 100vw, 980px\" \/><\/a><\/div><a class=\"wp-block-latest-posts__post-title\" href=\"https:\/\/eveha-international.com\/?p=4718&#038;lang=en\">Hegra &#8211; 2017<\/a><\/li>\n<li><div class=\"wp-block-latest-posts__featured-image\"><a href=\"https:\/\/eveha-international.com\/?p=4540&#038;lang=en\" aria-label=\"Hegra &#8211; 2019\"><img loading=\"lazy\" decoding=\"async\" width=\"770\" height=\"485\" src=\"https:\/\/eveha-international.com\/wp-content\/uploads\/2020\/06\/hegra_2019_small.jpg\" class=\"attachment-large size-large wp-post-image\" alt=\"\" style=\"\" srcset=\"https:\/\/eveha-international.com\/wp-content\/uploads\/2020\/06\/hegra_2019_small.jpg 770w, https:\/\/eveha-international.com\/wp-content\/uploads\/2020\/06\/hegra_2019_small-300x189.jpg 300w, https:\/\/eveha-international.com\/wp-content\/uploads\/2020\/06\/hegra_2019_small-768x484.jpg 768w\" sizes=\"auto, (max-width: 770px) 100vw, 770px\" \/><\/a><\/div><a class=\"wp-block-latest-posts__post-title\" href=\"https:\/\/eveha-international.com\/?p=4540&#038;lang=en\">Hegra &#8211; 2019<\/a><\/li>\n<li><div class=\"wp-block-latest-posts__featured-image\"><a href=\"https:\/\/eveha-international.com\/?p=4538&#038;lang=en\" aria-label=\"Hegra &#8211; 2020\"><img loading=\"lazy\" decoding=\"async\" width=\"770\" height=\"485\" src=\"https:\/\/eveha-international.com\/wp-content\/uploads\/2020\/06\/hegra_2020_small.jpg\" class=\"attachment-large size-large wp-post-image\" alt=\"\" style=\"\" srcset=\"https:\/\/eveha-international.com\/wp-content\/uploads\/2020\/06\/hegra_2020_small.jpg 770w, https:\/\/eveha-international.com\/wp-content\/uploads\/2020\/06\/hegra_2020_small-300x189.jpg 300w, https:\/\/eveha-international.com\/wp-content\/uploads\/2020\/06\/hegra_2020_small-768x484.jpg 768w\" sizes=\"auto, (max-width: 770px) 100vw, 770px\" \/><\/a><\/div><a class=\"wp-block-latest-posts__post-title\" href=\"https:\/\/eveha-international.com\/?p=4538&#038;lang=en\">Hegra &#8211; 2020<\/a><\/li>\n<\/ul>\n\n\n<p><\/p>\n","protected":false},"excerpt":{"rendered":"<p>\u00c9veha International participates in research on the site of Mada&rsquo;in Saleh, Saudi Arabia. This project is directed by L.Nehm\u00e9 (CNRS &#8211; UMR 8167 Orient &amp; M\u00e9diterran\u00e9e), D. Al-Tahli (University of Hail, Saudi Arabia) and F. Villeneuve (University of Paris 1-Panth\u00e9on-Sorbonne) and takes place under the auspices of the French Ministry of Foreign Affairs and International&#8230;<\/p>\n","protected":false},"author":4,"featured_media":3984,"parent":5095,"menu_order":0,"comment_status":"closed","ping_status":"closed","template":"","meta":{"inline_featured_image":false,"_kad_post_transparent":"","_kad_post_title":"","_kad_post_layout":"","_kad_post_sidebar_id":"","_kad_post_content_style":"","_kad_post_vertical_padding":"","_kad_post_feature":"","_kad_post_feature_position":"","_kad_post_header":false,"_kad_post_footer":false,"_kad_post_classname":"","footnotes":""},"class_list":["post-5213","page","type-page","status-publish","has-post-thumbnail","hentry"],"_links":{"self":[{"href":"https:\/\/eveha-international.com\/index.php?rest_route=\/wp\/v2\/pages\/5213","targetHints":{"allow":["GET"]}}],"collection":[{"href":"https:\/\/eveha-international.com\/index.php?rest_route=\/wp\/v2\/pages"}],"about":[{"href":"https:\/\/eveha-international.com\/index.php?rest_route=\/wp\/v2\/types\/page"}],"author":[{"embeddable":true,"href":"https:\/\/eveha-international.com\/index.php?rest_route=\/wp\/v2\/users\/4"}],"replies":[{"embeddable":true,"href":"https:\/\/eveha-international.com\/index.php?rest_route=%2Fwp%2Fv2%2Fcomments&post=5213"}],"version-history":[{"count":2,"href":"https:\/\/eveha-international.com\/index.php?rest_route=\/wp\/v2\/pages\/5213\/revisions"}],"predecessor-version":[{"id":5227,"href":"https:\/\/eveha-international.com\/index.php?rest_route=\/wp\/v2\/pages\/5213\/revisions\/5227"}],"up":[{"embeddable":true,"href":"https:\/\/eveha-international.com\/index.php?rest_route=\/wp\/v2\/pages\/5095"}],"wp:featuredmedia":[{"embeddable":true,"href":"https:\/\/eveha-international.com\/index.php?rest_route=\/wp\/v2\/media\/3984"}],"wp:attachment":[{"href":"https:\/\/eveha-international.com\/index.php?rest_route=%2Fwp%2Fv2%2Fmedia&parent=5213"}],"curies":[{"name":"wp","href":"https:\/\/api.w.org\/{rel}","templated":true}]}}