{"id":5219,"date":"2026-02-25T10:19:28","date_gmt":"2026-02-25T09:19:28","guid":{"rendered":"https:\/\/eveha-international.com\/?page_id=5219"},"modified":"2026-02-25T10:55:11","modified_gmt":"2026-02-25T09:55:11","slug":"sai-island","status":"publish","type":"page","link":"https:\/\/eveha-international.com\/?page_id=5219&lang=en","title":{"rendered":"Sa\u00ef Island"},"content":{"rendered":"\n<p class=\"has-text-align-left has-small-font-size\">The island of Sa\u00ef preserves innumerable archaeological vestiges testifying to human occupations from the Palaeolithic to the modern period. Since the 1950s, teams of French archaeologists have contributed to their study. Under the direction of Vincent Francigny (CNRS, UMR 8167 Orient &amp; M\u00e9diterran\u00e9e) since 2015, the current mission focuses mainly on the Pharaonic period fortified city and several Meroitic necropolises.<\/p>\n\n\n\n<div class=\"wp-block-separator has-alpha-channel-opacity is-style-wide\" style=\"margin-top:var(--wp--preset--spacing--40);margin-bottom:var(--wp--preset--spacing--40)\"><\/div>\n\n\n\n<div class=\"wp-block-columns is-layout-flex wp-container-core-columns-is-layout-9d6595d7 wp-block-columns-is-layout-flex\">\n<div class=\"wp-block-column is-layout-flow wp-block-column-is-layout-flow\">\n<h6 class=\"wp-block-heading has-theme-palette-12-color has-text-color has-link-color has-small-font-size wp-elements-f9d8517b950602c9354215f271ef4aa8\">Direction<br><strong>Vincent Francigny<\/strong>&nbsp;(CNRS, <br>UMR 8167 Orient &amp; M\u00e9diterran\u00e9e)<\/h6>\n<\/div>\n\n\n\n<div class=\"wp-block-column is-layout-flow wp-block-column-is-layout-flow\">\n<p class=\"has-small-font-size\"><strong>How Eveha International Participates<br><\/strong>Archaeological field and lab research<\/p>\n<\/div>\n\n\n\n<div class=\"wp-block-column is-layout-flow wp-block-column-is-layout-flow\">\n<p class=\"has-small-font-size\"><strong>Localisation<\/strong> <br>Soudan<\/p>\n<\/div>\n<\/div>\n\n\n\n<div class=\"wp-block-separator has-text-color has-theme-palette-12-color has-alpha-channel-opacity has-theme-palette-12-background-color has-background is-style-wide\" style=\"margin-top:var(--wp--preset--spacing--60);margin-bottom:var(--wp--preset--spacing--60)\"><\/div>\n\n\n\n<p class=\"has-small-font-size\"><strong>Location and Historical Summary<\/strong><br><strong>Sai Island<\/strong> rises from the Nile in northern Sudan, approximately 200 kilometers from the modern border with Egypt\u2014a border that has remained largely unchanged for five millennia. Due to this strategic location, the island has played a vital role in Nubian history. It spans 10 kilometers from north to south and 4 kilometers from west to east, hosting a vast array of archaeological remains.<br><br>The earliest traces of human presence date back 300,000 years, with several <strong>Paleolithic<\/strong> occupation levels identified. The <strong>Mesolithic<\/strong> and <strong>Neolithic<\/strong> periods are represented by various settlement sites.<br><br>The <strong>Kerma civilization<\/strong> (2500\u20131500 BC) is distinguished by an immense tumulus necropolis containing thousands of burials, stretching from east to west in the southern part of the island. Some of the <strong>tumuli<\/strong> marking these graves measure up to 40 meters in diameter, indicating the presence of a significant local elite.<br><br>The island became an Egyptian colony at the beginning of the <strong>New Kingdom<\/strong> (c. 1500 BC). A fortified town, including a temple dedicated to the god Amun, was constructed. Egyptian administrative officials were buried on the island in collective vaulted tombs. These structures were often reused during the <strong>Napatan period<\/strong> (early 8th to the first half of the 3rd century BC), a period also documented by a cemetery located southwest of the town.<br><br>Five necropolises from the <strong>Meroitic era<\/strong> (mid-3rd century BC \u2013 mid-3rd century AD) have been identified. Scattered blocks also attest to the existence of a temple erected in the 1st century during the reign of King Natakamani and Queen (<strong>Candace<\/strong>) Amanitore, though its exact location has yet to be determined.<br><br>The subsequent \u00ab\u00a0Post-Meroitic\u00a0\u00bb period has also yielded burials. Sai Island became a <strong>bishopric<\/strong> in the mid-6th century, and the ruins of a church and annexed buildings are still visible today. Following the Christian period, the <strong>Ottomans<\/strong> settled on the island in the 16th century, establishing a garrison whose fortifications were built upon the remains of the Pharaonic town.<br><br><strong>Research History and Objectives<\/strong><br>A French archaeological mission has been active on the island since 1954. It was first led by <strong>Jean Vercoutter<\/strong>, who later became the first Director of Sudan&rsquo;s Antiquities Service. Over several campaigns, he carried out extensive excavation work on the Pharaonic town located on the eastern coast of the island. Since then, several French missions, sometimes involving international collaborations, have conducted research programs covering various historical periods.<br><br>The current mission, led since 2015 by <strong>Vincent Francigny<\/strong>, focuses its fieldwork on the excavation of the Pharaonic and medieval town, as well as two Meroitic elite necropolises, while studying and synthesizing data from previous decades.<br><br>Alongside the archaeological excavations, an <strong>on-site museum<\/strong> is currently under construction. It will allow local residents and visitors to discover the history of Sai through the ages. A major site protection program has also been established to preserve Sai\u2019s invaluable heritage.<\/p>\n\n\n\n<div class=\"wp-block-separator has-alpha-channel-opacity is-style-wide\" style=\"margin-top:var(--wp--preset--spacing--60);margin-bottom:var(--wp--preset--spacing--60)\"><\/div>\n\n\n\n<div class=\"wp-block-columns is-layout-flex wp-container-core-columns-is-layout-9d6595d7 wp-block-columns-is-layout-flex\">\n<div class=\"wp-block-column is-layout-flow wp-block-column-is-layout-flow\">\n<p class=\"has-small-font-size\" style=\"margin-top:0;margin-bottom:0;padding-top:0;padding-bottom:0\"><strong>Partners<\/strong> <br>Orient &amp; M\u00e9diterran\u00e9e (CNRS UMR 8167) https:\/\/www.orient-mediterranee.com\/<br>Section Fran\u00e7aise de la Direction des Antiquit\u00e9s du Soudan http:\/\/sfdas.com\/<br>National Corporation for Antiquities and Museums<br>Minist\u00e8re de l\u2019Europe et des Affaires \u00c9trang\u00e8res<br>Facult\u00e9 de m\u00e9decine de Marseille \u2013 Unit\u00e9 d\u2019anthropologie (CNRS UMR 7268 ADES)<br>University of Central Florida \u2013 Department of Anthropology https:\/\/sciences.ucf.edu\/anthropology\/<\/p>\n<\/div>\n\n\n\n<div class=\"wp-block-column is-layout-flow wp-block-column-is-layout-flow\"><\/div>\n\n\n\n<div class=\"wp-block-column is-layout-flow wp-block-column-is-layout-flow\">\n<p class=\"has-theme-palette-11-color has-text-color has-link-color has-small-font-size wp-elements-eacba7cbe3a64023a1537f40c017591b\"><strong>Links<\/strong> :<br><a href=\"http:\/\/sfdas.com\/fouilles-et-prospections\/fouilles-programmees-de-la-sfdas\/article\/sai\" target=\"_blank\" rel=\"noreferrer noopener\">SFDAS presentation website&nbsp;<\/a><br><a href=\"https:\/\/archeologie.culture.fr\/fr\/a-propos\/sai-ile-coeur-nubie\" target=\"_blank\" rel=\"noreferrer noopener\">Pr\u00e9sentation sur le site archeologie.culture.fr<\/a><br><a href=\"https:\/\/cnrs.academia.edu\/VincentFrancigny\" target=\"_blank\" rel=\"noreferrer noopener\">Vincent Francigny publications<\/a><\/p>\n<\/div>\n<\/div>\n\n\n\n<div class=\"wp-block-separator has-alpha-channel-opacity is-style-wide\" style=\"margin-top:var(--wp--preset--spacing--60);margin-bottom:var(--wp--preset--spacing--60)\"><\/div>\n\n\n\n<h2 class=\"wp-block-heading\">The excavation campaigns (by year)<\/h2>\n\n\n<ul style=\"padding-top:0;padding-bottom:0;padding-left:0;padding-right:0;\" class=\"wp-block-latest-posts__list is-grid columns-4 has-link-color wp-elements-55336749c355d9e9279dcbb3877ece63 wp-block-latest-posts has-text-color has-theme-palette-12-color has-small-font-size\"><li><div class=\"wp-block-latest-posts__featured-image\"><a href=\"https:\/\/eveha-international.com\/?p=4466&#038;lang=en\" aria-label=\"Sa\u00ef Island &#8211; 2021\"><img loading=\"lazy\" decoding=\"async\" width=\"980\" height=\"243\" src=\"https:\/\/eveha-international.com\/wp-content\/uploads\/2022\/01\/sai_2021_header-1024x254.jpg\" class=\"attachment-large size-large wp-post-image\" alt=\"\" style=\"\" srcset=\"https:\/\/eveha-international.com\/wp-content\/uploads\/2022\/01\/sai_2021_header-1024x254.jpg 1024w, https:\/\/eveha-international.com\/wp-content\/uploads\/2022\/01\/sai_2021_header-300x74.jpg 300w, https:\/\/eveha-international.com\/wp-content\/uploads\/2022\/01\/sai_2021_header-768x190.jpg 768w, https:\/\/eveha-international.com\/wp-content\/uploads\/2022\/01\/sai_2021_header-1536x381.jpg 1536w, https:\/\/eveha-international.com\/wp-content\/uploads\/2022\/01\/sai_2021_header.jpg 2000w\" sizes=\"auto, (max-width: 980px) 100vw, 980px\" \/><\/a><\/div><a class=\"wp-block-latest-posts__post-title\" href=\"https:\/\/eveha-international.com\/?p=4466&#038;lang=en\">Sa\u00ef Island &#8211; 2021<\/a><\/li>\n<li><div class=\"wp-block-latest-posts__featured-image\"><a href=\"https:\/\/eveha-international.com\/?p=4437&#038;lang=en\" aria-label=\"Sa\u00ef Island &#8211; 2022\"><img loading=\"lazy\" decoding=\"async\" width=\"770\" height=\"496\" src=\"https:\/\/eveha-international.com\/wp-content\/uploads\/2023\/01\/header_sai_2022_small.jpg\" class=\"attachment-large size-large wp-post-image\" alt=\"\" style=\"\" srcset=\"https:\/\/eveha-international.com\/wp-content\/uploads\/2023\/01\/header_sai_2022_small.jpg 770w, https:\/\/eveha-international.com\/wp-content\/uploads\/2023\/01\/header_sai_2022_small-300x193.jpg 300w, https:\/\/eveha-international.com\/wp-content\/uploads\/2023\/01\/header_sai_2022_small-768x495.jpg 768w\" sizes=\"auto, (max-width: 770px) 100vw, 770px\" \/><\/a><\/div><a class=\"wp-block-latest-posts__post-title\" href=\"https:\/\/eveha-international.com\/?p=4437&#038;lang=en\">Sa\u00ef Island &#8211; 2022<\/a><\/li>\n<\/ul>","protected":false},"excerpt":{"rendered":"<p>The island of Sa\u00ef preserves innumerable archaeological vestiges testifying to human occupations from the Palaeolithic to the modern period. Since the 1950s, teams of French archaeologists have contributed to their study. Under the direction of Vincent Francigny (CNRS, UMR 8167 Orient &amp; M\u00e9diterran\u00e9e) since 2015, the current mission focuses mainly on the Pharaonic period fortified&#8230;<\/p>\n","protected":false},"author":4,"featured_media":3698,"parent":5095,"menu_order":0,"comment_status":"closed","ping_status":"closed","template":"","meta":{"inline_featured_image":false,"_kad_post_transparent":"","_kad_post_title":"","_kad_post_layout":"","_kad_post_sidebar_id":"","_kad_post_content_style":"","_kad_post_vertical_padding":"","_kad_post_feature":"","_kad_post_feature_position":"","_kad_post_header":false,"_kad_post_footer":false,"_kad_post_classname":"","footnotes":""},"class_list":["post-5219","page","type-page","status-publish","has-post-thumbnail","hentry"],"_links":{"self":[{"href":"https:\/\/eveha-international.com\/index.php?rest_route=\/wp\/v2\/pages\/5219","targetHints":{"allow":["GET"]}}],"collection":[{"href":"https:\/\/eveha-international.com\/index.php?rest_route=\/wp\/v2\/pages"}],"about":[{"href":"https:\/\/eveha-international.com\/index.php?rest_route=\/wp\/v2\/types\/page"}],"author":[{"embeddable":true,"href":"https:\/\/eveha-international.com\/index.php?rest_route=\/wp\/v2\/users\/4"}],"replies":[{"embeddable":true,"href":"https:\/\/eveha-international.com\/index.php?rest_route=%2Fwp%2Fv2%2Fcomments&post=5219"}],"version-history":[{"count":2,"href":"https:\/\/eveha-international.com\/index.php?rest_route=\/wp\/v2\/pages\/5219\/revisions"}],"predecessor-version":[{"id":5226,"href":"https:\/\/eveha-international.com\/index.php?rest_route=\/wp\/v2\/pages\/5219\/revisions\/5226"}],"up":[{"embeddable":true,"href":"https:\/\/eveha-international.com\/index.php?rest_route=\/wp\/v2\/pages\/5095"}],"wp:featuredmedia":[{"embeddable":true,"href":"https:\/\/eveha-international.com\/index.php?rest_route=\/wp\/v2\/media\/3698"}],"wp:attachment":[{"href":"https:\/\/eveha-international.com\/index.php?rest_route=%2Fwp%2Fv2%2Fmedia&parent=5219"}],"curies":[{"name":"wp","href":"https:\/\/api.w.org\/{rel}","templated":true}]}}