{"id":5231,"date":"2026-02-25T11:05:04","date_gmt":"2026-02-25T10:05:04","guid":{"rendered":"https:\/\/eveha-international.com\/?page_id=5231"},"modified":"2026-02-25T11:08:12","modified_gmt":"2026-02-25T10:08:12","slug":"khor-al-jarama","status":"publish","type":"page","link":"https:\/\/eveha-international.com\/?page_id=5231&lang=en","title":{"rendered":"Khor al Jar\u0101ma"},"content":{"rendered":"\n<p class=\"has-text-align-left has-small-font-size\">The French Archeological Mission of Khor Jarama is headed by Christophe S\u00e9vin-Allouet (\u00c9veha International) in the Sultanate of Oman. This mission, under the supervision of the Ministry of Heritage and Culture of Oman, l\u2019Institut des D\u00e9serts et des Steppes, and \u00c9veha International, aims to study a prehistoric necropolis located in the vicinity of the village of Ras al-Hadd, in the Ja\u2019alan region.<\/p>\n\n\n\n<div class=\"wp-block-separator has-alpha-channel-opacity is-style-wide\" style=\"margin-top:var(--wp--preset--spacing--40);margin-bottom:var(--wp--preset--spacing--40)\"><\/div>\n\n\n\n<div class=\"wp-block-columns is-layout-flex wp-container-core-columns-is-layout-9d6595d7 wp-block-columns-is-layout-flex\">\n<div class=\"wp-block-column is-layout-flow wp-block-column-is-layout-flow\">\n<h6 class=\"wp-block-heading has-theme-palette-12-color has-text-color has-link-color has-small-font-size wp-elements-c2d1df745d9ad8ce74b5e10a3d60e850\">Direction<br><strong>PhD. Christophe S\u00e9vin-Allouet<\/strong>\u00a0(\u00c9veha International)<\/h6>\n<\/div>\n\n\n\n<div class=\"wp-block-column is-layout-flow wp-block-column-is-layout-flow\">\n<p class=\"has-small-font-size\"><strong>How Eveha International Participates<br><\/strong>Program Directorate and materials<\/p>\n<\/div>\n\n\n\n<div class=\"wp-block-column is-layout-flow wp-block-column-is-layout-flow\">\n<p class=\"has-small-font-size\"><strong>Localisation<\/strong> <br>Sultanate of Oman<\/p>\n<\/div>\n<\/div>\n\n\n\n<div class=\"wp-block-separator has-text-color has-theme-palette-12-color has-alpha-channel-opacity has-theme-palette-12-background-color has-background is-style-wide\" style=\"margin-top:var(--wp--preset--spacing--60);margin-bottom:var(--wp--preset--spacing--60)\"><\/div>\n\n\n\n<p class=\"has-small-font-size\"><strong>Location and historical<\/strong><br>The site of Khor al Jar\u0101ma is located approximately 10 km south-west of Ras al-Hadd, in the Ja\u2019alan area.<br><br>The excavation of these tombs takes place in the continuity of the \u201cJoint Hadd Project\u201d program, initiated in 1985 by Serge Cleuziou and Maurizio Tosi, whose aim was to better understand the intense relations between Oman and the valley of the Indus during the third millennium (as evidenced by the sites of RJ2 or HD1). Thus, and more broadly, this new project which place in the Ja\u2019alan area will contribute to highlight the leading role that Oman played during this period in the international trade between the two most important civilizations at that time : the Indus to the east and the Mesopotamia to the north.<br><br>The interest of this program also depends on its location itself. Indeed, although the coastline has been the subject of many investigations since the 1970s\u2019, and is now quite well understood, the lagoon of Jarama is remained for its part on the sidelines of the studies. Thus, it remains today poorly documented, while it is obvious, as is the case in all lagoon contexts, that the presence of fish stocks in large quantities and easy to access has led the populations to occupy densely and exploit the surroundings.<br><br><strong>Research problematics<\/strong><br><strong>Thus, there are here many issues.<\/strong><br>On the scale of the necropolis it is necessary to characterize the period and duration of use of the latter, but also to conduct an in-depth study on the modalities and the variability of the funerary practices: as well in the architecture of the tombs than in the terms of deposits and treatments of the dead population. In other words, when, how and for whom this necropolis has been used?More generally, at the scale of the lagoon, it will be necessary to find, if possible, the dwellings associated with these tombs and to understand the general conditions of occupation around the khor. At the request of the Omani authorities, a sub-aquatic survey in the lagoon could also be considered in order to possibly highlight the presence of a port of the Magan period, associated with the settlements of the same period brought to light by the different missions to Ras al-Hadd and Ras al-Jinz.This project therefore concerns a general study of the populations that lived around Khor Jarama during Prehistory: their way of life, between acquisition of terrestrial resources and exploitation of the halieutic resources, but also their social organization and their funeral practices.If this first campaign of excavations focuses on the study of this necropolis, the goal in the coming years is to continue researches and works in a global way around the lagoon.<\/p>\n\n\n\n<div class=\"wp-block-separator has-alpha-channel-opacity is-style-wide\" style=\"margin-top:var(--wp--preset--spacing--60);margin-bottom:var(--wp--preset--spacing--60)\"><\/div>\n\n\n\n<div class=\"wp-block-columns is-layout-flex wp-container-core-columns-is-layout-9d6595d7 wp-block-columns-is-layout-flex\">\n<div class=\"wp-block-column is-layout-flow wp-block-column-is-layout-flow\">\n<p class=\"has-small-font-size\"><strong>Partners<\/strong> <br>Ministry of Heritage &amp; Culture of Oman<br>Institut des D\u00e9serts et des Steppes<br>\u00c9veha International<br>Mus\u00e9um National d\u2019Histoire Naturelle (Paris)<br>Ambassade de France \u00e0 Oman<br>Centre Fran\u00e7ais d\u2019Arch\u00e9ologie et de Sciences Sociales (CEFAS)<\/p>\n<\/div>\n\n\n\n<div class=\"wp-block-column is-layout-flow wp-block-column-is-layout-flow\"><\/div>\n\n\n\n<div class=\"wp-block-column is-layout-flow wp-block-column-is-layout-flow\">\n<p class=\"has-theme-palette-11-color has-text-color has-link-color has-small-font-size wp-elements-09d968e96a592ebca8af6978b8082c8c\"><\/p>\n<\/div>\n<\/div>\n\n\n\n<div class=\"wp-block-separator has-alpha-channel-opacity is-style-wide\" style=\"margin-top:var(--wp--preset--spacing--60);margin-bottom:var(--wp--preset--spacing--60)\"><\/div>\n\n\n\n<h2 class=\"wp-block-heading\">The excavation campaigns (by year)<\/h2>\n\n\n<ul style=\"padding-top:0;padding-bottom:0;padding-left:0;padding-right:0;\" class=\"wp-block-latest-posts__list is-grid columns-4 has-link-color wp-elements-e84fe111152fab8dcc3be57a7f31fc81 wp-block-latest-posts has-text-color has-theme-palette-12-color has-small-font-size\"><li><div class=\"wp-block-latest-posts__featured-image\"><a href=\"https:\/\/eveha-international.com\/?p=4712&#038;lang=en\" aria-label=\"Khor al Jar\u0101ma &#8211; 2018\"><img loading=\"lazy\" decoding=\"async\" width=\"770\" height=\"485\" src=\"https:\/\/eveha-international.com\/wp-content\/uploads\/2018\/04\/jarama_2018_small.jpg\" class=\"attachment-large size-large wp-post-image\" alt=\"\" style=\"\" srcset=\"https:\/\/eveha-international.com\/wp-content\/uploads\/2018\/04\/jarama_2018_small.jpg 770w, https:\/\/eveha-international.com\/wp-content\/uploads\/2018\/04\/jarama_2018_small-300x189.jpg 300w\" sizes=\"auto, (max-width: 770px) 100vw, 770px\" \/><\/a><\/div><a class=\"wp-block-latest-posts__post-title\" href=\"https:\/\/eveha-international.com\/?p=4712&#038;lang=en\">Khor al Jar\u0101ma &#8211; 2018<\/a><\/li>\n<li><div class=\"wp-block-latest-posts__featured-image\"><a href=\"https:\/\/eveha-international.com\/?p=4680&#038;lang=en\" aria-label=\"Khor al Jar\u0101ma &#8211; 2019\"><img loading=\"lazy\" decoding=\"async\" width=\"770\" height=\"485\" src=\"https:\/\/eveha-international.com\/wp-content\/uploads\/2019\/08\/jarama_19_small.jpg\" class=\"attachment-large size-large wp-post-image\" alt=\"\" style=\"\" srcset=\"https:\/\/eveha-international.com\/wp-content\/uploads\/2019\/08\/jarama_19_small.jpg 770w, https:\/\/eveha-international.com\/wp-content\/uploads\/2019\/08\/jarama_19_small-300x189.jpg 300w, https:\/\/eveha-international.com\/wp-content\/uploads\/2019\/08\/jarama_19_small-768x484.jpg 768w\" sizes=\"auto, (max-width: 770px) 100vw, 770px\" \/><\/a><\/div><a class=\"wp-block-latest-posts__post-title\" href=\"https:\/\/eveha-international.com\/?p=4680&#038;lang=en\">Khor al Jar\u0101ma &#8211; 2019<\/a><\/li>\n<li><div class=\"wp-block-latest-posts__featured-image\"><a href=\"https:\/\/eveha-international.com\/?p=4542&#038;lang=en\" aria-label=\"Khor al Jar\u0101ma &#8211; 2020\"><img loading=\"lazy\" decoding=\"async\" width=\"770\" height=\"485\" src=\"https:\/\/eveha-international.com\/wp-content\/uploads\/2020\/06\/jarama_2020_small.jpg\" class=\"attachment-large size-large wp-post-image\" alt=\"\" style=\"\" srcset=\"https:\/\/eveha-international.com\/wp-content\/uploads\/2020\/06\/jarama_2020_small.jpg 770w, https:\/\/eveha-international.com\/wp-content\/uploads\/2020\/06\/jarama_2020_small-300x189.jpg 300w, https:\/\/eveha-international.com\/wp-content\/uploads\/2020\/06\/jarama_2020_small-768x484.jpg 768w\" sizes=\"auto, (max-width: 770px) 100vw, 770px\" \/><\/a><\/div><a class=\"wp-block-latest-posts__post-title\" href=\"https:\/\/eveha-international.com\/?p=4542&#038;lang=en\">Khor al Jar\u0101ma &#8211; 2020<\/a><\/li>\n<li><div class=\"wp-block-latest-posts__featured-image\"><a href=\"https:\/\/eveha-international.com\/?p=4486&#038;lang=en\" aria-label=\"Khor al Jar\u0101ma &#8211; 2021\"><img loading=\"lazy\" decoding=\"async\" width=\"770\" height=\"485\" src=\"https:\/\/eveha-international.com\/wp-content\/uploads\/2022\/01\/jarama_2021_esmall.jpg\" class=\"attachment-large size-large wp-post-image\" alt=\"\" style=\"\" srcset=\"https:\/\/eveha-international.com\/wp-content\/uploads\/2022\/01\/jarama_2021_esmall.jpg 770w, https:\/\/eveha-international.com\/wp-content\/uploads\/2022\/01\/jarama_2021_esmall-300x189.jpg 300w, https:\/\/eveha-international.com\/wp-content\/uploads\/2022\/01\/jarama_2021_esmall-768x484.jpg 768w\" sizes=\"auto, (max-width: 770px) 100vw, 770px\" \/><\/a><\/div><a class=\"wp-block-latest-posts__post-title\" href=\"https:\/\/eveha-international.com\/?p=4486&#038;lang=en\">Khor al Jar\u0101ma &#8211; 2021<\/a><\/li>\n<\/ul>\n\n\n<p><\/p>\n","protected":false},"excerpt":{"rendered":"<p>The French Archeological Mission of Khor Jarama is headed by Christophe S\u00e9vin-Allouet (\u00c9veha International) in the Sultanate of Oman. This mission, under the supervision of the Ministry of Heritage and Culture of Oman, l\u2019Institut des D\u00e9serts et des Steppes, and \u00c9veha International, aims to study a prehistoric necropolis located in the vicinity of the village&#8230;<\/p>\n","protected":false},"author":4,"featured_media":3826,"parent":5095,"menu_order":0,"comment_status":"closed","ping_status":"closed","template":"","meta":{"inline_featured_image":false,"_kad_post_transparent":"","_kad_post_title":"","_kad_post_layout":"","_kad_post_sidebar_id":"","_kad_post_content_style":"","_kad_post_vertical_padding":"","_kad_post_feature":"","_kad_post_feature_position":"","_kad_post_header":false,"_kad_post_footer":false,"_kad_post_classname":"","footnotes":""},"class_list":["post-5231","page","type-page","status-publish","has-post-thumbnail","hentry"],"_links":{"self":[{"href":"https:\/\/eveha-international.com\/index.php?rest_route=\/wp\/v2\/pages\/5231","targetHints":{"allow":["GET"]}}],"collection":[{"href":"https:\/\/eveha-international.com\/index.php?rest_route=\/wp\/v2\/pages"}],"about":[{"href":"https:\/\/eveha-international.com\/index.php?rest_route=\/wp\/v2\/types\/page"}],"author":[{"embeddable":true,"href":"https:\/\/eveha-international.com\/index.php?rest_route=\/wp\/v2\/users\/4"}],"replies":[{"embeddable":true,"href":"https:\/\/eveha-international.com\/index.php?rest_route=%2Fwp%2Fv2%2Fcomments&post=5231"}],"version-history":[{"count":1,"href":"https:\/\/eveha-international.com\/index.php?rest_route=\/wp\/v2\/pages\/5231\/revisions"}],"predecessor-version":[{"id":5232,"href":"https:\/\/eveha-international.com\/index.php?rest_route=\/wp\/v2\/pages\/5231\/revisions\/5232"}],"up":[{"embeddable":true,"href":"https:\/\/eveha-international.com\/index.php?rest_route=\/wp\/v2\/pages\/5095"}],"wp:featuredmedia":[{"embeddable":true,"href":"https:\/\/eveha-international.com\/index.php?rest_route=\/wp\/v2\/media\/3826"}],"wp:attachment":[{"href":"https:\/\/eveha-international.com\/index.php?rest_route=%2Fwp%2Fv2%2Fmedia&parent=5231"}],"curies":[{"name":"wp","href":"https:\/\/api.w.org\/{rel}","templated":true}]}}