{"id":5237,"date":"2026-02-25T11:14:39","date_gmt":"2026-02-25T10:14:39","guid":{"rendered":"https:\/\/eveha-international.com\/?page_id=5237"},"modified":"2026-02-25T11:34:55","modified_gmt":"2026-02-25T10:34:55","slug":"kunara","status":"publish","type":"page","link":"https:\/\/eveha-international.com\/?page_id=5237&lang=en","title":{"rendered":"Kunara"},"content":{"rendered":"\n<p class=\"has-text-align-left has-small-font-size\">Depuis 2012, \u00c9veha International est associ\u00e9 \u00e0 la mission de Kunara, au Kurdistan irakien. <br>A l&rsquo;origine dirig\u00e9 par Christine Kepinski (CNRS, UMR 7041), ce projet est d\u00e9sormais plac\u00e9 sous la responsabilit\u00e9 d&rsquo;Aline Tenu (CNRS, UMR 7041).<\/p>\n\n\n\n<div class=\"wp-block-separator has-alpha-channel-opacity is-style-wide\" style=\"margin-top:var(--wp--preset--spacing--40);margin-bottom:var(--wp--preset--spacing--40)\"><\/div>\n\n\n\n<div class=\"wp-block-columns is-layout-flex wp-container-core-columns-is-layout-9d6595d7 wp-block-columns-is-layout-flex\">\n<div class=\"wp-block-column is-layout-flow wp-block-column-is-layout-flow\">\n<h6 class=\"wp-block-heading has-theme-palette-12-color has-text-color has-link-color has-small-font-size wp-elements-087231d96ab8ab227510412be9f4ea9c\">Direction<br><strong>Christine Kepinski<\/strong>\u00a0(Director of Research CNRS, HDR University of Paris I, UMR 7041)<br><strong>Aline Tenu<\/strong>\u00a0(since 2015)<\/h6>\n<\/div>\n\n\n\n<div class=\"wp-block-column is-layout-flow wp-block-column-is-layout-flow\">\n<p class=\"has-small-font-size\"><strong>How Eveha International Participates<br><\/strong>Topography, <br>archaeological investigations<\/p>\n<\/div>\n\n\n\n<div class=\"wp-block-column is-layout-flow wp-block-column-is-layout-flow\">\n<p class=\"has-small-font-size\"><strong>Localisation<\/strong> <br>Iraq<\/p>\n<\/div>\n<\/div>\n\n\n\n<div class=\"wp-block-separator has-text-color has-theme-palette-12-color has-alpha-channel-opacity has-theme-palette-12-background-color has-background is-style-wide\" style=\"margin-top:var(--wp--preset--spacing--60);margin-bottom:var(--wp--preset--spacing--60)\"><\/div>\n\n\n\n<p class=\"has-small-font-size\"><strong>Location and historical summary<\/strong><br>The site of Kunara is situated in the eastern part of Iraqi Kurdistan, in the foothills of the Zagros mountains. More specifically, it is located on the Sulaymaniyah plain, bordered by the Azmar Range to the north-east and by Baranan Mountain to the south-west. Human occupation at this site is characterised by two tells (the Upper and Lower Towns) adjoining the Tanjaro river.<br><br>Based on the material collected during fieldwalking and during the first excavations, the site appears to have been occupied from the Neolithic period to the Bronze Age. No evidence for later occupations has yet been identified.<br><br>Written sources mention, at different times, the presence of peoples such as the Turukkaeans, the Lullubi and the Gutins in this region. The organisation of these settlements is better known under the reign of the Assyrian king Ashurnasirpal II. Records of his military campaigns mention nineteen fortified towns within an area referred to as \u201cZamua\u201d, which later became an Assyrian province and which corresponds to the study region.<br><br><strong>Research history<\/strong><br>This site was chosen as a result of a preliminary survey carried out in 2011 on a stretch of the valley. The archaeology of this region had previously seen very little study. However, the current results reveal a high density of sites located on the plain, with dates stretching from the 7<sup>th<\/sup>\u00a0millennium BC (Hassuna period) to the Islamic period. As part of research into the early periods, the site of Kunara is a primary source of information, due to its long sequence of occupation from the at least the 4<sup>th<\/sup>\u00a0millennium.<\/p>\n\n\n\n<div class=\"wp-block-separator has-alpha-channel-opacity is-style-wide\" style=\"margin-top:var(--wp--preset--spacing--60);margin-bottom:var(--wp--preset--spacing--60)\"><\/div>\n\n\n\n<div class=\"wp-block-columns is-layout-flex wp-container-core-columns-is-layout-9d6595d7 wp-block-columns-is-layout-flex\">\n<div class=\"wp-block-column is-layout-flow wp-block-column-is-layout-flow\">\n<p class=\"has-small-font-size\"><strong>Partners<\/strong> <br>Sulaymaniyah Antiquities Directorate<br>French Ministry of Foreign Affairs<br>Maison Ren\u00e9 Ginouv\u00e8s, Arch\u00e9ologie et Ethnologie, UMR 7041, Arscan, Arch\u00e9ologies et Sciences de l\u2019Antiquit\u00e9<br>Natural History Museum, UMR 7209, SAPA (Soci\u00e9t\u00e9s, Animaux et Plantes en Asie)<br>Maison de l\u2019Orient M\u00e9diterran\u00e9en, UMR 5133, Archorient<\/p>\n<\/div>\n\n\n\n<div class=\"wp-block-column is-layout-flow wp-block-column-is-layout-flow\"><\/div>\n\n\n\n<div class=\"wp-block-column is-layout-flow wp-block-column-is-layout-flow\">\n<p class=\"has-theme-palette-11-color has-text-color has-link-color has-small-font-size wp-elements-c6ae51dd074a0a7b2b3482477eb2bcee\"><strong>Links<\/strong> :<br><a href=\"http:\/\/www.mae.u-paris10.fr\/arscan\/Christine-KEPINSKI.html\" target=\"_blank\" rel=\"noreferrer noopener\">Christine Kepinski, Director of Research CNRS<\/a><\/p>\n<\/div>\n<\/div>\n\n\n\n<div class=\"wp-block-separator has-alpha-channel-opacity is-style-wide\" style=\"margin-top:var(--wp--preset--spacing--60);margin-bottom:var(--wp--preset--spacing--60)\"><\/div>\n\n\n\n<h2 class=\"wp-block-heading\">The excavation campaigns (by year)<\/h2>\n\n\n<ul style=\"padding-top:0;padding-bottom:0;padding-left:0;padding-right:0;\" class=\"wp-block-latest-posts__list is-grid columns-4 has-link-color wp-elements-655f4babf5c089c853db7d054b7f5d48 wp-block-latest-posts has-text-color has-theme-palette-12-color has-small-font-size\"><li><div class=\"wp-block-latest-posts__featured-image\"><a href=\"https:\/\/eveha-international.com\/?p=5024&#038;lang=en\" aria-label=\"Kunara &#8211; 2012\"><img loading=\"lazy\" decoding=\"async\" width=\"770\" height=\"485\" src=\"https:\/\/eveha-international.com\/wp-content\/uploads\/2015\/06\/kunara-2012_blog.jpg\" class=\"attachment-large size-large wp-post-image\" alt=\"\" style=\"\" srcset=\"https:\/\/eveha-international.com\/wp-content\/uploads\/2015\/06\/kunara-2012_blog.jpg 770w, https:\/\/eveha-international.com\/wp-content\/uploads\/2015\/06\/kunara-2012_blog-300x189.jpg 300w\" sizes=\"auto, (max-width: 770px) 100vw, 770px\" \/><\/a><\/div><a class=\"wp-block-latest-posts__post-title\" href=\"https:\/\/eveha-international.com\/?p=5024&#038;lang=en\">Kunara &#8211; 2012<\/a><\/li>\n<li><div class=\"wp-block-latest-posts__featured-image\"><a href=\"https:\/\/eveha-international.com\/?p=5010&#038;lang=en\" aria-label=\"Kunara &#8211; 2013\"><img loading=\"lazy\" decoding=\"async\" width=\"770\" height=\"485\" src=\"https:\/\/eveha-international.com\/wp-content\/uploads\/2015\/06\/kunara-2013_blog.jpg\" class=\"attachment-large size-large wp-post-image\" alt=\"\" style=\"\" srcset=\"https:\/\/eveha-international.com\/wp-content\/uploads\/2015\/06\/kunara-2013_blog.jpg 770w, https:\/\/eveha-international.com\/wp-content\/uploads\/2015\/06\/kunara-2013_blog-300x189.jpg 300w\" sizes=\"auto, (max-width: 770px) 100vw, 770px\" \/><\/a><\/div><a class=\"wp-block-latest-posts__post-title\" href=\"https:\/\/eveha-international.com\/?p=5010&#038;lang=en\">Kunara &#8211; 2013<\/a><\/li>\n<li><div class=\"wp-block-latest-posts__featured-image\"><a href=\"https:\/\/eveha-international.com\/?p=4942&#038;lang=en\" aria-label=\"Kunara &#8211; 2015\"><img loading=\"lazy\" decoding=\"async\" width=\"770\" height=\"485\" src=\"https:\/\/eveha-international.com\/wp-content\/uploads\/2016\/10\/kunara_2015_small.jpg\" class=\"attachment-large size-large wp-post-image\" alt=\"\" style=\"\" srcset=\"https:\/\/eveha-international.com\/wp-content\/uploads\/2016\/10\/kunara_2015_small.jpg 770w, https:\/\/eveha-international.com\/wp-content\/uploads\/2016\/10\/kunara_2015_small-300x189.jpg 300w\" sizes=\"auto, (max-width: 770px) 100vw, 770px\" \/><\/a><\/div><a class=\"wp-block-latest-posts__post-title\" href=\"https:\/\/eveha-international.com\/?p=4942&#038;lang=en\">Kunara &#8211; 2015<\/a><\/li>\n<li><div class=\"wp-block-latest-posts__featured-image\"><a href=\"https:\/\/eveha-international.com\/?p=4716&#038;lang=en\" aria-label=\"Kunara &#8211; 2016\"><img loading=\"lazy\" decoding=\"async\" width=\"770\" height=\"485\" src=\"https:\/\/eveha-international.com\/wp-content\/uploads\/2018\/03\/kunara_2016_small.jpg\" class=\"attachment-large size-large wp-post-image\" alt=\"\" style=\"\" srcset=\"https:\/\/eveha-international.com\/wp-content\/uploads\/2018\/03\/kunara_2016_small.jpg 770w, https:\/\/eveha-international.com\/wp-content\/uploads\/2018\/03\/kunara_2016_small-300x189.jpg 300w\" sizes=\"auto, (max-width: 770px) 100vw, 770px\" \/><\/a><\/div><a class=\"wp-block-latest-posts__post-title\" href=\"https:\/\/eveha-international.com\/?p=4716&#038;lang=en\">Kunara &#8211; 2016<\/a><\/li>\n<li><div class=\"wp-block-latest-posts__featured-image\"><a href=\"https:\/\/eveha-international.com\/?p=4701&#038;lang=en\" aria-label=\"Kunara &#8211; 2017\"><img loading=\"lazy\" decoding=\"async\" width=\"770\" height=\"485\" src=\"https:\/\/eveha-international.com\/wp-content\/uploads\/2018\/07\/kunara-2017_small.jpg\" class=\"attachment-large size-large wp-post-image\" alt=\"\" style=\"\" srcset=\"https:\/\/eveha-international.com\/wp-content\/uploads\/2018\/07\/kunara-2017_small.jpg 770w, https:\/\/eveha-international.com\/wp-content\/uploads\/2018\/07\/kunara-2017_small-300x189.jpg 300w\" sizes=\"auto, (max-width: 770px) 100vw, 770px\" \/><\/a><\/div><a class=\"wp-block-latest-posts__post-title\" href=\"https:\/\/eveha-international.com\/?p=4701&#038;lang=en\">Kunara &#8211; 2017<\/a><\/li>\n<li><div class=\"wp-block-latest-posts__featured-image\"><a href=\"https:\/\/eveha-international.com\/?p=4691&#038;lang=en\" aria-label=\"Kunara &#8211; 2018\"><img loading=\"lazy\" decoding=\"async\" width=\"770\" height=\"485\" src=\"https:\/\/eveha-international.com\/wp-content\/uploads\/2019\/11\/kunara_2018_small.jpg\" class=\"attachment-large size-large wp-post-image\" alt=\"\" style=\"\" srcset=\"https:\/\/eveha-international.com\/wp-content\/uploads\/2019\/11\/kunara_2018_small.jpg 770w, https:\/\/eveha-international.com\/wp-content\/uploads\/2019\/11\/kunara_2018_small-300x189.jpg 300w, https:\/\/eveha-international.com\/wp-content\/uploads\/2019\/11\/kunara_2018_small-768x484.jpg 768w\" sizes=\"auto, (max-width: 770px) 100vw, 770px\" \/><\/a><\/div><a class=\"wp-block-latest-posts__post-title\" href=\"https:\/\/eveha-international.com\/?p=4691&#038;lang=en\">Kunara &#8211; 2018<\/a><\/li>\n<li><div class=\"wp-block-latest-posts__featured-image\"><a href=\"https:\/\/eveha-international.com\/?p=4591&#038;lang=en\" aria-label=\"Kunara &#8211; 2019\"><img loading=\"lazy\" decoding=\"async\" width=\"770\" height=\"485\" src=\"https:\/\/eveha-international.com\/wp-content\/uploads\/2019\/11\/kunara_2019_small.jpg\" class=\"attachment-large size-large wp-post-image\" alt=\"\" style=\"\" srcset=\"https:\/\/eveha-international.com\/wp-content\/uploads\/2019\/11\/kunara_2019_small.jpg 770w, https:\/\/eveha-international.com\/wp-content\/uploads\/2019\/11\/kunara_2019_small-300x189.jpg 300w, https:\/\/eveha-international.com\/wp-content\/uploads\/2019\/11\/kunara_2019_small-768x484.jpg 768w\" sizes=\"auto, (max-width: 770px) 100vw, 770px\" \/><\/a><\/div><a class=\"wp-block-latest-posts__post-title\" href=\"https:\/\/eveha-international.com\/?p=4591&#038;lang=en\">Kunara &#8211; 2019<\/a><\/li>\n<li><div class=\"wp-block-latest-posts__featured-image\"><a href=\"https:\/\/eveha-international.com\/?p=4427&#038;lang=en\" aria-label=\"Kunara &#8211; 2022\"><img loading=\"lazy\" decoding=\"async\" width=\"770\" height=\"485\" src=\"https:\/\/eveha-international.com\/wp-content\/uploads\/2023\/07\/eveha_kunara_2022_small.jpg\" class=\"attachment-large size-large wp-post-image\" alt=\"\" style=\"\" srcset=\"https:\/\/eveha-international.com\/wp-content\/uploads\/2023\/07\/eveha_kunara_2022_small.jpg 770w, https:\/\/eveha-international.com\/wp-content\/uploads\/2023\/07\/eveha_kunara_2022_small-300x189.jpg 300w, https:\/\/eveha-international.com\/wp-content\/uploads\/2023\/07\/eveha_kunara_2022_small-768x484.jpg 768w\" sizes=\"auto, (max-width: 770px) 100vw, 770px\" \/><\/a><\/div><a class=\"wp-block-latest-posts__post-title\" href=\"https:\/\/eveha-international.com\/?p=4427&#038;lang=en\">Kunara &#8211; 2022<\/a><\/li>\n<li><div class=\"wp-block-latest-posts__featured-image\"><a href=\"https:\/\/eveha-international.com\/?p=4404&#038;lang=en\" aria-label=\"Kunara &#8211; 2023\"><img loading=\"lazy\" decoding=\"async\" width=\"980\" height=\"735\" src=\"https:\/\/eveha-international.com\/wp-content\/uploads\/2026\/01\/Kunara-Fig.-02.resized-1024x768-1.jpg\" class=\"attachment-large size-large wp-post-image\" alt=\"\" style=\"\" srcset=\"https:\/\/eveha-international.com\/wp-content\/uploads\/2026\/01\/Kunara-Fig.-02.resized-1024x768-1.jpg 1024w, https:\/\/eveha-international.com\/wp-content\/uploads\/2026\/01\/Kunara-Fig.-02.resized-1024x768-1-300x225.jpg 300w, https:\/\/eveha-international.com\/wp-content\/uploads\/2026\/01\/Kunara-Fig.-02.resized-1024x768-1-768x576.jpg 768w\" sizes=\"auto, (max-width: 980px) 100vw, 980px\" \/><\/a><\/div><a class=\"wp-block-latest-posts__post-title\" href=\"https:\/\/eveha-international.com\/?p=4404&#038;lang=en\">Kunara &#8211; 2023<\/a><\/li>\n<\/ul>","protected":false},"excerpt":{"rendered":"<p>Depuis 2012, \u00c9veha International est associ\u00e9 \u00e0 la mission de Kunara, au Kurdistan irakien. A l&rsquo;origine dirig\u00e9 par Christine Kepinski (CNRS, UMR 7041), ce projet est d\u00e9sormais plac\u00e9 sous la responsabilit\u00e9 d&rsquo;Aline Tenu (CNRS, UMR 7041). DirectionChristine Kepinski\u00a0(Director of Research CNRS, HDR University of Paris I, UMR 7041)Aline Tenu\u00a0(since 2015) How Eveha International ParticipatesTopography, archaeological&#8230;<\/p>\n","protected":false},"author":4,"featured_media":4101,"parent":5095,"menu_order":0,"comment_status":"closed","ping_status":"closed","template":"","meta":{"inline_featured_image":false,"_kad_post_transparent":"","_kad_post_title":"","_kad_post_layout":"","_kad_post_sidebar_id":"","_kad_post_content_style":"","_kad_post_vertical_padding":"","_kad_post_feature":"","_kad_post_feature_position":"","_kad_post_header":false,"_kad_post_footer":false,"_kad_post_classname":"","footnotes":""},"class_list":["post-5237","page","type-page","status-publish","has-post-thumbnail","hentry"],"_links":{"self":[{"href":"https:\/\/eveha-international.com\/index.php?rest_route=\/wp\/v2\/pages\/5237","targetHints":{"allow":["GET"]}}],"collection":[{"href":"https:\/\/eveha-international.com\/index.php?rest_route=\/wp\/v2\/pages"}],"about":[{"href":"https:\/\/eveha-international.com\/index.php?rest_route=\/wp\/v2\/types\/page"}],"author":[{"embeddable":true,"href":"https:\/\/eveha-international.com\/index.php?rest_route=\/wp\/v2\/users\/4"}],"replies":[{"embeddable":true,"href":"https:\/\/eveha-international.com\/index.php?rest_route=%2Fwp%2Fv2%2Fcomments&post=5237"}],"version-history":[{"count":1,"href":"https:\/\/eveha-international.com\/index.php?rest_route=\/wp\/v2\/pages\/5237\/revisions"}],"predecessor-version":[{"id":5238,"href":"https:\/\/eveha-international.com\/index.php?rest_route=\/wp\/v2\/pages\/5237\/revisions\/5238"}],"up":[{"embeddable":true,"href":"https:\/\/eveha-international.com\/index.php?rest_route=\/wp\/v2\/pages\/5095"}],"wp:featuredmedia":[{"embeddable":true,"href":"https:\/\/eveha-international.com\/index.php?rest_route=\/wp\/v2\/media\/4101"}],"wp:attachment":[{"href":"https:\/\/eveha-international.com\/index.php?rest_route=%2Fwp%2Fv2%2Fmedia&parent=5237"}],"curies":[{"name":"wp","href":"https:\/\/api.w.org\/{rel}","templated":true}]}}