{"id":5241,"date":"2026-02-25T11:42:09","date_gmt":"2026-02-25T10:42:09","guid":{"rendered":"https:\/\/eveha-international.com\/?page_id=5241"},"modified":"2026-02-25T11:44:55","modified_gmt":"2026-02-25T10:44:55","slug":"la-tijereta","status":"publish","type":"page","link":"https:\/\/eveha-international.com\/?page_id=5241&lang=en","title":{"rendered":"La Tijereta"},"content":{"rendered":"\n<p class=\"has-text-align-left has-small-font-size\">PhD Rigoberto Navarro-Genie (Scientific Director of \u00c9veha Nicaragua) has co-directed the systematic survey and study of the La Tijereta rock engravings, on the island of Ometepe (Nicaragua). Roberto Sirias (archaeologist, \u00c9veha Nicaragua) is associated to this project.<\/p>\n\n\n\n<div class=\"wp-block-separator has-alpha-channel-opacity is-style-wide\" style=\"margin-top:var(--wp--preset--spacing--40);margin-bottom:var(--wp--preset--spacing--40)\"><\/div>\n\n\n\n<div class=\"wp-block-columns is-layout-flex wp-container-core-columns-is-layout-9d6595d7 wp-block-columns-is-layout-flex\">\n<div class=\"wp-block-column is-layout-flow wp-block-column-is-layout-flow\">\n<h6 class=\"wp-block-heading has-theme-palette-12-color has-text-color has-link-color has-small-font-size wp-elements-83b20dda58de6bdda9bade68307303b7\">Direction<br><strong>Prof. Rigoberto Navarro-Genie<\/strong>\u00a0(Scientific Director, Eveha Nicaragua)<br><strong>Roberto Sirias<\/strong>\u00a0(archaeologist, Eveha Nicaragua)<\/h6>\n<\/div>\n\n\n\n<div class=\"wp-block-column is-layout-flow wp-block-column-is-layout-flow\">\n<p class=\"has-small-font-size\"><strong>How Eveha International Participates<br><\/strong>Direction Survey, <br>photographic and topographic <br>documentation 3D Modeling<\/p>\n<\/div>\n\n\n\n<div class=\"wp-block-column is-layout-flow wp-block-column-is-layout-flow\">\n<p class=\"has-small-font-size\"><strong>Localisation<\/strong> <br>Nicaragua<\/p>\n<\/div>\n<\/div>\n\n\n\n<div class=\"wp-block-separator has-text-color has-theme-palette-12-color has-alpha-channel-opacity has-theme-palette-12-background-color has-background is-style-wide\" style=\"margin-top:var(--wp--preset--spacing--60);margin-bottom:var(--wp--preset--spacing--60)\"><\/div>\n\n\n\n<p class=\"has-small-font-size\">The name of the site \u2013 La Tijereta \u2013 derives from the name of a species of birds that nests nearby. It is located on Ometepe Island, near the village of San Ram\u00f3n, northwest of Maderas volcano. It borders the shores of Lake Cocibolca, sinking in places under the water.<br><br><strong>Historical background and research axis<\/strong>.<br>The first researchers on the Ometepe island \u2013 Earl Flint (1878-1899) and John Bransford (1881) \u2013 missed the site, difficult to access. Their research was focused on the immediate surroundings of the Concepci\u00f3n volcano and on the isthmus that connects the two cones.<br>The German archaeologist Wolfgang Haberland, director of the Hamburg Museum, visited the beaches of Ometepe in the 1960s. At this occasion, he took several pictures of \u201cLa Tijereta\u201d site. Very impressed by the patterns on the rocks, he wrote \u201cEn Ometepe est\u00e1n los petroglifos m\u00e1s bellos que el que suscribe ha visto jam\u00e1s en Centro Am\u00e9rica\u201d (In Ometepe stand the most beautiful petroglyphs that the undersigned has ever seen in Central America).<br><br>The Spanish Joaqu\u00edn Matill\u00f3 Vila, director of the National Museum of Nicaragua betwen 1974 and 1979, integrated the site in the book \u201cOmetepe, isla de C\u00edrculos y Espirales\u201d, published in 1973, after he discovered it through W. Haberland\u2019s pictures. In his book, three rock sets are described, and 62 rock engravings are presented, with 16 pictures for 24 engravings. The author explains that certain rocks are now submerged and cannot be documentated.<br><br>The dating of the site remains incertain.<br>On May 6th 2016, the newspaper La Prensa published several pictures showing engravings so far immersed. They had appeared after the drought of 2014 and 2015.<br>The latest research projet was carried out in this context at the end of 2016, before the winter upwelling.<\/p>\n\n\n\n<div class=\"wp-block-separator has-alpha-channel-opacity is-style-wide\" style=\"margin-top:var(--wp--preset--spacing--60);margin-bottom:var(--wp--preset--spacing--60)\"><\/div>\n\n\n\n<div class=\"wp-block-columns is-layout-flex wp-container-core-columns-is-layout-9d6595d7 wp-block-columns-is-layout-flex\">\n<div class=\"wp-block-column is-layout-flow wp-block-column-is-layout-flow\">\n<p class=\"has-small-font-size\"><strong>Partners<\/strong> <br>Nicaraguan History and Geography Academia (AGHN)<br>Pellas Group<br>Villa Paraiso Hotel<\/p>\n<\/div>\n\n\n\n<div class=\"wp-block-column is-layout-flow wp-block-column-is-layout-flow\"><\/div>\n\n\n\n<div class=\"wp-block-column is-layout-flow wp-block-column-is-layout-flow\">\n<p class=\"has-theme-palette-11-color has-text-color has-link-color has-small-font-size wp-elements-09d968e96a592ebca8af6978b8082c8c\"><\/p>\n<\/div>\n<\/div>\n\n\n\n<div class=\"wp-block-separator has-alpha-channel-opacity is-style-wide\" style=\"margin-top:var(--wp--preset--spacing--60);margin-bottom:var(--wp--preset--spacing--60)\"><\/div>\n\n\n\n<h2 class=\"wp-block-heading\">The excavation campaigns (by year) <\/h2>\n\n\n<ul style=\"padding-top:0;padding-bottom:0;padding-left:0;padding-right:0;\" class=\"wp-block-latest-posts__list is-grid columns-4 has-link-color wp-elements-32dadbdf30a668f8d8886d889743a37c wp-block-latest-posts has-text-color has-theme-palette-12-color has-small-font-size\"><li><div class=\"wp-block-latest-posts__featured-image\"><a href=\"https:\/\/eveha-international.com\/?p=4707&#038;lang=en\" aria-label=\"La Tijereta &#8211; 2016\"><img loading=\"lazy\" decoding=\"async\" width=\"770\" height=\"485\" src=\"https:\/\/eveha-international.com\/wp-content\/uploads\/2018\/04\/la-tirejeta_2016_small.jpg\" class=\"attachment-large size-large wp-post-image\" alt=\"\" style=\"\" srcset=\"https:\/\/eveha-international.com\/wp-content\/uploads\/2018\/04\/la-tirejeta_2016_small.jpg 770w, https:\/\/eveha-international.com\/wp-content\/uploads\/2018\/04\/la-tirejeta_2016_small-300x189.jpg 300w\" sizes=\"auto, (max-width: 770px) 100vw, 770px\" \/><\/a><\/div><a class=\"wp-block-latest-posts__post-title\" href=\"https:\/\/eveha-international.com\/?p=4707&#038;lang=en\">La Tijereta &#8211; 2016<\/a><\/li>\n<\/ul>","protected":false},"excerpt":{"rendered":"<p>PhD Rigoberto Navarro-Genie (Scientific Director of \u00c9veha Nicaragua) has co-directed the systematic survey and study of the La Tijereta rock engravings, on the island of Ometepe (Nicaragua). Roberto Sirias (archaeologist, \u00c9veha Nicaragua) is associated to this project. DirectionProf. Rigoberto Navarro-Genie\u00a0(Scientific Director, Eveha Nicaragua)Roberto Sirias\u00a0(archaeologist, Eveha Nicaragua) How Eveha International ParticipatesDirection Survey, photographic and topographic documentation&#8230;<\/p>\n","protected":false},"author":4,"featured_media":3820,"parent":5095,"menu_order":0,"comment_status":"closed","ping_status":"closed","template":"","meta":{"inline_featured_image":false,"_kad_post_transparent":"","_kad_post_title":"","_kad_post_layout":"","_kad_post_sidebar_id":"","_kad_post_content_style":"","_kad_post_vertical_padding":"","_kad_post_feature":"","_kad_post_feature_position":"","_kad_post_header":false,"_kad_post_footer":false,"_kad_post_classname":"","footnotes":""},"class_list":["post-5241","page","type-page","status-publish","has-post-thumbnail","hentry"],"_links":{"self":[{"href":"https:\/\/eveha-international.com\/index.php?rest_route=\/wp\/v2\/pages\/5241","targetHints":{"allow":["GET"]}}],"collection":[{"href":"https:\/\/eveha-international.com\/index.php?rest_route=\/wp\/v2\/pages"}],"about":[{"href":"https:\/\/eveha-international.com\/index.php?rest_route=\/wp\/v2\/types\/page"}],"author":[{"embeddable":true,"href":"https:\/\/eveha-international.com\/index.php?rest_route=\/wp\/v2\/users\/4"}],"replies":[{"embeddable":true,"href":"https:\/\/eveha-international.com\/index.php?rest_route=%2Fwp%2Fv2%2Fcomments&post=5241"}],"version-history":[{"count":1,"href":"https:\/\/eveha-international.com\/index.php?rest_route=\/wp\/v2\/pages\/5241\/revisions"}],"predecessor-version":[{"id":5242,"href":"https:\/\/eveha-international.com\/index.php?rest_route=\/wp\/v2\/pages\/5241\/revisions\/5242"}],"up":[{"embeddable":true,"href":"https:\/\/eveha-international.com\/index.php?rest_route=\/wp\/v2\/pages\/5095"}],"wp:featuredmedia":[{"embeddable":true,"href":"https:\/\/eveha-international.com\/index.php?rest_route=\/wp\/v2\/media\/3820"}],"wp:attachment":[{"href":"https:\/\/eveha-international.com\/index.php?rest_route=%2Fwp%2Fv2%2Fmedia&parent=5241"}],"curies":[{"name":"wp","href":"https:\/\/api.w.org\/{rel}","templated":true}]}}